{"id":845,"date":"2025-06-18T15:12:12","date_gmt":"2025-06-18T07:12:12","guid":{"rendered":"https:\/\/www.abrushqueen.com\/?post_type=product&#038;p=845"},"modified":"2025-06-18T15:34:47","modified_gmt":"2025-06-18T07:34:47","slug":"coil-brush","status":"publish","type":"product","link":"https:\/\/www.aoqunbrushes.com\/pt\/produto\/coil-brush","title":{"rendered":"Escova flex\u00edvel de ventila\u00e7\u00e3o do secador N Escova de limpeza da bobina do frigor\u00edfico"},"content":{"rendered":"<h2>Carater\u00edsticas do produto<\/h2>\n<ul class=\"tp_attributes\"><\/ul>\n<h2><img loading=\"lazy\" decoding=\"async\" class=\"alignnone wp-image-850\" src=\"https:\/\/www.aoqunbrushes.com\/wp-content\/uploads\/2025\/06\/\u6d17\u8863\u673a\u5237\u6c34\u5370_01.jpg\" alt=\"\" width=\"585\" height=\"1160\" srcset=\"https:\/\/www.aoqunbrushes.com\/wp-content\/uploads\/2025\/06\/\u6d17\u8863\u673a\u5237\u6c34\u5370_01.jpg 1000w, https:\/\/www.aoqunbrushes.com\/wp-content\/uploads\/2025\/06\/\u6d17\u8863\u673a\u5237\u6c34\u5370_01-151x300.jpg 151w, https:\/\/www.aoqunbrushes.com\/wp-content\/uploads\/2025\/06\/\u6d17\u8863\u673a\u5237\u6c34\u5370_01-516x1024.jpg 516w, https:\/\/www.aoqunbrushes.com\/wp-content\/uploads\/2025\/06\/\u6d17\u8863\u673a\u5237\u6c34\u5370_01-768x1523.jpg 768w, https:\/\/www.aoqunbrushes.com\/wp-content\/uploads\/2025\/06\/\u6d17\u8863\u673a\u5237\u6c34\u5370_01-775x1536.jpg 775w, https:\/\/www.aoqunbrushes.com\/wp-content\/uploads\/2025\/06\/\u6d17\u8863\u673a\u5237\u6c34\u5370_01-600x1190.jpg 600w\" sizes=\"auto, (max-width: 585px) 100vw, 585px\" \/><\/h2>\n<h2><img loading=\"lazy\" decoding=\"async\" class=\"alignnone size-large wp-image-851\" src=\"https:\/\/www.aoqunbrushes.com\/wp-content\/uploads\/2025\/06\/\u6d17\u8863\u673a\u5237\u6c34\u5370_02-585x1024.jpg\" alt=\"\" width=\"585\" height=\"1024\" srcset=\"https:\/\/www.aoqunbrushes.com\/wp-content\/uploads\/2025\/06\/\u6d17\u8863\u673a\u5237\u6c34\u5370_02-585x1024.jpg 585w, https:\/\/www.aoqunbrushes.com\/wp-content\/uploads\/2025\/06\/\u6d17\u8863\u673a\u5237\u6c34\u5370_02-171x300.jpg 171w, https:\/\/www.aoqunbrushes.com\/wp-content\/uploads\/2025\/06\/\u6d17\u8863\u673a\u5237\u6c34\u5370_02-768x1344.jpg 768w, https:\/\/www.aoqunbrushes.com\/wp-content\/uploads\/2025\/06\/\u6d17\u8863\u673a\u5237\u6c34\u5370_02-878x1536.jpg 878w, https:\/\/www.aoqunbrushes.com\/wp-content\/uploads\/2025\/06\/\u6d17\u8863\u673a\u5237\u6c34\u5370_02-600x1050.jpg 600w, https:\/\/www.aoqunbrushes.com\/wp-content\/uploads\/2025\/06\/\u6d17\u8863\u673a\u5237\u6c34\u5370_02.jpg 1000w\" sizes=\"auto, (max-width: 585px) 100vw, 585px\" \/><\/h2>\n<h2><img loading=\"lazy\" decoding=\"async\" class=\"alignnone wp-image-852\" src=\"https:\/\/www.aoqunbrushes.com\/wp-content\/uploads\/2025\/06\/\u6d17\u8863\u673a\u5237\u6c34\u5370_03-837x1024.jpg\" alt=\"\" width=\"585\" height=\"715\" srcset=\"https:\/\/www.aoqunbrushes.com\/wp-content\/uploads\/2025\/06\/\u6d17\u8863\u673a\u5237\u6c34\u5370_03-837x1024.jpg 837w, https:\/\/www.aoqunbrushes.com\/wp-content\/uploads\/2025\/06\/\u6d17\u8863\u673a\u5237\u6c34\u5370_03-245x300.jpg 245w, https:\/\/www.aoqunbrushes.com\/wp-content\/uploads\/2025\/06\/\u6d17\u8863\u673a\u5237\u6c34\u5370_03-768x939.jpg 768w, https:\/\/www.aoqunbrushes.com\/wp-content\/uploads\/2025\/06\/\u6d17\u8863\u673a\u5237\u6c34\u5370_03-600x734.jpg 600w, https:\/\/www.aoqunbrushes.com\/wp-content\/uploads\/2025\/06\/\u6d17\u8863\u673a\u5237\u6c34\u5370_03.jpg 1000w\" sizes=\"auto, (max-width: 585px) 100vw, 585px\" \/><\/h2>\n<h2><img loading=\"lazy\" decoding=\"async\" class=\"alignnone wp-image-853\" src=\"https:\/\/www.aoqunbrushes.com\/wp-content\/uploads\/2025\/06\/\u6d17\u8863\u673a\u5237\u6c34\u5370_04.jpg\" alt=\"\" width=\"585\" height=\"1277\" srcset=\"https:\/\/www.aoqunbrushes.com\/wp-content\/uploads\/2025\/06\/\u6d17\u8863\u673a\u5237\u6c34\u5370_04.jpg 1000w, https:\/\/www.aoqunbrushes.com\/wp-content\/uploads\/2025\/06\/\u6d17\u8863\u673a\u5237\u6c34\u5370_04-137x300.jpg 137w, https:\/\/www.aoqunbrushes.com\/wp-content\/uploads\/2025\/06\/\u6d17\u8863\u673a\u5237\u6c34\u5370_04-469x1024.jpg 469w, https:\/\/www.aoqunbrushes.com\/wp-content\/uploads\/2025\/06\/\u6d17\u8863\u673a\u5237\u6c34\u5370_04-768x1677.jpg 768w, https:\/\/www.aoqunbrushes.com\/wp-content\/uploads\/2025\/06\/\u6d17\u8863\u673a\u5237\u6c34\u5370_04-704x1536.jpg 704w, https:\/\/www.aoqunbrushes.com\/wp-content\/uploads\/2025\/06\/\u6d17\u8863\u673a\u5237\u6c34\u5370_04-938x2048.jpg 938w, https:\/\/www.aoqunbrushes.com\/wp-content\/uploads\/2025\/06\/\u6d17\u8863\u673a\u5237\u6c34\u5370_04-600x1310.jpg 600w\" sizes=\"auto, (max-width: 585px) 100vw, 585px\" \/><\/h2>\n<h2><img loading=\"lazy\" decoding=\"async\" class=\"alignnone wp-image-854\" src=\"https:\/\/www.aoqunbrushes.com\/wp-content\/uploads\/2025\/06\/\u6d17\u8863\u673a\u5237\u6c34\u5370_05-616x1024.jpg\" alt=\"\" width=\"585\" height=\"973\" srcset=\"https:\/\/www.aoqunbrushes.com\/wp-content\/uploads\/2025\/06\/\u6d17\u8863\u673a\u5237\u6c34\u5370_05-616x1024.jpg 616w, https:\/\/www.aoqunbrushes.com\/wp-content\/uploads\/2025\/06\/\u6d17\u8863\u673a\u5237\u6c34\u5370_05-180x300.jpg 180w, https:\/\/www.aoqunbrushes.com\/wp-content\/uploads\/2025\/06\/\u6d17\u8863\u673a\u5237\u6c34\u5370_05-768x1277.jpg 768w, https:\/\/www.aoqunbrushes.com\/wp-content\/uploads\/2025\/06\/\u6d17\u8863\u673a\u5237\u6c34\u5370_05-924x1536.jpg 924w, https:\/\/www.aoqunbrushes.com\/wp-content\/uploads\/2025\/06\/\u6d17\u8863\u673a\u5237\u6c34\u5370_05-600x998.jpg 600w, https:\/\/www.aoqunbrushes.com\/wp-content\/uploads\/2025\/06\/\u6d17\u8863\u673a\u5237\u6c34\u5370_05.jpg 1000w\" sizes=\"auto, (max-width: 585px) 100vw, 585px\" \/><\/h2>\n<h2><img loading=\"lazy\" decoding=\"async\" class=\"alignnone wp-image-855\" src=\"https:\/\/www.aoqunbrushes.com\/wp-content\/uploads\/2025\/06\/\u6d17\u8863\u673a\u5237\u6c34\u5370_06.jpg\" alt=\"\" width=\"585\" height=\"1445\" srcset=\"https:\/\/www.aoqunbrushes.com\/wp-content\/uploads\/2025\/06\/\u6d17\u8863\u673a\u5237\u6c34\u5370_06.jpg 800w, https:\/\/www.aoqunbrushes.com\/wp-content\/uploads\/2025\/06\/\u6d17\u8863\u673a\u5237\u6c34\u5370_06-121x300.jpg 121w, https:\/\/www.aoqunbrushes.com\/wp-content\/uploads\/2025\/06\/\u6d17\u8863\u673a\u5237\u6c34\u5370_06-415x1024.jpg 415w, https:\/\/www.aoqunbrushes.com\/wp-content\/uploads\/2025\/06\/\u6d17\u8863\u673a\u5237\u6c34\u5370_06-768x1897.jpg 768w, https:\/\/www.aoqunbrushes.com\/wp-content\/uploads\/2025\/06\/\u6d17\u8863\u673a\u5237\u6c34\u5370_06-622x1536.jpg 622w, https:\/\/www.aoqunbrushes.com\/wp-content\/uploads\/2025\/06\/\u6d17\u8863\u673a\u5237\u6c34\u5370_06-600x1482.jpg 600w\" sizes=\"auto, (max-width: 585px) 100vw, 585px\" \/><\/h2>\n<h2><img loading=\"lazy\" decoding=\"async\" class=\"alignnone wp-image-856\" src=\"https:\/\/www.aoqunbrushes.com\/wp-content\/uploads\/2025\/06\/\u6d17\u8863\u673a\u5237\u6c34\u5370_07-548x1024.jpg\" alt=\"\" width=\"585\" height=\"1094\" srcset=\"https:\/\/www.aoqunbrushes.com\/wp-content\/uploads\/2025\/06\/\u6d17\u8863\u673a\u5237\u6c34\u5370_07-548x1024.jpg 548w, https:\/\/www.aoqunbrushes.com\/wp-content\/uploads\/2025\/06\/\u6d17\u8863\u673a\u5237\u6c34\u5370_07-160x300.jpg 160w, https:\/\/www.aoqunbrushes.com\/wp-content\/uploads\/2025\/06\/\u6d17\u8863\u673a\u5237\u6c34\u5370_07-768x1436.jpg 768w, https:\/\/www.aoqunbrushes.com\/wp-content\/uploads\/2025\/06\/\u6d17\u8863\u673a\u5237\u6c34\u5370_07-821x1536.jpg 821w, https:\/\/www.aoqunbrushes.com\/wp-content\/uploads\/2025\/06\/\u6d17\u8863\u673a\u5237\u6c34\u5370_07-600x1122.jpg 600w, https:\/\/www.aoqunbrushes.com\/wp-content\/uploads\/2025\/06\/\u6d17\u8863\u673a\u5237\u6c34\u5370_07.jpg 1000w\" sizes=\"auto, (max-width: 585px) 100vw, 585px\" \/><\/h2>\n<h2><img loading=\"lazy\" decoding=\"async\" class=\"alignnone wp-image-857\" src=\"https:\/\/www.aoqunbrushes.com\/wp-content\/uploads\/2025\/06\/\u6d17\u8863\u673a\u5237\u6c34\u5370_08.jpg\" alt=\"\" width=\"585\" height=\"1126\" srcset=\"https:\/\/www.aoqunbrushes.com\/wp-content\/uploads\/2025\/06\/\u6d17\u8863\u673a\u5237\u6c34\u5370_08.jpg 1000w, https:\/\/www.aoqunbrushes.com\/wp-content\/uploads\/2025\/06\/\u6d17\u8863\u673a\u5237\u6c34\u5370_08-156x300.jpg 156w, https:\/\/www.aoqunbrushes.com\/wp-content\/uploads\/2025\/06\/\u6d17\u8863\u673a\u5237\u6c34\u5370_08-532x1024.jpg 532w, https:\/\/www.aoqunbrushes.com\/wp-content\/uploads\/2025\/06\/\u6d17\u8863\u673a\u5237\u6c34\u5370_08-768x1478.jpg 768w, https:\/\/www.aoqunbrushes.com\/wp-content\/uploads\/2025\/06\/\u6d17\u8863\u673a\u5237\u6c34\u5370_08-798x1536.jpg 798w, https:\/\/www.aoqunbrushes.com\/wp-content\/uploads\/2025\/06\/\u6d17\u8863\u673a\u5237\u6c34\u5370_08-600x1155.jpg 600w\" sizes=\"auto, (max-width: 585px) 100vw, 585px\" \/><\/h2>\n<h2><img loading=\"lazy\" decoding=\"async\" class=\"alignnone wp-image-858\" src=\"https:\/\/www.aoqunbrushes.com\/wp-content\/uploads\/2025\/06\/\u6d17\u8863\u673a\u5237\u6c34\u5370_09-580x1024.jpg\" alt=\"\" width=\"585\" height=\"1033\" srcset=\"https:\/\/www.aoqunbrushes.com\/wp-content\/uploads\/2025\/06\/\u6d17\u8863\u673a\u5237\u6c34\u5370_09-580x1024.jpg 580w, https:\/\/www.aoqunbrushes.com\/wp-content\/uploads\/2025\/06\/\u6d17\u8863\u673a\u5237\u6c34\u5370_09-170x300.jpg 170w, https:\/\/www.aoqunbrushes.com\/wp-content\/uploads\/2025\/06\/\u6d17\u8863\u673a\u5237\u6c34\u5370_09-768x1356.jpg 768w, https:\/\/www.aoqunbrushes.com\/wp-content\/uploads\/2025\/06\/\u6d17\u8863\u673a\u5237\u6c34\u5370_09-870x1536.jpg 870w, https:\/\/www.aoqunbrushes.com\/wp-content\/uploads\/2025\/06\/\u6d17\u8863\u673a\u5237\u6c34\u5370_09-600x1060.jpg 600w, https:\/\/www.aoqunbrushes.com\/wp-content\/uploads\/2025\/06\/\u6d17\u8863\u673a\u5237\u6c34\u5370_09.jpg 1000w\" sizes=\"auto, (max-width: 585px) 100vw, 585px\" \/><\/h2>\n<h2><img loading=\"lazy\" decoding=\"async\" class=\"alignnone wp-image-859\" src=\"https:\/\/www.aoqunbrushes.com\/wp-content\/uploads\/2025\/06\/\u6d17\u8863\u673a\u5237\u6c34\u5370_10.jpg\" alt=\"\" width=\"585\" height=\"1267\" srcset=\"https:\/\/www.aoqunbrushes.com\/wp-content\/uploads\/2025\/06\/\u6d17\u8863\u673a\u5237\u6c34\u5370_10.jpg 1000w, https:\/\/www.aoqunbrushes.com\/wp-content\/uploads\/2025\/06\/\u6d17\u8863\u673a\u5237\u6c34\u5370_10-139x300.jpg 139w, https:\/\/www.aoqunbrushes.com\/wp-content\/uploads\/2025\/06\/\u6d17\u8863\u673a\u5237\u6c34\u5370_10-473x1024.jpg 473w, https:\/\/www.aoqunbrushes.com\/wp-content\/uploads\/2025\/06\/\u6d17\u8863\u673a\u5237\u6c34\u5370_10-768x1663.jpg 768w, https:\/\/www.aoqunbrushes.com\/wp-content\/uploads\/2025\/06\/\u6d17\u8863\u673a\u5237\u6c34\u5370_10-709x1536.jpg 709w, https:\/\/www.aoqunbrushes.com\/wp-content\/uploads\/2025\/06\/\u6d17\u8863\u673a\u5237\u6c34\u5370_10-946x2048.jpg 946w, https:\/\/www.aoqunbrushes.com\/wp-content\/uploads\/2025\/06\/\u6d17\u8863\u673a\u5237\u6c34\u5370_10-600x1300.jpg 600w\" sizes=\"auto, (max-width: 585px) 100vw, 585px\" \/><\/h2>\n<h2><img loading=\"lazy\" decoding=\"async\" class=\"alignnone wp-image-860\" src=\"https:\/\/www.aoqunbrushes.com\/wp-content\/uploads\/2025\/06\/\u6d17\u8863\u673a\u5237\u6c34\u5370_11-617x1024.jpg\" alt=\"\" width=\"585\" height=\"971\" srcset=\"https:\/\/www.aoqunbrushes.com\/wp-content\/uploads\/2025\/06\/\u6d17\u8863\u673a\u5237\u6c34\u5370_11-617x1024.jpg 617w, https:\/\/www.aoqunbrushes.com\/wp-content\/uploads\/2025\/06\/\u6d17\u8863\u673a\u5237\u6c34\u5370_11-181x300.jpg 181w, https:\/\/www.aoqunbrushes.com\/wp-content\/uploads\/2025\/06\/\u6d17\u8863\u673a\u5237\u6c34\u5370_11-768x1275.jpg 768w, https:\/\/www.aoqunbrushes.com\/wp-content\/uploads\/2025\/06\/\u6d17\u8863\u673a\u5237\u6c34\u5370_11-925x1536.jpg 925w, https:\/\/www.aoqunbrushes.com\/wp-content\/uploads\/2025\/06\/\u6d17\u8863\u673a\u5237\u6c34\u5370_11-600x996.jpg 600w, https:\/\/www.aoqunbrushes.com\/wp-content\/uploads\/2025\/06\/\u6d17\u8863\u673a\u5237\u6c34\u5370_11.jpg 1000w\" sizes=\"auto, (max-width: 585px) 100vw, 585px\" \/><\/h2>\n<h2><img loading=\"lazy\" decoding=\"async\" class=\"alignnone wp-image-861\" src=\"https:\/\/www.aoqunbrushes.com\/wp-content\/uploads\/2025\/06\/\u6d17\u8863\u673a\u5237\u6c34\u5370_12-446x1024.jpg\" alt=\"\" width=\"585\" height=\"1343\" srcset=\"https:\/\/www.aoqunbrushes.com\/wp-content\/uploads\/2025\/06\/\u6d17\u8863\u673a\u5237\u6c34\u5370_12-446x1024.jpg 446w, https:\/\/www.aoqunbrushes.com\/wp-content\/uploads\/2025\/06\/\u6d17\u8863\u673a\u5237\u6c34\u5370_12-131x300.jpg 131w, https:\/\/www.aoqunbrushes.com\/wp-content\/uploads\/2025\/06\/\u6d17\u8863\u673a\u5237\u6c34\u5370_12-768x1763.jpg 768w, https:\/\/www.aoqunbrushes.com\/wp-content\/uploads\/2025\/06\/\u6d17\u8863\u673a\u5237\u6c34\u5370_12-669x1536.jpg 669w, https:\/\/www.aoqunbrushes.com\/wp-content\/uploads\/2025\/06\/\u6d17\u8863\u673a\u5237\u6c34\u5370_12-892x2048.jpg 892w, https:\/\/www.aoqunbrushes.com\/wp-content\/uploads\/2025\/06\/\u6d17\u8863\u673a\u5237\u6c34\u5370_12-600x1378.jpg 600w, https:\/\/www.aoqunbrushes.com\/wp-content\/uploads\/2025\/06\/\u6d17\u8863\u673a\u5237\u6c34\u5370_12.jpg 1000w\" sizes=\"auto, (max-width: 585px) 100vw, 585px\" \/><\/h2>\n<h2><\/h2>\n<h2><\/h2>\n<h2><\/h2>\n<h2><\/h2>\n<h2><\/h2>\n<h2><\/h2>\n<h2><\/h2>","protected":false},"excerpt":{"rendered":"<p>Carater\u00edsticas do produto<\/p>","protected":false},"featured_media":862,"comment_status":"open","ping_status":"closed","template":"","meta":{"themepark_post_bcolor":"#f5f5f5","themepark_post_width":"1022px","themepark_post_img":"","themepark_post_img_po":"left","themepark_post_img_re":false,"themepark_post_img_cover":false,"themepark_post_img_fixed":false,"themepark_post_hide_title":false,"themepark_post_main_b":"","themepark_post_main_p":100,"themepark_paddingblock":false},"product_brand":[],"product_cat":[32],"product_tag":[],"class_list":{"0":"post-845","1":"product","2":"type-product","3":"status-publish","4":"has-post-thumbnail","6":"product_cat-twisted-in-wire-brushes","8":"first","9":"instock","10":"shipping-taxable","11":"purchasable","12":"product-type-variable"},"_links":{"self":[{"href":"https:\/\/www.aoqunbrushes.com\/pt\/wp-json\/wp\/v2\/product\/845","targetHints":{"allow":["GET"]}}],"collection":[{"href":"https:\/\/www.aoqunbrushes.com\/pt\/wp-json\/wp\/v2\/product"}],"about":[{"href":"https:\/\/www.aoqunbrushes.com\/pt\/wp-json\/wp\/v2\/types\/product"}],"replies":[{"embeddable":true,"href":"https:\/\/www.aoqunbrushes.com\/pt\/wp-json\/wp\/v2\/comments?post=845"}],"wp:featuredmedia":[{"embeddable":true,"href":"https:\/\/www.aoqunbrushes.com\/pt\/wp-json\/wp\/v2\/media\/862"}],"wp:attachment":[{"href":"https:\/\/www.aoqunbrushes.com\/pt\/wp-json\/wp\/v2\/media?parent=845"}],"wp:term":[{"taxonomy":"product_brand","embeddable":true,"href":"https:\/\/www.aoqunbrushes.com\/pt\/wp-json\/wp\/v2\/product_brand?post=845"},{"taxonomy":"product_cat","embeddable":true,"href":"https:\/\/www.aoqunbrushes.com\/pt\/wp-json\/wp\/v2\/product_cat?post=845"},{"taxonomy":"product_tag","embeddable":true,"href":"https:\/\/www.aoqunbrushes.com\/pt\/wp-json\/wp\/v2\/product_tag?post=845"}],"curies":[{"name":"wp","href":"https:\/\/api.w.org\/{rel}","templated":true}]}}