{"id":833,"date":"2025-06-18T14:39:09","date_gmt":"2025-06-18T06:39:09","guid":{"rendered":"https:\/\/www.abrushqueen.com\/?post_type=product&#038;p=833"},"modified":"2026-04-02T15:41:42","modified_gmt":"2026-04-02T07:41:42","slug":"escalator-brush-strip-brush","status":"publish","type":"product","link":"https:\/\/www.aoqunbrushes.com\/pt\/produto\/escalator-brush-strip-brush","title":{"rendered":"Escalator Elevator Strip Brush | Elevator Lift Side Escalator Brush Guard | EN115 Complies Escalator Apron Brush | Anti-pinch Safety Panel Brush for Escalator"},"content":{"rendered":"<h1><strong>Safety Strip Brush Aluminium Extrusion Profile<br \/>\n<\/strong><strong>Escalator Spare Parts Strip Brushes<\/strong><\/h1>\n<ul class=\"tp_attributes\"><\/ul>\n<h2><strong>\u2160. Escalator Spare Parts Strip Brush<\/strong><\/h2>\n<h3><strong>1. Pure Nylon Filament of SGS Authentication<\/strong><\/h3>\n<p>The pure and newly nylon\u00a0filament does not contain\u00a0heavy metals, compliies\u00a0with RoHS, SVHC, etc.<\/p>\n<h3><strong>2. UL94-V0 Highest Flame Retardant Grade<\/strong><\/h3>\n<p>Em conformidade com as normas UL94-V0 relativas ao retardador de chama. Extinguir imediatamente o fogo.<\/p>\n<h3><strong>3. Wear Resistant and High Elastic Resilience<\/strong><\/h3>\n<p>It passed 1 million times of high\u00a0speed friction deformation test,\u00a0which can suffer the friction of\u00a0the high frequency running\u00a0escalators.<\/p>\n<h3><strong>4. Good Impact Strength ABS Resin Brush Base<\/strong><\/h3>\n<p>ABS resin has the feature of\u00a0excellent impact resistance,\u00a0heat resistance, low temperature resistance, chemical\u00a0resistance and electrical properties.<\/p>\n<h3><strong>5. Bright and Energy Saving LED Lighting<\/strong><\/h3>\n<p>Bright yellow nylon flame retardant brush with LED lighting gives\u00a0the passengers a strong warning\u00a0feeling and upgrades the escalator safety and aesthetic effects.<\/p>\n<h3><strong>6. Various Parts of Escalator Brushes<\/strong><\/h3>\n<p>Fornecer uma variedade de bases de escovas e tampas de extremidade em liga de alum\u00ednio oxidado de padr\u00e3o nacional.<\/p>\n<p>&nbsp;<\/p>\n<p><img loading=\"lazy\" decoding=\"async\" title=\"Pure Nylon Fliament Escalator Brushes\" src=\"https:\/\/www.aoqunbrush.com\/js\/htmledit\/kindeditor\/attached\/20180913\/20180913150328_64192.jpg\" alt=\"Pure Nylon Fliament Escalator Brushes\" width=\"790\" height=\"402\" align=\"\" data-ke-src=\"\/js\/htmledit\/kindeditor\/php\/..\/attached\/20180913\/20180913150328_64192.jpg\" \/><img loading=\"lazy\" decoding=\"async\" title=\"AOQUN Escalator Spare Parts Brushes\" src=\"https:\/\/www.aoqunbrush.com\/js\/htmledit\/kindeditor\/attached\/20180913\/20180913150329_34758.jpg\" alt=\"AOQUN Escalator Spare Parts Brushes\" width=\"790\" height=\"406\" align=\"\" data-ke-src=\"\/js\/htmledit\/kindeditor\/php\/..\/attached\/20180913\/20180913150329_34758.jpg\" \/><\/p>\n<p><img loading=\"lazy\" decoding=\"async\" title=\"Escova amarela de nylon retardador de chama ao lado da escada rolante\" src=\"https:\/\/www.aoqunbrush.com\/js\/htmledit\/kindeditor\/attached\/20180913\/20180913150330_36616.jpg\" alt=\"Yellow Nylon Flame Retardant Brush Beside Escalator\" width=\"790\" height=\"183\" align=\"\" data-ke-src=\"\/js\/htmledit\/kindeditor\/php\/..\/attached\/20180913\/20180913150330_36616.jpg\" \/><\/p>\n<p>&nbsp;<\/p>\n<p>V-2: Ap\u00f3s dois ensaios de inflamabilidade de 10 segundos, a chama extinguiu-se em 60 segundos. Algumas subst\u00e2ncias em chamas ca\u00edram.<\/p>\n<p>V-1: Ap\u00f3s dois ensaios de inflamabilidade de 10 segundos, a chama extinguiu-se em 60 segundos. N\u00e3o houve queda de subst\u00e2ncias incandescentes.<\/p>\n<p>V-0: Ap\u00f3s dois testes de inflamabilidade de 10 segundos, a chama extinguiu-se em 30 segundos. N\u00e3o houve queda de subst\u00e2ncias incandescentes.<\/p>\n<p>&nbsp;<\/p>\n<p>A escova amarela brilhante de nylon retardador de chama ao lado da escada rolante com ilumina\u00e7\u00e3o LED d\u00e1 aos passageiros uma forte sensa\u00e7\u00e3o de aviso e melhora a seguran\u00e7a da escada rolante e os efeitos est\u00e9ticos. Tamb\u00e9m pode escolher a escova de cerdas pretas com\/sem LED.<\/p>\n<p>&nbsp;<\/p>\n<p><img loading=\"lazy\" decoding=\"async\" title=\"Escova ao lado da escada rolante\" src=\"https:\/\/www.aoqunbrush.com\/js\/htmledit\/kindeditor\/attached\/20180913\/20180913150335_26628.jpg\" alt=\"Brush Beside Escalator\" width=\"790\" height=\"235\" align=\"\" data-ke-src=\"\/js\/htmledit\/kindeditor\/php\/..\/attached\/20180913\/20180913150335_26628.jpg\" \/><\/p>\n<p>&nbsp;<\/p>\n<p>Fornecer uma variedade de bases de escovas e tampas de extremidade em liga de alum\u00ednio oxidado de padr\u00e3o nacional.<\/p>\n<p>&nbsp;<\/p>\n<p><img loading=\"lazy\" decoding=\"async\" title=\"Escova ao lado de acess\u00f3rios para escadas rolantes\" src=\"https:\/\/www.aoqunbrush.com\/js\/htmledit\/kindeditor\/attached\/20190119\/20190119144424_69182.png\" alt=\"Brush Beside Escalator Accessories\" width=\"790\" height=\"528\" align=\"\" data-ke-src=\"\/js\/htmledit\/kindeditor\/attached\/20190119\/20190119144424_69182.png\" \/><\/p>\n<p>&nbsp;<\/p>\n<h2>\u2161. Especifica\u00e7\u00f5es da escova<\/h2>\n<p>Mais de 40 modelos de perfil de alum\u00ednio para sua escolha, podem ser personalizados pelos seus desenhos.<\/p>\n<p>&nbsp;<\/p>\n<p><strong><img loading=\"lazy\" decoding=\"async\" title=\"Pincel ao lado da escada rolante desenho\" src=\"https:\/\/www.aoqunbrush.com\/js\/htmledit\/kindeditor\/attached\/20180913\/20180913135402_38368.jpg\" alt=\"Brush Beside Escalator drawing\" width=\"790\" height=\"1080\" align=\"\" data-ke-src=\"\/js\/htmledit\/kindeditor\/php\/..\/attached\/20180913\/20180913135402_38368.jpg\" \/><\/strong><\/p>\n<p>&nbsp;<\/p>\n<table>\n<tbody>\n<tr>\n<td colspan=\"9\">Personaliza\u00e7\u00e3o<\/td>\n<\/tr>\n<tr>\n<td>Perfil de alum\u00ednio<\/td>\n<td>Fileira simples, fileiras duplas<\/td>\n<td>Largura da base<\/td>\n<td colspan=\"6\">19,5 mm, 20 mm, 22 mm, 23 mm, 28 mm, 30 mm, etc.<\/td>\n<\/tr>\n<tr>\n<td>Material da tampa da extremidade<\/td>\n<td>Alum\u00ednio, pl\u00e1stico<\/td>\n<td>Cor do pincel<\/td>\n<td colspan=\"6\">\u00a0Preto, branco, amarelo, transparente, vermelho, etc.<\/td>\n<\/tr>\n<tr>\n<td>\u00c2ngulo da escada rolante<\/td>\n<td>6\u00b0, 12\u00b0, 30\u00b0, 35\u00b0<\/td>\n<td>Forma da escova<\/td>\n<td colspan=\"6\">Reto, Curvo<\/td>\n<\/tr>\n<tr>\n<td>Material da escova<\/td>\n<td>PA, PP, PE, PET<\/td>\n<td>Fun\u00e7\u00f5es da escova<\/td>\n<td colspan=\"6\">\u00a0Retardador de chama, sem est\u00e1tica, resistente ao desgaste<\/td>\n<\/tr>\n<tr>\n<td>Clientes de honra<\/td>\n<td colspan=\"3\">Toshiba, KONE, Otis, Hitachi, Mitsubishi, Fangda, etc.<\/td>\n<\/tr>\n<\/tbody>\n<\/table>\n<h2>Foco na qualidade<\/h2>\n<p>Para os produtos de cada lote de produ\u00e7\u00e3o, o tamanho, a tens\u00e3o, a sensa\u00e7\u00e3o de m\u00e3o e o aspeto devem ser rigorosamente testados e controlados.<\/p>\n<p>&nbsp;<\/p>\n<p><img loading=\"lazy\" decoding=\"async\" title=\"Escova ao lado da escada rolante\" src=\"https:\/\/www.aoqunbrush.com\/js\/htmledit\/kindeditor\/attached\/20180913\/20180913135545_26930.png\" alt=\"Brush Beside Escalator\" width=\"790\" height=\"398\" align=\"\" data-ke-src=\"\/js\/htmledit\/kindeditor\/php\/..\/attached\/20180913\/20180913135545_26930.png\" \/><\/p>","protected":false},"excerpt":{"rendered":"<p>Safety Strip Brush Aluminium Extrusion Profile Escalator Spare Parts Strip Brushes \u2160. Escalator Spare Parts Strip Brush 1. Pure Nylon Filament of SGS Authentication The pure and newly nylon\u00a0filament does not contain\u00a0heavy metals, compliies\u00a0with RoHS, SVHC, etc. 2. UL94-V0 Highest Flame Retardant Grade Comply with the UL94-V0\u00a0flame retardant standards.\u00a0Extinguish immediately\u00a0when remove from the fire. 3. [&hellip;]<\/p>","protected":false},"featured_media":2227,"comment_status":"open","ping_status":"closed","template":"","meta":{"themepark_post_bcolor":"#f5f5f5","themepark_post_width":"1022px","themepark_post_img":"","themepark_post_img_po":"left","themepark_post_img_re":false,"themepark_post_img_cover":false,"themepark_post_img_fixed":false,"themepark_post_hide_title":false,"themepark_post_main_b":"","themepark_post_main_p":100,"themepark_paddingblock":false},"product_brand":[],"product_cat":[29],"product_tag":[],"class_list":{"0":"post-833","1":"product","2":"type-product","3":"status-publish","4":"has-post-thumbnail","6":"product_cat-strip-brushes","8":"first","9":"instock","10":"shipping-taxable","11":"purchasable","12":"product-type-variable"},"_links":{"self":[{"href":"https:\/\/www.aoqunbrushes.com\/pt\/wp-json\/wp\/v2\/product\/833","targetHints":{"allow":["GET"]}}],"collection":[{"href":"https:\/\/www.aoqunbrushes.com\/pt\/wp-json\/wp\/v2\/product"}],"about":[{"href":"https:\/\/www.aoqunbrushes.com\/pt\/wp-json\/wp\/v2\/types\/product"}],"replies":[{"embeddable":true,"href":"https:\/\/www.aoqunbrushes.com\/pt\/wp-json\/wp\/v2\/comments?post=833"}],"wp:featuredmedia":[{"embeddable":true,"href":"https:\/\/www.aoqunbrushes.com\/pt\/wp-json\/wp\/v2\/media\/2227"}],"wp:attachment":[{"href":"https:\/\/www.aoqunbrushes.com\/pt\/wp-json\/wp\/v2\/media?parent=833"}],"wp:term":[{"taxonomy":"product_brand","embeddable":true,"href":"https:\/\/www.aoqunbrushes.com\/pt\/wp-json\/wp\/v2\/product_brand?post=833"},{"taxonomy":"product_cat","embeddable":true,"href":"https:\/\/www.aoqunbrushes.com\/pt\/wp-json\/wp\/v2\/product_cat?post=833"},{"taxonomy":"product_tag","embeddable":true,"href":"https:\/\/www.aoqunbrushes.com\/pt\/wp-json\/wp\/v2\/product_tag?post=833"}],"curies":[{"name":"wp","href":"https:\/\/api.w.org\/{rel}","templated":true}]}}