{"id":290,"date":"2024-06-21T14:45:22","date_gmt":"2024-06-21T06:45:22","guid":{"rendered":"http:\/\/themetest6.local\/?post_type=product&#038;p=290"},"modified":"2025-09-05T17:43:18","modified_gmt":"2025-09-05T09:43:18","slug":"aircraft-door","status":"publish","type":"product","link":"https:\/\/www.aoqunbrushes.com\/pt\/produto\/aircraft-door","title":{"rendered":"Escova de veda\u00e7\u00e3o para portas de hangares de aeronaves aeroespaciais"},"content":{"rendered":"<h2>Carater\u00edsticas do produto<\/h2>\n<ul class=\"tp_attributes\"><\/ul>\n<h1><strong>Vedantes de escovas para portas de hangares de aeronaves aeroespaciais<\/strong><\/h1>\n<p>\u200b<\/p>\n<p><img loading=\"lazy\" decoding=\"async\" title=\"Aplica\u00e7\u00f5es da veda\u00e7\u00e3o por escova para o sector aeroespacial\" src=\"https:\/\/www.aoqunbrush.com\/js\/htmledit\/kindeditor\/attached\/20200815\/20200815172620_48557.jpg\" alt=\"Applications of Brush Seal Aerospace\" width=\"750\" height=\"750\" align=\"\" data-ke-src=\"\/js\/htmledit\/kindeditor\/attached\/20200815\/20200815172620_48557.jpg\" \/><\/p>\n<p>A fric\u00e7\u00e3o aeroespacial do selo de escova de polipropileno da AOQUN\u22651 milh\u00e3o de vezes sem qualquer deforma\u00e7\u00e3o, pode reduzir 98,5% de infiltra\u00e7\u00e3o de ar.<\/p>\n<h2><strong>Gama completa de filamentos aeroespaciais com veda\u00e7\u00e3o por escova AOQUN<\/strong><\/h2>\n<div>Material\uff1aPA, PP, Pelo de animal<\/div>\n<div>Forma\uff1aFilamento reto, filamento frisado<\/div>\n<div>Fun\u00e7\u00f5es\uff1aResistente ao desgaste, \u00c0 prova de p\u00f3, Retardador de chama, Anti-est\u00e1tico<\/div>\n<h2><strong>Filamento de polipropileno retardador de chama desenvolvido individualmente para a veda\u00e7\u00e3o de escovas<\/strong><\/h2>\n<p>A veda\u00e7\u00e3o da escova de polipropileno AOQUN para a ind\u00fastria aeroespacial extingue-se logo ap\u00f3s ser retirada do fogo com fumo branco, sem cheiro pungente, e est\u00e1 em conformidade com os itens RoHS 10. A nossa escova de polipropileno para veda\u00e7\u00e3o aeroespacial \u00e9 segura, n\u00e3o t\u00f3xica e amiga do ambiente.<\/p>\n<p>Tamb\u00e9m pode estar interessado em l\u00e3 ou borracha<a href=\"https:\/\/www.aoqunbrush.com\/door-weather-strip_c43\" target=\"_blank\" rel=\"noopener\" data-ke-src=\"https:\/\/www.aoqunbrush.com\/door-weather-strip_c43\">\u00a0<\/a><a href=\"https:\/\/www.aoqunbrush.com\/door-weather-strip_c43\" target=\"_blank\" rel=\"noopener\" data-ke-src=\"https:\/\/www.aoqunbrush.com\/door-weather-strip_c43\">fita de prote\u00e7\u00e3o para portas<\/a>\u00a0Temos todos estes produtos, por favor clique na palavra-chave relacionada para obter mais detalhes.<\/p>\n<h2><strong>\u2160. Produto\u00a0<\/strong><strong>Descri\u00e7\u00e3o<\/strong><\/h2>\n<hr \/>\n<p><img loading=\"lazy\" decoding=\"async\" title=\"Forma de vedantes de escovas para portas de hangares de aeronaves aeroespaciais\" src=\"https:\/\/www.aoqunbrush.com\/js\/htmledit\/kindeditor\/attached\/20180822\/20180822105638_64485.jpg\" alt=\"Form of Aerospace Aircraft Hangar Door Weather Brush Seals\" width=\"750\" height=\"445\" align=\"\" data-ke-src=\"\/js\/htmledit\/kindeditor\/attached\/20180822\/20180822105638_64485.jpg\" \/><\/p>\n<div><strong>1-Perfil de alum\u00ednio<\/strong><\/div>\n<div>Tratamento de superf\u00edcie por anodiza\u00e7\u00e3o, v\u00e1rias cores para oxida\u00e7\u00e3o ou tratamento de pintura<\/div>\n<p><strong>2-PA6\/PA66<\/strong><\/p>\n<p>Boa elasticidade, resist\u00eancia ao desgaste, resist\u00eancia \u00e0 temperatura, a temperatura de desnatura\u00e7\u00e3o t\u00e9rmica \u00e9 de 185~190\u00b0C, que pode ser adicionada ao material retardador de chama UL94 V0<\/p>\n<p><strong>3-Suave, arrumado, limpo<\/strong><\/p>\n<p>O filamento da escova \u00e9 brilhante e de espessura uniforme. \u00c9 limpo, sem filamentos tortos e obl\u00edquos, sem \u00f3leo, poeira, ferrugem na superf\u00edcie.<\/p>\n<p><strong>4-Enrolar a extremidade afiada, sem escorregar<\/strong><\/p>\n<p>Esmerilhar cada aresta afiada da base da escova para evitar ferimentos, o vedante autom\u00e1tico do fundo da porta n\u00e3o escorregar\u00e1 devido ao seu pr\u00f3prio peso ap\u00f3s a instala\u00e7\u00e3o<\/p>\n<h2><strong>\u2161. Escova\u00a0<\/strong><strong>Especifica\u00e7\u00f5es e tamanho<\/strong><\/h2>\n<hr \/>\n<p><img loading=\"lazy\" decoding=\"async\" title=\"Especifica\u00e7\u00f5es de Vedantes de escovas de portas de hangares de aeronaves\" src=\"https:\/\/www.aoqunbrush.com\/js\/htmledit\/kindeditor\/attached\/20180822\/20180822163436_65164.jpg\" alt=\"Specifications of Aircraft Hangar Door Brush Seals\" width=\"702\" height=\"324\" align=\"\" data-ke-src=\"\/js\/htmledit\/kindeditor\/attached\/20180822\/20180822163436_65164.jpg\" \/><\/p>\n<p>Mais de 40 modelos de perfil de alum\u00ednio para sua escolha, podem ser personalizados pelos seus desenhos.<\/p>\n<div><\/div>\n<p><img loading=\"lazy\" decoding=\"async\" title=\"Escova de alum\u00ednio para portas de hangares aeroespaciais Profies\" src=\"http:\/\/www.aoqunbrush.com\/js\/htmledit\/kindeditor\/attached\/20200810\/20200810115611_27077.jpg\" alt=\"Aluminum Profies Aerospace Hangar Door Brush\" width=\"750\" height=\"162\" align=\"\" data-ke-src=\"http:\/\/www.aoqunbrush.com\/js\/htmledit\/kindeditor\/attached\/20200810\/20200810115611_27077.jpg\" \/><\/p>\n<h2><strong>\u2162. Foco na qualidade da escova<\/strong><\/h2>\n<hr \/>\n<p>Para os produtos de cada lote de produ\u00e7\u00e3o, o tamanho, a tens\u00e3o, a sensa\u00e7\u00e3o de m\u00e3o e o exterior devem ser rigorosamente testados e controlados.<\/p>\n<p><img loading=\"lazy\" decoding=\"async\" title=\"Ensaios de qualidade de vedantes de escovas aeroespaciais\" src=\"https:\/\/www.aoqunbrush.com\/js\/htmledit\/kindeditor\/attached\/20180822\/20180822172509_90519.jpg\" alt=\"Quality Testing of Brush Seal Aerospace\" width=\"702\" height=\"514\" align=\"\" data-ke-src=\"\/js\/htmledit\/kindeditor\/attached\/20180822\/20180822172509_90519.jpg\" \/><\/p>\n<p>AOQUN concentra-se em cada detalhe da produ\u00e7\u00e3o, temos normas espec\u00edficas para a embalagem.<\/p>\n<p><img loading=\"lazy\" decoding=\"async\" title=\"Certifica\u00e7\u00f5es de vedantes de escovas para portas\" src=\"https:\/\/www.aoqunbrush.com\/js\/htmledit\/kindeditor\/attached\/20180911\/20180911160355_47046.jpg\" alt=\"Certifications of Door Weather Brush Seals\" width=\"750\" height=\"368\" align=\"\" data-ke-src=\"\/js\/htmledit\/kindeditor\/php\/..\/attached\/20180911\/20180911160355_47046.jpg\" \/><img loading=\"lazy\" decoding=\"async\" title=\"Clientes da marca de vedantes de escova para portas\" src=\"https:\/\/www.aoqunbrush.com\/js\/htmledit\/kindeditor\/attached\/20180911\/20180911160356_51611.jpg\" alt=\"Door Weather Brush Seals Brand Customers\" width=\"750\" height=\"416\" align=\"\" data-ke-src=\"\/js\/htmledit\/kindeditor\/php\/..\/attached\/20180911\/20180911160356_51611.jpg\" \/><\/p>\n<p><img loading=\"lazy\" decoding=\"async\" title=\"Vedantes de escovas para portas Vitrinas\" src=\"https:\/\/www.aoqunbrush.com\/js\/htmledit\/kindeditor\/attached\/20180913\/20180913111250_92966.jpg\" alt=\"Door Weather Brush Seals Show Cases\" width=\"750\" height=\"816\" align=\"\" data-ke-src=\"\/js\/htmledit\/kindeditor\/attached\/20180913\/20180913111250_92966.jpg\" \/><\/p>","protected":false},"excerpt":{"rendered":"<h3>Descri\u00e7\u00e3o do produto Descarregar<\/h3>\n<p>&nbsp;<\/p>","protected":false},"featured_media":723,"comment_status":"open","ping_status":"closed","template":"","meta":{"themepark_post_bcolor":"#f5f5f5","themepark_post_width":"1022px","themepark_post_img":"","themepark_post_img_po":"left","themepark_post_img_re":false,"themepark_post_img_cover":false,"themepark_post_img_fixed":false,"themepark_post_hide_title":false,"themepark_post_main_b":"","themepark_post_main_p":100,"themepark_paddingblock":false},"product_brand":[],"product_cat":[29],"product_tag":[],"class_list":{"0":"post-290","1":"product","2":"type-product","3":"status-publish","4":"has-post-thumbnail","6":"product_cat-strip-brushes","8":"first","9":"outofstock","10":"shipping-taxable","11":"purchasable","12":"product-type-variable"},"_links":{"self":[{"href":"https:\/\/www.aoqunbrushes.com\/pt\/wp-json\/wp\/v2\/product\/290","targetHints":{"allow":["GET"]}}],"collection":[{"href":"https:\/\/www.aoqunbrushes.com\/pt\/wp-json\/wp\/v2\/product"}],"about":[{"href":"https:\/\/www.aoqunbrushes.com\/pt\/wp-json\/wp\/v2\/types\/product"}],"replies":[{"embeddable":true,"href":"https:\/\/www.aoqunbrushes.com\/pt\/wp-json\/wp\/v2\/comments?post=290"}],"wp:featuredmedia":[{"embeddable":true,"href":"https:\/\/www.aoqunbrushes.com\/pt\/wp-json\/wp\/v2\/media\/723"}],"wp:attachment":[{"href":"https:\/\/www.aoqunbrushes.com\/pt\/wp-json\/wp\/v2\/media?parent=290"}],"wp:term":[{"taxonomy":"product_brand","embeddable":true,"href":"https:\/\/www.aoqunbrushes.com\/pt\/wp-json\/wp\/v2\/product_brand?post=290"},{"taxonomy":"product_cat","embeddable":true,"href":"https:\/\/www.aoqunbrushes.com\/pt\/wp-json\/wp\/v2\/product_cat?post=290"},{"taxonomy":"product_tag","embeddable":true,"href":"https:\/\/www.aoqunbrushes.com\/pt\/wp-json\/wp\/v2\/product_tag?post=290"}],"curies":[{"name":"wp","href":"https:\/\/api.w.org\/{rel}","templated":true}]}}