{"id":1828,"date":"2025-12-12T17:11:30","date_gmt":"2025-12-12T09:11:30","guid":{"rendered":"https:\/\/www.abrushqueen.com\/?post_type=product&#038;p=1828"},"modified":"2026-01-29T19:02:03","modified_gmt":"2026-01-29T11:02:03","slug":"pva-brush","status":"publish","type":"product","link":"https:\/\/www.aoqunbrushes.com\/pt\/produto\/pva-brush","title":{"rendered":"Rolos de escova PVA p\u00f3s-CMP Esponja PVA para limpeza de bolachas semicondutoras"},"content":{"rendered":"<h2 class=\"ds-markdown-paragraph\">Product Detail: PVA brush<\/h2>\n<h3>1. Product Introduction<\/h3>\n<p class=\"ds-markdown-paragraph\">Ap\u00f3s o polimento qu\u00edmico-mec\u00e2nico (CMP), permanecem res\u00edduos inorg\u00e2nicos, org\u00e2nicos e qu\u00edmicos na superf\u00edcie da bolacha, que podem causar defeitos se n\u00e3o forem removidos. Os rolos de escova PVA fornecem uma solu\u00e7\u00e3o de limpeza suave e sem riscos, mantendo a sua estrutura flex\u00edvel mesmo depois de absorverem l\u00edquidos. A escova fornece produtos qu\u00edmicos de limpeza e \u00e1gua desionizada \u00e0 superf\u00edcie da bolacha, rolando e esfregando para obter uma limpeza e secagem eficazes e cont\u00ednuas.<\/p>\n<p class=\"ds-markdown-paragraph\">Carater\u00edsticas<\/p>\n<ul>\n<li>\n<p class=\"ds-markdown-paragraph\">Tecnologia de espuma\u00e7\u00e3o de ar: Sem res\u00edduos de amido.<\/p>\n<\/li>\n<li>\n<p class=\"ds-markdown-paragraph\">Capacidades de dete\u00e7\u00e3o l\u00edderes na ind\u00fastria: Pode detetar part\u00edculas m\u00ednimas de metais e l\u00edquidos.<\/p>\n<\/li>\n<li>\n<p class=\"ds-markdown-paragraph\">Efici\u00eancia energ\u00e9tica: Reduz o consumo de \u00e1gua da CMP em 10% e diminui o consumo de energia no tratamento de \u00e1guas residuais.<\/p>\n<\/li>\n<li>\n<p class=\"ds-markdown-paragraph\">Utiliza\u00e7\u00e3o melhorada: Reduz significativamente o tempo de entrada na pr\u00e9-limpeza e minimiza a utiliza\u00e7\u00e3o de bolachas fict\u00edcias.<\/p>\n<\/li>\n<li>\n<p class=\"ds-markdown-paragraph\">Desenho de uma s\u00f3 pe\u00e7a: A espuma PVA moldada integrada no n\u00facleo reduz o risco de distor\u00e7\u00e3o.<\/p>\n<\/li>\n<li>\n<p class=\"ds-markdown-paragraph\">Excelente transmissibilidade de l\u00edquidos e capacidade de auto-limpeza: estrutura de poros interligados 100% para um desempenho de limpeza superior.<\/p>\n<\/li>\n<li>\n<p class=\"ds-markdown-paragraph\">Personaliz\u00e1vel: Fluxo de \u00e1gua ajust\u00e1vel para uma limpeza optimizada.<\/p>\n<\/li>\n<\/ul>\n<p>&nbsp;<\/p>\n<p><img loading=\"lazy\" decoding=\"async\" class=\"alignnone size-full wp-image-1833\" src=\"https:\/\/www.aoqunbrushes.com\/wp-content\/uploads\/2025\/12\/\u534a\u5bfc\u4f53\u6676\u5706\u7845\u7247\u82af\u7247\u6e05\u6d17\u5237-En_01.jpg\" alt=\"\" width=\"1000\" height=\"456\" data-wp-editing=\"1\" srcset=\"https:\/\/www.aoqunbrushes.com\/wp-content\/uploads\/2025\/12\/\u534a\u5bfc\u4f53\u6676\u5706\u7845\u7247\u82af\u7247\u6e05\u6d17\u5237-En_01.jpg 1000w, https:\/\/www.aoqunbrushes.com\/wp-content\/uploads\/2025\/12\/\u534a\u5bfc\u4f53\u6676\u5706\u7845\u7247\u82af\u7247\u6e05\u6d17\u5237-En_01-300x137.jpg 300w, https:\/\/www.aoqunbrushes.com\/wp-content\/uploads\/2025\/12\/\u534a\u5bfc\u4f53\u6676\u5706\u7845\u7247\u82af\u7247\u6e05\u6d17\u5237-En_01-768x350.jpg 768w, https:\/\/www.aoqunbrushes.com\/wp-content\/uploads\/2025\/12\/\u534a\u5bfc\u4f53\u6676\u5706\u7845\u7247\u82af\u7247\u6e05\u6d17\u5237-En_01-18x8.jpg 18w, https:\/\/www.aoqunbrushes.com\/wp-content\/uploads\/2025\/12\/\u534a\u5bfc\u4f53\u6676\u5706\u7845\u7247\u82af\u7247\u6e05\u6d17\u5237-En_01-600x274.jpg 600w\" sizes=\"auto, (max-width: 1000px) 100vw, 1000px\" \/> <img loading=\"lazy\" decoding=\"async\" class=\"alignnone size-full wp-image-1834\" src=\"https:\/\/www.aoqunbrushes.com\/wp-content\/uploads\/2025\/12\/\u534a\u5bfc\u4f53\u6676\u5706\u7845\u7247\u82af\u7247\u6e05\u6d17\u5237-En_02.jpg\" alt=\"\" width=\"1000\" height=\"1459\" srcset=\"https:\/\/www.aoqunbrushes.com\/wp-content\/uploads\/2025\/12\/\u534a\u5bfc\u4f53\u6676\u5706\u7845\u7247\u82af\u7247\u6e05\u6d17\u5237-En_02.jpg 1000w, https:\/\/www.aoqunbrushes.com\/wp-content\/uploads\/2025\/12\/\u534a\u5bfc\u4f53\u6676\u5706\u7845\u7247\u82af\u7247\u6e05\u6d17\u5237-En_02-206x300.jpg 206w, https:\/\/www.aoqunbrushes.com\/wp-content\/uploads\/2025\/12\/\u534a\u5bfc\u4f53\u6676\u5706\u7845\u7247\u82af\u7247\u6e05\u6d17\u5237-En_02-702x1024.jpg 702w, https:\/\/www.aoqunbrushes.com\/wp-content\/uploads\/2025\/12\/\u534a\u5bfc\u4f53\u6676\u5706\u7845\u7247\u82af\u7247\u6e05\u6d17\u5237-En_02-768x1121.jpg 768w, https:\/\/www.aoqunbrushes.com\/wp-content\/uploads\/2025\/12\/\u534a\u5bfc\u4f53\u6676\u5706\u7845\u7247\u82af\u7247\u6e05\u6d17\u5237-En_02-8x12.jpg 8w, https:\/\/www.aoqunbrushes.com\/wp-content\/uploads\/2025\/12\/\u534a\u5bfc\u4f53\u6676\u5706\u7845\u7247\u82af\u7247\u6e05\u6d17\u5237-En_02-600x875.jpg 600w\" sizes=\"auto, (max-width: 1000px) 100vw, 1000px\" \/> <img loading=\"lazy\" decoding=\"async\" class=\"alignnone size-full wp-image-1835\" src=\"https:\/\/www.aoqunbrushes.com\/wp-content\/uploads\/2025\/12\/\u534a\u5bfc\u4f53\u6676\u5706\u7845\u7247\u82af\u7247\u6e05\u6d17\u5237-En_03.jpg\" alt=\"\" width=\"1000\" height=\"1577\" srcset=\"https:\/\/www.aoqunbrushes.com\/wp-content\/uploads\/2025\/12\/\u534a\u5bfc\u4f53\u6676\u5706\u7845\u7247\u82af\u7247\u6e05\u6d17\u5237-En_03.jpg 1000w, https:\/\/www.aoqunbrushes.com\/wp-content\/uploads\/2025\/12\/\u534a\u5bfc\u4f53\u6676\u5706\u7845\u7247\u82af\u7247\u6e05\u6d17\u5237-En_03-190x300.jpg 190w, https:\/\/www.aoqunbrushes.com\/wp-content\/uploads\/2025\/12\/\u534a\u5bfc\u4f53\u6676\u5706\u7845\u7247\u82af\u7247\u6e05\u6d17\u5237-En_03-649x1024.jpg 649w, https:\/\/www.aoqunbrushes.com\/wp-content\/uploads\/2025\/12\/\u534a\u5bfc\u4f53\u6676\u5706\u7845\u7247\u82af\u7247\u6e05\u6d17\u5237-En_03-768x1211.jpg 768w, https:\/\/www.aoqunbrushes.com\/wp-content\/uploads\/2025\/12\/\u534a\u5bfc\u4f53\u6676\u5706\u7845\u7247\u82af\u7247\u6e05\u6d17\u5237-En_03-974x1536.jpg 974w, https:\/\/www.aoqunbrushes.com\/wp-content\/uploads\/2025\/12\/\u534a\u5bfc\u4f53\u6676\u5706\u7845\u7247\u82af\u7247\u6e05\u6d17\u5237-En_03-8x12.jpg 8w, https:\/\/www.aoqunbrushes.com\/wp-content\/uploads\/2025\/12\/\u534a\u5bfc\u4f53\u6676\u5706\u7845\u7247\u82af\u7247\u6e05\u6d17\u5237-En_03-600x946.jpg 600w\" sizes=\"auto, (max-width: 1000px) 100vw, 1000px\" \/> <img loading=\"lazy\" decoding=\"async\" class=\"alignnone size-full wp-image-1836\" src=\"https:\/\/www.aoqunbrushes.com\/wp-content\/uploads\/2025\/12\/\u534a\u5bfc\u4f53\u6676\u5706\u7845\u7247\u82af\u7247\u6e05\u6d17\u5237-En_04.jpg\" alt=\"\" width=\"1000\" height=\"1247\" srcset=\"https:\/\/www.aoqunbrushes.com\/wp-content\/uploads\/2025\/12\/\u534a\u5bfc\u4f53\u6676\u5706\u7845\u7247\u82af\u7247\u6e05\u6d17\u5237-En_04.jpg 1000w, https:\/\/www.aoqunbrushes.com\/wp-content\/uploads\/2025\/12\/\u534a\u5bfc\u4f53\u6676\u5706\u7845\u7247\u82af\u7247\u6e05\u6d17\u5237-En_04-241x300.jpg 241w, https:\/\/www.aoqunbrushes.com\/wp-content\/uploads\/2025\/12\/\u534a\u5bfc\u4f53\u6676\u5706\u7845\u7247\u82af\u7247\u6e05\u6d17\u5237-En_04-821x1024.jpg 821w, https:\/\/www.aoqunbrushes.com\/wp-content\/uploads\/2025\/12\/\u534a\u5bfc\u4f53\u6676\u5706\u7845\u7247\u82af\u7247\u6e05\u6d17\u5237-En_04-768x958.jpg 768w, https:\/\/www.aoqunbrushes.com\/wp-content\/uploads\/2025\/12\/\u534a\u5bfc\u4f53\u6676\u5706\u7845\u7247\u82af\u7247\u6e05\u6d17\u5237-En_04-10x12.jpg 10w, https:\/\/www.aoqunbrushes.com\/wp-content\/uploads\/2025\/12\/\u534a\u5bfc\u4f53\u6676\u5706\u7845\u7247\u82af\u7247\u6e05\u6d17\u5237-En_04-600x748.jpg 600w\" sizes=\"auto, (max-width: 1000px) 100vw, 1000px\" \/> <img loading=\"lazy\" decoding=\"async\" class=\"alignnone size-full wp-image-1837\" src=\"https:\/\/www.aoqunbrushes.com\/wp-content\/uploads\/2025\/12\/\u534a\u5bfc\u4f53\u6676\u5706\u7845\u7247\u82af\u7247\u6e05\u6d17\u5237-En_05.jpg\" alt=\"\" width=\"1000\" height=\"1110\" srcset=\"https:\/\/www.aoqunbrushes.com\/wp-content\/uploads\/2025\/12\/\u534a\u5bfc\u4f53\u6676\u5706\u7845\u7247\u82af\u7247\u6e05\u6d17\u5237-En_05.jpg 1000w, https:\/\/www.aoqunbrushes.com\/wp-content\/uploads\/2025\/12\/\u534a\u5bfc\u4f53\u6676\u5706\u7845\u7247\u82af\u7247\u6e05\u6d17\u5237-En_05-270x300.jpg 270w, https:\/\/www.aoqunbrushes.com\/wp-content\/uploads\/2025\/12\/\u534a\u5bfc\u4f53\u6676\u5706\u7845\u7247\u82af\u7247\u6e05\u6d17\u5237-En_05-923x1024.jpg 923w, https:\/\/www.aoqunbrushes.com\/wp-content\/uploads\/2025\/12\/\u534a\u5bfc\u4f53\u6676\u5706\u7845\u7247\u82af\u7247\u6e05\u6d17\u5237-En_05-768x852.jpg 768w, https:\/\/www.aoqunbrushes.com\/wp-content\/uploads\/2025\/12\/\u534a\u5bfc\u4f53\u6676\u5706\u7845\u7247\u82af\u7247\u6e05\u6d17\u5237-En_05-11x12.jpg 11w, https:\/\/www.aoqunbrushes.com\/wp-content\/uploads\/2025\/12\/\u534a\u5bfc\u4f53\u6676\u5706\u7845\u7247\u82af\u7247\u6e05\u6d17\u5237-En_05-600x666.jpg 600w\" sizes=\"auto, (max-width: 1000px) 100vw, 1000px\" \/> <img loading=\"lazy\" decoding=\"async\" class=\"alignnone size-full wp-image-1838\" src=\"https:\/\/www.aoqunbrushes.com\/wp-content\/uploads\/2025\/12\/\u534a\u5bfc\u4f53\u6676\u5706\u7845\u7247\u82af\u7247\u6e05\u6d17\u5237-En_06.jpg\" alt=\"\" width=\"1000\" height=\"1161\" srcset=\"https:\/\/www.aoqunbrushes.com\/wp-content\/uploads\/2025\/12\/\u534a\u5bfc\u4f53\u6676\u5706\u7845\u7247\u82af\u7247\u6e05\u6d17\u5237-En_06.jpg 1000w, https:\/\/www.aoqunbrushes.com\/wp-content\/uploads\/2025\/12\/\u534a\u5bfc\u4f53\u6676\u5706\u7845\u7247\u82af\u7247\u6e05\u6d17\u5237-En_06-258x300.jpg 258w, https:\/\/www.aoqunbrushes.com\/wp-content\/uploads\/2025\/12\/\u534a\u5bfc\u4f53\u6676\u5706\u7845\u7247\u82af\u7247\u6e05\u6d17\u5237-En_06-882x1024.jpg 882w, https:\/\/www.aoqunbrushes.com\/wp-content\/uploads\/2025\/12\/\u534a\u5bfc\u4f53\u6676\u5706\u7845\u7247\u82af\u7247\u6e05\u6d17\u5237-En_06-768x892.jpg 768w, https:\/\/www.aoqunbrushes.com\/wp-content\/uploads\/2025\/12\/\u534a\u5bfc\u4f53\u6676\u5706\u7845\u7247\u82af\u7247\u6e05\u6d17\u5237-En_06-10x12.jpg 10w, https:\/\/www.aoqunbrushes.com\/wp-content\/uploads\/2025\/12\/\u534a\u5bfc\u4f53\u6676\u5706\u7845\u7247\u82af\u7247\u6e05\u6d17\u5237-En_06-600x697.jpg 600w\" sizes=\"auto, (max-width: 1000px) 100vw, 1000px\" \/> <img loading=\"lazy\" decoding=\"async\" class=\"alignnone size-full wp-image-1839\" src=\"https:\/\/www.aoqunbrushes.com\/wp-content\/uploads\/2025\/12\/\u534a\u5bfc\u4f53\u6676\u5706\u7845\u7247\u82af\u7247\u6e05\u6d17\u5237-En_07.jpg\" alt=\"\" width=\"1000\" height=\"1533\" srcset=\"https:\/\/www.aoqunbrushes.com\/wp-content\/uploads\/2025\/12\/\u534a\u5bfc\u4f53\u6676\u5706\u7845\u7247\u82af\u7247\u6e05\u6d17\u5237-En_07.jpg 1000w, https:\/\/www.aoqunbrushes.com\/wp-content\/uploads\/2025\/12\/\u534a\u5bfc\u4f53\u6676\u5706\u7845\u7247\u82af\u7247\u6e05\u6d17\u5237-En_07-196x300.jpg 196w, https:\/\/www.aoqunbrushes.com\/wp-content\/uploads\/2025\/12\/\u534a\u5bfc\u4f53\u6676\u5706\u7845\u7247\u82af\u7247\u6e05\u6d17\u5237-En_07-668x1024.jpg 668w, https:\/\/www.aoqunbrushes.com\/wp-content\/uploads\/2025\/12\/\u534a\u5bfc\u4f53\u6676\u5706\u7845\u7247\u82af\u7247\u6e05\u6d17\u5237-En_07-768x1177.jpg 768w, https:\/\/www.aoqunbrushes.com\/wp-content\/uploads\/2025\/12\/\u534a\u5bfc\u4f53\u6676\u5706\u7845\u7247\u82af\u7247\u6e05\u6d17\u5237-En_07-8x12.jpg 8w, https:\/\/www.aoqunbrushes.com\/wp-content\/uploads\/2025\/12\/\u534a\u5bfc\u4f53\u6676\u5706\u7845\u7247\u82af\u7247\u6e05\u6d17\u5237-En_07-600x920.jpg 600w\" sizes=\"auto, (max-width: 1000px) 100vw, 1000px\" \/> <img loading=\"lazy\" decoding=\"async\" class=\"alignnone size-full wp-image-1840\" src=\"https:\/\/www.aoqunbrushes.com\/wp-content\/uploads\/2025\/12\/\u534a\u5bfc\u4f53\u6676\u5706\u7845\u7247\u82af\u7247\u6e05\u6d17\u5237-En_08.jpg\" alt=\"\" width=\"1000\" height=\"988\" srcset=\"https:\/\/www.aoqunbrushes.com\/wp-content\/uploads\/2025\/12\/\u534a\u5bfc\u4f53\u6676\u5706\u7845\u7247\u82af\u7247\u6e05\u6d17\u5237-En_08.jpg 1000w, https:\/\/www.aoqunbrushes.com\/wp-content\/uploads\/2025\/12\/\u534a\u5bfc\u4f53\u6676\u5706\u7845\u7247\u82af\u7247\u6e05\u6d17\u5237-En_08-300x296.jpg 300w, https:\/\/www.aoqunbrushes.com\/wp-content\/uploads\/2025\/12\/\u534a\u5bfc\u4f53\u6676\u5706\u7845\u7247\u82af\u7247\u6e05\u6d17\u5237-En_08-768x759.jpg 768w, https:\/\/www.aoqunbrushes.com\/wp-content\/uploads\/2025\/12\/\u534a\u5bfc\u4f53\u6676\u5706\u7845\u7247\u82af\u7247\u6e05\u6d17\u5237-En_08-12x12.jpg 12w, https:\/\/www.aoqunbrushes.com\/wp-content\/uploads\/2025\/12\/\u534a\u5bfc\u4f53\u6676\u5706\u7845\u7247\u82af\u7247\u6e05\u6d17\u5237-En_08-600x593.jpg 600w, https:\/\/www.aoqunbrushes.com\/wp-content\/uploads\/2025\/12\/\u534a\u5bfc\u4f53\u6676\u5706\u7845\u7247\u82af\u7247\u6e05\u6d17\u5237-En_08-100x100.jpg 100w\" sizes=\"auto, (max-width: 1000px) 100vw, 1000px\" \/><\/p>","protected":false},"excerpt":{"rendered":"<p>Product Detail: PVA brush 1. Product Introduction After chemical mechanical polishing (CMP), inorganic, organic, and chemical residues remain on the wafer surface, which can cause defects if not removed. PVA brush rollers provide a gentle, scratch-free cleaning solution while maintaining their flexible structure even after absorbing liquids. The brush delivers cleaning chemicals and deionized water [&hellip;]<\/p>","protected":false},"featured_media":1841,"comment_status":"open","ping_status":"closed","template":"","meta":{"themepark_post_bcolor":"#f5f5f5","themepark_post_width":"1022px","themepark_post_img":"","themepark_post_img_po":"left","themepark_post_img_re":false,"themepark_post_img_cover":false,"themepark_post_img_fixed":false,"themepark_post_hide_title":false,"themepark_post_main_b":"","themepark_post_main_p":100,"themepark_paddingblock":false},"product_brand":[],"product_cat":[46],"product_tag":[],"class_list":{"0":"post-1828","1":"product","2":"type-product","3":"status-publish","4":"has-post-thumbnail","6":"product_cat-cylinder-tufted-brush","8":"first","9":"instock","10":"shipping-taxable","11":"purchasable","12":"product-type-variable"},"_links":{"self":[{"href":"https:\/\/www.aoqunbrushes.com\/pt\/wp-json\/wp\/v2\/product\/1828","targetHints":{"allow":["GET"]}}],"collection":[{"href":"https:\/\/www.aoqunbrushes.com\/pt\/wp-json\/wp\/v2\/product"}],"about":[{"href":"https:\/\/www.aoqunbrushes.com\/pt\/wp-json\/wp\/v2\/types\/product"}],"replies":[{"embeddable":true,"href":"https:\/\/www.aoqunbrushes.com\/pt\/wp-json\/wp\/v2\/comments?post=1828"}],"wp:featuredmedia":[{"embeddable":true,"href":"https:\/\/www.aoqunbrushes.com\/pt\/wp-json\/wp\/v2\/media\/1841"}],"wp:attachment":[{"href":"https:\/\/www.aoqunbrushes.com\/pt\/wp-json\/wp\/v2\/media?parent=1828"}],"wp:term":[{"taxonomy":"product_brand","embeddable":true,"href":"https:\/\/www.aoqunbrushes.com\/pt\/wp-json\/wp\/v2\/product_brand?post=1828"},{"taxonomy":"product_cat","embeddable":true,"href":"https:\/\/www.aoqunbrushes.com\/pt\/wp-json\/wp\/v2\/product_cat?post=1828"},{"taxonomy":"product_tag","embeddable":true,"href":"https:\/\/www.aoqunbrushes.com\/pt\/wp-json\/wp\/v2\/product_tag?post=1828"}],"curies":[{"name":"wp","href":"https:\/\/api.w.org\/{rel}","templated":true}]}}