{"id":1779,"date":"2025-09-12T17:31:05","date_gmt":"2025-09-12T09:31:05","guid":{"rendered":"https:\/\/www.abrushqueen.com\/?post_type=product&#038;p=1779"},"modified":"2026-03-25T17:38:39","modified_gmt":"2026-03-25T09:38:39","slug":"pile-weather-stripping","status":"publish","type":"product","link":"https:\/\/www.aoqunbrushes.com\/pt\/produto\/pile-weather-stripping","title":{"rendered":"Pilha de prote\u00e7\u00e3o contra intemp\u00e9ries Veda\u00e7\u00e3o de porta de ecr\u00e3 Limiar de som | Autoadesivo 3M Pilha de escova de l\u00e3"},"content":{"rendered":"<h1>Pilha de prote\u00e7\u00e3o contra intemp\u00e9ries Veda\u00e7\u00e3o de portas de ecr\u00e3 Limiar de som<\/h1>\n<p style=\"font-weight: 400;\"><strong>\u00a0<\/strong><\/p>\n<p style=\"font-weight: 400;\"><strong>Aprovado em RoHS, SVHC, UL94-V0 e em conformidade com as normas de ensaio da UE.\u00a0\u00a0<\/strong><\/p>\n<h2>\u2160. ESCOVA AOQUN<\/h2>\n<ul style=\"font-weight: 400;\">\n<li><strong>AOQUN concentra-se na produ\u00e7\u00e3o de 3M Weather Stripping Screen Door Brush Seal e ganha pela qualidade<\/strong><\/li>\n<li><strong>\u00c9 o fornecedor designado de\u00a0<u>CRRC<\/u>\u00a0escovas para tiras de veda\u00e7\u00e3o de portas de ecr\u00e3<\/strong><\/li>\n<li><strong>Estabelecemos rela\u00e7\u00f5es de coopera\u00e7\u00e3o a longo prazo com empresas de renome internacional, tais como\u00a0<u>KONE, Thyssen, Otis, Hitachi, Mitsubishi, Westinghouse, Compaq, Fangda<\/u>, etc.<\/strong><strong>\u00a0<\/strong><\/li>\n<\/ul>\n<p style=\"font-weight: 400;\"><strong>\u2161. Personaliza\u00e7\u00e3o da faixa meteorol\u00f3gica\u00a0<\/strong><\/p>\n<p style=\"font-weight: 400;\"><strong>\u00a0<\/strong><\/p>\n<p style=\"font-weight: 400;\">AOQUN Weather Stripping Screen Door Brush Pile Seals and Sealing Profiles de alum\u00ednio, PVC e aplica\u00e7\u00f5es de madeira, que s\u00e3o para todos os tipos de janelas de vidro deslizantes e portas de tela, portas de batente nas frentes residenciais, comerciais e industriais, m\u00f3veis, inser\u00e7\u00e3o de m\u00e1quinas, persianas, etc.<\/p>\n<p style=\"font-weight: 400;\"><strong>Tamb\u00e9m pode estar interessado em Escova de tira para varrer portas , temos tudo isso, por favor clique na palavra-chave relacionada para obter mais detalhes.<\/strong><\/p>\n<p style=\"font-weight: 400;\"><strong>\u00a0<\/strong><\/p>\n<h2><strong>\u2162. Carater\u00edsticas e Vantagens:<\/strong><\/h2>\n<ul style=\"font-weight: 400;\">\n<li>Uma extensa gama de vedantes de esteira com escova e perfis de veda\u00e7\u00e3o extrudidos para portas de ecr\u00e3 com prote\u00e7\u00e3o contra intemp\u00e9ries;<\/li>\n<li>As fibras das estacas movem-se de forma independente e s\u00e3o flex\u00edveis;<\/li>\n<li>Dispon\u00edvel em v\u00e1rias larguras e alturas diferentes;<\/li>\n<li>Fio multifilamento macio padr\u00e3o em muitas cores diferentes;<\/li>\n<li>Excelente resist\u00eancia \u00e0 abras\u00e3o, acumula\u00e7\u00e3o est\u00e1tica, baixa fric\u00e7\u00e3o;<\/li>\n<li>Aletas centrais ou laterais opcionais para uma prote\u00e7\u00e3o adicional contra as correntes de ar;<\/li>\n<li>Vedam perfeitamente contra elementos m\u00f3veis e tamb\u00e9m superf\u00edcies irregulares.<\/li>\n<\/ul>\n<p style=\"font-weight: 400;\"><strong>\u00a0<\/strong><\/p>\n<table width=\"721\">\n<tbody>\n<tr>\n<td><strong>Dimens\u00f5es do produto<\/strong><\/td>\n<td><strong>Gama (mm)<\/strong><\/td>\n<\/tr>\n<tr>\n<td>Largura da base<\/td>\n<td>4-17<\/td>\n<\/tr>\n<tr>\n<td>Altura da escova<\/td>\n<td>5-25<\/td>\n<\/tr>\n<tr>\n<td>Cor do pelo<\/td>\n<td>Branco \/ Marfim \/ Bege \/ Cinzento \/ Dourado \/ Castanho \/ Preto, etc.<\/td>\n<\/tr>\n<\/tbody>\n<\/table>\n<p style=\"font-weight: 400;\"><strong>\u00a0<\/strong><\/p>\n<p style=\"font-weight: 400;\"><strong>As veda\u00e7\u00f5es de pilha de escova de porta de tela de prote\u00e7\u00e3o contra intemp\u00e9ries podem ser personalizadas de acordo com sua exig\u00eancia.<\/strong><\/p>\n<p style=\"font-weight: 400;\"><strong>\u00a0<\/strong><\/p>\n<p style=\"font-weight: 400;\"><strong> <b><img loading=\"lazy\" decoding=\"async\" title=\"Escova para porta de ecr\u00e3 com prote\u00e7\u00e3o contra intemp\u00e9ries\" src=\"https:\/\/www.aoqunbrush.com\/js\/htmledit\/kindeditor\/attached\/20200807\/20200807174214_34193.jpg\" alt=\"Weather Stripping Screen Door Brush\" width=\"750\" height=\"750\" align=\"\" data-ke-src=\"\/js\/htmledit\/kindeditor\/attached\/20200807\/20200807174214_34193.jpg\" \/><\/b><\/strong><\/p>","protected":false},"excerpt":{"rendered":"<p>Pile Weather Stripping Screen Door Seal Sound Threshold Passou RoHS, SVHC, UL94-V0 e est\u00e1 em conformidade com os padr\u00f5es de teste da UE.   \u2160. AOQUN BRUSH AOQUN se concentra na produ\u00e7\u00e3o de 3M Weather Stripping Screen Door Brush Seal e ganha pela qualidade \u00c9 o fornecedor designado de escovas de tira de veda\u00e7\u00e3o de porta de tela CRRC Estabeleceu rela\u00e7\u00f5es de coopera\u00e7\u00e3o de longo prazo com empresas de renome internacional, como KONE, Thyssen, [...]<\/p>","protected":false},"featured_media":2139,"comment_status":"open","ping_status":"closed","template":"","meta":{"themepark_post_bcolor":"#f5f5f5","themepark_post_width":"1022px","themepark_post_img":"","themepark_post_img_po":"left","themepark_post_img_re":false,"themepark_post_img_cover":false,"themepark_post_img_fixed":false,"themepark_post_hide_title":false,"themepark_post_main_b":"","themepark_post_main_p":100,"themepark_paddingblock":false},"product_brand":[],"product_cat":[29],"product_tag":[],"class_list":{"0":"post-1779","1":"product","2":"type-product","3":"status-publish","4":"has-post-thumbnail","6":"product_cat-strip-brushes","8":"first","9":"instock","10":"shipping-taxable","11":"purchasable","12":"product-type-variable"},"_links":{"self":[{"href":"https:\/\/www.aoqunbrushes.com\/pt\/wp-json\/wp\/v2\/product\/1779","targetHints":{"allow":["GET"]}}],"collection":[{"href":"https:\/\/www.aoqunbrushes.com\/pt\/wp-json\/wp\/v2\/product"}],"about":[{"href":"https:\/\/www.aoqunbrushes.com\/pt\/wp-json\/wp\/v2\/types\/product"}],"replies":[{"embeddable":true,"href":"https:\/\/www.aoqunbrushes.com\/pt\/wp-json\/wp\/v2\/comments?post=1779"}],"wp:featuredmedia":[{"embeddable":true,"href":"https:\/\/www.aoqunbrushes.com\/pt\/wp-json\/wp\/v2\/media\/2139"}],"wp:attachment":[{"href":"https:\/\/www.aoqunbrushes.com\/pt\/wp-json\/wp\/v2\/media?parent=1779"}],"wp:term":[{"taxonomy":"product_brand","embeddable":true,"href":"https:\/\/www.aoqunbrushes.com\/pt\/wp-json\/wp\/v2\/product_brand?post=1779"},{"taxonomy":"product_cat","embeddable":true,"href":"https:\/\/www.aoqunbrushes.com\/pt\/wp-json\/wp\/v2\/product_cat?post=1779"},{"taxonomy":"product_tag","embeddable":true,"href":"https:\/\/www.aoqunbrushes.com\/pt\/wp-json\/wp\/v2\/product_tag?post=1779"}],"curies":[{"name":"wp","href":"https:\/\/api.w.org\/{rel}","templated":true}]}}