{"id":1712,"date":"2025-08-14T18:00:20","date_gmt":"2025-08-14T10:00:20","guid":{"rendered":"https:\/\/www.abrushqueen.com\/?post_type=product&#038;p=1712"},"modified":"2026-03-25T17:31:22","modified_gmt":"2026-03-25T09:31:22","slug":"test-tube-cleaning-brush","status":"publish","type":"product","link":"https:\/\/www.aoqunbrushes.com\/pt\/produto\/test-tube-cleaning-brush","title":{"rendered":"Escova de limpeza de tubos de ensaio com cabe\u00e7a de nylon | Fio torcido de a\u00e7o inoxid\u00e1vel"},"content":{"rendered":"<p>&nbsp;<\/p>\n<p><img loading=\"lazy\" decoding=\"async\" title=\"Escova de limpeza de tubos Aoqun\" src=\"http:\/\/www.aoqunbrush.com\/js\/htmledit\/kindeditor\/attached\/20180915\/20180915171657_68442.jpg\" alt=\"Aoqun Tube Pipe Cleaning Brush\" width=\"750\" height=\"424\" align=\"\" \/><\/p>\n<h2><strong>\u2161. Especifica\u00e7\u00e3o da escova<\/strong><\/h2>\n<hr \/>\n<p><img loading=\"lazy\" decoding=\"async\" title=\"Escovas de limpeza de tubos Desenho\" src=\"http:\/\/www.aoqunbrush.com\/js\/htmledit\/kindeditor\/attached\/20180915\/20180915153524_27330.png\" alt=\"Tube Pipe Cleaning Brushes Drawing\" width=\"750\" height=\"342\" align=\"\" \/><\/p>\n<p><strong>A cabe\u00e7a da escova pode ser transformada em forma de leque, forma de c\u00edrculo, extremidade de pl\u00e1stico, etc.<\/strong><img loading=\"lazy\" decoding=\"async\" title=\"Cabe\u00e7a de escovas de limpeza de tubos\" src=\"https:\/\/www.aoqunbrush.com\/js\/htmledit\/kindeditor\/attached\/20190531\/20190531170045_68862.jpg\" alt=\"Tube Pipe Cleaning Brushes Head\" width=\"750\" height=\"545\" align=\"\" \/><\/p>\n<p><strong>O cabo da escova pode ser transformado em: corte, aro, cabo de pl\u00e1stico.\u00a0<\/strong><strong>A haste pode ser feita de dois fios de a\u00e7o ou 4 fios de a\u00e7o, etc.<\/strong><\/p>\n<div align=\"center\"><img loading=\"lazy\" decoding=\"async\" title=\"Escova de limpeza de tubos\" src=\"https:\/\/www.aoqunbrush.com\/js\/htmledit\/kindeditor\/attached\/20190531\/20190531170113_66223.jpg\" alt=\"Tube Pipe Cleaning Brush\" width=\"750\" height=\"753\" align=\"\" \/><\/div>\n<div><\/div>\n<h2><strong>\u2162.\u00a0<\/strong><strong>Fabrico de produtos<\/strong><\/h2>\n<hr \/>\n<p><img loading=\"lazy\" decoding=\"async\" title=\"Escova de limpeza de tubos Fabrica\u00e7\u00e3o\" src=\"http:\/\/www.aoqunbrush.com\/js\/htmledit\/kindeditor\/attached\/20180915\/20180915172856_79496.jpg\" alt=\"Tube Pipe Cleaning Brush Manufacture\" width=\"750\" height=\"650\" align=\"\" \/><\/p>\n<p><strong>\u2160. Aplica\u00e7\u00f5es da escova<\/strong><\/p>\n<hr \/>\n<p><strong>Escovas para limpeza de tubos de ensaio<\/strong><\/p>\n<p><img loading=\"lazy\" decoding=\"async\" title=\"Aplica\u00e7\u00e3o da escova de limpeza de tubos de ensaio\" src=\"http:\/\/www.aoqunbrush.com\/js\/htmledit\/kindeditor\/attached\/20180915\/20180915172145_68678.jpg\" alt=\"Test Tube Cleaning Brush Application\" width=\"750\" height=\"431\" align=\"\" \/><\/p>\n<p><strong>Escovas de limpeza de tubos de instrumentos musicais<\/strong><\/p>\n<p><img loading=\"lazy\" decoding=\"async\" title=\"Escova de limpeza de tubos de instrumentos musicais\" src=\"http:\/\/www.aoqunbrush.com\/js\/htmledit\/kindeditor\/attached\/20180915\/20180915172147_53284.jpg\" alt=\"Music Instrument Tube Pipe Cleaning Brush\" width=\"750\" height=\"403\" align=\"\" \/><\/p>\n<p><strong>Escovas de limpeza de tubos de palhinha<\/strong><\/p>\n<p><img loading=\"lazy\" decoding=\"async\" title=\"Escova de limpeza de tubos de palhinha\" src=\"http:\/\/www.aoqunbrush.com\/js\/htmledit\/kindeditor\/attached\/20180915\/20180915172148_65169.jpg\" alt=\"Drinking Straw Pipe Cleaning Brush\" width=\"750\" height=\"431\" align=\"\" \/><\/p>\n<p><strong>Escovas de limpeza da mangueira do tubo CPAP<\/strong><\/p>\n<p><img loading=\"lazy\" decoding=\"async\" title=\"Escova de limpeza da mangueira do tubo CPAP\" src=\"http:\/\/www.aoqunbrush.com\/js\/htmledit\/kindeditor\/attached\/20180915\/20180915171734_44303.jpg\" alt=\"CPAP Tube Hose Cleaning Brush\" width=\"753\" height=\"445\" align=\"\" \/><\/p>","protected":false},"excerpt":{"rendered":"<p>&nbsp; \u2161. Especifica\u00e7\u00e3o da escova A cabe\u00e7a da escova pode ser processada em forma de leque, forma de c\u00edrculo, extremidade de pl\u00e1stico e assim por diante. O cabo da escova pode ser feito em: corte, aro, cabo de pl\u00e1stico. A haste pode ser feita de dois fios de a\u00e7o ou 4 fios de a\u00e7o, etc. \u2162. Fabrica\u00e7\u00e3o do produto \u2160. Aplica\u00e7\u00f5es da escova Escovas para limpeza de tubos de ensaio Escovas para limpeza de tubos de instrumentos musicais [...]<\/p>","protected":false},"featured_media":2124,"comment_status":"open","ping_status":"closed","template":"","meta":{"themepark_post_bcolor":"#f5f5f5","themepark_post_width":"1022px","themepark_post_img":"","themepark_post_img_po":"left","themepark_post_img_re":false,"themepark_post_img_cover":false,"themepark_post_img_fixed":false,"themepark_post_hide_title":false,"themepark_post_main_b":"","themepark_post_main_p":100,"themepark_paddingblock":false},"product_brand":[],"product_cat":[32],"product_tag":[],"class_list":{"0":"post-1712","1":"product","2":"type-product","3":"status-publish","4":"has-post-thumbnail","6":"product_cat-twisted-in-wire-brushes","8":"first","9":"instock","10":"sold-individually","11":"shipping-taxable","12":"purchasable","13":"product-type-variable"},"_links":{"self":[{"href":"https:\/\/www.aoqunbrushes.com\/pt\/wp-json\/wp\/v2\/product\/1712","targetHints":{"allow":["GET"]}}],"collection":[{"href":"https:\/\/www.aoqunbrushes.com\/pt\/wp-json\/wp\/v2\/product"}],"about":[{"href":"https:\/\/www.aoqunbrushes.com\/pt\/wp-json\/wp\/v2\/types\/product"}],"replies":[{"embeddable":true,"href":"https:\/\/www.aoqunbrushes.com\/pt\/wp-json\/wp\/v2\/comments?post=1712"}],"wp:featuredmedia":[{"embeddable":true,"href":"https:\/\/www.aoqunbrushes.com\/pt\/wp-json\/wp\/v2\/media\/2124"}],"wp:attachment":[{"href":"https:\/\/www.aoqunbrushes.com\/pt\/wp-json\/wp\/v2\/media?parent=1712"}],"wp:term":[{"taxonomy":"product_brand","embeddable":true,"href":"https:\/\/www.aoqunbrushes.com\/pt\/wp-json\/wp\/v2\/product_brand?post=1712"},{"taxonomy":"product_cat","embeddable":true,"href":"https:\/\/www.aoqunbrushes.com\/pt\/wp-json\/wp\/v2\/product_cat?post=1712"},{"taxonomy":"product_tag","embeddable":true,"href":"https:\/\/www.aoqunbrushes.com\/pt\/wp-json\/wp\/v2\/product_tag?post=1712"}],"curies":[{"name":"wp","href":"https:\/\/api.w.org\/{rel}","templated":true}]}}