{"id":1669,"date":"2025-08-12T17:09:06","date_gmt":"2025-08-12T09:09:06","guid":{"rendered":"https:\/\/www.abrushqueen.com\/?post_type=product&#038;p=1669"},"modified":"2026-03-27T16:22:49","modified_gmt":"2026-03-27T08:22:49","slug":"pcb-cleaning-brush","status":"publish","type":"product","link":"https:\/\/www.aoqunbrushes.com\/pt\/produto\/pcb-cleaning-brush","title":{"rendered":"Anti-static PCB Cleaning Brush | ESD (electrostatic discharge) Safe Brushes"},"content":{"rendered":"<h2>Anti-static PCB Cleaning Brush:<\/h2>\n<ol>\n<li>Dep\u00f3sitos de fluxo<br \/>\nA soldadura deixa res\u00edduos de adesivo junto \u00e0s juntas, prejudicando a condutividade el\u00e9ctrica, obstruindo a inspe\u00e7\u00e3o e causando reten\u00e7\u00e3o de calor. A remo\u00e7\u00e3o do excesso de fluxo garante a fiabilidade.<\/li>\n<li>Respingos de solda<br \/>\nA aplica\u00e7\u00e3o de pasta de solda e os processos de refluxo dispersam got\u00edculas condutoras, arriscando curtos-circuitos em almofadas limpas. A elimina\u00e7\u00e3o restabelece a integridade do isolamento.<\/li>\n<li>Acumula\u00e7\u00e3o de part\u00edculas<br \/>\nAs placas manuseadas recolhem p\u00f3, detritos e microfibras que obstruem as aberturas cr\u00edticas, diminuindo o fluxo de ar em torno dos componentes de alta pot\u00eancia. A escovagem programada mant\u00e9m a gest\u00e3o t\u00e9rmica.<\/li>\n<li>Res\u00edduos de produ\u00e7\u00e3o<br \/>\nOs agentes de fabrico residuais - vest\u00edgios qu\u00edmicos, part\u00edculas de m\u00e1scara, sais de revestimento e rebarbas de metal - requerem uma purifica\u00e7\u00e3o da placa de pr\u00e9-integra\u00e7\u00e3o.<\/li>\n<\/ol>\n<p>A manuten\u00e7\u00e3o de superf\u00edcies de PCB sem contaminantes \u00e9, por conseguinte, fundamental para a vida \u00fatil e a funcionalidade operacionais. Isto requer ferramentas especializadas, tais como escovas electr\u00f3nicas anti-est\u00e1ticas com filamentos macios.<\/p>\n<p>&nbsp;<\/p>\n<ul id='gallery-1' class='newgallery galleryid-1669 gallery-columns-1 gallery-size-full' style='column-count:1 ;'><li class='gallery-item'>\r\n\t\t\t<div class='gallery-icon landscape'>\r\n\t\t\t\t<img loading=\"lazy\" decoding=\"async\" width=\"1000\" height=\"454\" src=\"https:\/\/www.aoqunbrushes.com\/wp-content\/uploads\/2025\/08\/\u534a\u5bfc\u4f53\u6676\u5706\u7845\u7247\u82af\u7247\u6e05\u6d17\u5237-\u624b\u6301\u5237-En_01-1.jpg\" class=\"attachment-full size-full\" alt=\"pcb cleaning brush\" srcset=\"https:\/\/www.aoqunbrushes.com\/wp-content\/uploads\/2025\/08\/\u534a\u5bfc\u4f53\u6676\u5706\u7845\u7247\u82af\u7247\u6e05\u6d17\u5237-\u624b\u6301\u5237-En_01-1.jpg 1000w, https:\/\/www.aoqunbrushes.com\/wp-content\/uploads\/2025\/08\/\u534a\u5bfc\u4f53\u6676\u5706\u7845\u7247\u82af\u7247\u6e05\u6d17\u5237-\u624b\u6301\u5237-En_01-1-300x136.jpg 300w, https:\/\/www.aoqunbrushes.com\/wp-content\/uploads\/2025\/08\/\u534a\u5bfc\u4f53\u6676\u5706\u7845\u7247\u82af\u7247\u6e05\u6d17\u5237-\u624b\u6301\u5237-En_01-1-768x349.jpg 768w, https:\/\/www.aoqunbrushes.com\/wp-content\/uploads\/2025\/08\/\u534a\u5bfc\u4f53\u6676\u5706\u7845\u7247\u82af\u7247\u6e05\u6d17\u5237-\u624b\u6301\u5237-En_01-1-18x8.jpg 18w, https:\/\/www.aoqunbrushes.com\/wp-content\/uploads\/2025\/08\/\u534a\u5bfc\u4f53\u6676\u5706\u7845\u7247\u82af\u7247\u6e05\u6d17\u5237-\u624b\u6301\u5237-En_01-1-600x272.jpg 600w\" sizes=\"auto, (max-width: 1000px) 100vw, 1000px\" \/>\r\n\t\t\t<\/div><\/li><li class='gallery-item'>\r\n\t\t\t<div class='gallery-icon portrait'>\r\n\t\t\t\t<img loading=\"lazy\" decoding=\"async\" width=\"1000\" height=\"1307\" src=\"https:\/\/www.aoqunbrushes.com\/wp-content\/uploads\/2025\/08\/\u534a\u5bfc\u4f53\u6676\u5706\u7845\u7247\u82af\u7247\u6e05\u6d17\u5237-\u624b\u6301\u5237-En_02-1.jpg\" class=\"attachment-full size-full\" alt=\"Anti-static PCB Cleaning Brush | ESD (electrostatic discharge) Safe Brushes\" srcset=\"https:\/\/www.aoqunbrushes.com\/wp-content\/uploads\/2025\/08\/\u534a\u5bfc\u4f53\u6676\u5706\u7845\u7247\u82af\u7247\u6e05\u6d17\u5237-\u624b\u6301\u5237-En_02-1.jpg 1000w, https:\/\/www.aoqunbrushes.com\/wp-content\/uploads\/2025\/08\/\u534a\u5bfc\u4f53\u6676\u5706\u7845\u7247\u82af\u7247\u6e05\u6d17\u5237-\u624b\u6301\u5237-En_02-1-230x300.jpg 230w, https:\/\/www.aoqunbrushes.com\/wp-content\/uploads\/2025\/08\/\u534a\u5bfc\u4f53\u6676\u5706\u7845\u7247\u82af\u7247\u6e05\u6d17\u5237-\u624b\u6301\u5237-En_02-1-783x1024.jpg 783w, https:\/\/www.aoqunbrushes.com\/wp-content\/uploads\/2025\/08\/\u534a\u5bfc\u4f53\u6676\u5706\u7845\u7247\u82af\u7247\u6e05\u6d17\u5237-\u624b\u6301\u5237-En_02-1-768x1004.jpg 768w, https:\/\/www.aoqunbrushes.com\/wp-content\/uploads\/2025\/08\/\u534a\u5bfc\u4f53\u6676\u5706\u7845\u7247\u82af\u7247\u6e05\u6d17\u5237-\u624b\u6301\u5237-En_02-1-9x12.jpg 9w, https:\/\/www.aoqunbrushes.com\/wp-content\/uploads\/2025\/08\/\u534a\u5bfc\u4f53\u6676\u5706\u7845\u7247\u82af\u7247\u6e05\u6d17\u5237-\u624b\u6301\u5237-En_02-1-600x784.jpg 600w\" sizes=\"auto, (max-width: 1000px) 100vw, 1000px\" \/>\r\n\t\t\t<\/div><\/li><li class='gallery-item'>\r\n\t\t\t<div class='gallery-icon landscape'>\r\n\t\t\t\t<img loading=\"lazy\" decoding=\"async\" width=\"1000\" height=\"671\" src=\"https:\/\/www.aoqunbrushes.com\/wp-content\/uploads\/2025\/08\/\u534a\u5bfc\u4f53\u6676\u5706\u7845\u7247\u82af\u7247\u6e05\u6d17\u5237-\u624b\u6301\u5237-En_03-1.jpg\" class=\"attachment-full size-full\" alt=\"Anti-static PCB Cleaning Brush | ESD (electrostatic discharge) Safe Brushes\" srcset=\"https:\/\/www.aoqunbrushes.com\/wp-content\/uploads\/2025\/08\/\u534a\u5bfc\u4f53\u6676\u5706\u7845\u7247\u82af\u7247\u6e05\u6d17\u5237-\u624b\u6301\u5237-En_03-1.jpg 1000w, https:\/\/www.aoqunbrushes.com\/wp-content\/uploads\/2025\/08\/\u534a\u5bfc\u4f53\u6676\u5706\u7845\u7247\u82af\u7247\u6e05\u6d17\u5237-\u624b\u6301\u5237-En_03-1-300x201.jpg 300w, https:\/\/www.aoqunbrushes.com\/wp-content\/uploads\/2025\/08\/\u534a\u5bfc\u4f53\u6676\u5706\u7845\u7247\u82af\u7247\u6e05\u6d17\u5237-\u624b\u6301\u5237-En_03-1-768x515.jpg 768w, https:\/\/www.aoqunbrushes.com\/wp-content\/uploads\/2025\/08\/\u534a\u5bfc\u4f53\u6676\u5706\u7845\u7247\u82af\u7247\u6e05\u6d17\u5237-\u624b\u6301\u5237-En_03-1-18x12.jpg 18w, https:\/\/www.aoqunbrushes.com\/wp-content\/uploads\/2025\/08\/\u534a\u5bfc\u4f53\u6676\u5706\u7845\u7247\u82af\u7247\u6e05\u6d17\u5237-\u624b\u6301\u5237-En_03-1-600x403.jpg 600w\" sizes=\"auto, (max-width: 1000px) 100vw, 1000px\" \/>\r\n\t\t\t<\/div><\/li><li class='gallery-item'>\r\n\t\t\t<div class='gallery-icon portrait'>\r\n\t\t\t\t<img loading=\"lazy\" decoding=\"async\" width=\"1000\" height=\"1295\" src=\"https:\/\/www.aoqunbrushes.com\/wp-content\/uploads\/2025\/08\/\u534a\u5bfc\u4f53\u6676\u5706\u7845\u7247\u82af\u7247\u6e05\u6d17\u5237-\u624b\u6301\u5237-En_04-1.jpg\" class=\"attachment-full size-full\" alt=\"Anti-static PCB Cleaning Brush | ESD (electrostatic discharge) Safe Brushes\" srcset=\"https:\/\/www.aoqunbrushes.com\/wp-content\/uploads\/2025\/08\/\u534a\u5bfc\u4f53\u6676\u5706\u7845\u7247\u82af\u7247\u6e05\u6d17\u5237-\u624b\u6301\u5237-En_04-1.jpg 1000w, https:\/\/www.aoqunbrushes.com\/wp-content\/uploads\/2025\/08\/\u534a\u5bfc\u4f53\u6676\u5706\u7845\u7247\u82af\u7247\u6e05\u6d17\u5237-\u624b\u6301\u5237-En_04-1-232x300.jpg 232w, https:\/\/www.aoqunbrushes.com\/wp-content\/uploads\/2025\/08\/\u534a\u5bfc\u4f53\u6676\u5706\u7845\u7247\u82af\u7247\u6e05\u6d17\u5237-\u624b\u6301\u5237-En_04-1-791x1024.jpg 791w, https:\/\/www.aoqunbrushes.com\/wp-content\/uploads\/2025\/08\/\u534a\u5bfc\u4f53\u6676\u5706\u7845\u7247\u82af\u7247\u6e05\u6d17\u5237-\u624b\u6301\u5237-En_04-1-768x995.jpg 768w, https:\/\/www.aoqunbrushes.com\/wp-content\/uploads\/2025\/08\/\u534a\u5bfc\u4f53\u6676\u5706\u7845\u7247\u82af\u7247\u6e05\u6d17\u5237-\u624b\u6301\u5237-En_04-1-9x12.jpg 9w, https:\/\/www.aoqunbrushes.com\/wp-content\/uploads\/2025\/08\/\u534a\u5bfc\u4f53\u6676\u5706\u7845\u7247\u82af\u7247\u6e05\u6d17\u5237-\u624b\u6301\u5237-En_04-1-600x777.jpg 600w\" sizes=\"auto, (max-width: 1000px) 100vw, 1000px\" \/>\r\n\t\t\t<\/div><\/li><li class='gallery-item'>\r\n\t\t\t<div class='gallery-icon portrait'>\r\n\t\t\t\t<img loading=\"lazy\" decoding=\"async\" width=\"1000\" height=\"1232\" src=\"https:\/\/www.aoqunbrushes.com\/wp-content\/uploads\/2025\/08\/\u534a\u5bfc\u4f53\u6676\u5706\u7845\u7247\u82af\u7247\u6e05\u6d17\u5237-\u624b\u6301\u5237-En_05-1.jpg\" class=\"attachment-full size-full\" alt=\"Anti-static PCB Cleaning Brush | ESD (electrostatic discharge) Safe Brushes\" srcset=\"https:\/\/www.aoqunbrushes.com\/wp-content\/uploads\/2025\/08\/\u534a\u5bfc\u4f53\u6676\u5706\u7845\u7247\u82af\u7247\u6e05\u6d17\u5237-\u624b\u6301\u5237-En_05-1.jpg 1000w, https:\/\/www.aoqunbrushes.com\/wp-content\/uploads\/2025\/08\/\u534a\u5bfc\u4f53\u6676\u5706\u7845\u7247\u82af\u7247\u6e05\u6d17\u5237-\u624b\u6301\u5237-En_05-1-244x300.jpg 244w, https:\/\/www.aoqunbrushes.com\/wp-content\/uploads\/2025\/08\/\u534a\u5bfc\u4f53\u6676\u5706\u7845\u7247\u82af\u7247\u6e05\u6d17\u5237-\u624b\u6301\u5237-En_05-1-831x1024.jpg 831w, https:\/\/www.aoqunbrushes.com\/wp-content\/uploads\/2025\/08\/\u534a\u5bfc\u4f53\u6676\u5706\u7845\u7247\u82af\u7247\u6e05\u6d17\u5237-\u624b\u6301\u5237-En_05-1-768x946.jpg 768w, https:\/\/www.aoqunbrushes.com\/wp-content\/uploads\/2025\/08\/\u534a\u5bfc\u4f53\u6676\u5706\u7845\u7247\u82af\u7247\u6e05\u6d17\u5237-\u624b\u6301\u5237-En_05-1-10x12.jpg 10w, https:\/\/www.aoqunbrushes.com\/wp-content\/uploads\/2025\/08\/\u534a\u5bfc\u4f53\u6676\u5706\u7845\u7247\u82af\u7247\u6e05\u6d17\u5237-\u624b\u6301\u5237-En_05-1-600x739.jpg 600w\" sizes=\"auto, (max-width: 1000px) 100vw, 1000px\" \/>\r\n\t\t\t<\/div><\/li><li class='gallery-item'>\r\n\t\t\t<div class='gallery-icon portrait'>\r\n\t\t\t\t<img loading=\"lazy\" decoding=\"async\" width=\"1000\" height=\"1004\" src=\"https:\/\/www.aoqunbrushes.com\/wp-content\/uploads\/2025\/08\/\u534a\u5bfc\u4f53\u6676\u5706\u7845\u7247\u82af\u7247\u6e05\u6d17\u5237-\u624b\u6301\u5237-En_06-1.jpg\" class=\"attachment-full size-full\" alt=\"Anti-static PCB Cleaning Brush | ESD (electrostatic discharge) Safe Brushes\" srcset=\"https:\/\/www.aoqunbrushes.com\/wp-content\/uploads\/2025\/08\/\u534a\u5bfc\u4f53\u6676\u5706\u7845\u7247\u82af\u7247\u6e05\u6d17\u5237-\u624b\u6301\u5237-En_06-1.jpg 1000w, https:\/\/www.aoqunbrushes.com\/wp-content\/uploads\/2025\/08\/\u534a\u5bfc\u4f53\u6676\u5706\u7845\u7247\u82af\u7247\u6e05\u6d17\u5237-\u624b\u6301\u5237-En_06-1-300x300.jpg 300w, https:\/\/www.aoqunbrushes.com\/wp-content\/uploads\/2025\/08\/\u534a\u5bfc\u4f53\u6676\u5706\u7845\u7247\u82af\u7247\u6e05\u6d17\u5237-\u624b\u6301\u5237-En_06-1-150x150.jpg 150w, https:\/\/www.aoqunbrushes.com\/wp-content\/uploads\/2025\/08\/\u534a\u5bfc\u4f53\u6676\u5706\u7845\u7247\u82af\u7247\u6e05\u6d17\u5237-\u624b\u6301\u5237-En_06-1-768x771.jpg 768w, https:\/\/www.aoqunbrushes.com\/wp-content\/uploads\/2025\/08\/\u534a\u5bfc\u4f53\u6676\u5706\u7845\u7247\u82af\u7247\u6e05\u6d17\u5237-\u624b\u6301\u5237-En_06-1-12x12.jpg 12w, https:\/\/www.aoqunbrushes.com\/wp-content\/uploads\/2025\/08\/\u534a\u5bfc\u4f53\u6676\u5706\u7845\u7247\u82af\u7247\u6e05\u6d17\u5237-\u624b\u6301\u5237-En_06-1-600x602.jpg 600w, https:\/\/www.aoqunbrushes.com\/wp-content\/uploads\/2025\/08\/\u534a\u5bfc\u4f53\u6676\u5706\u7845\u7247\u82af\u7247\u6e05\u6d17\u5237-\u624b\u6301\u5237-En_06-1-100x100.jpg 100w\" sizes=\"auto, (max-width: 1000px) 100vw, 1000px\" \/>\r\n\t\t\t<\/div><\/li><li class='gallery-item'>\r\n\t\t\t<div class='gallery-icon portrait'>\r\n\t\t\t\t<img loading=\"lazy\" decoding=\"async\" width=\"1000\" height=\"1230\" src=\"https:\/\/www.aoqunbrushes.com\/wp-content\/uploads\/2025\/08\/\u534a\u5bfc\u4f53\u6676\u5706\u7845\u7247\u82af\u7247\u6e05\u6d17\u5237-\u624b\u6301\u5237-En_07-1.jpg\" class=\"attachment-full size-full\" alt=\"Anti-static PCB Cleaning Brush | ESD (electrostatic discharge) Safe Brushes\" srcset=\"https:\/\/www.aoqunbrushes.com\/wp-content\/uploads\/2025\/08\/\u534a\u5bfc\u4f53\u6676\u5706\u7845\u7247\u82af\u7247\u6e05\u6d17\u5237-\u624b\u6301\u5237-En_07-1.jpg 1000w, https:\/\/www.aoqunbrushes.com\/wp-content\/uploads\/2025\/08\/\u534a\u5bfc\u4f53\u6676\u5706\u7845\u7247\u82af\u7247\u6e05\u6d17\u5237-\u624b\u6301\u5237-En_07-1-244x300.jpg 244w, https:\/\/www.aoqunbrushes.com\/wp-content\/uploads\/2025\/08\/\u534a\u5bfc\u4f53\u6676\u5706\u7845\u7247\u82af\u7247\u6e05\u6d17\u5237-\u624b\u6301\u5237-En_07-1-833x1024.jpg 833w, https:\/\/www.aoqunbrushes.com\/wp-content\/uploads\/2025\/08\/\u534a\u5bfc\u4f53\u6676\u5706\u7845\u7247\u82af\u7247\u6e05\u6d17\u5237-\u624b\u6301\u5237-En_07-1-768x945.jpg 768w, https:\/\/www.aoqunbrushes.com\/wp-content\/uploads\/2025\/08\/\u534a\u5bfc\u4f53\u6676\u5706\u7845\u7247\u82af\u7247\u6e05\u6d17\u5237-\u624b\u6301\u5237-En_07-1-10x12.jpg 10w, https:\/\/www.aoqunbrushes.com\/wp-content\/uploads\/2025\/08\/\u534a\u5bfc\u4f53\u6676\u5706\u7845\u7247\u82af\u7247\u6e05\u6d17\u5237-\u624b\u6301\u5237-En_07-1-600x738.jpg 600w\" sizes=\"auto, (max-width: 1000px) 100vw, 1000px\" \/>\r\n\t\t\t<\/div><\/li><li class='gallery-item'>\r\n\t\t\t<div class='gallery-icon landscape'>\r\n\t\t\t\t<img loading=\"lazy\" decoding=\"async\" width=\"1000\" height=\"948\" src=\"https:\/\/www.aoqunbrushes.com\/wp-content\/uploads\/2025\/08\/\u534a\u5bfc\u4f53\u6676\u5706\u7845\u7247\u82af\u7247\u6e05\u6d17\u5237-\u624b\u6301\u5237-En_08-1.jpg\" class=\"attachment-full size-full\" alt=\"Anti-static PCB Cleaning Brush | ESD (electrostatic discharge) Safe Brushes\" srcset=\"https:\/\/www.aoqunbrushes.com\/wp-content\/uploads\/2025\/08\/\u534a\u5bfc\u4f53\u6676\u5706\u7845\u7247\u82af\u7247\u6e05\u6d17\u5237-\u624b\u6301\u5237-En_08-1.jpg 1000w, https:\/\/www.aoqunbrushes.com\/wp-content\/uploads\/2025\/08\/\u534a\u5bfc\u4f53\u6676\u5706\u7845\u7247\u82af\u7247\u6e05\u6d17\u5237-\u624b\u6301\u5237-En_08-1-300x284.jpg 300w, https:\/\/www.aoqunbrushes.com\/wp-content\/uploads\/2025\/08\/\u534a\u5bfc\u4f53\u6676\u5706\u7845\u7247\u82af\u7247\u6e05\u6d17\u5237-\u624b\u6301\u5237-En_08-1-768x728.jpg 768w, https:\/\/www.aoqunbrushes.com\/wp-content\/uploads\/2025\/08\/\u534a\u5bfc\u4f53\u6676\u5706\u7845\u7247\u82af\u7247\u6e05\u6d17\u5237-\u624b\u6301\u5237-En_08-1-13x12.jpg 13w, https:\/\/www.aoqunbrushes.com\/wp-content\/uploads\/2025\/08\/\u534a\u5bfc\u4f53\u6676\u5706\u7845\u7247\u82af\u7247\u6e05\u6d17\u5237-\u624b\u6301\u5237-En_08-1-600x569.jpg 600w\" sizes=\"auto, (max-width: 1000px) 100vw, 1000px\" \/>\r\n\t\t\t<\/div><\/li><li class='gallery-item'>\r\n\t\t\t<div class='gallery-icon landscape'>\r\n\t\t\t\t<img loading=\"lazy\" decoding=\"async\" width=\"1000\" height=\"793\" src=\"https:\/\/www.aoqunbrushes.com\/wp-content\/uploads\/2025\/08\/\u534a\u5bfc\u4f53\u6676\u5706\u7845\u7247\u82af\u7247\u6e05\u6d17\u5237-\u624b\u6301\u5237-En_09-1.jpg\" class=\"attachment-full size-full\" alt=\"Anti-static PCB Cleaning Brush | ESD (electrostatic discharge) Safe Brushes\" srcset=\"https:\/\/www.aoqunbrushes.com\/wp-content\/uploads\/2025\/08\/\u534a\u5bfc\u4f53\u6676\u5706\u7845\u7247\u82af\u7247\u6e05\u6d17\u5237-\u624b\u6301\u5237-En_09-1.jpg 1000w, https:\/\/www.aoqunbrushes.com\/wp-content\/uploads\/2025\/08\/\u534a\u5bfc\u4f53\u6676\u5706\u7845\u7247\u82af\u7247\u6e05\u6d17\u5237-\u624b\u6301\u5237-En_09-1-300x238.jpg 300w, https:\/\/www.aoqunbrushes.com\/wp-content\/uploads\/2025\/08\/\u534a\u5bfc\u4f53\u6676\u5706\u7845\u7247\u82af\u7247\u6e05\u6d17\u5237-\u624b\u6301\u5237-En_09-1-768x609.jpg 768w, https:\/\/www.aoqunbrushes.com\/wp-content\/uploads\/2025\/08\/\u534a\u5bfc\u4f53\u6676\u5706\u7845\u7247\u82af\u7247\u6e05\u6d17\u5237-\u624b\u6301\u5237-En_09-1-15x12.jpg 15w, https:\/\/www.aoqunbrushes.com\/wp-content\/uploads\/2025\/08\/\u534a\u5bfc\u4f53\u6676\u5706\u7845\u7247\u82af\u7247\u6e05\u6d17\u5237-\u624b\u6301\u5237-En_09-1-600x476.jpg 600w\" sizes=\"auto, (max-width: 1000px) 100vw, 1000px\" \/>\r\n\t\t\t<\/div><\/li><li class='gallery-item'>\r\n\t\t\t<div class='gallery-icon landscape'>\r\n\t\t\t\t<img loading=\"lazy\" decoding=\"async\" width=\"1000\" height=\"936\" src=\"https:\/\/www.aoqunbrushes.com\/wp-content\/uploads\/2025\/08\/\u534a\u5bfc\u4f53\u6676\u5706\u7845\u7247\u82af\u7247\u6e05\u6d17\u5237-\u624b\u6301\u5237-En_10-1.jpg\" class=\"attachment-full size-full\" alt=\"Anti-static PCB Cleaning Brush | ESD (electrostatic discharge) Safe Brushes\" srcset=\"https:\/\/www.aoqunbrushes.com\/wp-content\/uploads\/2025\/08\/\u534a\u5bfc\u4f53\u6676\u5706\u7845\u7247\u82af\u7247\u6e05\u6d17\u5237-\u624b\u6301\u5237-En_10-1.jpg 1000w, https:\/\/www.aoqunbrushes.com\/wp-content\/uploads\/2025\/08\/\u534a\u5bfc\u4f53\u6676\u5706\u7845\u7247\u82af\u7247\u6e05\u6d17\u5237-\u624b\u6301\u5237-En_10-1-300x281.jpg 300w, https:\/\/www.aoqunbrushes.com\/wp-content\/uploads\/2025\/08\/\u534a\u5bfc\u4f53\u6676\u5706\u7845\u7247\u82af\u7247\u6e05\u6d17\u5237-\u624b\u6301\u5237-En_10-1-768x719.jpg 768w, https:\/\/www.aoqunbrushes.com\/wp-content\/uploads\/2025\/08\/\u534a\u5bfc\u4f53\u6676\u5706\u7845\u7247\u82af\u7247\u6e05\u6d17\u5237-\u624b\u6301\u5237-En_10-1-13x12.jpg 13w, https:\/\/www.aoqunbrushes.com\/wp-content\/uploads\/2025\/08\/\u534a\u5bfc\u4f53\u6676\u5706\u7845\u7247\u82af\u7247\u6e05\u6d17\u5237-\u624b\u6301\u5237-En_10-1-600x562.jpg 600w\" sizes=\"auto, (max-width: 1000px) 100vw, 1000px\" \/>\r\n\t\t\t<\/div><\/li>\r\n\t\t<\/ul>","protected":false},"excerpt":{"rendered":"<p>Anti-static PCB Cleaning Brush: Flux Deposits Soldering leaves adhesive residues near joints, impairing electrical conductivity, obstructing inspection, and causing heat retention. Excess flux removal ensures reliability. Solder Spatter Solder paste application and reflow processes scatter conductive droplets, risking short circuits on clean pads. Elimination reinstates insulation integrity. Particulate Accumulation Handled boards collect dust, debris, and [&hellip;]<\/p>","protected":false},"featured_media":2122,"comment_status":"open","ping_status":"closed","template":"","meta":{"themepark_post_bcolor":"#f5f5f5","themepark_post_width":"1022px","themepark_post_img":"","themepark_post_img_po":"left","themepark_post_img_re":false,"themepark_post_img_cover":false,"themepark_post_img_fixed":false,"themepark_post_hide_title":false,"themepark_post_main_b":"","themepark_post_main_p":100,"themepark_paddingblock":false},"product_brand":[],"product_cat":[31],"product_tag":[],"class_list":{"0":"post-1669","1":"product","2":"type-product","3":"status-publish","4":"has-post-thumbnail","6":"product_cat-staple-set-brushes","8":"first","9":"instock","10":"sold-individually","11":"shipping-taxable","12":"purchasable","13":"product-type-variable"},"_links":{"self":[{"href":"https:\/\/www.aoqunbrushes.com\/pt\/wp-json\/wp\/v2\/product\/1669","targetHints":{"allow":["GET"]}}],"collection":[{"href":"https:\/\/www.aoqunbrushes.com\/pt\/wp-json\/wp\/v2\/product"}],"about":[{"href":"https:\/\/www.aoqunbrushes.com\/pt\/wp-json\/wp\/v2\/types\/product"}],"replies":[{"embeddable":true,"href":"https:\/\/www.aoqunbrushes.com\/pt\/wp-json\/wp\/v2\/comments?post=1669"}],"wp:featuredmedia":[{"embeddable":true,"href":"https:\/\/www.aoqunbrushes.com\/pt\/wp-json\/wp\/v2\/media\/2122"}],"wp:attachment":[{"href":"https:\/\/www.aoqunbrushes.com\/pt\/wp-json\/wp\/v2\/media?parent=1669"}],"wp:term":[{"taxonomy":"product_brand","embeddable":true,"href":"https:\/\/www.aoqunbrushes.com\/pt\/wp-json\/wp\/v2\/product_brand?post=1669"},{"taxonomy":"product_cat","embeddable":true,"href":"https:\/\/www.aoqunbrushes.com\/pt\/wp-json\/wp\/v2\/product_cat?post=1669"},{"taxonomy":"product_tag","embeddable":true,"href":"https:\/\/www.aoqunbrushes.com\/pt\/wp-json\/wp\/v2\/product_tag?post=1669"}],"curies":[{"name":"wp","href":"https:\/\/api.w.org\/{rel}","templated":true}]}}