{"id":1656,"date":"2025-08-09T17:12:11","date_gmt":"2025-08-09T09:12:11","guid":{"rendered":"https:\/\/www.abrushqueen.com\/?post_type=product&#038;p=1656"},"modified":"2026-03-25T17:21:49","modified_gmt":"2026-03-25T09:21:49","slug":"guard-gutter-brush","status":"publish","type":"product","link":"https:\/\/www.aoqunbrushes.com\/pt\/produto\/guard-gutter-brush","title":{"rendered":"Roof Guard Gutter Brush | Adapta-se e protege qualquer calha de chuva | Evita o entupimento de folhas e detritos"},"content":{"rendered":"<h2><strong>AOQUN Escovas para caleiras<\/strong><\/h2>\n<p>&nbsp;<\/p>\n<p>A escova para caleiras AQOUN ajuda a evitar o transbordamento da \u00e1gua da chuva, protegendo as caleiras da entrada de folhas, galhos, p\u00e1ssaros e roedores, ao mesmo tempo que permite que a \u00e1gua destrutiva escorra livremente.<\/p>\n<p>Evita o entupimento e lida com chuva forte, neve e gelo.<\/p>\n<p><img loading=\"lazy\" decoding=\"async\" title=\"Escova sem-fim telesc\u00f3pica de boa qualidade para limpeza de telhados e calhas\" src=\"http:\/\/www.aoqunbrush.com\/js\/htmledit\/kindeditor\/attached\/20180918\/20180918172030_24013.jpg\" alt=\"Good Quality Telescopic Roof Cleaning Gutter Worm Brush\" width=\"750\" height=\"398\" align=\"\" \/><\/p>\n<p>&nbsp;<\/p>\n<h2><strong>\u2160. Descri\u00e7\u00e3o do produto<\/strong><\/h2>\n<hr \/>\n<p><strong>A\u00e7o inoxid\u00e1vel 304:\u00a0<\/strong>AOQUN Gutter Worm tem carater\u00edsticas muito boas, como resist\u00eancia \u00e0 corros\u00e3o, resist\u00eancia ao calor, resist\u00eancia a baixas temperaturas e n\u00e3o \u00e9 f\u00e1cil de enferrujar.<\/p>\n<p><strong>PP\/PA\/PET Qualidade do filamento:\u00a0<\/strong>resist\u00eancia \u00e0 corros\u00e3o, resist\u00eancia a altas e baixas temperaturas, tamb\u00e9m anti-ultravioleta.<\/p>\n<p><strong><img loading=\"lazy\" decoding=\"async\" title=\"Detalhe das escovas de limpeza de caleiras\" src=\"http:\/\/www.aoqunbrush.com\/js\/htmledit\/kindeditor\/attached\/20180918\/20180918151939_86366.jpg\" alt=\"Gutter Cleaning Brushes detail\" width=\"750\" height=\"568\" align=\"\" \/><\/strong><\/p>\n<div class=\"table-responsive\">\n<table class=\"ke-zeroborder\" border=\"0\" width=\"827\" cellspacing=\"0\" cellpadding=\"0\">\n<tbody>\n<tr>\n<td width=\"410\" height=\"165\"><strong>Prote\u00e7\u00e3o total de 360 graus<\/strong><\/td>\n<td class=\"xl65\" width=\"417\"><img loading=\"lazy\" decoding=\"async\" title=\"Escovas para vermes de caleira\" src=\"http:\/\/www.aoqunbrush.com\/js\/htmledit\/kindeditor\/attached\/20180918\/20180918165819_29947.jpg\" alt=\"Gutter Worm Brushes\" width=\"445\" height=\"166\" align=\"\" \/><\/td>\n<\/tr>\n<\/tbody>\n<\/table>\n<\/div>\n<p>&nbsp;<\/p>\n<div class=\"table-responsive\">\n<table class=\"ke-zeroborder\" border=\"0\" width=\"827\" cellspacing=\"0\" cellpadding=\"0\">\n<tbody>\n<tr>\n<td width=\"410\" height=\"269\"><img loading=\"lazy\" decoding=\"async\" title=\"Verme da caleira do telhado\" src=\"http:\/\/www.aoqunbrush.com\/js\/htmledit\/kindeditor\/attached\/20180918\/20180918165854_28722.jpg\" alt=\"Roof Gutter Worm\" width=\"450\" height=\"291\" align=\"\" \/><\/td>\n<td class=\"xl65\" width=\"417\"><strong>Para evitar que a caleira forme pingentes de gelo e barragens de gelo<\/strong><\/td>\n<\/tr>\n<\/tbody>\n<\/table>\n<\/div>\n<p>&nbsp;<\/p>\n<div class=\"table-responsive\">\n<table class=\"ke-zeroborder\" border=\"0\" width=\"827\" cellspacing=\"0\" cellpadding=\"0\">\n<tbody>\n<tr>\n<td width=\"410\" height=\"269\">\n<div><strong>Suficientemente flex\u00edvel para fixar qualquer tipo de caleiras<\/strong><\/div>\n<\/td>\n<td class=\"xl63\" width=\"417\"><img loading=\"lazy\" decoding=\"async\" title=\"Escovas para vermes de caleira\" src=\"http:\/\/www.aoqunbrush.com\/js\/htmledit\/kindeditor\/attached\/20180918\/20180918165938_33186.jpg\" alt=\"Gutter Worm Brushes\" width=\"455\" height=\"291\" align=\"\" \/><\/td>\n<\/tr>\n<\/tbody>\n<\/table>\n<\/div>\n<p>&nbsp;<\/p>\n<p>&nbsp;<\/p>\n<h2><strong>\u2161. Especifica\u00e7\u00f5es da escova<\/strong><\/h2>\n<p>&nbsp;<\/p>\n<hr \/>\n<p><img loading=\"lazy\" decoding=\"async\" title=\"Desenho de escovas de limpeza de caleiras\" src=\"http:\/\/www.aoqunbrush.com\/js\/htmledit\/kindeditor\/attached\/20210706\/20210706161422_13380.jpg\" alt=\"Gutter Cleaning Brushes drawing\" width=\"742\" height=\"412\" align=\"\" \/><\/p>\n<p><strong>Podemos personalizar o sem-fim de calha \u00fanico por tamanho\/filamento\/cor\/eixo, etc.<\/strong><\/p>\n<p>&nbsp;<\/p>\n<p><img loading=\"lazy\" decoding=\"async\" title=\"cabe\u00e7a de escova para caleiras\" src=\"http:\/\/www.aoqunbrush.com\/js\/htmledit\/kindeditor\/attached\/20180918\/20180918152759_85065.jpg\" alt=\"gutter brush head\" width=\"750\" height=\"370\" align=\"\" \/><\/p>\n<h2><strong>\u2162.\u00a0<\/strong><strong>Fluxo de fabrico<\/strong><\/h2>\n<p>&nbsp;<\/p>\n<hr \/>\n<p align=\"center\"><img loading=\"lazy\" decoding=\"async\" title=\"Caleira de telhado Fluxo de fabrico de minhocas\" src=\"https:\/\/www.aoqunbrush.com\/js\/htmledit\/kindeditor\/attached\/20190621\/20190621171145_10158.jpg\" alt=\"Roof Gutter Worm manufacture flow\" width=\"750\" height=\"761\" align=\"\" \/><\/p>\n<p>&nbsp;<\/p>\n<div class=\"table-responsive\">\n<table class=\"ke-zeroborder\" border=\"0\" width=\"827\" cellspacing=\"0\" cellpadding=\"0\">\n<tbody>\n<tr>\n<td width=\"410\" height=\"269\"><img loading=\"lazy\" decoding=\"async\" title=\"Verme da caleira\" src=\"http:\/\/www.aoqunbrush.com\/js\/htmledit\/kindeditor\/attached\/20180918\/20180918162914_84927.jpg\" alt=\"Gutter Worm\" width=\"455\" height=\"447\" align=\"\" \/><\/td>\n<td class=\"xl65\" width=\"417\">\u00a0\u00a0\u00a0\u00a0<strong>Guangzhou Aoqun Brush Industry Technology\u00a0<\/strong><\/p>\n<p><strong>\u00a0 \u00a0 \u00a0Co., Ltd\u00a0<\/strong>\u00e9 um fabricante profissional de escovas para diferentes ind\u00fastrias, oferecemos uma vasta gama de produtos padr\u00e3o e personalizados. N\u00f3s temos o avan\u00e7ado<\/p>\n<p>tecnologia de produ\u00e7\u00e3o, excelentes funcion\u00e1rios e<\/p>\n<p>elevada efici\u00eancia de produ\u00e7\u00e3o, a produ\u00e7\u00e3o per capita \u00e9 maior<\/p>\n<p>do que\u00a0<strong>1800 metros\/hora<\/strong>\u00a0, adjudicado\u00a0<strong>ISO 9001:2015<br \/>\n<\/strong><\/p>\n<p><strong>\u00a0\u00a0\u00a0\u00a0<\/strong>certifica\u00e7\u00e3o de qualidade, e qualificado por\u00a0<strong>CNAS,\u00a0<\/strong><strong>IAF, CE,<br \/>\n<\/strong><\/p>\n<p><strong>\u00a0\u00a0 SGS<\/strong>.<\/td>\n<\/tr>\n<\/tbody>\n<\/table>\n<\/div>\n<h2><strong>\u2163.\u00a0<\/strong><strong>Aplica\u00e7\u00e3o do produto<\/strong><\/h2>\n<p>&nbsp;<\/p>\n<hr \/>\n<p><strong>Uma solu\u00e7\u00e3o eficaz para a limpeza de caleiras:\u00a0<\/strong>AOQUN Gutter Worm em uso comum em todos os tipos de calha, incluindo cobre, PVC, alum\u00ednio, galvanizado ou a\u00e7o inoxid\u00e1vel.<\/p>\n<p><strong><img loading=\"lazy\" decoding=\"async\" title=\"Escova de vermes para calhas\" src=\"http:\/\/www.aoqunbrush.com\/js\/htmledit\/kindeditor\/attached\/20180918\/20180918170136_35554.png\" alt=\"Gutter Worm Brush\" width=\"750\" height=\"548\" align=\"\" \/><\/strong><\/p>","protected":false},"excerpt":{"rendered":"<p>AOQUN Gutter Guard Brushes A escova para caleiras AQOUN ajuda a evitar o transbordamento da \u00e1gua da chuva, protegendo as caleiras da entrada de folhas, galhos, p\u00e1ssaros e roedores, ao mesmo tempo que permite que a \u00e1gua destrutiva escorra livremente. Evita o entupimento e lida com chuva forte, neve e gelo.   \u2160. Descri\u00e7\u00e3o do produto A\u00e7o inoxid\u00e1vel 304: AOQUN Gutter Worm s\u00e3o muito [...]<\/p>","protected":false},"featured_media":2114,"comment_status":"open","ping_status":"closed","template":"","meta":{"themepark_post_bcolor":"#f5f5f5","themepark_post_width":"1022px","themepark_post_img":"","themepark_post_img_po":"left","themepark_post_img_re":false,"themepark_post_img_cover":false,"themepark_post_img_fixed":false,"themepark_post_hide_title":false,"themepark_post_main_b":"","themepark_post_main_p":100,"themepark_paddingblock":false},"product_brand":[],"product_cat":[32],"product_tag":[],"class_list":{"0":"post-1656","1":"product","2":"type-product","3":"status-publish","4":"has-post-thumbnail","6":"product_cat-twisted-in-wire-brushes","8":"first","9":"instock","10":"shipping-taxable","11":"purchasable","12":"product-type-variable"},"_links":{"self":[{"href":"https:\/\/www.aoqunbrushes.com\/pt\/wp-json\/wp\/v2\/product\/1656","targetHints":{"allow":["GET"]}}],"collection":[{"href":"https:\/\/www.aoqunbrushes.com\/pt\/wp-json\/wp\/v2\/product"}],"about":[{"href":"https:\/\/www.aoqunbrushes.com\/pt\/wp-json\/wp\/v2\/types\/product"}],"replies":[{"embeddable":true,"href":"https:\/\/www.aoqunbrushes.com\/pt\/wp-json\/wp\/v2\/comments?post=1656"}],"wp:featuredmedia":[{"embeddable":true,"href":"https:\/\/www.aoqunbrushes.com\/pt\/wp-json\/wp\/v2\/media\/2114"}],"wp:attachment":[{"href":"https:\/\/www.aoqunbrushes.com\/pt\/wp-json\/wp\/v2\/media?parent=1656"}],"wp:term":[{"taxonomy":"product_brand","embeddable":true,"href":"https:\/\/www.aoqunbrushes.com\/pt\/wp-json\/wp\/v2\/product_brand?post=1656"},{"taxonomy":"product_cat","embeddable":true,"href":"https:\/\/www.aoqunbrushes.com\/pt\/wp-json\/wp\/v2\/product_cat?post=1656"},{"taxonomy":"product_tag","embeddable":true,"href":"https:\/\/www.aoqunbrushes.com\/pt\/wp-json\/wp\/v2\/product_tag?post=1656"}],"curies":[{"name":"wp","href":"https:\/\/api.w.org\/{rel}","templated":true}]}}