{"id":1489,"date":"2025-07-09T16:35:32","date_gmt":"2025-07-09T08:35:32","guid":{"rendered":"https:\/\/www.abrushqueen.com\/?post_type=product&#038;p=1489"},"modified":"2026-03-25T16:20:46","modified_gmt":"2026-03-25T08:20:46","slug":"polishing-cup-brush","status":"publish","type":"product","link":"https:\/\/www.aoqunbrushes.com\/pt\/produto\/polishing-cup-brush","title":{"rendered":"Escova para copo de polimento abrasivo industrial"},"content":{"rendered":"<h2>Carater\u00edsticas do produto<\/h2>\n<ul class=\"tp_attributes\"><\/ul>\n<p><strong>Constru\u00e7\u00e3o duradoura:<\/strong>\u00a0Fabricadas com fio de a\u00e7o ou lat\u00e3o de alta qualidade, as nossas escovas para ch\u00e1venas proporcionam uma durabilidade superior e um desempenho duradouro.<\/p>\n<p><strong>Poder Abrasivo:<\/strong>\u00a0Equipadas com cerdas abrasivas de nylon ou de arame, estas escovas s\u00e3o capazes de lidar com superf\u00edcies met\u00e1licas dif\u00edceis, removendo ferrugem, tinta e rebarbas, deixando um acabamento suave e polido.<\/p>\n<p><strong>Aplica\u00e7\u00e3o vers\u00e1til:<\/strong>\u00a0Ideal para o polimento, limpeza e prepara\u00e7\u00e3o de superf\u00edcies de uma vasta gama de metais, incluindo a\u00e7o, alum\u00ednio e lat\u00e3o.<\/p>\n<p><strong>Polimento e retifica\u00e7\u00e3o eficientes:<\/strong>\u00a0Concebidas para ferramentas rotativas, estas escovas oferecem capacidades de lixagem e polimento a alta velocidade, tornando-as perfeitas para aplica\u00e7\u00f5es que exigem precis\u00e3o e efici\u00eancia.<\/p>\n<p><strong>Variedade de tamanhos e estilos:<\/strong>\u00a0Dispon\u00edvel numa gama de tamanhos, desde escovas compactas para trabalhos de precis\u00e3o a escovas maiores para \u00e1reas de superf\u00edcie maiores.<\/p>\n<p><strong>F\u00e1cil de utilizar:<\/strong>\u00a0Compat\u00edvel com a maioria das ferramentas el\u00e9ctricas e concebido para ser f\u00e1cil de utilizar, garantindo opera\u00e7\u00f5es r\u00e1pidas e eficientes, mesmo em ambientes dif\u00edceis.<\/p>\n<p>&nbsp;<\/p>\n<p><img loading=\"lazy\" decoding=\"async\" class=\"alignnone wp-image-1496\" src=\"https:\/\/www.aoqunbrushes.com\/wp-content\/uploads\/2025\/07\/\u5de5\u4e1a\u629b\u5149\u676f\u5237\u6c34\u5370_01.jpg\" alt=\"Industrial Abrasive \u200bPolishing Cup Brush\" width=\"600\" height=\"1134\" srcset=\"https:\/\/www.aoqunbrushes.com\/wp-content\/uploads\/2025\/07\/\u5de5\u4e1a\u629b\u5149\u676f\u5237\u6c34\u5370_01.jpg 1000w, https:\/\/www.aoqunbrushes.com\/wp-content\/uploads\/2025\/07\/\u5de5\u4e1a\u629b\u5149\u676f\u5237\u6c34\u5370_01-159x300.jpg 159w, https:\/\/www.aoqunbrushes.com\/wp-content\/uploads\/2025\/07\/\u5de5\u4e1a\u629b\u5149\u676f\u5237\u6c34\u5370_01-542x1024.jpg 542w, https:\/\/www.aoqunbrushes.com\/wp-content\/uploads\/2025\/07\/\u5de5\u4e1a\u629b\u5149\u676f\u5237\u6c34\u5370_01-768x1452.jpg 768w, https:\/\/www.aoqunbrushes.com\/wp-content\/uploads\/2025\/07\/\u5de5\u4e1a\u629b\u5149\u676f\u5237\u6c34\u5370_01-813x1536.jpg 813w, https:\/\/www.aoqunbrushes.com\/wp-content\/uploads\/2025\/07\/\u5de5\u4e1a\u629b\u5149\u676f\u5237\u6c34\u5370_01-6x12.jpg 6w, https:\/\/www.aoqunbrushes.com\/wp-content\/uploads\/2025\/07\/\u5de5\u4e1a\u629b\u5149\u676f\u5237\u6c34\u5370_01-600x1134.jpg 600w\" sizes=\"auto, (max-width: 600px) 100vw, 600px\" \/><\/p>\n<p><img loading=\"lazy\" decoding=\"async\" class=\"alignnone wp-image-1497\" src=\"https:\/\/www.aoqunbrushes.com\/wp-content\/uploads\/2025\/07\/\u5de5\u4e1a\u629b\u5149\u676f\u5237\u6c34\u5370_02.jpg\" alt=\"Industrial Abrasive \u200bPolishing Cup Brush\" width=\"600\" height=\"1681\" srcset=\"https:\/\/www.aoqunbrushes.com\/wp-content\/uploads\/2025\/07\/\u5de5\u4e1a\u629b\u5149\u676f\u5237\u6c34\u5370_02.jpg 800w, https:\/\/www.aoqunbrushes.com\/wp-content\/uploads\/2025\/07\/\u5de5\u4e1a\u629b\u5149\u676f\u5237\u6c34\u5370_02-107x300.jpg 107w, https:\/\/www.aoqunbrushes.com\/wp-content\/uploads\/2025\/07\/\u5de5\u4e1a\u629b\u5149\u676f\u5237\u6c34\u5370_02-366x1024.jpg 366w, https:\/\/www.aoqunbrushes.com\/wp-content\/uploads\/2025\/07\/\u5de5\u4e1a\u629b\u5149\u676f\u5237\u6c34\u5370_02-768x2151.jpg 768w, https:\/\/www.aoqunbrushes.com\/wp-content\/uploads\/2025\/07\/\u5de5\u4e1a\u629b\u5149\u676f\u5237\u6c34\u5370_02-548x1536.jpg 548w, https:\/\/www.aoqunbrushes.com\/wp-content\/uploads\/2025\/07\/\u5de5\u4e1a\u629b\u5149\u676f\u5237\u6c34\u5370_02-731x2048.jpg 731w, https:\/\/www.aoqunbrushes.com\/wp-content\/uploads\/2025\/07\/\u5de5\u4e1a\u629b\u5149\u676f\u5237\u6c34\u5370_02-4x12.jpg 4w, https:\/\/www.aoqunbrushes.com\/wp-content\/uploads\/2025\/07\/\u5de5\u4e1a\u629b\u5149\u676f\u5237\u6c34\u5370_02-600x1681.jpg 600w\" sizes=\"auto, (max-width: 600px) 100vw, 600px\" \/><\/p>\n<p><img loading=\"lazy\" decoding=\"async\" class=\"alignnone wp-image-1498\" src=\"https:\/\/www.aoqunbrushes.com\/wp-content\/uploads\/2025\/07\/\u5de5\u4e1a\u629b\u5149\u676f\u5237\u6c34\u5370_03.jpg\" alt=\"Industrial Abrasive \u200bPolishing Cup Brush\" width=\"600\" height=\"1408\" srcset=\"https:\/\/www.aoqunbrushes.com\/wp-content\/uploads\/2025\/07\/\u5de5\u4e1a\u629b\u5149\u676f\u5237\u6c34\u5370_03.jpg 1000w, https:\/\/www.aoqunbrushes.com\/wp-content\/uploads\/2025\/07\/\u5de5\u4e1a\u629b\u5149\u676f\u5237\u6c34\u5370_03-128x300.jpg 128w, https:\/\/www.aoqunbrushes.com\/wp-content\/uploads\/2025\/07\/\u5de5\u4e1a\u629b\u5149\u676f\u5237\u6c34\u5370_03-436x1024.jpg 436w, https:\/\/www.aoqunbrushes.com\/wp-content\/uploads\/2025\/07\/\u5de5\u4e1a\u629b\u5149\u676f\u5237\u6c34\u5370_03-768x1802.jpg 768w, https:\/\/www.aoqunbrushes.com\/wp-content\/uploads\/2025\/07\/\u5de5\u4e1a\u629b\u5149\u676f\u5237\u6c34\u5370_03-654x1536.jpg 654w, https:\/\/www.aoqunbrushes.com\/wp-content\/uploads\/2025\/07\/\u5de5\u4e1a\u629b\u5149\u676f\u5237\u6c34\u5370_03-873x2048.jpg 873w, https:\/\/www.aoqunbrushes.com\/wp-content\/uploads\/2025\/07\/\u5de5\u4e1a\u629b\u5149\u676f\u5237\u6c34\u5370_03-5x12.jpg 5w, https:\/\/www.aoqunbrushes.com\/wp-content\/uploads\/2025\/07\/\u5de5\u4e1a\u629b\u5149\u676f\u5237\u6c34\u5370_03-600x1408.jpg 600w\" sizes=\"auto, (max-width: 600px) 100vw, 600px\" \/><\/p>\n<p><img loading=\"lazy\" decoding=\"async\" class=\"alignnone wp-image-1499\" src=\"https:\/\/www.aoqunbrushes.com\/wp-content\/uploads\/2025\/07\/\u5de5\u4e1a\u629b\u5149\u676f\u5237\u6c34\u5370_04.jpg\" alt=\"Industrial Abrasive \u200bPolishing Cup Brush\" width=\"600\" height=\"1447\" srcset=\"https:\/\/www.aoqunbrushes.com\/wp-content\/uploads\/2025\/07\/\u5de5\u4e1a\u629b\u5149\u676f\u5237\u6c34\u5370_04.jpg 1000w, https:\/\/www.aoqunbrushes.com\/wp-content\/uploads\/2025\/07\/\u5de5\u4e1a\u629b\u5149\u676f\u5237\u6c34\u5370_04-124x300.jpg 124w, https:\/\/www.aoqunbrushes.com\/wp-content\/uploads\/2025\/07\/\u5de5\u4e1a\u629b\u5149\u676f\u5237\u6c34\u5370_04-425x1024.jpg 425w, https:\/\/www.aoqunbrushes.com\/wp-content\/uploads\/2025\/07\/\u5de5\u4e1a\u629b\u5149\u676f\u5237\u6c34\u5370_04-768x1852.jpg 768w, https:\/\/www.aoqunbrushes.com\/wp-content\/uploads\/2025\/07\/\u5de5\u4e1a\u629b\u5149\u676f\u5237\u6c34\u5370_04-637x1536.jpg 637w, https:\/\/www.aoqunbrushes.com\/wp-content\/uploads\/2025\/07\/\u5de5\u4e1a\u629b\u5149\u676f\u5237\u6c34\u5370_04-849x2048.jpg 849w, https:\/\/www.aoqunbrushes.com\/wp-content\/uploads\/2025\/07\/\u5de5\u4e1a\u629b\u5149\u676f\u5237\u6c34\u5370_04-5x12.jpg 5w, https:\/\/www.aoqunbrushes.com\/wp-content\/uploads\/2025\/07\/\u5de5\u4e1a\u629b\u5149\u676f\u5237\u6c34\u5370_04-600x1447.jpg 600w\" sizes=\"auto, (max-width: 600px) 100vw, 600px\" \/><\/p>\n<p><img loading=\"lazy\" decoding=\"async\" class=\"alignnone wp-image-1501\" src=\"https:\/\/www.aoqunbrushes.com\/wp-content\/uploads\/2025\/07\/\u5de5\u4e1a\u629b\u5149\u676f\u5237\u6c34\u5370_06.jpg\" alt=\"Industrial Abrasive \u200bPolishing Cup Brush\" width=\"600\" height=\"1152\" srcset=\"https:\/\/www.aoqunbrushes.com\/wp-content\/uploads\/2025\/07\/\u5de5\u4e1a\u629b\u5149\u676f\u5237\u6c34\u5370_06.jpg 1000w, https:\/\/www.aoqunbrushes.com\/wp-content\/uploads\/2025\/07\/\u5de5\u4e1a\u629b\u5149\u676f\u5237\u6c34\u5370_06-156x300.jpg 156w, https:\/\/www.aoqunbrushes.com\/wp-content\/uploads\/2025\/07\/\u5de5\u4e1a\u629b\u5149\u676f\u5237\u6c34\u5370_06-533x1024.jpg 533w, https:\/\/www.aoqunbrushes.com\/wp-content\/uploads\/2025\/07\/\u5de5\u4e1a\u629b\u5149\u676f\u5237\u6c34\u5370_06-768x1475.jpg 768w, https:\/\/www.aoqunbrushes.com\/wp-content\/uploads\/2025\/07\/\u5de5\u4e1a\u629b\u5149\u676f\u5237\u6c34\u5370_06-800x1536.jpg 800w, https:\/\/www.aoqunbrushes.com\/wp-content\/uploads\/2025\/07\/\u5de5\u4e1a\u629b\u5149\u676f\u5237\u6c34\u5370_06-6x12.jpg 6w, https:\/\/www.aoqunbrushes.com\/wp-content\/uploads\/2025\/07\/\u5de5\u4e1a\u629b\u5149\u676f\u5237\u6c34\u5370_06-600x1152.jpg 600w\" sizes=\"auto, (max-width: 600px) 100vw, 600px\" \/><\/p>\n<p><img loading=\"lazy\" decoding=\"async\" class=\"alignnone wp-image-1500\" src=\"https:\/\/www.aoqunbrushes.com\/wp-content\/uploads\/2025\/07\/\u5de5\u4e1a\u629b\u5149\u676f\u5237\u6c34\u5370_05.jpg\" alt=\"Industrial Abrasive \u200bPolishing Cup Brush\" width=\"600\" height=\"1136\" srcset=\"https:\/\/www.aoqunbrushes.com\/wp-content\/uploads\/2025\/07\/\u5de5\u4e1a\u629b\u5149\u676f\u5237\u6c34\u5370_05.jpg 1000w, https:\/\/www.aoqunbrushes.com\/wp-content\/uploads\/2025\/07\/\u5de5\u4e1a\u629b\u5149\u676f\u5237\u6c34\u5370_05-158x300.jpg 158w, https:\/\/www.aoqunbrushes.com\/wp-content\/uploads\/2025\/07\/\u5de5\u4e1a\u629b\u5149\u676f\u5237\u6c34\u5370_05-541x1024.jpg 541w, https:\/\/www.aoqunbrushes.com\/wp-content\/uploads\/2025\/07\/\u5de5\u4e1a\u629b\u5149\u676f\u5237\u6c34\u5370_05-768x1454.jpg 768w, https:\/\/www.aoqunbrushes.com\/wp-content\/uploads\/2025\/07\/\u5de5\u4e1a\u629b\u5149\u676f\u5237\u6c34\u5370_05-811x1536.jpg 811w, https:\/\/www.aoqunbrushes.com\/wp-content\/uploads\/2025\/07\/\u5de5\u4e1a\u629b\u5149\u676f\u5237\u6c34\u5370_05-6x12.jpg 6w, https:\/\/www.aoqunbrushes.com\/wp-content\/uploads\/2025\/07\/\u5de5\u4e1a\u629b\u5149\u676f\u5237\u6c34\u5370_05-600x1136.jpg 600w\" sizes=\"auto, (max-width: 600px) 100vw, 600px\" \/><\/p>\n<p>&nbsp;<\/p>","protected":false},"excerpt":{"rendered":"<p>Carater\u00edsticas do produto Constru\u00e7\u00e3o duradoura: Fabricadas com fio de a\u00e7o ou lat\u00e3o de alta qualidade, as nossas escovas para copos proporcionam uma durabilidade superior e um desempenho duradouro. Poder abrasivo: Equipadas com cerdas abrasivas de nylon ou arame, estas escovas s\u00e3o capazes de lidar com superf\u00edcies met\u00e1licas dif\u00edceis, removendo ferrugem, tinta e rebarbas, deixando um acabamento suave e polido. Aplica\u00e7\u00e3o vers\u00e1til: Ideal para polimento, limpeza e prepara\u00e7\u00e3o de superf\u00edcies [...]<\/p>","protected":false},"featured_media":2084,"comment_status":"open","ping_status":"closed","template":"","meta":{"themepark_post_bcolor":"#f5f5f5","themepark_post_width":"1022px","themepark_post_img":"","themepark_post_img_po":"left","themepark_post_img_re":false,"themepark_post_img_cover":false,"themepark_post_img_fixed":false,"themepark_post_hide_title":false,"themepark_post_main_b":"","themepark_post_main_p":100,"themepark_paddingblock":false},"product_brand":[],"product_cat":[31],"product_tag":[],"class_list":{"0":"post-1489","1":"product","2":"type-product","3":"status-publish","4":"has-post-thumbnail","6":"product_cat-staple-set-brushes","8":"first","9":"instock","10":"shipping-taxable","11":"purchasable","12":"product-type-variable"},"_links":{"self":[{"href":"https:\/\/www.aoqunbrushes.com\/pt\/wp-json\/wp\/v2\/product\/1489","targetHints":{"allow":["GET"]}}],"collection":[{"href":"https:\/\/www.aoqunbrushes.com\/pt\/wp-json\/wp\/v2\/product"}],"about":[{"href":"https:\/\/www.aoqunbrushes.com\/pt\/wp-json\/wp\/v2\/types\/product"}],"replies":[{"embeddable":true,"href":"https:\/\/www.aoqunbrushes.com\/pt\/wp-json\/wp\/v2\/comments?post=1489"}],"wp:featuredmedia":[{"embeddable":true,"href":"https:\/\/www.aoqunbrushes.com\/pt\/wp-json\/wp\/v2\/media\/2084"}],"wp:attachment":[{"href":"https:\/\/www.aoqunbrushes.com\/pt\/wp-json\/wp\/v2\/media?parent=1489"}],"wp:term":[{"taxonomy":"product_brand","embeddable":true,"href":"https:\/\/www.aoqunbrushes.com\/pt\/wp-json\/wp\/v2\/product_brand?post=1489"},{"taxonomy":"product_cat","embeddable":true,"href":"https:\/\/www.aoqunbrushes.com\/pt\/wp-json\/wp\/v2\/product_cat?post=1489"},{"taxonomy":"product_tag","embeddable":true,"href":"https:\/\/www.aoqunbrushes.com\/pt\/wp-json\/wp\/v2\/product_tag?post=1489"}],"curies":[{"name":"wp","href":"https:\/\/api.w.org\/{rel}","templated":true}]}}