{"id":1445,"date":"2025-07-01T18:20:48","date_gmt":"2025-07-01T10:20:48","guid":{"rendered":"https:\/\/www.abrushqueen.com\/?post_type=product&#038;p=1445"},"modified":"2026-03-25T16:17:44","modified_gmt":"2026-03-25T08:17:44","slug":"grill-brush-and-scraper-for-barbecue","status":"publish","type":"product","link":"https:\/\/www.aoqunbrushes.com\/pt\/produto\/grill-brush-and-scraper-for-barbecue","title":{"rendered":"Escova e raspador para grelhador | Cabo de madeira e cabe\u00e7a com cerdas de a\u00e7o inoxid\u00e1vel substitu\u00edveis"},"content":{"rendered":"<h2>Carater\u00edsticas do produto<\/h2>\n<ul class=\"tp_attributes\"><\/ul>\n<p><img loading=\"lazy\" decoding=\"async\" class=\"alignnone wp-image-1456\" src=\"https:\/\/www.aoqunbrushes.com\/wp-content\/uploads\/2025\/07\/\u70e7\u70e4\u5237-\u52a0\u6c34\u5370_01.jpg\" alt=\"Grill Brush and Scraper for Barbecue\" width=\"600\" height=\"1247\" srcset=\"https:\/\/www.aoqunbrushes.com\/wp-content\/uploads\/2025\/07\/\u70e7\u70e4\u5237-\u52a0\u6c34\u5370_01.jpg 1000w, https:\/\/www.aoqunbrushes.com\/wp-content\/uploads\/2025\/07\/\u70e7\u70e4\u5237-\u52a0\u6c34\u5370_01-144x300.jpg 144w, https:\/\/www.aoqunbrushes.com\/wp-content\/uploads\/2025\/07\/\u70e7\u70e4\u5237-\u52a0\u6c34\u5370_01-493x1024.jpg 493w, https:\/\/www.aoqunbrushes.com\/wp-content\/uploads\/2025\/07\/\u70e7\u70e4\u5237-\u52a0\u6c34\u5370_01-768x1597.jpg 768w, https:\/\/www.aoqunbrushes.com\/wp-content\/uploads\/2025\/07\/\u70e7\u70e4\u5237-\u52a0\u6c34\u5370_01-739x1536.jpg 739w, https:\/\/www.aoqunbrushes.com\/wp-content\/uploads\/2025\/07\/\u70e7\u70e4\u5237-\u52a0\u6c34\u5370_01-985x2048.jpg 985w, https:\/\/www.aoqunbrushes.com\/wp-content\/uploads\/2025\/07\/\u70e7\u70e4\u5237-\u52a0\u6c34\u5370_01-6x12.jpg 6w, https:\/\/www.aoqunbrushes.com\/wp-content\/uploads\/2025\/07\/\u70e7\u70e4\u5237-\u52a0\u6c34\u5370_01-600x1247.jpg 600w\" sizes=\"auto, (max-width: 600px) 100vw, 600px\" \/><\/p>\n<p><img loading=\"lazy\" decoding=\"async\" class=\"alignnone wp-image-1457\" src=\"https:\/\/www.aoqunbrushes.com\/wp-content\/uploads\/2025\/07\/\u70e7\u70e4\u5237-\u52a0\u6c34\u5370_02.jpg\" alt=\"Grill Brush and Scraper for Barbecue | Wooden Handle and Replaceable Stainless Steel Bristles Head\" width=\"600\" height=\"1516\" srcset=\"https:\/\/www.aoqunbrushes.com\/wp-content\/uploads\/2025\/07\/\u70e7\u70e4\u5237-\u52a0\u6c34\u5370_02.jpg 800w, https:\/\/www.aoqunbrushes.com\/wp-content\/uploads\/2025\/07\/\u70e7\u70e4\u5237-\u52a0\u6c34\u5370_02-119x300.jpg 119w, https:\/\/www.aoqunbrushes.com\/wp-content\/uploads\/2025\/07\/\u70e7\u70e4\u5237-\u52a0\u6c34\u5370_02-405x1024.jpg 405w, https:\/\/www.aoqunbrushes.com\/wp-content\/uploads\/2025\/07\/\u70e7\u70e4\u5237-\u52a0\u6c34\u5370_02-768x1940.jpg 768w, https:\/\/www.aoqunbrushes.com\/wp-content\/uploads\/2025\/07\/\u70e7\u70e4\u5237-\u52a0\u6c34\u5370_02-608x1536.jpg 608w, https:\/\/www.aoqunbrushes.com\/wp-content\/uploads\/2025\/07\/\u70e7\u70e4\u5237-\u52a0\u6c34\u5370_02-5x12.jpg 5w, https:\/\/www.aoqunbrushes.com\/wp-content\/uploads\/2025\/07\/\u70e7\u70e4\u5237-\u52a0\u6c34\u5370_02-600x1516.jpg 600w\" sizes=\"auto, (max-width: 600px) 100vw, 600px\" \/><\/p>\n<p><img loading=\"lazy\" decoding=\"async\" class=\"alignnone wp-image-1458\" src=\"https:\/\/www.aoqunbrushes.com\/wp-content\/uploads\/2025\/07\/\u70e7\u70e4\u5237-\u52a0\u6c34\u5370_03-734x1024.jpg\" alt=\"Grill Brush and Scraper for Barbecue | Wooden Handle and Replaceable Stainless Steel Bristles Head\" width=\"600\" height=\"837\" srcset=\"https:\/\/www.aoqunbrushes.com\/wp-content\/uploads\/2025\/07\/\u70e7\u70e4\u5237-\u52a0\u6c34\u5370_03-734x1024.jpg 734w, https:\/\/www.aoqunbrushes.com\/wp-content\/uploads\/2025\/07\/\u70e7\u70e4\u5237-\u52a0\u6c34\u5370_03-215x300.jpg 215w, https:\/\/www.aoqunbrushes.com\/wp-content\/uploads\/2025\/07\/\u70e7\u70e4\u5237-\u52a0\u6c34\u5370_03-768x1071.jpg 768w, https:\/\/www.aoqunbrushes.com\/wp-content\/uploads\/2025\/07\/\u70e7\u70e4\u5237-\u52a0\u6c34\u5370_03-9x12.jpg 9w, https:\/\/www.aoqunbrushes.com\/wp-content\/uploads\/2025\/07\/\u70e7\u70e4\u5237-\u52a0\u6c34\u5370_03-600x837.jpg 600w, https:\/\/www.aoqunbrushes.com\/wp-content\/uploads\/2025\/07\/\u70e7\u70e4\u5237-\u52a0\u6c34\u5370_03.jpg 1000w\" sizes=\"auto, (max-width: 600px) 100vw, 600px\" \/><\/p>\n<p><img loading=\"lazy\" decoding=\"async\" class=\"alignnone wp-image-1459\" src=\"https:\/\/www.aoqunbrushes.com\/wp-content\/uploads\/2025\/07\/\u70e7\u70e4\u5237-\u52a0\u6c34\u5370_04-817x1024.jpg\" alt=\"Grill Brush and Scraper for Barbecue | Wooden Handle and Replaceable Stainless Steel Bristles Head\" width=\"600\" height=\"752\" srcset=\"https:\/\/www.aoqunbrushes.com\/wp-content\/uploads\/2025\/07\/\u70e7\u70e4\u5237-\u52a0\u6c34\u5370_04-817x1024.jpg 817w, https:\/\/www.aoqunbrushes.com\/wp-content\/uploads\/2025\/07\/\u70e7\u70e4\u5237-\u52a0\u6c34\u5370_04-239x300.jpg 239w, https:\/\/www.aoqunbrushes.com\/wp-content\/uploads\/2025\/07\/\u70e7\u70e4\u5237-\u52a0\u6c34\u5370_04-768x963.jpg 768w, https:\/\/www.aoqunbrushes.com\/wp-content\/uploads\/2025\/07\/\u70e7\u70e4\u5237-\u52a0\u6c34\u5370_04-10x12.jpg 10w, https:\/\/www.aoqunbrushes.com\/wp-content\/uploads\/2025\/07\/\u70e7\u70e4\u5237-\u52a0\u6c34\u5370_04-600x752.jpg 600w, https:\/\/www.aoqunbrushes.com\/wp-content\/uploads\/2025\/07\/\u70e7\u70e4\u5237-\u52a0\u6c34\u5370_04.jpg 1000w\" sizes=\"auto, (max-width: 600px) 100vw, 600px\" \/><\/p>\n<p><img loading=\"lazy\" decoding=\"async\" class=\"alignnone wp-image-1460\" src=\"https:\/\/www.aoqunbrushes.com\/wp-content\/uploads\/2025\/07\/\u70e7\u70e4\u5237-\u52a0\u6c34\u5370_05.jpg\" alt=\"Grill Brush and Scraper for Barbecue | Wooden Handle and Replaceable Stainless Steel Bristles Head\" width=\"600\" height=\"1529\" srcset=\"https:\/\/www.aoqunbrushes.com\/wp-content\/uploads\/2025\/07\/\u70e7\u70e4\u5237-\u52a0\u6c34\u5370_05.jpg 800w, https:\/\/www.aoqunbrushes.com\/wp-content\/uploads\/2025\/07\/\u70e7\u70e4\u5237-\u52a0\u6c34\u5370_05-118x300.jpg 118w, https:\/\/www.aoqunbrushes.com\/wp-content\/uploads\/2025\/07\/\u70e7\u70e4\u5237-\u52a0\u6c34\u5370_05-402x1024.jpg 402w, https:\/\/www.aoqunbrushes.com\/wp-content\/uploads\/2025\/07\/\u70e7\u70e4\u5237-\u52a0\u6c34\u5370_05-768x1956.jpg 768w, https:\/\/www.aoqunbrushes.com\/wp-content\/uploads\/2025\/07\/\u70e7\u70e4\u5237-\u52a0\u6c34\u5370_05-603x1536.jpg 603w, https:\/\/www.aoqunbrushes.com\/wp-content\/uploads\/2025\/07\/\u70e7\u70e4\u5237-\u52a0\u6c34\u5370_05-5x12.jpg 5w, https:\/\/www.aoqunbrushes.com\/wp-content\/uploads\/2025\/07\/\u70e7\u70e4\u5237-\u52a0\u6c34\u5370_05-600x1529.jpg 600w\" sizes=\"auto, (max-width: 600px) 100vw, 600px\" \/><\/p>\n<p><img loading=\"lazy\" decoding=\"async\" class=\"alignnone wp-image-1461\" src=\"https:\/\/www.aoqunbrushes.com\/wp-content\/uploads\/2025\/07\/\u70e7\u70e4\u5237-\u52a0\u6c34\u5370_06.jpg\" alt=\"Grill Brush and Scraper for Barbecue | Wooden Handle and Replaceable Stainless Steel Bristles Head\" width=\"600\" height=\"1370\" srcset=\"https:\/\/www.aoqunbrushes.com\/wp-content\/uploads\/2025\/07\/\u70e7\u70e4\u5237-\u52a0\u6c34\u5370_06.jpg 1000w, https:\/\/www.aoqunbrushes.com\/wp-content\/uploads\/2025\/07\/\u70e7\u70e4\u5237-\u52a0\u6c34\u5370_06-131x300.jpg 131w, https:\/\/www.aoqunbrushes.com\/wp-content\/uploads\/2025\/07\/\u70e7\u70e4\u5237-\u52a0\u6c34\u5370_06-448x1024.jpg 448w, https:\/\/www.aoqunbrushes.com\/wp-content\/uploads\/2025\/07\/\u70e7\u70e4\u5237-\u52a0\u6c34\u5370_06-768x1754.jpg 768w, https:\/\/www.aoqunbrushes.com\/wp-content\/uploads\/2025\/07\/\u70e7\u70e4\u5237-\u52a0\u6c34\u5370_06-673x1536.jpg 673w, https:\/\/www.aoqunbrushes.com\/wp-content\/uploads\/2025\/07\/\u70e7\u70e4\u5237-\u52a0\u6c34\u5370_06-897x2048.jpg 897w, https:\/\/www.aoqunbrushes.com\/wp-content\/uploads\/2025\/07\/\u70e7\u70e4\u5237-\u52a0\u6c34\u5370_06-5x12.jpg 5w, https:\/\/www.aoqunbrushes.com\/wp-content\/uploads\/2025\/07\/\u70e7\u70e4\u5237-\u52a0\u6c34\u5370_06-600x1370.jpg 600w\" sizes=\"auto, (max-width: 600px) 100vw, 600px\" \/><\/p>\n<p><img loading=\"lazy\" decoding=\"async\" class=\"alignnone wp-image-1462\" src=\"https:\/\/www.aoqunbrushes.com\/wp-content\/uploads\/2025\/07\/\u70e7\u70e4\u5237-\u52a0\u6c34\u5370_07.jpg\" alt=\"Grill Brush and Scraper for Barbecue | Wooden Handle and Replaceable Stainless Steel Bristles Head\" width=\"600\" height=\"1252\" srcset=\"https:\/\/www.aoqunbrushes.com\/wp-content\/uploads\/2025\/07\/\u70e7\u70e4\u5237-\u52a0\u6c34\u5370_07.jpg 1000w, https:\/\/www.aoqunbrushes.com\/wp-content\/uploads\/2025\/07\/\u70e7\u70e4\u5237-\u52a0\u6c34\u5370_07-144x300.jpg 144w, https:\/\/www.aoqunbrushes.com\/wp-content\/uploads\/2025\/07\/\u70e7\u70e4\u5237-\u52a0\u6c34\u5370_07-491x1024.jpg 491w, https:\/\/www.aoqunbrushes.com\/wp-content\/uploads\/2025\/07\/\u70e7\u70e4\u5237-\u52a0\u6c34\u5370_07-768x1602.jpg 768w, https:\/\/www.aoqunbrushes.com\/wp-content\/uploads\/2025\/07\/\u70e7\u70e4\u5237-\u52a0\u6c34\u5370_07-736x1536.jpg 736w, https:\/\/www.aoqunbrushes.com\/wp-content\/uploads\/2025\/07\/\u70e7\u70e4\u5237-\u52a0\u6c34\u5370_07-982x2048.jpg 982w, https:\/\/www.aoqunbrushes.com\/wp-content\/uploads\/2025\/07\/\u70e7\u70e4\u5237-\u52a0\u6c34\u5370_07-6x12.jpg 6w, https:\/\/www.aoqunbrushes.com\/wp-content\/uploads\/2025\/07\/\u70e7\u70e4\u5237-\u52a0\u6c34\u5370_07-600x1252.jpg 600w\" sizes=\"auto, (max-width: 600px) 100vw, 600px\" \/><\/p>\n<p><img loading=\"lazy\" decoding=\"async\" class=\"alignnone wp-image-1463\" src=\"https:\/\/www.aoqunbrushes.com\/wp-content\/uploads\/2025\/07\/\u70e7\u70e4\u5237-\u52a0\u6c34\u5370_08.jpg\" alt=\"Grill Brush and Scraper for Barbecue | Wooden Handle and Replaceable Stainless Steel Bristles Head\" width=\"600\" height=\"1479\" srcset=\"https:\/\/www.aoqunbrushes.com\/wp-content\/uploads\/2025\/07\/\u70e7\u70e4\u5237-\u52a0\u6c34\u5370_08.jpg 800w, https:\/\/www.aoqunbrushes.com\/wp-content\/uploads\/2025\/07\/\u70e7\u70e4\u5237-\u52a0\u6c34\u5370_08-122x300.jpg 122w, https:\/\/www.aoqunbrushes.com\/wp-content\/uploads\/2025\/07\/\u70e7\u70e4\u5237-\u52a0\u6c34\u5370_08-415x1024.jpg 415w, https:\/\/www.aoqunbrushes.com\/wp-content\/uploads\/2025\/07\/\u70e7\u70e4\u5237-\u52a0\u6c34\u5370_08-768x1893.jpg 768w, https:\/\/www.aoqunbrushes.com\/wp-content\/uploads\/2025\/07\/\u70e7\u70e4\u5237-\u52a0\u6c34\u5370_08-623x1536.jpg 623w, https:\/\/www.aoqunbrushes.com\/wp-content\/uploads\/2025\/07\/\u70e7\u70e4\u5237-\u52a0\u6c34\u5370_08-5x12.jpg 5w, https:\/\/www.aoqunbrushes.com\/wp-content\/uploads\/2025\/07\/\u70e7\u70e4\u5237-\u52a0\u6c34\u5370_08-600x1479.jpg 600w\" sizes=\"auto, (max-width: 600px) 100vw, 600px\" \/><\/p>\n<p><img loading=\"lazy\" decoding=\"async\" class=\"alignnone wp-image-1464\" src=\"https:\/\/www.aoqunbrushes.com\/wp-content\/uploads\/2025\/07\/\u70e7\u70e4\u5237-\u52a0\u6c34\u5370_09-602x1024.jpg\" alt=\"Grill Brush and Scraper for Barbecue | Wooden Handle and Replaceable Stainless Steel Bristles Head\" width=\"600\" height=\"1021\" srcset=\"https:\/\/www.aoqunbrushes.com\/wp-content\/uploads\/2025\/07\/\u70e7\u70e4\u5237-\u52a0\u6c34\u5370_09-602x1024.jpg 602w, https:\/\/www.aoqunbrushes.com\/wp-content\/uploads\/2025\/07\/\u70e7\u70e4\u5237-\u52a0\u6c34\u5370_09-176x300.jpg 176w, https:\/\/www.aoqunbrushes.com\/wp-content\/uploads\/2025\/07\/\u70e7\u70e4\u5237-\u52a0\u6c34\u5370_09-768x1306.jpg 768w, https:\/\/www.aoqunbrushes.com\/wp-content\/uploads\/2025\/07\/\u70e7\u70e4\u5237-\u52a0\u6c34\u5370_09-903x1536.jpg 903w, https:\/\/www.aoqunbrushes.com\/wp-content\/uploads\/2025\/07\/\u70e7\u70e4\u5237-\u52a0\u6c34\u5370_09-7x12.jpg 7w, https:\/\/www.aoqunbrushes.com\/wp-content\/uploads\/2025\/07\/\u70e7\u70e4\u5237-\u52a0\u6c34\u5370_09-600x1021.jpg 600w, https:\/\/www.aoqunbrushes.com\/wp-content\/uploads\/2025\/07\/\u70e7\u70e4\u5237-\u52a0\u6c34\u5370_09.jpg 1000w\" sizes=\"auto, (max-width: 600px) 100vw, 600px\" \/><\/p>\n<p><img loading=\"lazy\" decoding=\"async\" class=\"alignnone wp-image-1465\" src=\"https:\/\/www.aoqunbrushes.com\/wp-content\/uploads\/2025\/07\/\u70e7\u70e4\u5237-\u52a0\u6c34\u5370_10.jpg\" alt=\"Grill Brush and Scraper for Barbecue | Wooden Handle and Replaceable Stainless Steel Bristles Head\" width=\"600\" height=\"1291\" srcset=\"https:\/\/www.aoqunbrushes.com\/wp-content\/uploads\/2025\/07\/\u70e7\u70e4\u5237-\u52a0\u6c34\u5370_10.jpg 1000w, https:\/\/www.aoqunbrushes.com\/wp-content\/uploads\/2025\/07\/\u70e7\u70e4\u5237-\u52a0\u6c34\u5370_10-139x300.jpg 139w, https:\/\/www.aoqunbrushes.com\/wp-content\/uploads\/2025\/07\/\u70e7\u70e4\u5237-\u52a0\u6c34\u5370_10-476x1024.jpg 476w, https:\/\/www.aoqunbrushes.com\/wp-content\/uploads\/2025\/07\/\u70e7\u70e4\u5237-\u52a0\u6c34\u5370_10-768x1653.jpg 768w, https:\/\/www.aoqunbrushes.com\/wp-content\/uploads\/2025\/07\/\u70e7\u70e4\u5237-\u52a0\u6c34\u5370_10-714x1536.jpg 714w, https:\/\/www.aoqunbrushes.com\/wp-content\/uploads\/2025\/07\/\u70e7\u70e4\u5237-\u52a0\u6c34\u5370_10-952x2048.jpg 952w, https:\/\/www.aoqunbrushes.com\/wp-content\/uploads\/2025\/07\/\u70e7\u70e4\u5237-\u52a0\u6c34\u5370_10-6x12.jpg 6w, https:\/\/www.aoqunbrushes.com\/wp-content\/uploads\/2025\/07\/\u70e7\u70e4\u5237-\u52a0\u6c34\u5370_10-600x1291.jpg 600w\" sizes=\"auto, (max-width: 600px) 100vw, 600px\" \/><\/p>\n<p><img loading=\"lazy\" decoding=\"async\" class=\"alignnone wp-image-1466\" src=\"https:\/\/www.aoqunbrushes.com\/wp-content\/uploads\/2025\/07\/\u70e7\u70e4\u5237-\u52a0\u6c34\u5370_11.jpg\" alt=\"Grill Brush and Scraper for Barbecue | Wooden Handle and Replaceable Stainless Steel Bristles Head\" width=\"600\" height=\"1599\" srcset=\"https:\/\/www.aoqunbrushes.com\/wp-content\/uploads\/2025\/07\/\u70e7\u70e4\u5237-\u52a0\u6c34\u5370_11.jpg 800w, https:\/\/www.aoqunbrushes.com\/wp-content\/uploads\/2025\/07\/\u70e7\u70e4\u5237-\u52a0\u6c34\u5370_11-113x300.jpg 113w, https:\/\/www.aoqunbrushes.com\/wp-content\/uploads\/2025\/07\/\u70e7\u70e4\u5237-\u52a0\u6c34\u5370_11-384x1024.jpg 384w, https:\/\/www.aoqunbrushes.com\/wp-content\/uploads\/2025\/07\/\u70e7\u70e4\u5237-\u52a0\u6c34\u5370_11-768x2048.jpg 768w, https:\/\/www.aoqunbrushes.com\/wp-content\/uploads\/2025\/07\/\u70e7\u70e4\u5237-\u52a0\u6c34\u5370_11-576x1536.jpg 576w, https:\/\/www.aoqunbrushes.com\/wp-content\/uploads\/2025\/07\/\u70e7\u70e4\u5237-\u52a0\u6c34\u5370_11-5x12.jpg 5w, https:\/\/www.aoqunbrushes.com\/wp-content\/uploads\/2025\/07\/\u70e7\u70e4\u5237-\u52a0\u6c34\u5370_11-600x1599.jpg 600w\" sizes=\"auto, (max-width: 600px) 100vw, 600px\" \/><\/p>\n<p>&nbsp;<\/p>\n<p>&nbsp;<\/p>\n<p>&nbsp;<\/p>\n<p>&nbsp;<\/p>\n<p>&nbsp;<\/p>\n<p>&nbsp;<\/p>\n<p>&nbsp;<\/p>\n<p>&nbsp;<\/p>\n<p>&nbsp;<\/p>","protected":false},"excerpt":{"rendered":"<p>Carater\u00edsticas do produto &nbsp; &nbsp; &nbsp; &nbsp; &nbsp; &nbsp; &nbsp; &nbsp; &nbsp;<\/p>","protected":false},"featured_media":2077,"comment_status":"open","ping_status":"closed","template":"","meta":{"themepark_post_bcolor":"#f5f5f5","themepark_post_width":"1022px","themepark_post_img":"","themepark_post_img_po":"left","themepark_post_img_re":false,"themepark_post_img_cover":false,"themepark_post_img_fixed":false,"themepark_post_hide_title":false,"themepark_post_main_b":"","themepark_post_main_p":100,"themepark_paddingblock":false},"product_brand":[],"product_cat":[31],"product_tag":[],"class_list":{"0":"post-1445","1":"product","2":"type-product","3":"status-publish","4":"has-post-thumbnail","6":"product_cat-staple-set-brushes","8":"first","9":"instock","10":"shipping-taxable","11":"purchasable","12":"product-type-variable"},"_links":{"self":[{"href":"https:\/\/www.aoqunbrushes.com\/pt\/wp-json\/wp\/v2\/product\/1445","targetHints":{"allow":["GET"]}}],"collection":[{"href":"https:\/\/www.aoqunbrushes.com\/pt\/wp-json\/wp\/v2\/product"}],"about":[{"href":"https:\/\/www.aoqunbrushes.com\/pt\/wp-json\/wp\/v2\/types\/product"}],"replies":[{"embeddable":true,"href":"https:\/\/www.aoqunbrushes.com\/pt\/wp-json\/wp\/v2\/comments?post=1445"}],"wp:featuredmedia":[{"embeddable":true,"href":"https:\/\/www.aoqunbrushes.com\/pt\/wp-json\/wp\/v2\/media\/2077"}],"wp:attachment":[{"href":"https:\/\/www.aoqunbrushes.com\/pt\/wp-json\/wp\/v2\/media?parent=1445"}],"wp:term":[{"taxonomy":"product_brand","embeddable":true,"href":"https:\/\/www.aoqunbrushes.com\/pt\/wp-json\/wp\/v2\/product_brand?post=1445"},{"taxonomy":"product_cat","embeddable":true,"href":"https:\/\/www.aoqunbrushes.com\/pt\/wp-json\/wp\/v2\/product_cat?post=1445"},{"taxonomy":"product_tag","embeddable":true,"href":"https:\/\/www.aoqunbrushes.com\/pt\/wp-json\/wp\/v2\/product_tag?post=1445"}],"curies":[{"name":"wp","href":"https:\/\/api.w.org\/{rel}","templated":true}]}}