{"id":1402,"date":"2025-07-01T10:48:39","date_gmt":"2025-07-01T02:48:39","guid":{"rendered":"https:\/\/www.abrushqueen.com\/?post_type=product&#038;p=1402"},"modified":"2026-03-25T16:14:22","modified_gmt":"2026-03-25T08:14:22","slug":"ball-honing-brushes","status":"publish","type":"product","link":"https:\/\/www.aoqunbrushes.com\/pt\/produto\/ball-honing-brushes","title":{"rendered":"Escovas de afiar bolas | Ferramenta de rebarba\u00e7\u00e3o de cilindros | Escova de afiar plat\u00f4"},"content":{"rendered":"<h2>Carater\u00edsticas do produto<\/h2>\n<ul class=\"tp_attributes\"><\/ul>\n<h2><strong>Escovas de afiar bolas | Ferramenta de rebarba\u00e7\u00e3o de cilindros | Escova de afiar plat\u00f4<\/strong><\/h2>\n<p><strong>\u2160<\/strong><strong>. Descri\u00e7\u00e3o do produto<\/strong><\/p>\n<p><strong>1. Aplica\u00e7\u00f5es<\/strong>Amplamente utilizado no polimento de cilindros, tubos, v\u00e1lvulas com diferentes formas e tamanhos, normalmente utilizado em pe\u00e7as hidr\u00e1ulicas, bloco de motor, cubo de rutura, maquinagem interna de tubos, etc.<\/p>\n<p><strong>2. Vantagens do acabamento<\/strong>-Oferecido numa grande variedade de gr\u00e3os e abrasivos para permitir que os maquinistas alcancem toler\u00e2ncias de acabamento espec\u00edficas, bem como um belo acabamento em cruz.<\/p>\n<p><strong>3. Rebarba\u00e7\u00e3o de furos cruzados<\/strong>-Ideal para acabamento e rebarba\u00e7\u00e3o simult\u00e2neos numa \u00fanica configura\u00e7\u00e3o. Pode ser utilizado em praticamente qualquer fuso rotativo.<\/p>\n<p><strong>4. Carboneto de sil\u00edcio<\/strong>-Excelente em a\u00e7o macio, a\u00e7o inoxid\u00e1vel, ferro fundido e outros materiais ferrosos mais macios.<\/p>\n<p>&nbsp;<\/p>\n<p><img loading=\"lazy\" decoding=\"async\" class=\"alignnone wp-image-1407\" src=\"https:\/\/www.aoqunbrushes.com\/wp-content\/uploads\/2025\/07\/\u7403\u5237\u6c34\u5370_01.jpg\" alt=\"Ball Honing Brushes | Cylinder Deburring Tool | Plateau Hone Brush\" width=\"600\" height=\"1096\" srcset=\"https:\/\/www.aoqunbrushes.com\/wp-content\/uploads\/2025\/07\/\u7403\u5237\u6c34\u5370_01.jpg 1000w, https:\/\/www.aoqunbrushes.com\/wp-content\/uploads\/2025\/07\/\u7403\u5237\u6c34\u5370_01-164x300.jpg 164w, https:\/\/www.aoqunbrushes.com\/wp-content\/uploads\/2025\/07\/\u7403\u5237\u6c34\u5370_01-560x1024.jpg 560w, https:\/\/www.aoqunbrushes.com\/wp-content\/uploads\/2025\/07\/\u7403\u5237\u6c34\u5370_01-768x1403.jpg 768w, https:\/\/www.aoqunbrushes.com\/wp-content\/uploads\/2025\/07\/\u7403\u5237\u6c34\u5370_01-841x1536.jpg 841w, https:\/\/www.aoqunbrushes.com\/wp-content\/uploads\/2025\/07\/\u7403\u5237\u6c34\u5370_01-7x12.jpg 7w, https:\/\/www.aoqunbrushes.com\/wp-content\/uploads\/2025\/07\/\u7403\u5237\u6c34\u5370_01-600x1096.jpg 600w\" sizes=\"auto, (max-width: 600px) 100vw, 600px\" \/><\/p>\n<p><img loading=\"lazy\" decoding=\"async\" class=\"alignnone wp-image-1408\" src=\"https:\/\/www.aoqunbrushes.com\/wp-content\/uploads\/2025\/07\/\u7403\u5237\u6c34\u5370_02.jpg\" alt=\"Ball Honing Brushes | Cylinder Deburring Tool | Plateau Hone Brush\" width=\"600\" height=\"1225\" srcset=\"https:\/\/www.aoqunbrushes.com\/wp-content\/uploads\/2025\/07\/\u7403\u5237\u6c34\u5370_02.jpg 1000w, https:\/\/www.aoqunbrushes.com\/wp-content\/uploads\/2025\/07\/\u7403\u5237\u6c34\u5370_02-147x300.jpg 147w, https:\/\/www.aoqunbrushes.com\/wp-content\/uploads\/2025\/07\/\u7403\u5237\u6c34\u5370_02-502x1024.jpg 502w, https:\/\/www.aoqunbrushes.com\/wp-content\/uploads\/2025\/07\/\u7403\u5237\u6c34\u5370_02-768x1567.jpg 768w, https:\/\/www.aoqunbrushes.com\/wp-content\/uploads\/2025\/07\/\u7403\u5237\u6c34\u5370_02-753x1536.jpg 753w, https:\/\/www.aoqunbrushes.com\/wp-content\/uploads\/2025\/07\/\u7403\u5237\u6c34\u5370_02-6x12.jpg 6w, https:\/\/www.aoqunbrushes.com\/wp-content\/uploads\/2025\/07\/\u7403\u5237\u6c34\u5370_02-600x1225.jpg 600w\" sizes=\"auto, (max-width: 600px) 100vw, 600px\" \/><\/p>\n<p><img loading=\"lazy\" decoding=\"async\" class=\"alignnone wp-image-1409\" src=\"https:\/\/www.aoqunbrushes.com\/wp-content\/uploads\/2025\/07\/\u7403\u5237\u6c34\u5370_03.jpg\" alt=\"Ball Honing Brushes | Cylinder Deburring Tool | Plateau Hone Brush\" width=\"600\" height=\"1316\" srcset=\"https:\/\/www.aoqunbrushes.com\/wp-content\/uploads\/2025\/07\/\u7403\u5237\u6c34\u5370_03.jpg 1000w, https:\/\/www.aoqunbrushes.com\/wp-content\/uploads\/2025\/07\/\u7403\u5237\u6c34\u5370_03-137x300.jpg 137w, https:\/\/www.aoqunbrushes.com\/wp-content\/uploads\/2025\/07\/\u7403\u5237\u6c34\u5370_03-467x1024.jpg 467w, https:\/\/www.aoqunbrushes.com\/wp-content\/uploads\/2025\/07\/\u7403\u5237\u6c34\u5370_03-768x1685.jpg 768w, https:\/\/www.aoqunbrushes.com\/wp-content\/uploads\/2025\/07\/\u7403\u5237\u6c34\u5370_03-700x1536.jpg 700w, https:\/\/www.aoqunbrushes.com\/wp-content\/uploads\/2025\/07\/\u7403\u5237\u6c34\u5370_03-933x2048.jpg 933w, https:\/\/www.aoqunbrushes.com\/wp-content\/uploads\/2025\/07\/\u7403\u5237\u6c34\u5370_03-5x12.jpg 5w, https:\/\/www.aoqunbrushes.com\/wp-content\/uploads\/2025\/07\/\u7403\u5237\u6c34\u5370_03-600x1316.jpg 600w\" sizes=\"auto, (max-width: 600px) 100vw, 600px\" \/><\/p>\n<p><img loading=\"lazy\" decoding=\"async\" class=\"alignnone wp-image-1410\" src=\"https:\/\/www.aoqunbrushes.com\/wp-content\/uploads\/2025\/07\/\u7403\u5237\u6c34\u5370_04-861x1024.jpg\" alt=\"Ball Honing Brushes | Cylinder Deburring Tool | Plateau Hone Brush\" width=\"600\" height=\"713\" srcset=\"https:\/\/www.aoqunbrushes.com\/wp-content\/uploads\/2025\/07\/\u7403\u5237\u6c34\u5370_04-861x1024.jpg 861w, https:\/\/www.aoqunbrushes.com\/wp-content\/uploads\/2025\/07\/\u7403\u5237\u6c34\u5370_04-252x300.jpg 252w, https:\/\/www.aoqunbrushes.com\/wp-content\/uploads\/2025\/07\/\u7403\u5237\u6c34\u5370_04-768x913.jpg 768w, https:\/\/www.aoqunbrushes.com\/wp-content\/uploads\/2025\/07\/\u7403\u5237\u6c34\u5370_04-10x12.jpg 10w, https:\/\/www.aoqunbrushes.com\/wp-content\/uploads\/2025\/07\/\u7403\u5237\u6c34\u5370_04-600x713.jpg 600w, https:\/\/www.aoqunbrushes.com\/wp-content\/uploads\/2025\/07\/\u7403\u5237\u6c34\u5370_04.jpg 1000w\" sizes=\"auto, (max-width: 600px) 100vw, 600px\" \/><\/p>\n<p><img loading=\"lazy\" decoding=\"async\" class=\"alignnone wp-image-1411\" src=\"https:\/\/www.aoqunbrushes.com\/wp-content\/uploads\/2025\/07\/\u7403\u5237\u6c34\u5370_05.jpg\" alt=\"Ball Honing Brushes | Cylinder Deburring Tool | Plateau Hone Brush\" width=\"600\" height=\"1521\" srcset=\"https:\/\/www.aoqunbrushes.com\/wp-content\/uploads\/2025\/07\/\u7403\u5237\u6c34\u5370_05.jpg 800w, https:\/\/www.aoqunbrushes.com\/wp-content\/uploads\/2025\/07\/\u7403\u5237\u6c34\u5370_05-118x300.jpg 118w, https:\/\/www.aoqunbrushes.com\/wp-content\/uploads\/2025\/07\/\u7403\u5237\u6c34\u5370_05-404x1024.jpg 404w, https:\/\/www.aoqunbrushes.com\/wp-content\/uploads\/2025\/07\/\u7403\u5237\u6c34\u5370_05-768x1947.jpg 768w, https:\/\/www.aoqunbrushes.com\/wp-content\/uploads\/2025\/07\/\u7403\u5237\u6c34\u5370_05-606x1536.jpg 606w, https:\/\/www.aoqunbrushes.com\/wp-content\/uploads\/2025\/07\/\u7403\u5237\u6c34\u5370_05-5x12.jpg 5w, https:\/\/www.aoqunbrushes.com\/wp-content\/uploads\/2025\/07\/\u7403\u5237\u6c34\u5370_05-600x1521.jpg 600w\" sizes=\"auto, (max-width: 600px) 100vw, 600px\" \/><\/p>\n<p><img loading=\"lazy\" decoding=\"async\" class=\"alignnone wp-image-1412\" src=\"https:\/\/www.aoqunbrushes.com\/wp-content\/uploads\/2025\/07\/\u7403\u5237\u6c34\u5370_06-750x1024.jpg\" alt=\"Ball Honing Brushes | Cylinder Deburring Tool | Plateau Hone Brush\" width=\"600\" height=\"820\" srcset=\"https:\/\/www.aoqunbrushes.com\/wp-content\/uploads\/2025\/07\/\u7403\u5237\u6c34\u5370_06-750x1024.jpg 750w, https:\/\/www.aoqunbrushes.com\/wp-content\/uploads\/2025\/07\/\u7403\u5237\u6c34\u5370_06-220x300.jpg 220w, https:\/\/www.aoqunbrushes.com\/wp-content\/uploads\/2025\/07\/\u7403\u5237\u6c34\u5370_06-768x1049.jpg 768w, https:\/\/www.aoqunbrushes.com\/wp-content\/uploads\/2025\/07\/\u7403\u5237\u6c34\u5370_06-9x12.jpg 9w, https:\/\/www.aoqunbrushes.com\/wp-content\/uploads\/2025\/07\/\u7403\u5237\u6c34\u5370_06-600x820.jpg 600w, https:\/\/www.aoqunbrushes.com\/wp-content\/uploads\/2025\/07\/\u7403\u5237\u6c34\u5370_06.jpg 1000w\" sizes=\"auto, (max-width: 600px) 100vw, 600px\" \/><\/p>\n<p><img loading=\"lazy\" decoding=\"async\" class=\"alignnone wp-image-1413\" src=\"https:\/\/www.aoqunbrushes.com\/wp-content\/uploads\/2025\/07\/\u7403\u5237\u6c34\u5370_07.jpg\" alt=\"Ball Honing Brushes | Cylinder Deburring Tool | Plateau Hone Brush\" width=\"600\" height=\"1060\" srcset=\"https:\/\/www.aoqunbrushes.com\/wp-content\/uploads\/2025\/07\/\u7403\u5237\u6c34\u5370_07.jpg 1000w, https:\/\/www.aoqunbrushes.com\/wp-content\/uploads\/2025\/07\/\u7403\u5237\u6c34\u5370_07-170x300.jpg 170w, https:\/\/www.aoqunbrushes.com\/wp-content\/uploads\/2025\/07\/\u7403\u5237\u6c34\u5370_07-580x1024.jpg 580w, https:\/\/www.aoqunbrushes.com\/wp-content\/uploads\/2025\/07\/\u7403\u5237\u6c34\u5370_07-768x1357.jpg 768w, https:\/\/www.aoqunbrushes.com\/wp-content\/uploads\/2025\/07\/\u7403\u5237\u6c34\u5370_07-869x1536.jpg 869w, https:\/\/www.aoqunbrushes.com\/wp-content\/uploads\/2025\/07\/\u7403\u5237\u6c34\u5370_07-7x12.jpg 7w, https:\/\/www.aoqunbrushes.com\/wp-content\/uploads\/2025\/07\/\u7403\u5237\u6c34\u5370_07-600x1060.jpg 600w\" sizes=\"auto, (max-width: 600px) 100vw, 600px\" \/><\/p>\n<p>&nbsp;<\/p>","protected":false},"excerpt":{"rendered":"<p>Carater\u00edsticas do produto Escovas de afia\u00e7\u00e3o de bolas | Ferramenta de rebarba\u00e7\u00e3o de cilindros | Escova de afia\u00e7\u00e3o de plat\u00f4 \u2160. Descri\u00e7\u00e3o do produto 1. Aplica\u00e7\u00f5es - Amplamente utilizado no polimento de cilindros, tubos, v\u00e1lvulas com diferentes formas e tamanhos, geralmente usado em pe\u00e7as hidr\u00e1ulicas, bloco de motor, cubo de quebra, usinagem interna de tubos, etc. 2. Benef\u00edcios de acabamento - Oferecido numa grande variedade de gr\u00e3os e abrasivos para [...]<\/p>","protected":false},"featured_media":2071,"comment_status":"open","ping_status":"closed","template":"","meta":{"themepark_post_bcolor":"#f5f5f5","themepark_post_width":"1022px","themepark_post_img":"","themepark_post_img_po":"left","themepark_post_img_re":false,"themepark_post_img_cover":false,"themepark_post_img_fixed":false,"themepark_post_hide_title":false,"themepark_post_main_b":"","themepark_post_main_p":100,"themepark_paddingblock":false},"product_brand":[],"product_cat":[32],"product_tag":[],"class_list":{"0":"post-1402","1":"product","2":"type-product","3":"status-publish","4":"has-post-thumbnail","6":"product_cat-twisted-in-wire-brushes","8":"first","9":"instock","10":"shipping-taxable","11":"purchasable","12":"product-type-variable"},"_links":{"self":[{"href":"https:\/\/www.aoqunbrushes.com\/pt\/wp-json\/wp\/v2\/product\/1402","targetHints":{"allow":["GET"]}}],"collection":[{"href":"https:\/\/www.aoqunbrushes.com\/pt\/wp-json\/wp\/v2\/product"}],"about":[{"href":"https:\/\/www.aoqunbrushes.com\/pt\/wp-json\/wp\/v2\/types\/product"}],"replies":[{"embeddable":true,"href":"https:\/\/www.aoqunbrushes.com\/pt\/wp-json\/wp\/v2\/comments?post=1402"}],"wp:featuredmedia":[{"embeddable":true,"href":"https:\/\/www.aoqunbrushes.com\/pt\/wp-json\/wp\/v2\/media\/2071"}],"wp:attachment":[{"href":"https:\/\/www.aoqunbrushes.com\/pt\/wp-json\/wp\/v2\/media?parent=1402"}],"wp:term":[{"taxonomy":"product_brand","embeddable":true,"href":"https:\/\/www.aoqunbrushes.com\/pt\/wp-json\/wp\/v2\/product_brand?post=1402"},{"taxonomy":"product_cat","embeddable":true,"href":"https:\/\/www.aoqunbrushes.com\/pt\/wp-json\/wp\/v2\/product_cat?post=1402"},{"taxonomy":"product_tag","embeddable":true,"href":"https:\/\/www.aoqunbrushes.com\/pt\/wp-json\/wp\/v2\/product_tag?post=1402"}],"curies":[{"name":"wp","href":"https:\/\/api.w.org\/{rel}","templated":true}]}}