{"id":1254,"date":"2025-06-27T16:41:49","date_gmt":"2025-06-27T08:41:49","guid":{"rendered":"https:\/\/www.abrushqueen.com\/?post_type=product&#038;p=1254"},"modified":"2025-06-27T16:49:45","modified_gmt":"2025-06-27T08:49:45","slug":"boat-cleaning-brushes","status":"publish","type":"product","link":"https:\/\/www.aoqunbrushes.com\/pt\/produto\/boat-cleaning-brushes","title":{"rendered":"Escovas de limpeza de barcos | Limpeza do casco do barco | Escova de limpeza do conv\u00e9s"},"content":{"rendered":"<h2>Carater\u00edsticas do produto<\/h2>\n<ul class=\"tp_attributes\"><\/ul>\n<p>&nbsp;<\/p>\n<h2><strong>Escovas de limpeza de barcos | Limpeza do casco do barco | Escova de limpeza do conv\u00e9s\u00a0<\/strong><\/h2>\n<p>&nbsp;<\/p>\n<p><strong>\u2160<\/strong><strong>. Descri\u00e7\u00e3o do produto<\/strong><\/p>\n<p class=\"ds-markdown-paragraph\">1. Funciona muito bem em SeaDek, decks de espuma, \u00e1reas antiderrapantes e outras superf\u00edcies dur\u00e1veis<\/p>\n<p class=\"ds-markdown-paragraph\">2. As nossas cabe\u00e7as de escova s\u00e3o feitas de cerdas de poliestireno de alta qualidade que resistem a uma utiliza\u00e7\u00e3o di\u00e1ria intensa.<\/p>\n<p class=\"ds-markdown-paragraph\">3. As cerdas macias de poliestireno desta escova de esfregar macia foram concebidas para limpar superf\u00edcies delicadas e facilmente danificadas, como a pintura, a fibra de vidro, o gelcoat e o revestimento transparente, sem risco de riscar<\/p>\n<p class=\"ds-markdown-paragraph\">4. As cerdas com extremidades divididas permitem que esta escova de limpeza retenha mais \u00e1gua e sab\u00e3o, reduzindo o tempo e o esfor\u00e7o necess\u00e1rios para deixar as superf\u00edcies sujas do barco a brilhar<\/p>\n<p class=\"ds-markdown-paragraph\">5. Esculpida num bloco de madeira maci\u00e7a, esta escova de esfregar foi concebida para resistir a anos de utiliza\u00e7\u00e3o repetida<\/p>\n<p>&nbsp;<\/p>\n<h2><img loading=\"lazy\" decoding=\"async\" class=\"alignnone wp-image-1259\" src=\"https:\/\/www.aoqunbrushes.com\/wp-content\/uploads\/2025\/06\/\u8239\u4f53\u5237\uff08\u6c34\u5370\uff09_01.jpg\" alt=\"Boat Cleaning Brushes | Boat Hull Clean  | Deck Clean Brush \" width=\"600\" height=\"1178\" srcset=\"https:\/\/www.aoqunbrushes.com\/wp-content\/uploads\/2025\/06\/\u8239\u4f53\u5237\uff08\u6c34\u5370\uff09_01.jpg 1000w, https:\/\/www.aoqunbrushes.com\/wp-content\/uploads\/2025\/06\/\u8239\u4f53\u5237\uff08\u6c34\u5370\uff09_01-153x300.jpg 153w, https:\/\/www.aoqunbrushes.com\/wp-content\/uploads\/2025\/06\/\u8239\u4f53\u5237\uff08\u6c34\u5370\uff09_01-522x1024.jpg 522w, https:\/\/www.aoqunbrushes.com\/wp-content\/uploads\/2025\/06\/\u8239\u4f53\u5237\uff08\u6c34\u5370\uff09_01-768x1508.jpg 768w, https:\/\/www.aoqunbrushes.com\/wp-content\/uploads\/2025\/06\/\u8239\u4f53\u5237\uff08\u6c34\u5370\uff09_01-782x1536.jpg 782w, https:\/\/www.aoqunbrushes.com\/wp-content\/uploads\/2025\/06\/\u8239\u4f53\u5237\uff08\u6c34\u5370\uff09_01-600x1178.jpg 600w\" sizes=\"auto, (max-width: 600px) 100vw, 600px\" \/><\/h2>\n<h2><img loading=\"lazy\" decoding=\"async\" class=\"alignnone wp-image-1260\" src=\"https:\/\/www.aoqunbrushes.com\/wp-content\/uploads\/2025\/06\/\u8239\u4f53\u5237\uff08\u6c34\u5370\uff09_02-642x1024.jpg\" alt=\"Boat Cleaning Brushes | Boat Hull Clean  | Deck Clean Brush \" width=\"600\" height=\"958\" srcset=\"https:\/\/www.aoqunbrushes.com\/wp-content\/uploads\/2025\/06\/\u8239\u4f53\u5237\uff08\u6c34\u5370\uff09_02-642x1024.jpg 642w, https:\/\/www.aoqunbrushes.com\/wp-content\/uploads\/2025\/06\/\u8239\u4f53\u5237\uff08\u6c34\u5370\uff09_02-188x300.jpg 188w, https:\/\/www.aoqunbrushes.com\/wp-content\/uploads\/2025\/06\/\u8239\u4f53\u5237\uff08\u6c34\u5370\uff09_02-768x1226.jpg 768w, https:\/\/www.aoqunbrushes.com\/wp-content\/uploads\/2025\/06\/\u8239\u4f53\u5237\uff08\u6c34\u5370\uff09_02-962x1536.jpg 962w, https:\/\/www.aoqunbrushes.com\/wp-content\/uploads\/2025\/06\/\u8239\u4f53\u5237\uff08\u6c34\u5370\uff09_02-600x958.jpg 600w, https:\/\/www.aoqunbrushes.com\/wp-content\/uploads\/2025\/06\/\u8239\u4f53\u5237\uff08\u6c34\u5370\uff09_02.jpg 1000w\" sizes=\"auto, (max-width: 600px) 100vw, 600px\" \/><\/h2>\n<h2><img loading=\"lazy\" decoding=\"async\" class=\"alignnone wp-image-1261\" src=\"https:\/\/www.aoqunbrushes.com\/wp-content\/uploads\/2025\/06\/\u8239\u4f53\u5237\uff08\u6c34\u5370\uff09_03.jpg\" alt=\"Boat Cleaning Brushes | Boat Hull Clean  | Deck Clean Brush \" width=\"600\" height=\"1098\" srcset=\"https:\/\/www.aoqunbrushes.com\/wp-content\/uploads\/2025\/06\/\u8239\u4f53\u5237\uff08\u6c34\u5370\uff09_03.jpg 1000w, https:\/\/www.aoqunbrushes.com\/wp-content\/uploads\/2025\/06\/\u8239\u4f53\u5237\uff08\u6c34\u5370\uff09_03-164x300.jpg 164w, https:\/\/www.aoqunbrushes.com\/wp-content\/uploads\/2025\/06\/\u8239\u4f53\u5237\uff08\u6c34\u5370\uff09_03-560x1024.jpg 560w, https:\/\/www.aoqunbrushes.com\/wp-content\/uploads\/2025\/06\/\u8239\u4f53\u5237\uff08\u6c34\u5370\uff09_03-768x1405.jpg 768w, https:\/\/www.aoqunbrushes.com\/wp-content\/uploads\/2025\/06\/\u8239\u4f53\u5237\uff08\u6c34\u5370\uff09_03-839x1536.jpg 839w, https:\/\/www.aoqunbrushes.com\/wp-content\/uploads\/2025\/06\/\u8239\u4f53\u5237\uff08\u6c34\u5370\uff09_03-600x1098.jpg 600w\" sizes=\"auto, (max-width: 600px) 100vw, 600px\" \/><\/h2>\n<h2><img loading=\"lazy\" decoding=\"async\" class=\"alignnone wp-image-1262\" src=\"https:\/\/www.aoqunbrushes.com\/wp-content\/uploads\/2025\/06\/\u8239\u4f53\u5237\uff08\u6c34\u5370\uff09_04.jpg\" alt=\"Boat Cleaning Brushes | Boat Hull Clean  | Deck Clean Brush \" width=\"600\" height=\"1350\" srcset=\"https:\/\/www.aoqunbrushes.com\/wp-content\/uploads\/2025\/06\/\u8239\u4f53\u5237\uff08\u6c34\u5370\uff09_04.jpg 1000w, https:\/\/www.aoqunbrushes.com\/wp-content\/uploads\/2025\/06\/\u8239\u4f53\u5237\uff08\u6c34\u5370\uff09_04-133x300.jpg 133w, https:\/\/www.aoqunbrushes.com\/wp-content\/uploads\/2025\/06\/\u8239\u4f53\u5237\uff08\u6c34\u5370\uff09_04-455x1024.jpg 455w, https:\/\/www.aoqunbrushes.com\/wp-content\/uploads\/2025\/06\/\u8239\u4f53\u5237\uff08\u6c34\u5370\uff09_04-768x1728.jpg 768w, https:\/\/www.aoqunbrushes.com\/wp-content\/uploads\/2025\/06\/\u8239\u4f53\u5237\uff08\u6c34\u5370\uff09_04-683x1536.jpg 683w, https:\/\/www.aoqunbrushes.com\/wp-content\/uploads\/2025\/06\/\u8239\u4f53\u5237\uff08\u6c34\u5370\uff09_04-910x2048.jpg 910w, https:\/\/www.aoqunbrushes.com\/wp-content\/uploads\/2025\/06\/\u8239\u4f53\u5237\uff08\u6c34\u5370\uff09_04-600x1350.jpg 600w\" sizes=\"auto, (max-width: 600px) 100vw, 600px\" \/><\/h2>\n<h2><img loading=\"lazy\" decoding=\"async\" class=\"alignnone wp-image-1263\" src=\"https:\/\/www.aoqunbrushes.com\/wp-content\/uploads\/2025\/06\/\u8239\u4f53\u5237\uff08\u6c34\u5370\uff09_05.jpg\" alt=\"Boat Cleaning Brushes | Boat Hull Clean  | Deck Clean Brush \" width=\"600\" height=\"1420\" srcset=\"https:\/\/www.aoqunbrushes.com\/wp-content\/uploads\/2025\/06\/\u8239\u4f53\u5237\uff08\u6c34\u5370\uff09_05.jpg 1000w, https:\/\/www.aoqunbrushes.com\/wp-content\/uploads\/2025\/06\/\u8239\u4f53\u5237\uff08\u6c34\u5370\uff09_05-127x300.jpg 127w, https:\/\/www.aoqunbrushes.com\/wp-content\/uploads\/2025\/06\/\u8239\u4f53\u5237\uff08\u6c34\u5370\uff09_05-433x1024.jpg 433w, https:\/\/www.aoqunbrushes.com\/wp-content\/uploads\/2025\/06\/\u8239\u4f53\u5237\uff08\u6c34\u5370\uff09_05-768x1817.jpg 768w, https:\/\/www.aoqunbrushes.com\/wp-content\/uploads\/2025\/06\/\u8239\u4f53\u5237\uff08\u6c34\u5370\uff09_05-649x1536.jpg 649w, https:\/\/www.aoqunbrushes.com\/wp-content\/uploads\/2025\/06\/\u8239\u4f53\u5237\uff08\u6c34\u5370\uff09_05-866x2048.jpg 866w, https:\/\/www.aoqunbrushes.com\/wp-content\/uploads\/2025\/06\/\u8239\u4f53\u5237\uff08\u6c34\u5370\uff09_05-600x1420.jpg 600w\" sizes=\"auto, (max-width: 600px) 100vw, 600px\" \/><\/h2>\n<h2><img loading=\"lazy\" decoding=\"async\" class=\"alignnone wp-image-1264\" src=\"https:\/\/www.aoqunbrushes.com\/wp-content\/uploads\/2025\/06\/\u8239\u4f53\u5237\uff08\u6c34\u5370\uff09_06.jpg\" alt=\"Boat Cleaning Brushes | Boat Hull Clean  | Deck Clean Brush \" width=\"600\" height=\"1201\" srcset=\"https:\/\/www.aoqunbrushes.com\/wp-content\/uploads\/2025\/06\/\u8239\u4f53\u5237\uff08\u6c34\u5370\uff09_06.jpg 1000w, https:\/\/www.aoqunbrushes.com\/wp-content\/uploads\/2025\/06\/\u8239\u4f53\u5237\uff08\u6c34\u5370\uff09_06-150x300.jpg 150w, https:\/\/www.aoqunbrushes.com\/wp-content\/uploads\/2025\/06\/\u8239\u4f53\u5237\uff08\u6c34\u5370\uff09_06-512x1024.jpg 512w, https:\/\/www.aoqunbrushes.com\/wp-content\/uploads\/2025\/06\/\u8239\u4f53\u5237\uff08\u6c34\u5370\uff09_06-768x1536.jpg 768w, https:\/\/www.aoqunbrushes.com\/wp-content\/uploads\/2025\/06\/\u8239\u4f53\u5237\uff08\u6c34\u5370\uff09_06-600x1201.jpg 600w\" sizes=\"auto, (max-width: 600px) 100vw, 600px\" \/><\/h2>\n<h2><img loading=\"lazy\" decoding=\"async\" class=\"alignnone wp-image-1265\" src=\"https:\/\/www.aoqunbrushes.com\/wp-content\/uploads\/2025\/06\/\u8239\u4f53\u5237\uff08\u6c34\u5370\uff09_07.jpg\" alt=\"Boat Cleaning Brushes | Boat Hull Clean  | Deck Clean Brush \" width=\"600\" height=\"1204\" srcset=\"https:\/\/www.aoqunbrushes.com\/wp-content\/uploads\/2025\/06\/\u8239\u4f53\u5237\uff08\u6c34\u5370\uff09_07.jpg 1000w, https:\/\/www.aoqunbrushes.com\/wp-content\/uploads\/2025\/06\/\u8239\u4f53\u5237\uff08\u6c34\u5370\uff09_07-149x300.jpg 149w, https:\/\/www.aoqunbrushes.com\/wp-content\/uploads\/2025\/06\/\u8239\u4f53\u5237\uff08\u6c34\u5370\uff09_07-510x1024.jpg 510w, https:\/\/www.aoqunbrushes.com\/wp-content\/uploads\/2025\/06\/\u8239\u4f53\u5237\uff08\u6c34\u5370\uff09_07-768x1541.jpg 768w, https:\/\/www.aoqunbrushes.com\/wp-content\/uploads\/2025\/06\/\u8239\u4f53\u5237\uff08\u6c34\u5370\uff09_07-765x1536.jpg 765w, https:\/\/www.aoqunbrushes.com\/wp-content\/uploads\/2025\/06\/\u8239\u4f53\u5237\uff08\u6c34\u5370\uff09_07-600x1204.jpg 600w\" sizes=\"auto, (max-width: 600px) 100vw, 600px\" \/><\/h2>\n<h2><img loading=\"lazy\" decoding=\"async\" class=\"alignnone wp-image-1266\" src=\"https:\/\/www.aoqunbrushes.com\/wp-content\/uploads\/2025\/06\/\u8239\u4f53\u5237\uff08\u6c34\u5370\uff09_08.jpg\" alt=\"Boat Cleaning Brushes | Boat Hull Clean  | Deck Clean Brush \" width=\"600\" height=\"1061\" srcset=\"https:\/\/www.aoqunbrushes.com\/wp-content\/uploads\/2025\/06\/\u8239\u4f53\u5237\uff08\u6c34\u5370\uff09_08.jpg 1000w, https:\/\/www.aoqunbrushes.com\/wp-content\/uploads\/2025\/06\/\u8239\u4f53\u5237\uff08\u6c34\u5370\uff09_08-170x300.jpg 170w, https:\/\/www.aoqunbrushes.com\/wp-content\/uploads\/2025\/06\/\u8239\u4f53\u5237\uff08\u6c34\u5370\uff09_08-579x1024.jpg 579w, https:\/\/www.aoqunbrushes.com\/wp-content\/uploads\/2025\/06\/\u8239\u4f53\u5237\uff08\u6c34\u5370\uff09_08-768x1358.jpg 768w, https:\/\/www.aoqunbrushes.com\/wp-content\/uploads\/2025\/06\/\u8239\u4f53\u5237\uff08\u6c34\u5370\uff09_08-869x1536.jpg 869w, https:\/\/www.aoqunbrushes.com\/wp-content\/uploads\/2025\/06\/\u8239\u4f53\u5237\uff08\u6c34\u5370\uff09_08-600x1061.jpg 600w\" sizes=\"auto, (max-width: 600px) 100vw, 600px\" \/><\/h2>\n<h2><img loading=\"lazy\" decoding=\"async\" class=\"alignnone wp-image-1267\" src=\"https:\/\/www.aoqunbrushes.com\/wp-content\/uploads\/2025\/06\/\u8239\u4f53\u5237\uff08\u6c34\u5370\uff09_09.jpg\" alt=\"Boat Cleaning Brushes | Boat Hull Clean  | Deck Clean Brush \" width=\"600\" height=\"1289\" srcset=\"https:\/\/www.aoqunbrushes.com\/wp-content\/uploads\/2025\/06\/\u8239\u4f53\u5237\uff08\u6c34\u5370\uff09_09.jpg 1000w, https:\/\/www.aoqunbrushes.com\/wp-content\/uploads\/2025\/06\/\u8239\u4f53\u5237\uff08\u6c34\u5370\uff09_09-140x300.jpg 140w, https:\/\/www.aoqunbrushes.com\/wp-content\/uploads\/2025\/06\/\u8239\u4f53\u5237\uff08\u6c34\u5370\uff09_09-477x1024.jpg 477w, https:\/\/www.aoqunbrushes.com\/wp-content\/uploads\/2025\/06\/\u8239\u4f53\u5237\uff08\u6c34\u5370\uff09_09-768x1650.jpg 768w, https:\/\/www.aoqunbrushes.com\/wp-content\/uploads\/2025\/06\/\u8239\u4f53\u5237\uff08\u6c34\u5370\uff09_09-715x1536.jpg 715w, https:\/\/www.aoqunbrushes.com\/wp-content\/uploads\/2025\/06\/\u8239\u4f53\u5237\uff08\u6c34\u5370\uff09_09-953x2048.jpg 953w, https:\/\/www.aoqunbrushes.com\/wp-content\/uploads\/2025\/06\/\u8239\u4f53\u5237\uff08\u6c34\u5370\uff09_09-600x1289.jpg 600w\" sizes=\"auto, (max-width: 600px) 100vw, 600px\" \/><\/h2>\n<h2><img loading=\"lazy\" decoding=\"async\" class=\"alignnone wp-image-1268\" src=\"https:\/\/www.aoqunbrushes.com\/wp-content\/uploads\/2025\/06\/\u8239\u4f53\u5237\uff08\u6c34\u5370\uff09_10.jpg\" alt=\"Boat Cleaning Brushes | Boat Hull Clean  | Deck Clean Brush \" width=\"600\" height=\"1472\" srcset=\"https:\/\/www.aoqunbrushes.com\/wp-content\/uploads\/2025\/06\/\u8239\u4f53\u5237\uff08\u6c34\u5370\uff09_10.jpg 800w, https:\/\/www.aoqunbrushes.com\/wp-content\/uploads\/2025\/06\/\u8239\u4f53\u5237\uff08\u6c34\u5370\uff09_10-122x300.jpg 122w, https:\/\/www.aoqunbrushes.com\/wp-content\/uploads\/2025\/06\/\u8239\u4f53\u5237\uff08\u6c34\u5370\uff09_10-417x1024.jpg 417w, https:\/\/www.aoqunbrushes.com\/wp-content\/uploads\/2025\/06\/\u8239\u4f53\u5237\uff08\u6c34\u5370\uff09_10-768x1884.jpg 768w, https:\/\/www.aoqunbrushes.com\/wp-content\/uploads\/2025\/06\/\u8239\u4f53\u5237\uff08\u6c34\u5370\uff09_10-626x1536.jpg 626w, https:\/\/www.aoqunbrushes.com\/wp-content\/uploads\/2025\/06\/\u8239\u4f53\u5237\uff08\u6c34\u5370\uff09_10-600x1472.jpg 600w\" sizes=\"auto, (max-width: 600px) 100vw, 600px\" \/><\/h2>\n<h2><img loading=\"lazy\" decoding=\"async\" class=\"alignnone wp-image-1269\" src=\"https:\/\/www.aoqunbrushes.com\/wp-content\/uploads\/2025\/06\/\u8239\u4f53\u5237\uff08\u6c34\u5370\uff09_11.jpg\" alt=\"Boat Cleaning Brushes | Boat Hull Clean  | Deck Clean Brush \" width=\"600\" height=\"1686\" srcset=\"https:\/\/www.aoqunbrushes.com\/wp-content\/uploads\/2025\/06\/\u8239\u4f53\u5237\uff08\u6c34\u5370\uff09_11.jpg 800w, https:\/\/www.aoqunbrushes.com\/wp-content\/uploads\/2025\/06\/\u8239\u4f53\u5237\uff08\u6c34\u5370\uff09_11-107x300.jpg 107w, https:\/\/www.aoqunbrushes.com\/wp-content\/uploads\/2025\/06\/\u8239\u4f53\u5237\uff08\u6c34\u5370\uff09_11-364x1024.jpg 364w, https:\/\/www.aoqunbrushes.com\/wp-content\/uploads\/2025\/06\/\u8239\u4f53\u5237\uff08\u6c34\u5370\uff09_11-768x2158.jpg 768w, https:\/\/www.aoqunbrushes.com\/wp-content\/uploads\/2025\/06\/\u8239\u4f53\u5237\uff08\u6c34\u5370\uff09_11-547x1536.jpg 547w, https:\/\/www.aoqunbrushes.com\/wp-content\/uploads\/2025\/06\/\u8239\u4f53\u5237\uff08\u6c34\u5370\uff09_11-729x2048.jpg 729w, https:\/\/www.aoqunbrushes.com\/wp-content\/uploads\/2025\/06\/\u8239\u4f53\u5237\uff08\u6c34\u5370\uff09_11-600x1686.jpg 600w\" sizes=\"auto, (max-width: 600px) 100vw, 600px\" \/><\/h2>","protected":false},"excerpt":{"rendered":"<p>Carater\u00edsticas do produto Escovas de limpeza de barcos | Limpeza do casco do barco | Escova de limpeza do conv\u00e9s \u2160. Descri\u00e7\u00e3o do produto 1. Funciona muito bem em SeaDek, decks de espuma, \u00e1reas antiderrapantes e outras superf\u00edcies dur\u00e1veis 2. Nossas cabe\u00e7as de escova s\u00e3o feitas de cerdas de poliestireno de alta qualidade que resistem ao uso di\u00e1rio pesado. 3. As cerdas macias de poliestireno desta escova macia [...]<\/p>","protected":false},"featured_media":1276,"comment_status":"open","ping_status":"closed","template":"","meta":{"themepark_post_bcolor":"#f5f5f5","themepark_post_width":"1022px","themepark_post_img":"","themepark_post_img_po":"left","themepark_post_img_re":false,"themepark_post_img_cover":false,"themepark_post_img_fixed":false,"themepark_post_hide_title":false,"themepark_post_main_b":"","themepark_post_main_p":100,"themepark_paddingblock":false},"product_brand":[],"product_cat":[31],"product_tag":[],"class_list":{"0":"post-1254","1":"product","2":"type-product","3":"status-publish","4":"has-post-thumbnail","6":"product_cat-staple-set-brushes","8":"first","9":"instock","10":"shipping-taxable","11":"purchasable","12":"product-type-variable"},"_links":{"self":[{"href":"https:\/\/www.aoqunbrushes.com\/pt\/wp-json\/wp\/v2\/product\/1254","targetHints":{"allow":["GET"]}}],"collection":[{"href":"https:\/\/www.aoqunbrushes.com\/pt\/wp-json\/wp\/v2\/product"}],"about":[{"href":"https:\/\/www.aoqunbrushes.com\/pt\/wp-json\/wp\/v2\/types\/product"}],"replies":[{"embeddable":true,"href":"https:\/\/www.aoqunbrushes.com\/pt\/wp-json\/wp\/v2\/comments?post=1254"}],"wp:featuredmedia":[{"embeddable":true,"href":"https:\/\/www.aoqunbrushes.com\/pt\/wp-json\/wp\/v2\/media\/1276"}],"wp:attachment":[{"href":"https:\/\/www.aoqunbrushes.com\/pt\/wp-json\/wp\/v2\/media?parent=1254"}],"wp:term":[{"taxonomy":"product_brand","embeddable":true,"href":"https:\/\/www.aoqunbrushes.com\/pt\/wp-json\/wp\/v2\/product_brand?post=1254"},{"taxonomy":"product_cat","embeddable":true,"href":"https:\/\/www.aoqunbrushes.com\/pt\/wp-json\/wp\/v2\/product_cat?post=1254"},{"taxonomy":"product_tag","embeddable":true,"href":"https:\/\/www.aoqunbrushes.com\/pt\/wp-json\/wp\/v2\/product_tag?post=1254"}],"curies":[{"name":"wp","href":"https:\/\/api.w.org\/{rel}","templated":true}]}}