{"id":833,"date":"2025-06-18T14:39:09","date_gmt":"2025-06-18T06:39:09","guid":{"rendered":"https:\/\/www.abrushqueen.com\/?post_type=product&#038;p=833"},"modified":"2026-04-02T15:41:42","modified_gmt":"2026-04-02T07:41:42","slug":"escalator-brush-strip-brush","status":"publish","type":"product","link":"https:\/\/www.aoqunbrushes.com\/fr\/produit\/escalator-brush-strip-brush","title":{"rendered":"Escalator Elevator Strip Brush | Elevator Lift Side Escalator Brush Guard | EN115 Complies Escalator Apron Brush | Anti-pinch Safety Panel Brush for Escalator"},"content":{"rendered":"<h1><strong>Safety Strip Brush Aluminium Extrusion Profile<br \/>\n<\/strong><strong>Escalator Spare Parts Strip Brushes<\/strong><\/h1>\n<ul class=\"tp_attributes\"><\/ul>\n<h2><strong>\u2160. Escalator Spare Parts Strip Brush<\/strong><\/h2>\n<h3><strong>1. Pure Nylon Filament of SGS Authentication<\/strong><\/h3>\n<p>The pure and newly nylon\u00a0filament does not contain\u00a0heavy metals, compliies\u00a0with RoHS, SVHC, etc.<\/p>\n<h3><strong>2. UL94-V0 Highest Flame Retardant Grade<\/strong><\/h3>\n<p>Conforme aux normes d'ignifugation UL94-V0. \u00c9teindre imm\u00e9diatement d\u00e8s que l'on s'\u00e9loigne du feu.<\/p>\n<h3><strong>3. Wear Resistant and High Elastic Resilience<\/strong><\/h3>\n<p>It passed 1 million times of high\u00a0speed friction deformation test,\u00a0which can suffer the friction of\u00a0the high frequency running\u00a0escalators.<\/p>\n<h3><strong>4. Good Impact Strength ABS Resin Brush Base<\/strong><\/h3>\n<p>ABS resin has the feature of\u00a0excellent impact resistance,\u00a0heat resistance, low temperature resistance, chemical\u00a0resistance and electrical properties.<\/p>\n<h3><strong>5. Bright and Energy Saving LED Lighting<\/strong><\/h3>\n<p>Bright yellow nylon flame retardant brush with LED lighting gives\u00a0the passengers a strong warning\u00a0feeling and upgrades the escalator safety and aesthetic effects.<\/p>\n<h3><strong>6. Various Parts of Escalator Brushes<\/strong><\/h3>\n<p>Fournir une vari\u00e9t\u00e9 de bases et d'embouts de brosses en alliage d'aluminium oxyd\u00e9 conformes aux normes nationales.<\/p>\n<p>&nbsp;<\/p>\n<p><img loading=\"lazy\" decoding=\"async\" title=\"Pure Nylon Fliament Escalator Brushes\" src=\"https:\/\/www.aoqunbrush.com\/js\/htmledit\/kindeditor\/attached\/20180913\/20180913150328_64192.jpg\" alt=\"Pure Nylon Fliament Escalator Brushes\" width=\"790\" height=\"402\" align=\"\" data-ke-src=\"\/js\/htmledit\/kindeditor\/php\/..\/attached\/20180913\/20180913150328_64192.jpg\" \/><img loading=\"lazy\" decoding=\"async\" title=\"AOQUN Escalator Spare Parts Brushes\" src=\"https:\/\/www.aoqunbrush.com\/js\/htmledit\/kindeditor\/attached\/20180913\/20180913150329_34758.jpg\" alt=\"AOQUN Escalator Spare Parts Brushes\" width=\"790\" height=\"406\" align=\"\" data-ke-src=\"\/js\/htmledit\/kindeditor\/php\/..\/attached\/20180913\/20180913150329_34758.jpg\" \/><\/p>\n<p><img loading=\"lazy\" decoding=\"async\" title=\"Brosse en nylon jaune ignifug\u00e9 \u00e0 c\u00f4t\u00e9 de l&#039;escalator\" src=\"https:\/\/www.aoqunbrush.com\/js\/htmledit\/kindeditor\/attached\/20180913\/20180913150330_36616.jpg\" alt=\"Yellow Nylon Flame Retardant Brush Beside Escalator\" width=\"790\" height=\"183\" align=\"\" data-ke-src=\"\/js\/htmledit\/kindeditor\/php\/..\/attached\/20180913\/20180913150330_36616.jpg\" \/><\/p>\n<p>&nbsp;<\/p>\n<p>V-2 : Apr\u00e8s deux essais d'inflammabilit\u00e9 de 10 secondes, la flamme s'est \u00e9teinte en 60 secondes. Certaines substances br\u00fblantes sont tomb\u00e9es.<\/p>\n<p>V-1 : Apr\u00e8s deux essais d'inflammabilit\u00e9 de 10 secondes, la flamme s'est \u00e9teinte en 60 secondes. Aucune substance br\u00fblante n'est tomb\u00e9e.<\/p>\n<p>V-0 : Apr\u00e8s deux essais d'inflammabilit\u00e9 de 10 secondes, la flamme s'est \u00e9teinte en 30 secondes. Aucune substance br\u00fblante n'est tomb\u00e9e.<\/p>\n<p>&nbsp;<\/p>\n<p>La brosse jaune vif en nylon ignifuge \u00e0 c\u00f4t\u00e9 de l'escalator avec \u00e9clairage LED donne aux passagers une forte sensation d'avertissement et am\u00e9liore la s\u00e9curit\u00e9 et les effets esth\u00e9tiques de l'escalator. Vous pouvez \u00e9galement choisir la brosse noire avec ou sans LED.<\/p>\n<p>&nbsp;<\/p>\n<p><img loading=\"lazy\" decoding=\"async\" title=\"Brosse \u00e0 c\u00f4t\u00e9 de l&#039;escalator\" src=\"https:\/\/www.aoqunbrush.com\/js\/htmledit\/kindeditor\/attached\/20180913\/20180913150335_26628.jpg\" alt=\"Brush Beside Escalator\" width=\"790\" height=\"235\" align=\"\" data-ke-src=\"\/js\/htmledit\/kindeditor\/php\/..\/attached\/20180913\/20180913150335_26628.jpg\" \/><\/p>\n<p>&nbsp;<\/p>\n<p>Fournir une vari\u00e9t\u00e9 de bases et d'embouts de brosses en alliage d'aluminium oxyd\u00e9 conformes aux normes nationales.<\/p>\n<p>&nbsp;<\/p>\n<p><img loading=\"lazy\" decoding=\"async\" title=\"Brosse \u00e0 c\u00f4t\u00e9 des accessoires d&#039;escaliers roulants\" src=\"https:\/\/www.aoqunbrush.com\/js\/htmledit\/kindeditor\/attached\/20190119\/20190119144424_69182.png\" alt=\"Brush Beside Escalator Accessories\" width=\"790\" height=\"528\" align=\"\" data-ke-src=\"\/js\/htmledit\/kindeditor\/attached\/20190119\/20190119144424_69182.png\" \/><\/p>\n<p>&nbsp;<\/p>\n<h2>\u2161. Sp\u00e9cifications de la brosse<\/h2>\n<p>Plus de 40 mod\u00e8les de profil\u00e9s en aluminium pour votre choix, peuvent \u00eatre personnalis\u00e9s selon vos dessins.<\/p>\n<p>&nbsp;<\/p>\n<p><strong><img loading=\"lazy\" decoding=\"async\" title=\"Brosse \u00e0 c\u00f4t\u00e9 du dessin de l&#039;escalator\" src=\"https:\/\/www.aoqunbrush.com\/js\/htmledit\/kindeditor\/attached\/20180913\/20180913135402_38368.jpg\" alt=\"Brush Beside Escalator drawing\" width=\"790\" height=\"1080\" align=\"\" data-ke-src=\"\/js\/htmledit\/kindeditor\/php\/..\/attached\/20180913\/20180913135402_38368.jpg\" \/><\/strong><\/p>\n<p>&nbsp;<\/p>\n<table>\n<tbody>\n<tr>\n<td colspan=\"9\">Personnalisation<\/td>\n<\/tr>\n<tr>\n<td>Profil\u00e9s en aluminium<\/td>\n<td>Rang\u00e9e simple, rang\u00e9e double<\/td>\n<td>Largeur de la base<\/td>\n<td colspan=\"6\">19,5 mm, 20 mm, 22 mm, 23 mm, 28 mm, 30 mm, etc.<\/td>\n<\/tr>\n<tr>\n<td>Mat\u00e9riau de l'embout<\/td>\n<td>Aluminium, plastique<\/td>\n<td>Couleur du pinceau<\/td>\n<td colspan=\"6\">\u00a0Noir, blanc, jaune, transparent, rouge, etc.<\/td>\n<\/tr>\n<tr>\n<td>Angle de l'escalator<\/td>\n<td>6\u00b0, 12\u00b0, 30\u00b0, 35\u00b0<\/td>\n<td>Forme de la brosse<\/td>\n<td colspan=\"6\">Droite, courb\u00e9e<\/td>\n<\/tr>\n<tr>\n<td>Mat\u00e9riau de la brosse<\/td>\n<td>PA, PP, PE, PET<\/td>\n<td>Fonctions de la brosse<\/td>\n<td colspan=\"6\">\u00a0Retardateur de flammes, antistatique, r\u00e9sistant \u00e0 l'usure<\/td>\n<\/tr>\n<tr>\n<td>Honorer les clients<\/td>\n<td colspan=\"3\">Toshiba, KONE, Otis, Hitachi, Mitsubishi, Fangda, etc.<\/td>\n<\/tr>\n<\/tbody>\n<\/table>\n<h2>L'accent sur la qualit\u00e9<\/h2>\n<p>Pour les produits de chaque lot de production, la taille, la tension, la sensation de la main et l'apparence doivent \u00eatre strictement test\u00e9es et contr\u00f4l\u00e9es.<\/p>\n<p>&nbsp;<\/p>\n<p><img loading=\"lazy\" decoding=\"async\" title=\"Brosse \u00e0 c\u00f4t\u00e9 de l&#039;escalator\" src=\"https:\/\/www.aoqunbrush.com\/js\/htmledit\/kindeditor\/attached\/20180913\/20180913135545_26930.png\" alt=\"Brush Beside Escalator\" width=\"790\" height=\"398\" align=\"\" data-ke-src=\"\/js\/htmledit\/kindeditor\/php\/..\/attached\/20180913\/20180913135545_26930.png\" \/><\/p>","protected":false},"excerpt":{"rendered":"<p>Safety Strip Brush Aluminium Extrusion Profile Escalator Spare Parts Strip Brushes \u2160. Escalator Spare Parts Strip Brush 1. Pure Nylon Filament of SGS Authentication The pure and newly nylon\u00a0filament does not contain\u00a0heavy metals, compliies\u00a0with RoHS, SVHC, etc. 2. UL94-V0 Highest Flame Retardant Grade Comply with the UL94-V0\u00a0flame retardant standards.\u00a0Extinguish immediately\u00a0when remove from the fire. 3. [&hellip;]<\/p>","protected":false},"featured_media":2227,"comment_status":"open","ping_status":"closed","template":"","meta":{"themepark_post_bcolor":"#f5f5f5","themepark_post_width":"1022px","themepark_post_img":"","themepark_post_img_po":"left","themepark_post_img_re":false,"themepark_post_img_cover":false,"themepark_post_img_fixed":false,"themepark_post_hide_title":false,"themepark_post_main_b":"","themepark_post_main_p":100,"themepark_paddingblock":false},"product_brand":[],"product_cat":[29],"product_tag":[],"class_list":{"0":"post-833","1":"product","2":"type-product","3":"status-publish","4":"has-post-thumbnail","6":"product_cat-strip-brushes","8":"first","9":"instock","10":"shipping-taxable","11":"purchasable","12":"product-type-variable"},"_links":{"self":[{"href":"https:\/\/www.aoqunbrushes.com\/fr\/wp-json\/wp\/v2\/product\/833","targetHints":{"allow":["GET"]}}],"collection":[{"href":"https:\/\/www.aoqunbrushes.com\/fr\/wp-json\/wp\/v2\/product"}],"about":[{"href":"https:\/\/www.aoqunbrushes.com\/fr\/wp-json\/wp\/v2\/types\/product"}],"replies":[{"embeddable":true,"href":"https:\/\/www.aoqunbrushes.com\/fr\/wp-json\/wp\/v2\/comments?post=833"}],"wp:featuredmedia":[{"embeddable":true,"href":"https:\/\/www.aoqunbrushes.com\/fr\/wp-json\/wp\/v2\/media\/2227"}],"wp:attachment":[{"href":"https:\/\/www.aoqunbrushes.com\/fr\/wp-json\/wp\/v2\/media?parent=833"}],"wp:term":[{"taxonomy":"product_brand","embeddable":true,"href":"https:\/\/www.aoqunbrushes.com\/fr\/wp-json\/wp\/v2\/product_brand?post=833"},{"taxonomy":"product_cat","embeddable":true,"href":"https:\/\/www.aoqunbrushes.com\/fr\/wp-json\/wp\/v2\/product_cat?post=833"},{"taxonomy":"product_tag","embeddable":true,"href":"https:\/\/www.aoqunbrushes.com\/fr\/wp-json\/wp\/v2\/product_tag?post=833"}],"curies":[{"name":"wp","href":"https:\/\/api.w.org\/{rel}","templated":true}]}}