{"id":290,"date":"2024-06-21T14:45:22","date_gmt":"2024-06-21T06:45:22","guid":{"rendered":"http:\/\/themetest6.local\/?post_type=product&#038;p=290"},"modified":"2025-09-05T17:43:18","modified_gmt":"2025-09-05T09:43:18","slug":"aircraft-door","status":"publish","type":"product","link":"https:\/\/www.aoqunbrushes.com\/fr\/produit\/aircraft-door","title":{"rendered":"Brosse pour portes de hangars a\u00e9rospatiaux Brosse pour portes de hangars a\u00e9rospatiaux Brosse pour portes de hangars a\u00e9rospatiaux Brosse pour portes de hangars a\u00e9rospatiales"},"content":{"rendered":"<h2>Caract\u00e9ristiques du produit<\/h2>\n<ul class=\"tp_attributes\"><\/ul>\n<h1><strong>Joints d'\u00e9tanch\u00e9it\u00e9 pour portes de hangars a\u00e9ronautiques a\u00e9rospatiaux<\/strong><\/h1>\n<p>\u200b<\/p>\n<p><img loading=\"lazy\" decoding=\"async\" title=\"Applications du joint \u00e0 brosse dans l&#039;a\u00e9rospatiale\" src=\"https:\/\/www.aoqunbrush.com\/js\/htmledit\/kindeditor\/attached\/20200815\/20200815172620_48557.jpg\" alt=\"Applications of Brush Seal Aerospace\" width=\"750\" height=\"750\" align=\"\" data-ke-src=\"\/js\/htmledit\/kindeditor\/attached\/20200815\/20200815172620_48557.jpg\" \/><\/p>\n<p>Le joint brosse en polypropyl\u00e8ne d'AOQUN a une friction a\u00e9rospatiale\u22651 million de fois sans aucune d\u00e9formation, ce qui permet de r\u00e9duire l'infiltration d'air de 98,5%.<\/p>\n<h2><strong>Gamme compl\u00e8te de filaments a\u00e9rospatiaux AOQUN Brush Seal<\/strong><\/h2>\n<div>Mati\u00e8re\uff1aPA, PP, poils d'animaux<\/div>\n<div>Forme\uff1aFilament droit, filament ondul\u00e9<\/div>\n<div>Fonctions\uff1aR\u00e9sistant \u00e0 l'usure, \u00c9tanche \u00e0 la poussi\u00e8re, Ignifuge, Antistatique<\/div>\n<h2><strong>Filament de polypropyl\u00e8ne retardateur de flamme d\u00e9velopp\u00e9 individuellement Brush Seal<\/strong><\/h2>\n<p>Le Polypropyl\u00e8ne Brush Seal Aerospace d'AOQUN s'\u00e9teint imm\u00e9diatement apr\u00e8s avoir \u00e9t\u00e9 \u00e9loign\u00e9 du feu avec une fum\u00e9e blanche, sans odeur piquante, et est conforme \u00e0 la directive RoHS 10. Notre produit Polypropyl\u00e8ne Brush Seal Aerospace est s\u00fbr, non toxique et respectueux de l'environnement.<\/p>\n<p>Vous pouvez \u00e9galement \u00eatre int\u00e9ress\u00e9 par les poils de laine ou le caoutchouc<a href=\"https:\/\/www.aoqunbrush.com\/door-weather-strip_c43\" target=\"_blank\" rel=\"noopener\" data-ke-src=\"https:\/\/www.aoqunbrush.com\/door-weather-strip_c43\">\u00a0<\/a><a href=\"https:\/\/www.aoqunbrush.com\/door-weather-strip_c43\" target=\"_blank\" rel=\"noopener\" data-ke-src=\"https:\/\/www.aoqunbrush.com\/door-weather-strip_c43\">joint d'\u00e9tanch\u00e9it\u00e9 de porte<\/a>\u00a0Nous disposons de tous ces \u00e9l\u00e9ments, veuillez cliquer sur le mot-cl\u00e9 correspondant pour obtenir plus de d\u00e9tails.<\/p>\n<h2><strong>\u2160. Produit\u00a0<\/strong><strong>Description<\/strong><\/h2>\n<hr \/>\n<p><img loading=\"lazy\" decoding=\"async\" title=\"Forme des joints d&#039;\u00e9tanch\u00e9it\u00e9 des portes de hangar de l&#039;industrie a\u00e9rospatiale\" src=\"https:\/\/www.aoqunbrush.com\/js\/htmledit\/kindeditor\/attached\/20180822\/20180822105638_64485.jpg\" alt=\"Form of Aerospace Aircraft Hangar Door Weather Brush Seals\" width=\"750\" height=\"445\" align=\"\" data-ke-src=\"\/js\/htmledit\/kindeditor\/attached\/20180822\/20180822105638_64485.jpg\" \/><\/p>\n<div><strong>1-Profil en aluminium<\/strong><\/div>\n<div>Traitement de surface par anodisation, diff\u00e9rentes couleurs pour l'oxydation ou le traitement par peinture<\/div>\n<p><strong>2-PA6\/PA66<\/strong><\/p>\n<p>Bonne \u00e9lasticit\u00e9, r\u00e9sistance \u00e0 l'usure, r\u00e9sistance \u00e0 la temp\u00e9rature, la temp\u00e9rature de d\u00e9naturation thermique est de 185~190\u00b0C, ce qui peut \u00eatre ajout\u00e9 au mat\u00e9riau ignifuge UL94 V0.<\/p>\n<p><strong>3 - Lisse, soign\u00e9, propre<\/strong><\/p>\n<p>Le filament de la brosse est brillant et d'\u00e9paisseur uniforme. Il est propre, sans filament croche ou oblique, sans huile, sans poussi\u00e8re, sans rouille \u00e0 la surface.<\/p>\n<p><strong>4-Rectifier le bord tranchant, sans risque de d\u00e9rapage<\/strong><\/p>\n<p>Poncer chaque ar\u00eate vive de la base de la brosse pour \u00e9viter les blessures, le joint automatique du bas de la porte ne glissera pas sous l'effet de son propre poids apr\u00e8s l'installation.<\/p>\n<h2><strong>\u2161. Brosse\u00a0<\/strong><strong>Sp\u00e9cifications et taille<\/strong><\/h2>\n<hr \/>\n<p><img loading=\"lazy\" decoding=\"async\" title=\"Sp\u00e9cifications des joints \u00e0 brosse pour portes de hangars d&#039;aviation\" src=\"https:\/\/www.aoqunbrush.com\/js\/htmledit\/kindeditor\/attached\/20180822\/20180822163436_65164.jpg\" alt=\"Specifications of Aircraft Hangar Door Brush Seals\" width=\"702\" height=\"324\" align=\"\" data-ke-src=\"\/js\/htmledit\/kindeditor\/attached\/20180822\/20180822163436_65164.jpg\" \/><\/p>\n<p>Plus de 40 mod\u00e8les de profil\u00e9s en aluminium pour votre choix, peuvent \u00eatre personnalis\u00e9s selon vos dessins.<\/p>\n<div><\/div>\n<p><img loading=\"lazy\" decoding=\"async\" title=\"Brosse de porte de hangar en aluminium Profies Aerospace\" src=\"http:\/\/www.aoqunbrush.com\/js\/htmledit\/kindeditor\/attached\/20200810\/20200810115611_27077.jpg\" alt=\"Aluminum Profies Aerospace Hangar Door Brush\" width=\"750\" height=\"162\" align=\"\" data-ke-src=\"http:\/\/www.aoqunbrush.com\/js\/htmledit\/kindeditor\/attached\/20200810\/20200810115611_27077.jpg\" \/><\/p>\n<h2><strong>\u2162. La qualit\u00e9 des brosses en point de mire<\/strong><\/h2>\n<hr \/>\n<p>Pour les produits de chaque lot de production, la taille, la tension, la sensation de la main et l'ext\u00e9rieur doivent \u00eatre strictement test\u00e9s et contr\u00f4l\u00e9s.<\/p>\n<p><img loading=\"lazy\" decoding=\"async\" title=\"Essai de qualit\u00e9 de Brush Seal Aerospace\" src=\"https:\/\/www.aoqunbrush.com\/js\/htmledit\/kindeditor\/attached\/20180822\/20180822172509_90519.jpg\" alt=\"Quality Testing of Brush Seal Aerospace\" width=\"702\" height=\"514\" align=\"\" data-ke-src=\"\/js\/htmledit\/kindeditor\/attached\/20180822\/20180822172509_90519.jpg\" \/><\/p>\n<p>AOQUN se concentre sur chaque d\u00e9tail de la production, nous avons des normes sp\u00e9cifiques pour l'emballage.<\/p>\n<p><img loading=\"lazy\" decoding=\"async\" title=\"Certifications des joints \u00e0 brosse pour intemp\u00e9ries de portes\" src=\"https:\/\/www.aoqunbrush.com\/js\/htmledit\/kindeditor\/attached\/20180911\/20180911160355_47046.jpg\" alt=\"Certifications of Door Weather Brush Seals\" width=\"750\" height=\"368\" align=\"\" data-ke-src=\"\/js\/htmledit\/kindeditor\/php\/..\/attached\/20180911\/20180911160355_47046.jpg\" \/><img loading=\"lazy\" decoding=\"async\" title=\"Joints \u00e0 brosse pour intemp\u00e9ries de portes Clients de la marque\" src=\"https:\/\/www.aoqunbrush.com\/js\/htmledit\/kindeditor\/attached\/20180911\/20180911160356_51611.jpg\" alt=\"Door Weather Brush Seals Brand Customers\" width=\"750\" height=\"416\" align=\"\" data-ke-src=\"\/js\/htmledit\/kindeditor\/php\/..\/attached\/20180911\/20180911160356_51611.jpg\" \/><\/p>\n<p><img loading=\"lazy\" decoding=\"async\" title=\"Joints d&#039;\u00e9tanch\u00e9it\u00e9 pour portes Vitrines\" src=\"https:\/\/www.aoqunbrush.com\/js\/htmledit\/kindeditor\/attached\/20180913\/20180913111250_92966.jpg\" alt=\"Door Weather Brush Seals Show Cases\" width=\"750\" height=\"816\" align=\"\" data-ke-src=\"\/js\/htmledit\/kindeditor\/attached\/20180913\/20180913111250_92966.jpg\" \/><\/p>","protected":false},"excerpt":{"rendered":"<h3>Description du produit T\u00e9l\u00e9charger<\/h3>\n<p>&nbsp;<\/p>","protected":false},"featured_media":723,"comment_status":"open","ping_status":"closed","template":"","meta":{"themepark_post_bcolor":"#f5f5f5","themepark_post_width":"1022px","themepark_post_img":"","themepark_post_img_po":"left","themepark_post_img_re":false,"themepark_post_img_cover":false,"themepark_post_img_fixed":false,"themepark_post_hide_title":false,"themepark_post_main_b":"","themepark_post_main_p":100,"themepark_paddingblock":false},"product_brand":[],"product_cat":[29],"product_tag":[],"class_list":{"0":"post-290","1":"product","2":"type-product","3":"status-publish","4":"has-post-thumbnail","6":"product_cat-strip-brushes","8":"first","9":"outofstock","10":"shipping-taxable","11":"purchasable","12":"product-type-variable"},"_links":{"self":[{"href":"https:\/\/www.aoqunbrushes.com\/fr\/wp-json\/wp\/v2\/product\/290","targetHints":{"allow":["GET"]}}],"collection":[{"href":"https:\/\/www.aoqunbrushes.com\/fr\/wp-json\/wp\/v2\/product"}],"about":[{"href":"https:\/\/www.aoqunbrushes.com\/fr\/wp-json\/wp\/v2\/types\/product"}],"replies":[{"embeddable":true,"href":"https:\/\/www.aoqunbrushes.com\/fr\/wp-json\/wp\/v2\/comments?post=290"}],"wp:featuredmedia":[{"embeddable":true,"href":"https:\/\/www.aoqunbrushes.com\/fr\/wp-json\/wp\/v2\/media\/723"}],"wp:attachment":[{"href":"https:\/\/www.aoqunbrushes.com\/fr\/wp-json\/wp\/v2\/media?parent=290"}],"wp:term":[{"taxonomy":"product_brand","embeddable":true,"href":"https:\/\/www.aoqunbrushes.com\/fr\/wp-json\/wp\/v2\/product_brand?post=290"},{"taxonomy":"product_cat","embeddable":true,"href":"https:\/\/www.aoqunbrushes.com\/fr\/wp-json\/wp\/v2\/product_cat?post=290"},{"taxonomy":"product_tag","embeddable":true,"href":"https:\/\/www.aoqunbrushes.com\/fr\/wp-json\/wp\/v2\/product_tag?post=290"}],"curies":[{"name":"wp","href":"https:\/\/api.w.org\/{rel}","templated":true}]}}