{"id":259,"date":"2024-06-21T13:51:55","date_gmt":"2024-06-21T05:51:55","guid":{"rendered":"http:\/\/themetest6.local\/?post_type=product&#038;p=259"},"modified":"2026-04-02T15:38:26","modified_gmt":"2026-04-02T07:38:26","slug":"coffee-brush","status":"publish","type":"product","link":"https:\/\/www.aoqunbrushes.com\/fr\/produit\/coffee-brush","title":{"rendered":"Brosse de nettoyage pour machine \u00e0 expresso avec cuill\u00e8re T\u00eate de brosse d\u00e9tachable pour le nettoyage du moulin \u00e0 caf\u00e9"},"content":{"rendered":"<h2>Caract\u00e9ristiques du produit<\/h2>\n<ul class=\"tp_attributes\"><\/ul>\n<h2><img loading=\"lazy\" decoding=\"async\" class=\"alignnone size-large wp-image-792\" src=\"https:\/\/www.aoqunbrushes.com\/wp-content\/uploads\/2024\/06\/\u5496\u5561\u5237\u6c34\u5370_01-620x1024.jpg\" alt=\"\" width=\"620\" height=\"1024\" srcset=\"https:\/\/www.aoqunbrushes.com\/wp-content\/uploads\/2024\/06\/\u5496\u5561\u5237\u6c34\u5370_01-620x1024.jpg 620w, https:\/\/www.aoqunbrushes.com\/wp-content\/uploads\/2024\/06\/\u5496\u5561\u5237\u6c34\u5370_01-182x300.jpg 182w, https:\/\/www.aoqunbrushes.com\/wp-content\/uploads\/2024\/06\/\u5496\u5561\u5237\u6c34\u5370_01-768x1268.jpg 768w, https:\/\/www.aoqunbrushes.com\/wp-content\/uploads\/2024\/06\/\u5496\u5561\u5237\u6c34\u5370_01-930x1536.jpg 930w, https:\/\/www.aoqunbrushes.com\/wp-content\/uploads\/2024\/06\/\u5496\u5561\u5237\u6c34\u5370_01-600x991.jpg 600w, https:\/\/www.aoqunbrushes.com\/wp-content\/uploads\/2024\/06\/\u5496\u5561\u5237\u6c34\u5370_01.jpg 1000w\" sizes=\"auto, (max-width: 620px) 100vw, 620px\" \/><\/h2>\n<h2><img loading=\"lazy\" decoding=\"async\" class=\"alignnone wp-image-793\" src=\"https:\/\/www.aoqunbrushes.com\/wp-content\/uploads\/2024\/06\/\u5496\u5561\u5237\u6c34\u5370_02.jpg\" alt=\"\" width=\"620\" height=\"1228\" srcset=\"https:\/\/www.aoqunbrushes.com\/wp-content\/uploads\/2024\/06\/\u5496\u5561\u5237\u6c34\u5370_02.jpg 1000w, https:\/\/www.aoqunbrushes.com\/wp-content\/uploads\/2024\/06\/\u5496\u5561\u5237\u6c34\u5370_02-152x300.jpg 152w, https:\/\/www.aoqunbrushes.com\/wp-content\/uploads\/2024\/06\/\u5496\u5561\u5237\u6c34\u5370_02-517x1024.jpg 517w, https:\/\/www.aoqunbrushes.com\/wp-content\/uploads\/2024\/06\/\u5496\u5561\u5237\u6c34\u5370_02-768x1521.jpg 768w, https:\/\/www.aoqunbrushes.com\/wp-content\/uploads\/2024\/06\/\u5496\u5561\u5237\u6c34\u5370_02-776x1536.jpg 776w, https:\/\/www.aoqunbrushes.com\/wp-content\/uploads\/2024\/06\/\u5496\u5561\u5237\u6c34\u5370_02-600x1188.jpg 600w\" sizes=\"auto, (max-width: 620px) 100vw, 620px\" \/><\/h2>\n<h2><img loading=\"lazy\" decoding=\"async\" class=\"alignnone wp-image-794\" src=\"https:\/\/www.aoqunbrushes.com\/wp-content\/uploads\/2024\/06\/\u5496\u5561\u5237\u6c34\u5370_03.jpg\" alt=\"\" width=\"620\" height=\"1209\" srcset=\"https:\/\/www.aoqunbrushes.com\/wp-content\/uploads\/2024\/06\/\u5496\u5561\u5237\u6c34\u5370_03.jpg 1000w, https:\/\/www.aoqunbrushes.com\/wp-content\/uploads\/2024\/06\/\u5496\u5561\u5237\u6c34\u5370_03-154x300.jpg 154w, https:\/\/www.aoqunbrushes.com\/wp-content\/uploads\/2024\/06\/\u5496\u5561\u5237\u6c34\u5370_03-525x1024.jpg 525w, https:\/\/www.aoqunbrushes.com\/wp-content\/uploads\/2024\/06\/\u5496\u5561\u5237\u6c34\u5370_03-768x1498.jpg 768w, https:\/\/www.aoqunbrushes.com\/wp-content\/uploads\/2024\/06\/\u5496\u5561\u5237\u6c34\u5370_03-788x1536.jpg 788w, https:\/\/www.aoqunbrushes.com\/wp-content\/uploads\/2024\/06\/\u5496\u5561\u5237\u6c34\u5370_03-600x1170.jpg 600w\" sizes=\"auto, (max-width: 620px) 100vw, 620px\" \/><\/h2>\n<h2><img loading=\"lazy\" decoding=\"async\" class=\"alignnone wp-image-795\" src=\"https:\/\/www.aoqunbrushes.com\/wp-content\/uploads\/2024\/06\/\u5496\u5561\u5237\u6c34\u5370_04.jpg\" alt=\"\" width=\"620\" height=\"1139\" srcset=\"https:\/\/www.aoqunbrushes.com\/wp-content\/uploads\/2024\/06\/\u5496\u5561\u5237\u6c34\u5370_04.jpg 1000w, https:\/\/www.aoqunbrushes.com\/wp-content\/uploads\/2024\/06\/\u5496\u5561\u5237\u6c34\u5370_04-163x300.jpg 163w, https:\/\/www.aoqunbrushes.com\/wp-content\/uploads\/2024\/06\/\u5496\u5561\u5237\u6c34\u5370_04-557x1024.jpg 557w, https:\/\/www.aoqunbrushes.com\/wp-content\/uploads\/2024\/06\/\u5496\u5561\u5237\u6c34\u5370_04-768x1411.jpg 768w, https:\/\/www.aoqunbrushes.com\/wp-content\/uploads\/2024\/06\/\u5496\u5561\u5237\u6c34\u5370_04-836x1536.jpg 836w, https:\/\/www.aoqunbrushes.com\/wp-content\/uploads\/2024\/06\/\u5496\u5561\u5237\u6c34\u5370_04-600x1102.jpg 600w\" sizes=\"auto, (max-width: 620px) 100vw, 620px\" \/><\/h2>\n<h2><\/h2>\n<h2><img loading=\"lazy\" decoding=\"async\" class=\"alignnone wp-image-797\" src=\"https:\/\/www.aoqunbrushes.com\/wp-content\/uploads\/2024\/06\/\u5496\u5561\u673a\u8be6\u60c5\u9875_04-648x1024.jpg\" alt=\"\" width=\"620\" height=\"979\" srcset=\"https:\/\/www.aoqunbrushes.com\/wp-content\/uploads\/2024\/06\/\u5496\u5561\u673a\u8be6\u60c5\u9875_04-648x1024.jpg 648w, https:\/\/www.aoqunbrushes.com\/wp-content\/uploads\/2024\/06\/\u5496\u5561\u673a\u8be6\u60c5\u9875_04-190x300.jpg 190w, https:\/\/www.aoqunbrushes.com\/wp-content\/uploads\/2024\/06\/\u5496\u5561\u673a\u8be6\u60c5\u9875_04-768x1213.jpg 768w, https:\/\/www.aoqunbrushes.com\/wp-content\/uploads\/2024\/06\/\u5496\u5561\u673a\u8be6\u60c5\u9875_04-600x948.jpg 600w, https:\/\/www.aoqunbrushes.com\/wp-content\/uploads\/2024\/06\/\u5496\u5561\u673a\u8be6\u60c5\u9875_04.jpg 790w\" sizes=\"auto, (max-width: 620px) 100vw, 620px\" \/><\/h2>\n<h2><img loading=\"lazy\" decoding=\"async\" class=\"alignnone wp-image-798\" src=\"https:\/\/www.aoqunbrushes.com\/wp-content\/uploads\/2024\/06\/\u5496\u5561\u673a\u8be6\u60c5\u9875_05.jpg\" alt=\"\" width=\"620\" height=\"1278\" srcset=\"https:\/\/www.aoqunbrushes.com\/wp-content\/uploads\/2024\/06\/\u5496\u5561\u673a\u8be6\u60c5\u9875_05.jpg 790w, https:\/\/www.aoqunbrushes.com\/wp-content\/uploads\/2024\/06\/\u5496\u5561\u673a\u8be6\u60c5\u9875_05-146x300.jpg 146w, https:\/\/www.aoqunbrushes.com\/wp-content\/uploads\/2024\/06\/\u5496\u5561\u673a\u8be6\u60c5\u9875_05-497x1024.jpg 497w, https:\/\/www.aoqunbrushes.com\/wp-content\/uploads\/2024\/06\/\u5496\u5561\u673a\u8be6\u60c5\u9875_05-768x1583.jpg 768w, https:\/\/www.aoqunbrushes.com\/wp-content\/uploads\/2024\/06\/\u5496\u5561\u673a\u8be6\u60c5\u9875_05-745x1536.jpg 745w, https:\/\/www.aoqunbrushes.com\/wp-content\/uploads\/2024\/06\/\u5496\u5561\u673a\u8be6\u60c5\u9875_05-600x1236.jpg 600w\" sizes=\"auto, (max-width: 620px) 100vw, 620px\" \/><\/h2>\n<h2><img loading=\"lazy\" decoding=\"async\" class=\"alignnone wp-image-799\" src=\"https:\/\/www.aoqunbrushes.com\/wp-content\/uploads\/2024\/06\/\u5496\u5561\u673a\u8be6\u60c5\u9875_06-622x1024.jpg\" alt=\"\" width=\"620\" height=\"1021\" srcset=\"https:\/\/www.aoqunbrushes.com\/wp-content\/uploads\/2024\/06\/\u5496\u5561\u673a\u8be6\u60c5\u9875_06-622x1024.jpg 622w, https:\/\/www.aoqunbrushes.com\/wp-content\/uploads\/2024\/06\/\u5496\u5561\u673a\u8be6\u60c5\u9875_06-182x300.jpg 182w, https:\/\/www.aoqunbrushes.com\/wp-content\/uploads\/2024\/06\/\u5496\u5561\u673a\u8be6\u60c5\u9875_06-768x1265.jpg 768w, https:\/\/www.aoqunbrushes.com\/wp-content\/uploads\/2024\/06\/\u5496\u5561\u673a\u8be6\u60c5\u9875_06-600x988.jpg 600w, https:\/\/www.aoqunbrushes.com\/wp-content\/uploads\/2024\/06\/\u5496\u5561\u673a\u8be6\u60c5\u9875_06.jpg 790w\" sizes=\"auto, (max-width: 620px) 100vw, 620px\" \/><\/h2>\n<h2><img loading=\"lazy\" decoding=\"async\" class=\"alignnone wp-image-800\" src=\"https:\/\/www.aoqunbrushes.com\/wp-content\/uploads\/2024\/06\/\u5496\u5561\u673a\u8be6\u60c5\u9875_07.jpg\" alt=\"\" width=\"620\" height=\"1304\" srcset=\"https:\/\/www.aoqunbrushes.com\/wp-content\/uploads\/2024\/06\/\u5496\u5561\u673a\u8be6\u60c5\u9875_07.jpg 790w, https:\/\/www.aoqunbrushes.com\/wp-content\/uploads\/2024\/06\/\u5496\u5561\u673a\u8be6\u60c5\u9875_07-143x300.jpg 143w, https:\/\/www.aoqunbrushes.com\/wp-content\/uploads\/2024\/06\/\u5496\u5561\u673a\u8be6\u60c5\u9875_07-487x1024.jpg 487w, https:\/\/www.aoqunbrushes.com\/wp-content\/uploads\/2024\/06\/\u5496\u5561\u673a\u8be6\u60c5\u9875_07-768x1615.jpg 768w, https:\/\/www.aoqunbrushes.com\/wp-content\/uploads\/2024\/06\/\u5496\u5561\u673a\u8be6\u60c5\u9875_07-731x1536.jpg 731w, https:\/\/www.aoqunbrushes.com\/wp-content\/uploads\/2024\/06\/\u5496\u5561\u673a\u8be6\u60c5\u9875_07-600x1262.jpg 600w\" sizes=\"auto, (max-width: 620px) 100vw, 620px\" \/><\/h2>","protected":false},"excerpt":{"rendered":"<p>Caract\u00e9ristiques du produit<\/p>","protected":false},"featured_media":2219,"comment_status":"open","ping_status":"closed","template":"","meta":{"themepark_post_bcolor":"#f5f5f5","themepark_post_width":"1022px","themepark_post_img":"","themepark_post_img_po":"left","themepark_post_img_re":false,"themepark_post_img_cover":false,"themepark_post_img_fixed":false,"themepark_post_hide_title":false,"themepark_post_main_b":"","themepark_post_main_p":100,"themepark_paddingblock":false},"product_brand":[],"product_cat":[32],"product_tag":[],"class_list":{"0":"post-259","1":"product","2":"type-product","3":"status-publish","4":"has-post-thumbnail","6":"product_cat-twisted-in-wire-brushes","8":"first","9":"outofstock","10":"shipping-taxable","11":"purchasable","12":"product-type-variable"},"_links":{"self":[{"href":"https:\/\/www.aoqunbrushes.com\/fr\/wp-json\/wp\/v2\/product\/259","targetHints":{"allow":["GET"]}}],"collection":[{"href":"https:\/\/www.aoqunbrushes.com\/fr\/wp-json\/wp\/v2\/product"}],"about":[{"href":"https:\/\/www.aoqunbrushes.com\/fr\/wp-json\/wp\/v2\/types\/product"}],"replies":[{"embeddable":true,"href":"https:\/\/www.aoqunbrushes.com\/fr\/wp-json\/wp\/v2\/comments?post=259"}],"wp:featuredmedia":[{"embeddable":true,"href":"https:\/\/www.aoqunbrushes.com\/fr\/wp-json\/wp\/v2\/media\/2219"}],"wp:attachment":[{"href":"https:\/\/www.aoqunbrushes.com\/fr\/wp-json\/wp\/v2\/media?parent=259"}],"wp:term":[{"taxonomy":"product_brand","embeddable":true,"href":"https:\/\/www.aoqunbrushes.com\/fr\/wp-json\/wp\/v2\/product_brand?post=259"},{"taxonomy":"product_cat","embeddable":true,"href":"https:\/\/www.aoqunbrushes.com\/fr\/wp-json\/wp\/v2\/product_cat?post=259"},{"taxonomy":"product_tag","embeddable":true,"href":"https:\/\/www.aoqunbrushes.com\/fr\/wp-json\/wp\/v2\/product_tag?post=259"}],"curies":[{"name":"wp","href":"https:\/\/api.w.org\/{rel}","templated":true}]}}