{"id":1712,"date":"2025-08-14T18:00:20","date_gmt":"2025-08-14T10:00:20","guid":{"rendered":"https:\/\/www.abrushqueen.com\/?post_type=product&#038;p=1712"},"modified":"2026-03-25T17:31:22","modified_gmt":"2026-03-25T09:31:22","slug":"test-tube-cleaning-brush","status":"publish","type":"product","link":"https:\/\/www.aoqunbrushes.com\/fr\/produit\/test-tube-cleaning-brush","title":{"rendered":"Brosse de nettoyage pour tubes \u00e0 essai \u00e0 t\u00eate en nylon et fils torsad\u00e9s en acier inoxydable"},"content":{"rendered":"<p>&nbsp;<\/p>\n<p><img loading=\"lazy\" decoding=\"async\" title=\"Brosse de nettoyage pour tubes Aoqun\" src=\"http:\/\/www.aoqunbrush.com\/js\/htmledit\/kindeditor\/attached\/20180915\/20180915171657_68442.jpg\" alt=\"Aoqun Tube Pipe Cleaning Brush\" width=\"750\" height=\"424\" align=\"\" \/><\/p>\n<h2><strong>\u2161. Sp\u00e9cification de la brosse<\/strong><\/h2>\n<hr \/>\n<p><img loading=\"lazy\" decoding=\"async\" title=\"Brosses de nettoyage pour tubes et tuyaux Dessin\" src=\"http:\/\/www.aoqunbrush.com\/js\/htmledit\/kindeditor\/attached\/20180915\/20180915153524_27330.png\" alt=\"Tube Pipe Cleaning Brushes Drawing\" width=\"750\" height=\"342\" align=\"\" \/><\/p>\n<p><strong>La t\u00eate de la brosse peut \u00eatre transform\u00e9e en \u00e9ventail, en cercle, en extr\u00e9mit\u00e9 en plastique, etc.<\/strong><img loading=\"lazy\" decoding=\"async\" title=\"Brosses de nettoyage de tubes T\u00eate\" src=\"https:\/\/www.aoqunbrush.com\/js\/htmledit\/kindeditor\/attached\/20190531\/20190531170045_68862.jpg\" alt=\"Tube Pipe Cleaning Brushes Head\" width=\"750\" height=\"545\" align=\"\" \/><\/p>\n<p><strong>Le manche de la brosse peut \u00eatre transform\u00e9 en : coupe, cerceau, manche en plastique.\u00a0<\/strong><strong>La tige peut \u00eatre constitu\u00e9e de deux fils d'acier ou de quatre fils d'acier, etc.<\/strong><\/p>\n<div align=\"center\"><img loading=\"lazy\" decoding=\"async\" title=\"Brosse de nettoyage pour tubes et tuyaux\" src=\"https:\/\/www.aoqunbrush.com\/js\/htmledit\/kindeditor\/attached\/20190531\/20190531170113_66223.jpg\" alt=\"Tube Pipe Cleaning Brush\" width=\"750\" height=\"753\" align=\"\" \/><\/div>\n<div><\/div>\n<h2><strong>\u2162.\u00a0<\/strong><strong>Fabrication des produits<\/strong><\/h2>\n<hr \/>\n<p><img loading=\"lazy\" decoding=\"async\" title=\"Brosse de nettoyage pour tubes et tuyaux Fabrication\" src=\"http:\/\/www.aoqunbrush.com\/js\/htmledit\/kindeditor\/attached\/20180915\/20180915172856_79496.jpg\" alt=\"Tube Pipe Cleaning Brush Manufacture\" width=\"750\" height=\"650\" align=\"\" \/><\/p>\n<p><strong>\u2160. Applications de la brosse<\/strong><\/p>\n<hr \/>\n<p><strong>Brosses de nettoyage pour tubes \u00e0 essai<\/strong><\/p>\n<p><img loading=\"lazy\" decoding=\"async\" title=\"Application de la brosse de nettoyage pour tubes \u00e0 essai\" src=\"http:\/\/www.aoqunbrush.com\/js\/htmledit\/kindeditor\/attached\/20180915\/20180915172145_68678.jpg\" alt=\"Test Tube Cleaning Brush Application\" width=\"750\" height=\"431\" align=\"\" \/><\/p>\n<p><strong>Brosses pour le nettoyage des tubes d'instruments de musique<\/strong><\/p>\n<p><img loading=\"lazy\" decoding=\"async\" title=\"Brosse de nettoyage pour tubes d&#039;instruments de musique\" src=\"http:\/\/www.aoqunbrush.com\/js\/htmledit\/kindeditor\/attached\/20180915\/20180915172147_53284.jpg\" alt=\"Music Instrument Tube Pipe Cleaning Brush\" width=\"750\" height=\"403\" align=\"\" \/><\/p>\n<p><strong>Brosses pour le nettoyage des tuyaux de paille \u00e0 boire<\/strong><\/p>\n<p><img loading=\"lazy\" decoding=\"async\" title=\"Brosse de nettoyage pour tuyau de paille\" src=\"http:\/\/www.aoqunbrush.com\/js\/htmledit\/kindeditor\/attached\/20180915\/20180915172148_65169.jpg\" alt=\"Drinking Straw Pipe Cleaning Brush\" width=\"750\" height=\"431\" align=\"\" \/><\/p>\n<p><strong>Brosses de nettoyage pour tuyaux de CPAP<\/strong><\/p>\n<p><img loading=\"lazy\" decoding=\"async\" title=\"Brosse de nettoyage pour tube de CPAP\" src=\"http:\/\/www.aoqunbrush.com\/js\/htmledit\/kindeditor\/attached\/20180915\/20180915171734_44303.jpg\" alt=\"CPAP Tube Hose Cleaning Brush\" width=\"753\" height=\"445\" align=\"\" \/><\/p>","protected":false},"excerpt":{"rendered":"<p>&nbsp; \u2161. Sp\u00e9cification de la brosse La t\u00eate de la brosse peut \u00eatre transform\u00e9e en \u00e9ventail, en cercle, en extr\u00e9mit\u00e9 en plastique, etc. Le manche de la brosse peut \u00eatre fabriqu\u00e9 en forme de coupe, de cerceau, de manche en plastique. La tige peut \u00eatre faite de deux fils d'acier ou de quatre fils d'acier, etc. \u2162. Fabrication du produit \u2160. Applications des brosses Brosses de nettoyage d'\u00e9prouvettes Brosses de nettoyage de tubes d'instruments de musique Nettoyage de tubes d'instruments de musique [...]<\/p>","protected":false},"featured_media":2124,"comment_status":"open","ping_status":"closed","template":"","meta":{"themepark_post_bcolor":"#f5f5f5","themepark_post_width":"1022px","themepark_post_img":"","themepark_post_img_po":"left","themepark_post_img_re":false,"themepark_post_img_cover":false,"themepark_post_img_fixed":false,"themepark_post_hide_title":false,"themepark_post_main_b":"","themepark_post_main_p":100,"themepark_paddingblock":false},"product_brand":[],"product_cat":[32],"product_tag":[],"class_list":{"0":"post-1712","1":"product","2":"type-product","3":"status-publish","4":"has-post-thumbnail","6":"product_cat-twisted-in-wire-brushes","8":"first","9":"instock","10":"sold-individually","11":"shipping-taxable","12":"purchasable","13":"product-type-variable"},"_links":{"self":[{"href":"https:\/\/www.aoqunbrushes.com\/fr\/wp-json\/wp\/v2\/product\/1712","targetHints":{"allow":["GET"]}}],"collection":[{"href":"https:\/\/www.aoqunbrushes.com\/fr\/wp-json\/wp\/v2\/product"}],"about":[{"href":"https:\/\/www.aoqunbrushes.com\/fr\/wp-json\/wp\/v2\/types\/product"}],"replies":[{"embeddable":true,"href":"https:\/\/www.aoqunbrushes.com\/fr\/wp-json\/wp\/v2\/comments?post=1712"}],"wp:featuredmedia":[{"embeddable":true,"href":"https:\/\/www.aoqunbrushes.com\/fr\/wp-json\/wp\/v2\/media\/2124"}],"wp:attachment":[{"href":"https:\/\/www.aoqunbrushes.com\/fr\/wp-json\/wp\/v2\/media?parent=1712"}],"wp:term":[{"taxonomy":"product_brand","embeddable":true,"href":"https:\/\/www.aoqunbrushes.com\/fr\/wp-json\/wp\/v2\/product_brand?post=1712"},{"taxonomy":"product_cat","embeddable":true,"href":"https:\/\/www.aoqunbrushes.com\/fr\/wp-json\/wp\/v2\/product_cat?post=1712"},{"taxonomy":"product_tag","embeddable":true,"href":"https:\/\/www.aoqunbrushes.com\/fr\/wp-json\/wp\/v2\/product_tag?post=1712"}],"curies":[{"name":"wp","href":"https:\/\/api.w.org\/{rel}","templated":true}]}}