{"id":1656,"date":"2025-08-09T17:12:11","date_gmt":"2025-08-09T09:12:11","guid":{"rendered":"https:\/\/www.abrushqueen.com\/?post_type=product&#038;p=1656"},"modified":"2026-03-25T17:21:49","modified_gmt":"2026-03-25T09:21:49","slug":"guard-gutter-brush","status":"publish","type":"product","link":"https:\/\/www.aoqunbrushes.com\/fr\/produit\/guard-gutter-brush","title":{"rendered":"Roof Guard Gutter Brush | S'adapte \u00e0 toutes les goutti\u00e8res et les prot\u00e8ge | Emp\u00eache les feuilles et les d\u00e9bris de se boucher"},"content":{"rendered":"<h2><strong>Brosses de protection des goutti\u00e8res AOQUN<\/strong><\/h2>\n<p>&nbsp;<\/p>\n<p>La brosse \u00e0 goutti\u00e8re AQOUN aide \u00e0 pr\u00e9venir le d\u00e9bordement de l'eau de pluie en prot\u00e9geant les goutti\u00e8res contre la p\u00e9n\u00e9tration de feuilles, de brindilles, d'oiseaux et de rongeurs, tout en permettant \u00e0 l'eau destructrice de s'\u00e9couler librement.<\/p>\n<p>Emp\u00eache le colmatage et r\u00e9siste aux fortes pluies, \u00e0 la neige et \u00e0 la glace.<\/p>\n<p><img loading=\"lazy\" decoding=\"async\" title=\"Brosse t\u00e9lescopique de bonne qualit\u00e9 pour le nettoyage des toits et des goutti\u00e8res\" src=\"http:\/\/www.aoqunbrush.com\/js\/htmledit\/kindeditor\/attached\/20180918\/20180918172030_24013.jpg\" alt=\"Good Quality Telescopic Roof Cleaning Gutter Worm Brush\" width=\"750\" height=\"398\" align=\"\" \/><\/p>\n<p>&nbsp;<\/p>\n<h2><strong>\u2160. Description du produit<\/strong><\/h2>\n<hr \/>\n<p><strong>Acier inoxydable 304 :\u00a0<\/strong>La vis sans fin de goutti\u00e8re AOQUN pr\u00e9sente de tr\u00e8s bonnes caract\u00e9ristiques telles que la r\u00e9sistance \u00e0 la corrosion, la r\u00e9sistance \u00e0 la chaleur, la r\u00e9sistance aux basses temp\u00e9ratures et la r\u00e9sistance \u00e0 la rouille.<\/p>\n<p><strong>PP\/PA\/PET Qualit\u00e9 du filament :\u00a0<\/strong>r\u00e9sistance \u00e0 la corrosion, r\u00e9sistance aux hautes et basses temp\u00e9ratures, \u00e9galement anti-ultraviolets.<\/p>\n<p><strong><img loading=\"lazy\" decoding=\"async\" title=\"Brosses de nettoyage de goutti\u00e8res d\u00e9tail\" src=\"http:\/\/www.aoqunbrush.com\/js\/htmledit\/kindeditor\/attached\/20180918\/20180918151939_86366.jpg\" alt=\"Gutter Cleaning Brushes detail\" width=\"750\" height=\"568\" align=\"\" \/><\/strong><\/p>\n<div class=\"table-responsive\">\n<table class=\"ke-zeroborder\" border=\"0\" width=\"827\" cellspacing=\"0\" cellpadding=\"0\">\n<tbody>\n<tr>\n<td width=\"410\" height=\"165\"><strong>Protection int\u00e9grale \u00e0 360 degr\u00e9s<\/strong><\/td>\n<td class=\"xl65\" width=\"417\"><img loading=\"lazy\" decoding=\"async\" title=\"Brosses pour vers de goutti\u00e8re\" src=\"http:\/\/www.aoqunbrush.com\/js\/htmledit\/kindeditor\/attached\/20180918\/20180918165819_29947.jpg\" alt=\"Gutter Worm Brushes\" width=\"445\" height=\"166\" align=\"\" \/><\/td>\n<\/tr>\n<\/tbody>\n<\/table>\n<\/div>\n<p>&nbsp;<\/p>\n<div class=\"table-responsive\">\n<table class=\"ke-zeroborder\" border=\"0\" width=\"827\" cellspacing=\"0\" cellpadding=\"0\">\n<tbody>\n<tr>\n<td width=\"410\" height=\"269\"><img loading=\"lazy\" decoding=\"async\" title=\"Ver de goutti\u00e8re\" src=\"http:\/\/www.aoqunbrush.com\/js\/htmledit\/kindeditor\/attached\/20180918\/20180918165854_28722.jpg\" alt=\"Roof Gutter Worm\" width=\"450\" height=\"291\" align=\"\" \/><\/td>\n<td class=\"xl65\" width=\"417\"><strong>Pour \u00e9viter la formation de gla\u00e7ons et de digues de glace dans les goutti\u00e8res<\/strong><\/td>\n<\/tr>\n<\/tbody>\n<\/table>\n<\/div>\n<p>&nbsp;<\/p>\n<div class=\"table-responsive\">\n<table class=\"ke-zeroborder\" border=\"0\" width=\"827\" cellspacing=\"0\" cellpadding=\"0\">\n<tbody>\n<tr>\n<td width=\"410\" height=\"269\">\n<div><strong>Suffisamment flexible pour fixer tous les types de goutti\u00e8res<\/strong><\/div>\n<\/td>\n<td class=\"xl63\" width=\"417\"><img loading=\"lazy\" decoding=\"async\" title=\"Brosses pour vers de goutti\u00e8re\" src=\"http:\/\/www.aoqunbrush.com\/js\/htmledit\/kindeditor\/attached\/20180918\/20180918165938_33186.jpg\" alt=\"Gutter Worm Brushes\" width=\"455\" height=\"291\" align=\"\" \/><\/td>\n<\/tr>\n<\/tbody>\n<\/table>\n<\/div>\n<p>&nbsp;<\/p>\n<p>&nbsp;<\/p>\n<h2><strong>\u2161. Sp\u00e9cifications de la brosse<\/strong><\/h2>\n<p>&nbsp;<\/p>\n<hr \/>\n<p><img loading=\"lazy\" decoding=\"async\" title=\"Dessin de brosses de nettoyage de goutti\u00e8res\" src=\"http:\/\/www.aoqunbrush.com\/js\/htmledit\/kindeditor\/attached\/20210706\/20210706161422_13380.jpg\" alt=\"Gutter Cleaning Brushes drawing\" width=\"742\" height=\"412\" align=\"\" \/><\/p>\n<p><strong>Nous pouvons personnaliser la vis sans fin de goutti\u00e8re en fonction de la taille, du film, de la couleur, de l'arbre, etc.<\/strong><\/p>\n<p>&nbsp;<\/p>\n<p><img loading=\"lazy\" decoding=\"async\" title=\"t\u00eate de brosse \u00e0 goutti\u00e8re\" src=\"http:\/\/www.aoqunbrush.com\/js\/htmledit\/kindeditor\/attached\/20180918\/20180918152759_85065.jpg\" alt=\"gutter brush head\" width=\"750\" height=\"370\" align=\"\" \/><\/p>\n<h2><strong>\u2162.\u00a0<\/strong><strong>Flux de fabrication<\/strong><\/h2>\n<p>&nbsp;<\/p>\n<hr \/>\n<p align=\"center\"><img loading=\"lazy\" decoding=\"async\" title=\"Goutti\u00e8re de toit Ecoulement de la fabrication de vers\" src=\"https:\/\/www.aoqunbrush.com\/js\/htmledit\/kindeditor\/attached\/20190621\/20190621171145_10158.jpg\" alt=\"Roof Gutter Worm manufacture flow\" width=\"750\" height=\"761\" align=\"\" \/><\/p>\n<p>&nbsp;<\/p>\n<div class=\"table-responsive\">\n<table class=\"ke-zeroborder\" border=\"0\" width=\"827\" cellspacing=\"0\" cellpadding=\"0\">\n<tbody>\n<tr>\n<td width=\"410\" height=\"269\"><img loading=\"lazy\" decoding=\"async\" title=\"Ver de goutti\u00e8re\" src=\"http:\/\/www.aoqunbrush.com\/js\/htmledit\/kindeditor\/attached\/20180918\/20180918162914_84927.jpg\" alt=\"Gutter Worm\" width=\"455\" height=\"447\" align=\"\" \/><\/td>\n<td class=\"xl65\" width=\"417\">\u00a0\u00a0\u00a0\u00a0<strong>Guangzhou Aoqun Brush Industry Technology\u00a0<\/strong><\/p>\n<p><strong>\u00a0 \u00a0 \u00a0Co, Ltd\u00a0<\/strong>est un fabricant professionnel de brosses pour diff\u00e9rentes industries. Nous offrons une large gamme de produits standard et personnalis\u00e9s. Nous disposons de<\/p>\n<p>une technologie de production, des employ\u00e9s excellents et<\/p>\n<p>une efficacit\u00e9 de production \u00e9lev\u00e9e, une production par habitant plus importante<\/p>\n<p>que\u00a0<strong>1800 m\u00e8tres\/heure<\/strong>\u00a0, attribu\u00e9\u00a0<strong>ISO 9001:2015<br \/>\n<\/strong><\/p>\n<p><strong>\u00a0\u00a0\u00a0\u00a0<\/strong>la certification de qualit\u00e9, et qualifi\u00e9e par\u00a0<strong>CNAS,\u00a0<\/strong><strong>IAF, CE,<br \/>\n<\/strong><\/p>\n<p><strong>\u00a0\u00a0 SGS<\/strong>.<\/td>\n<\/tr>\n<\/tbody>\n<\/table>\n<\/div>\n<h2><strong>\u2163.\u00a0<\/strong><strong>Application du produit<\/strong><\/h2>\n<p>&nbsp;<\/p>\n<hr \/>\n<p><strong>Une solution efficace pour nettoyer les goutti\u00e8res :\u00a0<\/strong>La vis sans fin pour goutti\u00e8re AOQUN est couramment utilis\u00e9e dans tous les types de goutti\u00e8res, notamment en cuivre, en PVC, en aluminium, en acier galvanis\u00e9 ou en acier inoxydable.<\/p>\n<p><strong><img loading=\"lazy\" decoding=\"async\" title=\"Brosse \u00e0 vers de goutti\u00e8re\" src=\"http:\/\/www.aoqunbrush.com\/js\/htmledit\/kindeditor\/attached\/20180918\/20180918170136_35554.png\" alt=\"Gutter Worm Brush\" width=\"750\" height=\"548\" align=\"\" \/><\/strong><\/p>","protected":false},"excerpt":{"rendered":"<p>AOQUN Gutter Guard Brushes AQOUN Gutter Brush aide \u00e0 pr\u00e9venir le d\u00e9bordement de l'eau de pluie en prot\u00e9geant les goutti\u00e8res contre la p\u00e9n\u00e9tration de feuilles, de brindilles, d'oiseaux et de rongeurs, tout en permettant \u00e0 l'eau destructrice de s'\u00e9couler librement. Emp\u00eache le colmatage et r\u00e9siste aux fortes pluies, \u00e0 la neige et \u00e0 la glace.   \u2160. Description du produit Acier inoxydable 304 : Les vers de goutti\u00e8re AOQUN sont tr\u00e8s [...]<\/p>","protected":false},"featured_media":2114,"comment_status":"open","ping_status":"closed","template":"","meta":{"themepark_post_bcolor":"#f5f5f5","themepark_post_width":"1022px","themepark_post_img":"","themepark_post_img_po":"left","themepark_post_img_re":false,"themepark_post_img_cover":false,"themepark_post_img_fixed":false,"themepark_post_hide_title":false,"themepark_post_main_b":"","themepark_post_main_p":100,"themepark_paddingblock":false},"product_brand":[],"product_cat":[32],"product_tag":[],"class_list":{"0":"post-1656","1":"product","2":"type-product","3":"status-publish","4":"has-post-thumbnail","6":"product_cat-twisted-in-wire-brushes","8":"first","9":"instock","10":"shipping-taxable","11":"purchasable","12":"product-type-variable"},"_links":{"self":[{"href":"https:\/\/www.aoqunbrushes.com\/fr\/wp-json\/wp\/v2\/product\/1656","targetHints":{"allow":["GET"]}}],"collection":[{"href":"https:\/\/www.aoqunbrushes.com\/fr\/wp-json\/wp\/v2\/product"}],"about":[{"href":"https:\/\/www.aoqunbrushes.com\/fr\/wp-json\/wp\/v2\/types\/product"}],"replies":[{"embeddable":true,"href":"https:\/\/www.aoqunbrushes.com\/fr\/wp-json\/wp\/v2\/comments?post=1656"}],"wp:featuredmedia":[{"embeddable":true,"href":"https:\/\/www.aoqunbrushes.com\/fr\/wp-json\/wp\/v2\/media\/2114"}],"wp:attachment":[{"href":"https:\/\/www.aoqunbrushes.com\/fr\/wp-json\/wp\/v2\/media?parent=1656"}],"wp:term":[{"taxonomy":"product_brand","embeddable":true,"href":"https:\/\/www.aoqunbrushes.com\/fr\/wp-json\/wp\/v2\/product_brand?post=1656"},{"taxonomy":"product_cat","embeddable":true,"href":"https:\/\/www.aoqunbrushes.com\/fr\/wp-json\/wp\/v2\/product_cat?post=1656"},{"taxonomy":"product_tag","embeddable":true,"href":"https:\/\/www.aoqunbrushes.com\/fr\/wp-json\/wp\/v2\/product_tag?post=1656"}],"curies":[{"name":"wp","href":"https:\/\/api.w.org\/{rel}","templated":true}]}}