{"id":1627,"date":"2025-07-30T16:00:11","date_gmt":"2025-07-30T08:00:11","guid":{"rendered":"https:\/\/www.abrushqueen.com\/?post_type=product&#038;p=1627"},"modified":"2026-03-25T17:19:12","modified_gmt":"2026-03-25T09:19:12","slug":"cpap-tube-hose-cleaning-brush-medical-instrument-cleaning","status":"publish","type":"product","link":"https:\/\/www.aoqunbrushes.com\/fr\/produit\/cpap-tube-hose-cleaning-brush-medical-instrument-cleaning","title":{"rendered":"Brosse de nettoyage pour tube CPAP | Nettoyage d'instruments m\u00e9dicaux"},"content":{"rendered":"<p><img loading=\"lazy\" decoding=\"async\" class=\"alignnone wp-image-1632\" src=\"https:\/\/www.aoqunbrushes.com\/wp-content\/uploads\/2025\/07\/CPAP\u5237-1-1.jpg\" alt=\"cpap hose cleaning brush\" width=\"750\" height=\"1522\" srcset=\"https:\/\/www.aoqunbrushes.com\/wp-content\/uploads\/2025\/07\/CPAP\u5237-1-1.jpg 1000w, https:\/\/www.aoqunbrushes.com\/wp-content\/uploads\/2025\/07\/CPAP\u5237-1-1-148x300.jpg 148w, https:\/\/www.aoqunbrushes.com\/wp-content\/uploads\/2025\/07\/CPAP\u5237-1-1-505x1024.jpg 505w, https:\/\/www.aoqunbrushes.com\/wp-content\/uploads\/2025\/07\/CPAP\u5237-1-1-768x1558.jpg 768w, https:\/\/www.aoqunbrushes.com\/wp-content\/uploads\/2025\/07\/CPAP\u5237-1-1-757x1536.jpg 757w, https:\/\/www.aoqunbrushes.com\/wp-content\/uploads\/2025\/07\/CPAP\u5237-1-1-6x12.jpg 6w, https:\/\/www.aoqunbrushes.com\/wp-content\/uploads\/2025\/07\/CPAP\u5237-1-1-600x1217.jpg 600w\" sizes=\"auto, (max-width: 750px) 100vw, 750px\" \/><\/p>\n<p><img loading=\"lazy\" decoding=\"async\" class=\"alignnone wp-image-1633\" src=\"https:\/\/www.aoqunbrushes.com\/wp-content\/uploads\/2025\/07\/CPAP\u5237-2-1.jpg\" alt=\"cpap hose cleaning brush\" width=\"750\" height=\"1242\" srcset=\"https:\/\/www.aoqunbrushes.com\/wp-content\/uploads\/2025\/07\/CPAP\u5237-2-1.jpg 1000w, https:\/\/www.aoqunbrushes.com\/wp-content\/uploads\/2025\/07\/CPAP\u5237-2-1-181x300.jpg 181w, https:\/\/www.aoqunbrushes.com\/wp-content\/uploads\/2025\/07\/CPAP\u5237-2-1-618x1024.jpg 618w, https:\/\/www.aoqunbrushes.com\/wp-content\/uploads\/2025\/07\/CPAP\u5237-2-1-768x1272.jpg 768w, https:\/\/www.aoqunbrushes.com\/wp-content\/uploads\/2025\/07\/CPAP\u5237-2-1-928x1536.jpg 928w, https:\/\/www.aoqunbrushes.com\/wp-content\/uploads\/2025\/07\/CPAP\u5237-2-1-7x12.jpg 7w, https:\/\/www.aoqunbrushes.com\/wp-content\/uploads\/2025\/07\/CPAP\u5237-2-1-600x994.jpg 600w\" sizes=\"auto, (max-width: 750px) 100vw, 750px\" \/><\/p>\n<p><img loading=\"lazy\" decoding=\"async\" class=\"alignnone wp-image-1634\" src=\"https:\/\/www.aoqunbrushes.com\/wp-content\/uploads\/2025\/07\/CPAP\u5237-3-1.jpg\" alt=\"cpap hose cleaning brush\" width=\"750\" height=\"1442\" srcset=\"https:\/\/www.aoqunbrushes.com\/wp-content\/uploads\/2025\/07\/CPAP\u5237-3-1.jpg 1000w, https:\/\/www.aoqunbrushes.com\/wp-content\/uploads\/2025\/07\/CPAP\u5237-3-1-156x300.jpg 156w, https:\/\/www.aoqunbrushes.com\/wp-content\/uploads\/2025\/07\/CPAP\u5237-3-1-533x1024.jpg 533w, https:\/\/www.aoqunbrushes.com\/wp-content\/uploads\/2025\/07\/CPAP\u5237-3-1-768x1477.jpg 768w, https:\/\/www.aoqunbrushes.com\/wp-content\/uploads\/2025\/07\/CPAP\u5237-3-1-799x1536.jpg 799w, https:\/\/www.aoqunbrushes.com\/wp-content\/uploads\/2025\/07\/CPAP\u5237-3-1-6x12.jpg 6w, https:\/\/www.aoqunbrushes.com\/wp-content\/uploads\/2025\/07\/CPAP\u5237-3-1-600x1154.jpg 600w\" sizes=\"auto, (max-width: 750px) 100vw, 750px\" \/> <img loading=\"lazy\" decoding=\"async\" class=\"alignnone wp-image-1637\" src=\"https:\/\/www.aoqunbrushes.com\/wp-content\/uploads\/2025\/07\/CPAP\u5237-6.jpg\" alt=\"cpap hose cleaning brush\" width=\"750\" height=\"1159\" srcset=\"https:\/\/www.aoqunbrushes.com\/wp-content\/uploads\/2025\/07\/CPAP\u5237-6.jpg 1000w, https:\/\/www.aoqunbrushes.com\/wp-content\/uploads\/2025\/07\/CPAP\u5237-6-194x300.jpg 194w, https:\/\/www.aoqunbrushes.com\/wp-content\/uploads\/2025\/07\/CPAP\u5237-6-663x1024.jpg 663w, https:\/\/www.aoqunbrushes.com\/wp-content\/uploads\/2025\/07\/CPAP\u5237-6-768x1187.jpg 768w, https:\/\/www.aoqunbrushes.com\/wp-content\/uploads\/2025\/07\/CPAP\u5237-6-994x1536.jpg 994w, https:\/\/www.aoqunbrushes.com\/wp-content\/uploads\/2025\/07\/CPAP\u5237-6-8x12.jpg 8w, https:\/\/www.aoqunbrushes.com\/wp-content\/uploads\/2025\/07\/CPAP\u5237-6-600x927.jpg 600w\" sizes=\"auto, (max-width: 750px) 100vw, 750px\" \/><\/p>\n<p><img loading=\"lazy\" decoding=\"async\" class=\"alignnone wp-image-1635\" src=\"https:\/\/www.aoqunbrushes.com\/wp-content\/uploads\/2025\/07\/CPAP\u5237-4-1.jpg\" alt=\"cpap hose cleaning brush\" width=\"750\" height=\"1415\" srcset=\"https:\/\/www.aoqunbrushes.com\/wp-content\/uploads\/2025\/07\/CPAP\u5237-4-1.jpg 1000w, https:\/\/www.aoqunbrushes.com\/wp-content\/uploads\/2025\/07\/CPAP\u5237-4-1-159x300.jpg 159w, https:\/\/www.aoqunbrushes.com\/wp-content\/uploads\/2025\/07\/CPAP\u5237-4-1-543x1024.jpg 543w, https:\/\/www.aoqunbrushes.com\/wp-content\/uploads\/2025\/07\/CPAP\u5237-4-1-768x1449.jpg 768w, https:\/\/www.aoqunbrushes.com\/wp-content\/uploads\/2025\/07\/CPAP\u5237-4-1-814x1536.jpg 814w, https:\/\/www.aoqunbrushes.com\/wp-content\/uploads\/2025\/07\/CPAP\u5237-4-1-6x12.jpg 6w, https:\/\/www.aoqunbrushes.com\/wp-content\/uploads\/2025\/07\/CPAP\u5237-4-1-600x1132.jpg 600w\" sizes=\"auto, (max-width: 750px) 100vw, 750px\" \/> <img loading=\"lazy\" decoding=\"async\" class=\"alignnone wp-image-1636\" src=\"https:\/\/www.aoqunbrushes.com\/wp-content\/uploads\/2025\/07\/CPAP\u5237-5-1.jpg\" alt=\"cpap hose cleaning brush\" width=\"750\" height=\"1857\" srcset=\"https:\/\/www.aoqunbrushes.com\/wp-content\/uploads\/2025\/07\/CPAP\u5237-5-1.jpg 800w, https:\/\/www.aoqunbrushes.com\/wp-content\/uploads\/2025\/07\/CPAP\u5237-5-1-121x300.jpg 121w, https:\/\/www.aoqunbrushes.com\/wp-content\/uploads\/2025\/07\/CPAP\u5237-5-1-414x1024.jpg 414w, https:\/\/www.aoqunbrushes.com\/wp-content\/uploads\/2025\/07\/CPAP\u5237-5-1-768x1902.jpg 768w, https:\/\/www.aoqunbrushes.com\/wp-content\/uploads\/2025\/07\/CPAP\u5237-5-1-620x1536.jpg 620w, https:\/\/www.aoqunbrushes.com\/wp-content\/uploads\/2025\/07\/CPAP\u5237-5-1-5x12.jpg 5w, https:\/\/www.aoqunbrushes.com\/wp-content\/uploads\/2025\/07\/CPAP\u5237-5-1-600x1486.jpg 600w\" sizes=\"auto, (max-width: 750px) 100vw, 750px\" \/> \u00a0<img loading=\"lazy\" decoding=\"async\" class=\"alignnone wp-image-1638\" src=\"https:\/\/www.aoqunbrushes.com\/wp-content\/uploads\/2025\/07\/CPAP\u5237-7-1.jpg\" alt=\"cpap hose cleaning brush\" width=\"750\" height=\"1603\" srcset=\"https:\/\/www.aoqunbrushes.com\/wp-content\/uploads\/2025\/07\/CPAP\u5237-7-1.jpg 1000w, https:\/\/www.aoqunbrushes.com\/wp-content\/uploads\/2025\/07\/CPAP\u5237-7-1-140x300.jpg 140w, https:\/\/www.aoqunbrushes.com\/wp-content\/uploads\/2025\/07\/CPAP\u5237-7-1-479x1024.jpg 479w, https:\/\/www.aoqunbrushes.com\/wp-content\/uploads\/2025\/07\/CPAP\u5237-7-1-768x1641.jpg 768w, https:\/\/www.aoqunbrushes.com\/wp-content\/uploads\/2025\/07\/CPAP\u5237-7-1-719x1536.jpg 719w, https:\/\/www.aoqunbrushes.com\/wp-content\/uploads\/2025\/07\/CPAP\u5237-7-1-958x2048.jpg 958w, https:\/\/www.aoqunbrushes.com\/wp-content\/uploads\/2025\/07\/CPAP\u5237-7-1-6x12.jpg 6w, https:\/\/www.aoqunbrushes.com\/wp-content\/uploads\/2025\/07\/CPAP\u5237-7-1-600x1282.jpg 600w\" sizes=\"auto, (max-width: 750px) 100vw, 750px\" \/><\/p>","protected":false},"excerpt":{"rendered":"<ul class=\"a-unordered-list a-vertical a-spacing-mini\">\n<li class=\"a-spacing-mini\"><span class=\"a-list-item\">Nettoyage polyvalent : La petite brosse suppl\u00e9mentaire incluse dans le kit est id\u00e9ale pour nettoyer les coussins, les chambres \u00e0 eau, les r\u00e9servoirs et d'autres petites pi\u00e8ces de la CPAP, offrant ainsi une routine de nettoyage compl\u00e8te et coh\u00e9rente.<\/span><\/li>\n<\/ul>\n<p>&nbsp;<\/p>\n<ul class=\"a-unordered-list a-vertical a-spacing-mini\">\n<li class=\"a-spacing-mini\"><span class=\"a-list-item\">La brosse longue \u00e0 double extr\u00e9mit\u00e9 nettoie efficacement la surface int\u00e9rieure du tuyau de votre CPAP, en atteignant et en \u00e9liminant les salet\u00e9s et les d\u00e9bris difficiles \u00e0 atteindre, garantissant ainsi un environnement respiratoire hygi\u00e9nique.<\/span><\/li>\n<\/ul>","protected":false},"featured_media":1646,"comment_status":"open","ping_status":"closed","template":"","meta":{"themepark_post_bcolor":"#f5f5f5","themepark_post_width":"1022px","themepark_post_img":"","themepark_post_img_po":"left","themepark_post_img_re":false,"themepark_post_img_cover":false,"themepark_post_img_fixed":false,"themepark_post_hide_title":false,"themepark_post_main_b":"","themepark_post_main_p":100,"themepark_paddingblock":false},"product_brand":[],"product_cat":[40],"product_tag":[],"class_list":{"0":"post-1627","1":"product","2":"type-product","3":"status-publish","4":"has-post-thumbnail","6":"product_cat-medical-brush","8":"first","9":"instock","10":"shipping-taxable","11":"purchasable","12":"product-type-variable"},"_links":{"self":[{"href":"https:\/\/www.aoqunbrushes.com\/fr\/wp-json\/wp\/v2\/product\/1627","targetHints":{"allow":["GET"]}}],"collection":[{"href":"https:\/\/www.aoqunbrushes.com\/fr\/wp-json\/wp\/v2\/product"}],"about":[{"href":"https:\/\/www.aoqunbrushes.com\/fr\/wp-json\/wp\/v2\/types\/product"}],"replies":[{"embeddable":true,"href":"https:\/\/www.aoqunbrushes.com\/fr\/wp-json\/wp\/v2\/comments?post=1627"}],"wp:featuredmedia":[{"embeddable":true,"href":"https:\/\/www.aoqunbrushes.com\/fr\/wp-json\/wp\/v2\/media\/1646"}],"wp:attachment":[{"href":"https:\/\/www.aoqunbrushes.com\/fr\/wp-json\/wp\/v2\/media?parent=1627"}],"wp:term":[{"taxonomy":"product_brand","embeddable":true,"href":"https:\/\/www.aoqunbrushes.com\/fr\/wp-json\/wp\/v2\/product_brand?post=1627"},{"taxonomy":"product_cat","embeddable":true,"href":"https:\/\/www.aoqunbrushes.com\/fr\/wp-json\/wp\/v2\/product_cat?post=1627"},{"taxonomy":"product_tag","embeddable":true,"href":"https:\/\/www.aoqunbrushes.com\/fr\/wp-json\/wp\/v2\/product_tag?post=1627"}],"curies":[{"name":"wp","href":"https:\/\/api.w.org\/{rel}","templated":true}]}}