{"id":1604,"date":"2025-07-29T17:10:19","date_gmt":"2025-07-29T09:10:19","guid":{"rendered":"https:\/\/www.abrushqueen.com\/?post_type=product&#038;p=1604"},"modified":"2026-03-25T17:13:28","modified_gmt":"2026-03-25T09:13:28","slug":"crevice-cleaning-brush","status":"publish","type":"product","link":"https:\/\/www.aoqunbrushes.com\/fr\/produit\/crevice-cleaning-brush","title":{"rendered":"Brosse \u00e0 nettoyer les interstices \u00e0 poils durs, brosse \u00e0 nettoyer les joints, brosse \u00e0 nettoyer les toilettes, brosse \u00e0 r\u00e9curer les carreaux de douche, outils de nettoyage pour la maison, la salle de bain et la cuisine."},"content":{"rendered":"<p><img loading=\"lazy\" decoding=\"async\" class=\"alignnone wp-image-1619\" src=\"https:\/\/www.aoqunbrushes.com\/wp-content\/uploads\/2025\/07\/\u753b\u677f-1.jpg\" alt=\"Hard Bristle Crevice Cleaning Brush\" width=\"750\" height=\"464\" srcset=\"https:\/\/www.aoqunbrushes.com\/wp-content\/uploads\/2025\/07\/\u753b\u677f-1.jpg 970w, https:\/\/www.aoqunbrushes.com\/wp-content\/uploads\/2025\/07\/\u753b\u677f-1-300x186.jpg 300w, https:\/\/www.aoqunbrushes.com\/wp-content\/uploads\/2025\/07\/\u753b\u677f-1-768x475.jpg 768w, https:\/\/www.aoqunbrushes.com\/wp-content\/uploads\/2025\/07\/\u753b\u677f-1-18x12.jpg 18w, https:\/\/www.aoqunbrushes.com\/wp-content\/uploads\/2025\/07\/\u753b\u677f-1-600x371.jpg 600w\" sizes=\"auto, (max-width: 750px) 100vw, 750px\" \/> <img loading=\"lazy\" decoding=\"async\" class=\"alignnone wp-image-1625\" src=\"https:\/\/www.aoqunbrushes.com\/wp-content\/uploads\/2025\/07\/\u753b\u677f-7.jpg\" alt=\"Hard Bristle Crevice Cleaning Brush\" width=\"750\" height=\"464\" srcset=\"https:\/\/www.aoqunbrushes.com\/wp-content\/uploads\/2025\/07\/\u753b\u677f-7.jpg 970w, https:\/\/www.aoqunbrushes.com\/wp-content\/uploads\/2025\/07\/\u753b\u677f-7-300x186.jpg 300w, https:\/\/www.aoqunbrushes.com\/wp-content\/uploads\/2025\/07\/\u753b\u677f-7-768x475.jpg 768w, https:\/\/www.aoqunbrushes.com\/wp-content\/uploads\/2025\/07\/\u753b\u677f-7-18x12.jpg 18w, https:\/\/www.aoqunbrushes.com\/wp-content\/uploads\/2025\/07\/\u753b\u677f-7-600x371.jpg 600w\" sizes=\"auto, (max-width: 750px) 100vw, 750px\" \/> <img loading=\"lazy\" decoding=\"async\" class=\"alignnone wp-image-1624\" src=\"https:\/\/www.aoqunbrushes.com\/wp-content\/uploads\/2025\/07\/\u753b\u677f-6.jpg\" alt=\"Hard Bristle Crevice Cleaning Brush\" width=\"750\" height=\"464\" srcset=\"https:\/\/www.aoqunbrushes.com\/wp-content\/uploads\/2025\/07\/\u753b\u677f-6.jpg 970w, https:\/\/www.aoqunbrushes.com\/wp-content\/uploads\/2025\/07\/\u753b\u677f-6-300x186.jpg 300w, https:\/\/www.aoqunbrushes.com\/wp-content\/uploads\/2025\/07\/\u753b\u677f-6-768x475.jpg 768w, https:\/\/www.aoqunbrushes.com\/wp-content\/uploads\/2025\/07\/\u753b\u677f-6-18x12.jpg 18w, https:\/\/www.aoqunbrushes.com\/wp-content\/uploads\/2025\/07\/\u753b\u677f-6-600x371.jpg 600w\" sizes=\"auto, (max-width: 750px) 100vw, 750px\" \/> <img loading=\"lazy\" decoding=\"async\" class=\"alignnone wp-image-1623\" src=\"https:\/\/www.aoqunbrushes.com\/wp-content\/uploads\/2025\/07\/\u753b\u677f-5.jpg\" alt=\"Hard Bristle Crevice Cleaning Brush\" width=\"750\" height=\"464\" srcset=\"https:\/\/www.aoqunbrushes.com\/wp-content\/uploads\/2025\/07\/\u753b\u677f-5.jpg 970w, https:\/\/www.aoqunbrushes.com\/wp-content\/uploads\/2025\/07\/\u753b\u677f-5-300x186.jpg 300w, https:\/\/www.aoqunbrushes.com\/wp-content\/uploads\/2025\/07\/\u753b\u677f-5-768x475.jpg 768w, https:\/\/www.aoqunbrushes.com\/wp-content\/uploads\/2025\/07\/\u753b\u677f-5-18x12.jpg 18w, https:\/\/www.aoqunbrushes.com\/wp-content\/uploads\/2025\/07\/\u753b\u677f-5-600x371.jpg 600w\" sizes=\"auto, (max-width: 750px) 100vw, 750px\" \/> <img loading=\"lazy\" decoding=\"async\" class=\"alignnone wp-image-1622\" src=\"https:\/\/www.aoqunbrushes.com\/wp-content\/uploads\/2025\/07\/\u753b\u677f-4.jpg\" alt=\"Hard Bristle Crevice Cleaning Brush\" width=\"750\" height=\"464\" srcset=\"https:\/\/www.aoqunbrushes.com\/wp-content\/uploads\/2025\/07\/\u753b\u677f-4.jpg 970w, https:\/\/www.aoqunbrushes.com\/wp-content\/uploads\/2025\/07\/\u753b\u677f-4-300x186.jpg 300w, https:\/\/www.aoqunbrushes.com\/wp-content\/uploads\/2025\/07\/\u753b\u677f-4-768x475.jpg 768w, https:\/\/www.aoqunbrushes.com\/wp-content\/uploads\/2025\/07\/\u753b\u677f-4-18x12.jpg 18w, https:\/\/www.aoqunbrushes.com\/wp-content\/uploads\/2025\/07\/\u753b\u677f-4-600x371.jpg 600w\" sizes=\"auto, (max-width: 750px) 100vw, 750px\" \/> <img loading=\"lazy\" decoding=\"async\" class=\"alignnone wp-image-1621\" src=\"https:\/\/www.aoqunbrushes.com\/wp-content\/uploads\/2025\/07\/\u753b\u677f-3.jpg\" alt=\"Hard Bristle Crevice Cleaning Brush\" width=\"750\" height=\"464\" srcset=\"https:\/\/www.aoqunbrushes.com\/wp-content\/uploads\/2025\/07\/\u753b\u677f-3.jpg 970w, https:\/\/www.aoqunbrushes.com\/wp-content\/uploads\/2025\/07\/\u753b\u677f-3-300x186.jpg 300w, https:\/\/www.aoqunbrushes.com\/wp-content\/uploads\/2025\/07\/\u753b\u677f-3-768x475.jpg 768w, https:\/\/www.aoqunbrushes.com\/wp-content\/uploads\/2025\/07\/\u753b\u677f-3-18x12.jpg 18w, https:\/\/www.aoqunbrushes.com\/wp-content\/uploads\/2025\/07\/\u753b\u677f-3-600x371.jpg 600w\" sizes=\"auto, (max-width: 750px) 100vw, 750px\" \/> <img loading=\"lazy\" decoding=\"async\" class=\"alignnone wp-image-1620\" src=\"https:\/\/www.aoqunbrushes.com\/wp-content\/uploads\/2025\/07\/\u753b\u677f-2.jpg\" alt=\"Hard Bristle Crevice Cleaning Brush\" width=\"750\" height=\"464\" srcset=\"https:\/\/www.aoqunbrushes.com\/wp-content\/uploads\/2025\/07\/\u753b\u677f-2.jpg 970w, https:\/\/www.aoqunbrushes.com\/wp-content\/uploads\/2025\/07\/\u753b\u677f-2-300x186.jpg 300w, https:\/\/www.aoqunbrushes.com\/wp-content\/uploads\/2025\/07\/\u753b\u677f-2-768x475.jpg 768w, https:\/\/www.aoqunbrushes.com\/wp-content\/uploads\/2025\/07\/\u753b\u677f-2-18x12.jpg 18w, https:\/\/www.aoqunbrushes.com\/wp-content\/uploads\/2025\/07\/\u753b\u677f-2-600x371.jpg 600w\" sizes=\"auto, (max-width: 750px) 100vw, 750px\" \/><\/p>","protected":false},"excerpt":{"rendered":"","protected":false},"featured_media":2105,"comment_status":"open","ping_status":"closed","template":"","meta":{"themepark_post_bcolor":"#f5f5f5","themepark_post_width":"1022px","themepark_post_img":"","themepark_post_img_po":"left","themepark_post_img_re":false,"themepark_post_img_cover":false,"themepark_post_img_fixed":false,"themepark_post_hide_title":false,"themepark_post_main_b":"","themepark_post_main_p":100,"themepark_paddingblock":false},"product_brand":[],"product_cat":[29],"product_tag":[],"class_list":{"0":"post-1604","1":"product","2":"type-product","3":"status-publish","4":"has-post-thumbnail","6":"product_cat-strip-brushes","8":"first","9":"instock","10":"shipping-taxable","11":"purchasable","12":"product-type-variable"},"_links":{"self":[{"href":"https:\/\/www.aoqunbrushes.com\/fr\/wp-json\/wp\/v2\/product\/1604","targetHints":{"allow":["GET"]}}],"collection":[{"href":"https:\/\/www.aoqunbrushes.com\/fr\/wp-json\/wp\/v2\/product"}],"about":[{"href":"https:\/\/www.aoqunbrushes.com\/fr\/wp-json\/wp\/v2\/types\/product"}],"replies":[{"embeddable":true,"href":"https:\/\/www.aoqunbrushes.com\/fr\/wp-json\/wp\/v2\/comments?post=1604"}],"wp:featuredmedia":[{"embeddable":true,"href":"https:\/\/www.aoqunbrushes.com\/fr\/wp-json\/wp\/v2\/media\/2105"}],"wp:attachment":[{"href":"https:\/\/www.aoqunbrushes.com\/fr\/wp-json\/wp\/v2\/media?parent=1604"}],"wp:term":[{"taxonomy":"product_brand","embeddable":true,"href":"https:\/\/www.aoqunbrushes.com\/fr\/wp-json\/wp\/v2\/product_brand?post=1604"},{"taxonomy":"product_cat","embeddable":true,"href":"https:\/\/www.aoqunbrushes.com\/fr\/wp-json\/wp\/v2\/product_cat?post=1604"},{"taxonomy":"product_tag","embeddable":true,"href":"https:\/\/www.aoqunbrushes.com\/fr\/wp-json\/wp\/v2\/product_tag?post=1604"}],"curies":[{"name":"wp","href":"https:\/\/api.w.org\/{rel}","templated":true}]}}