{"id":1538,"date":"2025-07-21T18:30:34","date_gmt":"2025-07-21T10:30:34","guid":{"rendered":"https:\/\/www.abrushqueen.com\/?post_type=product&#038;p=1538"},"modified":"2025-07-24T17:44:52","modified_gmt":"2025-07-24T09:44:52","slug":"military-barrel-brush-army-cannon-cleaning","status":"publish","type":"product","link":"https:\/\/www.aoqunbrushes.com\/fr\/produit\/military-barrel-brush-army-cannon-cleaning","title":{"rendered":"Brosse \u00e0 canon militaire | Army Cannon Cleaning"},"content":{"rendered":"<h2>Caract\u00e9ristiques du produit<\/h2>\n<ul class=\"tp_attributes\"><\/ul>\n<h2><img loading=\"lazy\" decoding=\"async\" class=\"alignnone wp-image-1543\" src=\"https:\/\/www.aoqunbrushes.com\/wp-content\/uploads\/2025\/07\/\u70ae\u7b52\u8be6\u60c5\u82f1\u6587\u7248\u6c34\u5370_01.jpg\" alt=\"Military Barrel Brush | Army Cannon Cleaning\" width=\"750\" height=\"1896\" srcset=\"https:\/\/www.aoqunbrushes.com\/wp-content\/uploads\/2025\/07\/\u70ae\u7b52\u8be6\u60c5\u82f1\u6587\u7248\u6c34\u5370_01.jpg 790w, https:\/\/www.aoqunbrushes.com\/wp-content\/uploads\/2025\/07\/\u70ae\u7b52\u8be6\u60c5\u82f1\u6587\u7248\u6c34\u5370_01-119x300.jpg 119w, https:\/\/www.aoqunbrushes.com\/wp-content\/uploads\/2025\/07\/\u70ae\u7b52\u8be6\u60c5\u82f1\u6587\u7248\u6c34\u5370_01-405x1024.jpg 405w, https:\/\/www.aoqunbrushes.com\/wp-content\/uploads\/2025\/07\/\u70ae\u7b52\u8be6\u60c5\u82f1\u6587\u7248\u6c34\u5370_01-768x1941.jpg 768w, https:\/\/www.aoqunbrushes.com\/wp-content\/uploads\/2025\/07\/\u70ae\u7b52\u8be6\u60c5\u82f1\u6587\u7248\u6c34\u5370_01-608x1536.jpg 608w, https:\/\/www.aoqunbrushes.com\/wp-content\/uploads\/2025\/07\/\u70ae\u7b52\u8be6\u60c5\u82f1\u6587\u7248\u6c34\u5370_01-5x12.jpg 5w, https:\/\/www.aoqunbrushes.com\/wp-content\/uploads\/2025\/07\/\u70ae\u7b52\u8be6\u60c5\u82f1\u6587\u7248\u6c34\u5370_01-600x1517.jpg 600w\" sizes=\"auto, (max-width: 750px) 100vw, 750px\" \/><\/h2>\n<p><img loading=\"lazy\" decoding=\"async\" class=\"alignnone wp-image-1544\" src=\"https:\/\/www.aoqunbrushes.com\/wp-content\/uploads\/2025\/07\/\u70ae\u7b52\u8be6\u60c5\u82f1\u6587\u7248\u6c34\u5370_02.jpg\" alt=\"Military Barrel Brush | Army Cannon Cleaning\" width=\"750\" height=\"2074\" srcset=\"https:\/\/www.aoqunbrushes.com\/wp-content\/uploads\/2025\/07\/\u70ae\u7b52\u8be6\u60c5\u82f1\u6587\u7248\u6c34\u5370_02.jpg 790w, https:\/\/www.aoqunbrushes.com\/wp-content\/uploads\/2025\/07\/\u70ae\u7b52\u8be6\u60c5\u82f1\u6587\u7248\u6c34\u5370_02-108x300.jpg 108w, https:\/\/www.aoqunbrushes.com\/wp-content\/uploads\/2025\/07\/\u70ae\u7b52\u8be6\u60c5\u82f1\u6587\u7248\u6c34\u5370_02-370x1024.jpg 370w, https:\/\/www.aoqunbrushes.com\/wp-content\/uploads\/2025\/07\/\u70ae\u7b52\u8be6\u60c5\u82f1\u6587\u7248\u6c34\u5370_02-768x2124.jpg 768w, https:\/\/www.aoqunbrushes.com\/wp-content\/uploads\/2025\/07\/\u70ae\u7b52\u8be6\u60c5\u82f1\u6587\u7248\u6c34\u5370_02-555x1536.jpg 555w, https:\/\/www.aoqunbrushes.com\/wp-content\/uploads\/2025\/07\/\u70ae\u7b52\u8be6\u60c5\u82f1\u6587\u7248\u6c34\u5370_02-4x12.jpg 4w, https:\/\/www.aoqunbrushes.com\/wp-content\/uploads\/2025\/07\/\u70ae\u7b52\u8be6\u60c5\u82f1\u6587\u7248\u6c34\u5370_02-600x1659.jpg 600w\" sizes=\"auto, (max-width: 750px) 100vw, 750px\" \/><\/p>\n<h2>\u00a0<img loading=\"lazy\" decoding=\"async\" class=\"alignnone wp-image-1545\" src=\"https:\/\/www.aoqunbrushes.com\/wp-content\/uploads\/2025\/07\/\u70ae\u7b52\u8be6\u60c5\u82f1\u6587\u7248\u6c34\u5370_03.jpg\" alt=\"Military Barrel Brush | Army Cannon Cleaning\" width=\"750\" height=\"2224\" srcset=\"https:\/\/www.aoqunbrushes.com\/wp-content\/uploads\/2025\/07\/\u70ae\u7b52\u8be6\u60c5\u82f1\u6587\u7248\u6c34\u5370_03.jpg 790w, https:\/\/www.aoqunbrushes.com\/wp-content\/uploads\/2025\/07\/\u70ae\u7b52\u8be6\u60c5\u82f1\u6587\u7248\u6c34\u5370_03-101x300.jpg 101w, https:\/\/www.aoqunbrushes.com\/wp-content\/uploads\/2025\/07\/\u70ae\u7b52\u8be6\u60c5\u82f1\u6587\u7248\u6c34\u5370_03-345x1024.jpg 345w, https:\/\/www.aoqunbrushes.com\/wp-content\/uploads\/2025\/07\/\u70ae\u7b52\u8be6\u60c5\u82f1\u6587\u7248\u6c34\u5370_03-768x2278.jpg 768w, https:\/\/www.aoqunbrushes.com\/wp-content\/uploads\/2025\/07\/\u70ae\u7b52\u8be6\u60c5\u82f1\u6587\u7248\u6c34\u5370_03-518x1536.jpg 518w, https:\/\/www.aoqunbrushes.com\/wp-content\/uploads\/2025\/07\/\u70ae\u7b52\u8be6\u60c5\u82f1\u6587\u7248\u6c34\u5370_03-691x2048.jpg 691w, https:\/\/www.aoqunbrushes.com\/wp-content\/uploads\/2025\/07\/\u70ae\u7b52\u8be6\u60c5\u82f1\u6587\u7248\u6c34\u5370_03-4x12.jpg 4w, https:\/\/www.aoqunbrushes.com\/wp-content\/uploads\/2025\/07\/\u70ae\u7b52\u8be6\u60c5\u82f1\u6587\u7248\u6c34\u5370_03-600x1779.jpg 600w\" sizes=\"auto, (max-width: 750px) 100vw, 750px\" \/><\/h2>\n<h2><img loading=\"lazy\" decoding=\"async\" class=\"alignnone wp-image-1546\" src=\"https:\/\/www.aoqunbrushes.com\/wp-content\/uploads\/2025\/07\/\u70ae\u7b52\u8be6\u60c5\u82f1\u6587\u7248\u6c34\u5370_04.jpg\" alt=\"Military Barrel Brush | Army Cannon Cleaning\" width=\"750\" height=\"2281\" srcset=\"https:\/\/www.aoqunbrushes.com\/wp-content\/uploads\/2025\/07\/\u70ae\u7b52\u8be6\u60c5\u82f1\u6587\u7248\u6c34\u5370_04.jpg 790w, https:\/\/www.aoqunbrushes.com\/wp-content\/uploads\/2025\/07\/\u70ae\u7b52\u8be6\u60c5\u82f1\u6587\u7248\u6c34\u5370_04-99x300.jpg 99w, https:\/\/www.aoqunbrushes.com\/wp-content\/uploads\/2025\/07\/\u70ae\u7b52\u8be6\u60c5\u82f1\u6587\u7248\u6c34\u5370_04-337x1024.jpg 337w, https:\/\/www.aoqunbrushes.com\/wp-content\/uploads\/2025\/07\/\u70ae\u7b52\u8be6\u60c5\u82f1\u6587\u7248\u6c34\u5370_04-768x2336.jpg 768w, https:\/\/www.aoqunbrushes.com\/wp-content\/uploads\/2025\/07\/\u70ae\u7b52\u8be6\u60c5\u82f1\u6587\u7248\u6c34\u5370_04-505x1536.jpg 505w, https:\/\/www.aoqunbrushes.com\/wp-content\/uploads\/2025\/07\/\u70ae\u7b52\u8be6\u60c5\u82f1\u6587\u7248\u6c34\u5370_04-673x2048.jpg 673w, https:\/\/www.aoqunbrushes.com\/wp-content\/uploads\/2025\/07\/\u70ae\u7b52\u8be6\u60c5\u82f1\u6587\u7248\u6c34\u5370_04-4x12.jpg 4w, https:\/\/www.aoqunbrushes.com\/wp-content\/uploads\/2025\/07\/\u70ae\u7b52\u8be6\u60c5\u82f1\u6587\u7248\u6c34\u5370_04-600x1825.jpg 600w\" sizes=\"auto, (max-width: 750px) 100vw, 750px\" \/><\/h2>\n<h2><img loading=\"lazy\" decoding=\"async\" class=\"alignnone wp-image-1547\" src=\"https:\/\/www.aoqunbrushes.com\/wp-content\/uploads\/2025\/07\/\u70ae\u7b52\u8be6\u60c5\u82f1\u6587\u7248\u6c34\u5370_05.jpg\" alt=\"\" width=\"750\" height=\"2796\" srcset=\"https:\/\/www.aoqunbrushes.com\/wp-content\/uploads\/2025\/07\/\u70ae\u7b52\u8be6\u60c5\u82f1\u6587\u7248\u6c34\u5370_05.jpg 632w, https:\/\/www.aoqunbrushes.com\/wp-content\/uploads\/2025\/07\/\u70ae\u7b52\u8be6\u60c5\u82f1\u6587\u7248\u6c34\u5370_05-275x1024.jpg 275w, https:\/\/www.aoqunbrushes.com\/wp-content\/uploads\/2025\/07\/\u70ae\u7b52\u8be6\u60c5\u82f1\u6587\u7248\u6c34\u5370_05-412x1536.jpg 412w, https:\/\/www.aoqunbrushes.com\/wp-content\/uploads\/2025\/07\/\u70ae\u7b52\u8be6\u60c5\u82f1\u6587\u7248\u6c34\u5370_05-549x2048.jpg 549w, https:\/\/www.aoqunbrushes.com\/wp-content\/uploads\/2025\/07\/\u70ae\u7b52\u8be6\u60c5\u82f1\u6587\u7248\u6c34\u5370_05-3x12.jpg 3w, https:\/\/www.aoqunbrushes.com\/wp-content\/uploads\/2025\/07\/\u70ae\u7b52\u8be6\u60c5\u82f1\u6587\u7248\u6c34\u5370_05-600x2237.jpg 600w\" sizes=\"auto, (max-width: 750px) 100vw, 750px\" \/><\/h2>\n<p>&nbsp;<\/p>\n<h2><\/h2>\n<h2><\/h2>\n<h2><\/h2>\n<h2><\/h2>\n<h2><\/h2>\n<h2><\/h2>\n<h2><\/h2>\n<h2><\/h2>\n<h2><\/h2>\n<h2><\/h2>\n<h2><\/h2>","protected":false},"excerpt":{"rendered":"<p>Aoqun Brush propose des solutions personnalis\u00e9es pour les brosses de nettoyage de barils. Les brosses sont fabriqu\u00e9es selon des sp\u00e9cifications militaires et conviennent aux canons lisses et aux canons. Les brosses \u00e9liminent les d\u00e9p\u00f4ts de cuisson et les huiles ind\u00e9sirables et peuvent \u00eatre utilis\u00e9es pour reconditionner les surfaces des canons. Qu'il s'agisse d'un nettoyage lourd ou l\u00e9ger, les brosses de nettoyage de canon Aoqun r\u00e9duisent le travail manuel. Nous offrons une vari\u00e9t\u00e9 de filaments - laiton, bronze phosphoreux, acier inoxydable, crin de cheval et nylon.<\/p>","protected":false},"featured_media":1554,"comment_status":"open","ping_status":"closed","template":"","meta":{"themepark_post_bcolor":"#f5f5f5","themepark_post_width":"1022px","themepark_post_img":"","themepark_post_img_po":"left","themepark_post_img_re":false,"themepark_post_img_cover":false,"themepark_post_img_fixed":false,"themepark_post_hide_title":false,"themepark_post_main_b":"","themepark_post_main_p":100,"themepark_paddingblock":false},"product_brand":[],"product_cat":[31],"product_tag":[],"class_list":{"0":"post-1538","1":"product","2":"type-product","3":"status-publish","4":"has-post-thumbnail","6":"product_cat-staple-set-brushes","8":"first","9":"instock","10":"shipping-taxable","11":"purchasable","12":"product-type-variable"},"_links":{"self":[{"href":"https:\/\/www.aoqunbrushes.com\/fr\/wp-json\/wp\/v2\/product\/1538","targetHints":{"allow":["GET"]}}],"collection":[{"href":"https:\/\/www.aoqunbrushes.com\/fr\/wp-json\/wp\/v2\/product"}],"about":[{"href":"https:\/\/www.aoqunbrushes.com\/fr\/wp-json\/wp\/v2\/types\/product"}],"replies":[{"embeddable":true,"href":"https:\/\/www.aoqunbrushes.com\/fr\/wp-json\/wp\/v2\/comments?post=1538"}],"wp:featuredmedia":[{"embeddable":true,"href":"https:\/\/www.aoqunbrushes.com\/fr\/wp-json\/wp\/v2\/media\/1554"}],"wp:attachment":[{"href":"https:\/\/www.aoqunbrushes.com\/fr\/wp-json\/wp\/v2\/media?parent=1538"}],"wp:term":[{"taxonomy":"product_brand","embeddable":true,"href":"https:\/\/www.aoqunbrushes.com\/fr\/wp-json\/wp\/v2\/product_brand?post=1538"},{"taxonomy":"product_cat","embeddable":true,"href":"https:\/\/www.aoqunbrushes.com\/fr\/wp-json\/wp\/v2\/product_cat?post=1538"},{"taxonomy":"product_tag","embeddable":true,"href":"https:\/\/www.aoqunbrushes.com\/fr\/wp-json\/wp\/v2\/product_tag?post=1538"}],"curies":[{"name":"wp","href":"https:\/\/api.w.org\/{rel}","templated":true}]}}