{"id":1489,"date":"2025-07-09T16:35:32","date_gmt":"2025-07-09T08:35:32","guid":{"rendered":"https:\/\/www.abrushqueen.com\/?post_type=product&#038;p=1489"},"modified":"2026-03-25T16:20:46","modified_gmt":"2026-03-25T08:20:46","slug":"polishing-cup-brush","status":"publish","type":"product","link":"https:\/\/www.aoqunbrushes.com\/fr\/produit\/polishing-cup-brush","title":{"rendered":"Brosse \u00e0 polir abrasive industrielle"},"content":{"rendered":"<h2>Caract\u00e9ristiques du produit<\/h2>\n<ul class=\"tp_attributes\"><\/ul>\n<p><strong>Construction durable :<\/strong>\u00a0Fabriqu\u00e9es avec des fils d'acier ou de laiton de haute qualit\u00e9, nos brosses \u00e0 godets offrent une durabilit\u00e9 sup\u00e9rieure et des performances durables.<\/p>\n<p><strong>Puissance abrasive :<\/strong>\u00a0\u00c9quip\u00e9es de poils abrasifs en nylon ou en fil m\u00e9tallique, ces brosses sont capables de traiter des surfaces m\u00e9talliques difficiles, d'\u00e9liminer la rouille, la peinture et les bavures, tout en laissant une finition lisse et polie.<\/p>\n<p><strong>Application polyvalente :<\/strong>\u00a0Id\u00e9al pour le polissage, le nettoyage et la pr\u00e9paration de surface d'une large gamme de m\u00e9taux, y compris l'acier, l'aluminium et le laiton.<\/p>\n<p><strong>Meulage et polissage efficaces :<\/strong>\u00a0Con\u00e7ues pour les outils rotatifs, ces brosses offrent des capacit\u00e9s de pon\u00e7age et de polissage \u00e0 grande vitesse, ce qui les rend parfaites pour les applications exigeant pr\u00e9cision et efficacit\u00e9.<\/p>\n<p><strong>Vari\u00e9t\u00e9 de tailles et de styles :<\/strong>\u00a0Disponibles en plusieurs tailles, des brosses compactes pour les travaux de pr\u00e9cision aux brosses plus larges pour les grandes surfaces.<\/p>\n<p><strong>Facile \u00e0 utiliser :<\/strong>\u00a0Compatible avec la plupart des outils \u00e9lectriques et con\u00e7u pour \u00eatre facile \u00e0 utiliser, il garantit des op\u00e9rations rapides et efficaces, m\u00eame dans des environnements difficiles.<\/p>\n<p>&nbsp;<\/p>\n<p><img loading=\"lazy\" decoding=\"async\" class=\"alignnone wp-image-1496\" src=\"https:\/\/www.aoqunbrushes.com\/wp-content\/uploads\/2025\/07\/\u5de5\u4e1a\u629b\u5149\u676f\u5237\u6c34\u5370_01.jpg\" alt=\"Industrial Abrasive \u200bPolishing Cup Brush\" width=\"600\" height=\"1134\" srcset=\"https:\/\/www.aoqunbrushes.com\/wp-content\/uploads\/2025\/07\/\u5de5\u4e1a\u629b\u5149\u676f\u5237\u6c34\u5370_01.jpg 1000w, https:\/\/www.aoqunbrushes.com\/wp-content\/uploads\/2025\/07\/\u5de5\u4e1a\u629b\u5149\u676f\u5237\u6c34\u5370_01-159x300.jpg 159w, https:\/\/www.aoqunbrushes.com\/wp-content\/uploads\/2025\/07\/\u5de5\u4e1a\u629b\u5149\u676f\u5237\u6c34\u5370_01-542x1024.jpg 542w, https:\/\/www.aoqunbrushes.com\/wp-content\/uploads\/2025\/07\/\u5de5\u4e1a\u629b\u5149\u676f\u5237\u6c34\u5370_01-768x1452.jpg 768w, https:\/\/www.aoqunbrushes.com\/wp-content\/uploads\/2025\/07\/\u5de5\u4e1a\u629b\u5149\u676f\u5237\u6c34\u5370_01-813x1536.jpg 813w, https:\/\/www.aoqunbrushes.com\/wp-content\/uploads\/2025\/07\/\u5de5\u4e1a\u629b\u5149\u676f\u5237\u6c34\u5370_01-6x12.jpg 6w, https:\/\/www.aoqunbrushes.com\/wp-content\/uploads\/2025\/07\/\u5de5\u4e1a\u629b\u5149\u676f\u5237\u6c34\u5370_01-600x1134.jpg 600w\" sizes=\"auto, (max-width: 600px) 100vw, 600px\" \/><\/p>\n<p><img loading=\"lazy\" decoding=\"async\" class=\"alignnone wp-image-1497\" src=\"https:\/\/www.aoqunbrushes.com\/wp-content\/uploads\/2025\/07\/\u5de5\u4e1a\u629b\u5149\u676f\u5237\u6c34\u5370_02.jpg\" alt=\"Industrial Abrasive \u200bPolishing Cup Brush\" width=\"600\" height=\"1681\" srcset=\"https:\/\/www.aoqunbrushes.com\/wp-content\/uploads\/2025\/07\/\u5de5\u4e1a\u629b\u5149\u676f\u5237\u6c34\u5370_02.jpg 800w, https:\/\/www.aoqunbrushes.com\/wp-content\/uploads\/2025\/07\/\u5de5\u4e1a\u629b\u5149\u676f\u5237\u6c34\u5370_02-107x300.jpg 107w, https:\/\/www.aoqunbrushes.com\/wp-content\/uploads\/2025\/07\/\u5de5\u4e1a\u629b\u5149\u676f\u5237\u6c34\u5370_02-366x1024.jpg 366w, https:\/\/www.aoqunbrushes.com\/wp-content\/uploads\/2025\/07\/\u5de5\u4e1a\u629b\u5149\u676f\u5237\u6c34\u5370_02-768x2151.jpg 768w, https:\/\/www.aoqunbrushes.com\/wp-content\/uploads\/2025\/07\/\u5de5\u4e1a\u629b\u5149\u676f\u5237\u6c34\u5370_02-548x1536.jpg 548w, https:\/\/www.aoqunbrushes.com\/wp-content\/uploads\/2025\/07\/\u5de5\u4e1a\u629b\u5149\u676f\u5237\u6c34\u5370_02-731x2048.jpg 731w, https:\/\/www.aoqunbrushes.com\/wp-content\/uploads\/2025\/07\/\u5de5\u4e1a\u629b\u5149\u676f\u5237\u6c34\u5370_02-4x12.jpg 4w, https:\/\/www.aoqunbrushes.com\/wp-content\/uploads\/2025\/07\/\u5de5\u4e1a\u629b\u5149\u676f\u5237\u6c34\u5370_02-600x1681.jpg 600w\" sizes=\"auto, (max-width: 600px) 100vw, 600px\" \/><\/p>\n<p><img loading=\"lazy\" decoding=\"async\" class=\"alignnone wp-image-1498\" src=\"https:\/\/www.aoqunbrushes.com\/wp-content\/uploads\/2025\/07\/\u5de5\u4e1a\u629b\u5149\u676f\u5237\u6c34\u5370_03.jpg\" alt=\"Industrial Abrasive \u200bPolishing Cup Brush\" width=\"600\" height=\"1408\" srcset=\"https:\/\/www.aoqunbrushes.com\/wp-content\/uploads\/2025\/07\/\u5de5\u4e1a\u629b\u5149\u676f\u5237\u6c34\u5370_03.jpg 1000w, https:\/\/www.aoqunbrushes.com\/wp-content\/uploads\/2025\/07\/\u5de5\u4e1a\u629b\u5149\u676f\u5237\u6c34\u5370_03-128x300.jpg 128w, https:\/\/www.aoqunbrushes.com\/wp-content\/uploads\/2025\/07\/\u5de5\u4e1a\u629b\u5149\u676f\u5237\u6c34\u5370_03-436x1024.jpg 436w, https:\/\/www.aoqunbrushes.com\/wp-content\/uploads\/2025\/07\/\u5de5\u4e1a\u629b\u5149\u676f\u5237\u6c34\u5370_03-768x1802.jpg 768w, https:\/\/www.aoqunbrushes.com\/wp-content\/uploads\/2025\/07\/\u5de5\u4e1a\u629b\u5149\u676f\u5237\u6c34\u5370_03-654x1536.jpg 654w, https:\/\/www.aoqunbrushes.com\/wp-content\/uploads\/2025\/07\/\u5de5\u4e1a\u629b\u5149\u676f\u5237\u6c34\u5370_03-873x2048.jpg 873w, https:\/\/www.aoqunbrushes.com\/wp-content\/uploads\/2025\/07\/\u5de5\u4e1a\u629b\u5149\u676f\u5237\u6c34\u5370_03-5x12.jpg 5w, https:\/\/www.aoqunbrushes.com\/wp-content\/uploads\/2025\/07\/\u5de5\u4e1a\u629b\u5149\u676f\u5237\u6c34\u5370_03-600x1408.jpg 600w\" sizes=\"auto, (max-width: 600px) 100vw, 600px\" \/><\/p>\n<p><img loading=\"lazy\" decoding=\"async\" class=\"alignnone wp-image-1499\" src=\"https:\/\/www.aoqunbrushes.com\/wp-content\/uploads\/2025\/07\/\u5de5\u4e1a\u629b\u5149\u676f\u5237\u6c34\u5370_04.jpg\" alt=\"Industrial Abrasive \u200bPolishing Cup Brush\" width=\"600\" height=\"1447\" srcset=\"https:\/\/www.aoqunbrushes.com\/wp-content\/uploads\/2025\/07\/\u5de5\u4e1a\u629b\u5149\u676f\u5237\u6c34\u5370_04.jpg 1000w, https:\/\/www.aoqunbrushes.com\/wp-content\/uploads\/2025\/07\/\u5de5\u4e1a\u629b\u5149\u676f\u5237\u6c34\u5370_04-124x300.jpg 124w, https:\/\/www.aoqunbrushes.com\/wp-content\/uploads\/2025\/07\/\u5de5\u4e1a\u629b\u5149\u676f\u5237\u6c34\u5370_04-425x1024.jpg 425w, https:\/\/www.aoqunbrushes.com\/wp-content\/uploads\/2025\/07\/\u5de5\u4e1a\u629b\u5149\u676f\u5237\u6c34\u5370_04-768x1852.jpg 768w, https:\/\/www.aoqunbrushes.com\/wp-content\/uploads\/2025\/07\/\u5de5\u4e1a\u629b\u5149\u676f\u5237\u6c34\u5370_04-637x1536.jpg 637w, https:\/\/www.aoqunbrushes.com\/wp-content\/uploads\/2025\/07\/\u5de5\u4e1a\u629b\u5149\u676f\u5237\u6c34\u5370_04-849x2048.jpg 849w, https:\/\/www.aoqunbrushes.com\/wp-content\/uploads\/2025\/07\/\u5de5\u4e1a\u629b\u5149\u676f\u5237\u6c34\u5370_04-5x12.jpg 5w, https:\/\/www.aoqunbrushes.com\/wp-content\/uploads\/2025\/07\/\u5de5\u4e1a\u629b\u5149\u676f\u5237\u6c34\u5370_04-600x1447.jpg 600w\" sizes=\"auto, (max-width: 600px) 100vw, 600px\" \/><\/p>\n<p><img loading=\"lazy\" decoding=\"async\" class=\"alignnone wp-image-1501\" src=\"https:\/\/www.aoqunbrushes.com\/wp-content\/uploads\/2025\/07\/\u5de5\u4e1a\u629b\u5149\u676f\u5237\u6c34\u5370_06.jpg\" alt=\"Industrial Abrasive \u200bPolishing Cup Brush\" width=\"600\" height=\"1152\" srcset=\"https:\/\/www.aoqunbrushes.com\/wp-content\/uploads\/2025\/07\/\u5de5\u4e1a\u629b\u5149\u676f\u5237\u6c34\u5370_06.jpg 1000w, https:\/\/www.aoqunbrushes.com\/wp-content\/uploads\/2025\/07\/\u5de5\u4e1a\u629b\u5149\u676f\u5237\u6c34\u5370_06-156x300.jpg 156w, https:\/\/www.aoqunbrushes.com\/wp-content\/uploads\/2025\/07\/\u5de5\u4e1a\u629b\u5149\u676f\u5237\u6c34\u5370_06-533x1024.jpg 533w, https:\/\/www.aoqunbrushes.com\/wp-content\/uploads\/2025\/07\/\u5de5\u4e1a\u629b\u5149\u676f\u5237\u6c34\u5370_06-768x1475.jpg 768w, https:\/\/www.aoqunbrushes.com\/wp-content\/uploads\/2025\/07\/\u5de5\u4e1a\u629b\u5149\u676f\u5237\u6c34\u5370_06-800x1536.jpg 800w, https:\/\/www.aoqunbrushes.com\/wp-content\/uploads\/2025\/07\/\u5de5\u4e1a\u629b\u5149\u676f\u5237\u6c34\u5370_06-6x12.jpg 6w, https:\/\/www.aoqunbrushes.com\/wp-content\/uploads\/2025\/07\/\u5de5\u4e1a\u629b\u5149\u676f\u5237\u6c34\u5370_06-600x1152.jpg 600w\" sizes=\"auto, (max-width: 600px) 100vw, 600px\" \/><\/p>\n<p><img loading=\"lazy\" decoding=\"async\" class=\"alignnone wp-image-1500\" src=\"https:\/\/www.aoqunbrushes.com\/wp-content\/uploads\/2025\/07\/\u5de5\u4e1a\u629b\u5149\u676f\u5237\u6c34\u5370_05.jpg\" alt=\"Industrial Abrasive \u200bPolishing Cup Brush\" width=\"600\" height=\"1136\" srcset=\"https:\/\/www.aoqunbrushes.com\/wp-content\/uploads\/2025\/07\/\u5de5\u4e1a\u629b\u5149\u676f\u5237\u6c34\u5370_05.jpg 1000w, https:\/\/www.aoqunbrushes.com\/wp-content\/uploads\/2025\/07\/\u5de5\u4e1a\u629b\u5149\u676f\u5237\u6c34\u5370_05-158x300.jpg 158w, https:\/\/www.aoqunbrushes.com\/wp-content\/uploads\/2025\/07\/\u5de5\u4e1a\u629b\u5149\u676f\u5237\u6c34\u5370_05-541x1024.jpg 541w, https:\/\/www.aoqunbrushes.com\/wp-content\/uploads\/2025\/07\/\u5de5\u4e1a\u629b\u5149\u676f\u5237\u6c34\u5370_05-768x1454.jpg 768w, https:\/\/www.aoqunbrushes.com\/wp-content\/uploads\/2025\/07\/\u5de5\u4e1a\u629b\u5149\u676f\u5237\u6c34\u5370_05-811x1536.jpg 811w, https:\/\/www.aoqunbrushes.com\/wp-content\/uploads\/2025\/07\/\u5de5\u4e1a\u629b\u5149\u676f\u5237\u6c34\u5370_05-6x12.jpg 6w, https:\/\/www.aoqunbrushes.com\/wp-content\/uploads\/2025\/07\/\u5de5\u4e1a\u629b\u5149\u676f\u5237\u6c34\u5370_05-600x1136.jpg 600w\" sizes=\"auto, (max-width: 600px) 100vw, 600px\" \/><\/p>\n<p>&nbsp;<\/p>","protected":false},"excerpt":{"rendered":"<p>Caract\u00e9ristiques du produit Construction durable : Fabriqu\u00e9es avec des fils d'acier ou de laiton de haute qualit\u00e9, nos brosses boisseau offrent une durabilit\u00e9 sup\u00e9rieure et des performances durables. Pouvoir abrasif : \u00e9quip\u00e9es de poils abrasifs en nylon ou en fil m\u00e9tallique, ces brosses sont capables de traiter des surfaces m\u00e9talliques difficiles, d'\u00e9liminer la rouille, la peinture et les bavures, tout en laissant une finition lisse et polie. Application polyvalente : Id\u00e9ales pour le polissage, le nettoyage et la pr\u00e9paration des surfaces [...]<\/p>","protected":false},"featured_media":2084,"comment_status":"open","ping_status":"closed","template":"","meta":{"themepark_post_bcolor":"#f5f5f5","themepark_post_width":"1022px","themepark_post_img":"","themepark_post_img_po":"left","themepark_post_img_re":false,"themepark_post_img_cover":false,"themepark_post_img_fixed":false,"themepark_post_hide_title":false,"themepark_post_main_b":"","themepark_post_main_p":100,"themepark_paddingblock":false},"product_brand":[],"product_cat":[31],"product_tag":[],"class_list":{"0":"post-1489","1":"product","2":"type-product","3":"status-publish","4":"has-post-thumbnail","6":"product_cat-staple-set-brushes","8":"first","9":"instock","10":"shipping-taxable","11":"purchasable","12":"product-type-variable"},"_links":{"self":[{"href":"https:\/\/www.aoqunbrushes.com\/fr\/wp-json\/wp\/v2\/product\/1489","targetHints":{"allow":["GET"]}}],"collection":[{"href":"https:\/\/www.aoqunbrushes.com\/fr\/wp-json\/wp\/v2\/product"}],"about":[{"href":"https:\/\/www.aoqunbrushes.com\/fr\/wp-json\/wp\/v2\/types\/product"}],"replies":[{"embeddable":true,"href":"https:\/\/www.aoqunbrushes.com\/fr\/wp-json\/wp\/v2\/comments?post=1489"}],"wp:featuredmedia":[{"embeddable":true,"href":"https:\/\/www.aoqunbrushes.com\/fr\/wp-json\/wp\/v2\/media\/2084"}],"wp:attachment":[{"href":"https:\/\/www.aoqunbrushes.com\/fr\/wp-json\/wp\/v2\/media?parent=1489"}],"wp:term":[{"taxonomy":"product_brand","embeddable":true,"href":"https:\/\/www.aoqunbrushes.com\/fr\/wp-json\/wp\/v2\/product_brand?post=1489"},{"taxonomy":"product_cat","embeddable":true,"href":"https:\/\/www.aoqunbrushes.com\/fr\/wp-json\/wp\/v2\/product_cat?post=1489"},{"taxonomy":"product_tag","embeddable":true,"href":"https:\/\/www.aoqunbrushes.com\/fr\/wp-json\/wp\/v2\/product_tag?post=1489"}],"curies":[{"name":"wp","href":"https:\/\/api.w.org\/{rel}","templated":true}]}}