{"id":1467,"date":"2025-07-02T09:08:24","date_gmt":"2025-07-02T01:08:24","guid":{"rendered":"https:\/\/www.abrushqueen.com\/?post_type=product&#038;p=1467"},"modified":"2026-03-25T16:12:02","modified_gmt":"2026-03-25T08:12:02","slug":"drill-brush","status":"publish","type":"product","link":"https:\/\/www.aoqunbrushes.com\/fr\/produit\/drill-brush","title":{"rendered":"Ensemble d'accessoires pour brosse de perceuse Brosse \u00e0 r\u00e9curer \u00e9lectrique avec extension de l'accessoire long Nettoyage tout usage pour le coulis, les carreaux, les \u00e9viers, les tampons de polissage de voiture"},"content":{"rendered":"<h2>Caract\u00e9ristiques du produit<\/h2>\n<ul class=\"tp_attributes\"><\/ul>\n<p><strong>\u3010 Application\u3011-<\/strong>\u00a0Les brosses de diff\u00e9rentes tailles nettoient la baignoire, les joints, les tissus d'ameublement, la surface de la salle de bain, le sol, le kit d'esth\u00e9tique automobile, le carrelage, la douche, les toilettes et la moquette, etc. Les poils en nylon n'\u00e9gratignent pas les surfaces.<br \/>\n<strong>\u3010Attachment \u3011-<\/strong>L'accessoire \u00e0 port\u00e9e \u00e9tendue aide la brosse \u00e0 nettoyer les espaces restreints ou les zones difficiles \u00e0 atteindre comme les grilles de cuisini\u00e8re, les l\u00e8chefrites, les crevasses, la voiture, etc.<\/p>\n<p><strong>\u3010Time Saving\u3011-<\/strong>Les travaux de nettoyage les plus difficiles sont effectu\u00e9s plus rapidement et le nettoyage est plus en profondeur.<\/p>\n<p>&nbsp;<\/p>\n<p><img loading=\"lazy\" decoding=\"async\" class=\"alignnone wp-image-1472\" src=\"https:\/\/www.aoqunbrushes.com\/wp-content\/uploads\/2025\/07\/\u94bb\u5934\u5237_01-1-612x1024.jpg\" alt=\"Power Scrubber Brush with Extend Long Attachment\" width=\"600\" height=\"1003\" srcset=\"https:\/\/www.aoqunbrushes.com\/wp-content\/uploads\/2025\/07\/\u94bb\u5934\u5237_01-1-612x1024.jpg 612w, https:\/\/www.aoqunbrushes.com\/wp-content\/uploads\/2025\/07\/\u94bb\u5934\u5237_01-1-179x300.jpg 179w, https:\/\/www.aoqunbrushes.com\/wp-content\/uploads\/2025\/07\/\u94bb\u5934\u5237_01-1-768x1284.jpg 768w, https:\/\/www.aoqunbrushes.com\/wp-content\/uploads\/2025\/07\/\u94bb\u5934\u5237_01-1-919x1536.jpg 919w, https:\/\/www.aoqunbrushes.com\/wp-content\/uploads\/2025\/07\/\u94bb\u5934\u5237_01-1-7x12.jpg 7w, https:\/\/www.aoqunbrushes.com\/wp-content\/uploads\/2025\/07\/\u94bb\u5934\u5237_01-1-600x1003.jpg 600w, https:\/\/www.aoqunbrushes.com\/wp-content\/uploads\/2025\/07\/\u94bb\u5934\u5237_01-1.jpg 1000w\" sizes=\"auto, (max-width: 600px) 100vw, 600px\" \/><\/p>\n<p><img loading=\"lazy\" decoding=\"async\" class=\"alignnone wp-image-1473\" src=\"https:\/\/www.aoqunbrushes.com\/wp-content\/uploads\/2025\/07\/\u94bb\u5934\u5237_02-1.jpg\" alt=\"Power Scrubber Brush with Extend Long Attachment\" width=\"600\" height=\"1641\" srcset=\"https:\/\/www.aoqunbrushes.com\/wp-content\/uploads\/2025\/07\/\u94bb\u5934\u5237_02-1.jpg 800w, https:\/\/www.aoqunbrushes.com\/wp-content\/uploads\/2025\/07\/\u94bb\u5934\u5237_02-1-110x300.jpg 110w, https:\/\/www.aoqunbrushes.com\/wp-content\/uploads\/2025\/07\/\u94bb\u5934\u5237_02-1-374x1024.jpg 374w, https:\/\/www.aoqunbrushes.com\/wp-content\/uploads\/2025\/07\/\u94bb\u5934\u5237_02-1-768x2100.jpg 768w, https:\/\/www.aoqunbrushes.com\/wp-content\/uploads\/2025\/07\/\u94bb\u5934\u5237_02-1-562x1536.jpg 562w, https:\/\/www.aoqunbrushes.com\/wp-content\/uploads\/2025\/07\/\u94bb\u5934\u5237_02-1-749x2048.jpg 749w, https:\/\/www.aoqunbrushes.com\/wp-content\/uploads\/2025\/07\/\u94bb\u5934\u5237_02-1-4x12.jpg 4w, https:\/\/www.aoqunbrushes.com\/wp-content\/uploads\/2025\/07\/\u94bb\u5934\u5237_02-1-600x1641.jpg 600w\" sizes=\"auto, (max-width: 600px) 100vw, 600px\" \/><\/p>\n<p><img loading=\"lazy\" decoding=\"async\" class=\"alignnone wp-image-1474\" src=\"https:\/\/www.aoqunbrushes.com\/wp-content\/uploads\/2025\/07\/\u94bb\u5934\u5237_03-1.jpg\" alt=\"Power Scrubber Brush with Extend Long Attachment\" width=\"600\" height=\"1319\" srcset=\"https:\/\/www.aoqunbrushes.com\/wp-content\/uploads\/2025\/07\/\u94bb\u5934\u5237_03-1.jpg 1000w, https:\/\/www.aoqunbrushes.com\/wp-content\/uploads\/2025\/07\/\u94bb\u5934\u5237_03-1-136x300.jpg 136w, https:\/\/www.aoqunbrushes.com\/wp-content\/uploads\/2025\/07\/\u94bb\u5934\u5237_03-1-466x1024.jpg 466w, https:\/\/www.aoqunbrushes.com\/wp-content\/uploads\/2025\/07\/\u94bb\u5934\u5237_03-1-768x1688.jpg 768w, https:\/\/www.aoqunbrushes.com\/wp-content\/uploads\/2025\/07\/\u94bb\u5934\u5237_03-1-699x1536.jpg 699w, https:\/\/www.aoqunbrushes.com\/wp-content\/uploads\/2025\/07\/\u94bb\u5934\u5237_03-1-932x2048.jpg 932w, https:\/\/www.aoqunbrushes.com\/wp-content\/uploads\/2025\/07\/\u94bb\u5934\u5237_03-1-5x12.jpg 5w, https:\/\/www.aoqunbrushes.com\/wp-content\/uploads\/2025\/07\/\u94bb\u5934\u5237_03-1-600x1319.jpg 600w\" sizes=\"auto, (max-width: 600px) 100vw, 600px\" \/><\/p>\n<p><img loading=\"lazy\" decoding=\"async\" class=\"alignnone wp-image-1475\" src=\"https:\/\/www.aoqunbrushes.com\/wp-content\/uploads\/2025\/07\/\u94bb\u5934\u5237_04-1.jpg\" alt=\"Power Scrubber Brush with Extend Long Attachment\" width=\"600\" height=\"1331\" srcset=\"https:\/\/www.aoqunbrushes.com\/wp-content\/uploads\/2025\/07\/\u94bb\u5934\u5237_04-1.jpg 1000w, https:\/\/www.aoqunbrushes.com\/wp-content\/uploads\/2025\/07\/\u94bb\u5934\u5237_04-1-135x300.jpg 135w, https:\/\/www.aoqunbrushes.com\/wp-content\/uploads\/2025\/07\/\u94bb\u5934\u5237_04-1-461x1024.jpg 461w, https:\/\/www.aoqunbrushes.com\/wp-content\/uploads\/2025\/07\/\u94bb\u5934\u5237_04-1-768x1704.jpg 768w, https:\/\/www.aoqunbrushes.com\/wp-content\/uploads\/2025\/07\/\u94bb\u5934\u5237_04-1-692x1536.jpg 692w, https:\/\/www.aoqunbrushes.com\/wp-content\/uploads\/2025\/07\/\u94bb\u5934\u5237_04-1-923x2048.jpg 923w, https:\/\/www.aoqunbrushes.com\/wp-content\/uploads\/2025\/07\/\u94bb\u5934\u5237_04-1-5x12.jpg 5w, https:\/\/www.aoqunbrushes.com\/wp-content\/uploads\/2025\/07\/\u94bb\u5934\u5237_04-1-600x1331.jpg 600w\" sizes=\"auto, (max-width: 600px) 100vw, 600px\" \/><\/p>\n<p><img loading=\"lazy\" decoding=\"async\" class=\"alignnone wp-image-1476\" src=\"https:\/\/www.aoqunbrushes.com\/wp-content\/uploads\/2025\/07\/\u94bb\u5934\u5237_05-1.jpg\" alt=\"Power Scrubber Brush with Extend Long Attachment\" width=\"600\" height=\"1409\" srcset=\"https:\/\/www.aoqunbrushes.com\/wp-content\/uploads\/2025\/07\/\u94bb\u5934\u5237_05-1.jpg 1000w, https:\/\/www.aoqunbrushes.com\/wp-content\/uploads\/2025\/07\/\u94bb\u5934\u5237_05-1-128x300.jpg 128w, https:\/\/www.aoqunbrushes.com\/wp-content\/uploads\/2025\/07\/\u94bb\u5934\u5237_05-1-436x1024.jpg 436w, https:\/\/www.aoqunbrushes.com\/wp-content\/uploads\/2025\/07\/\u94bb\u5934\u5237_05-1-768x1804.jpg 768w, https:\/\/www.aoqunbrushes.com\/wp-content\/uploads\/2025\/07\/\u94bb\u5934\u5237_05-1-654x1536.jpg 654w, https:\/\/www.aoqunbrushes.com\/wp-content\/uploads\/2025\/07\/\u94bb\u5934\u5237_05-1-872x2048.jpg 872w, https:\/\/www.aoqunbrushes.com\/wp-content\/uploads\/2025\/07\/\u94bb\u5934\u5237_05-1-5x12.jpg 5w, https:\/\/www.aoqunbrushes.com\/wp-content\/uploads\/2025\/07\/\u94bb\u5934\u5237_05-1-600x1409.jpg 600w\" sizes=\"auto, (max-width: 600px) 100vw, 600px\" \/><\/p>\n<p><img loading=\"lazy\" decoding=\"async\" class=\"alignnone wp-image-1477\" src=\"https:\/\/www.aoqunbrushes.com\/wp-content\/uploads\/2025\/07\/\u94bb\u5934\u5237_06-1.jpg\" alt=\"Power Scrubber Brush with Extend Long Attachment\" width=\"600\" height=\"1276\" srcset=\"https:\/\/www.aoqunbrushes.com\/wp-content\/uploads\/2025\/07\/\u94bb\u5934\u5237_06-1.jpg 1000w, https:\/\/www.aoqunbrushes.com\/wp-content\/uploads\/2025\/07\/\u94bb\u5934\u5237_06-1-141x300.jpg 141w, https:\/\/www.aoqunbrushes.com\/wp-content\/uploads\/2025\/07\/\u94bb\u5934\u5237_06-1-482x1024.jpg 482w, https:\/\/www.aoqunbrushes.com\/wp-content\/uploads\/2025\/07\/\u94bb\u5934\u5237_06-1-768x1633.jpg 768w, https:\/\/www.aoqunbrushes.com\/wp-content\/uploads\/2025\/07\/\u94bb\u5934\u5237_06-1-722x1536.jpg 722w, https:\/\/www.aoqunbrushes.com\/wp-content\/uploads\/2025\/07\/\u94bb\u5934\u5237_06-1-963x2048.jpg 963w, https:\/\/www.aoqunbrushes.com\/wp-content\/uploads\/2025\/07\/\u94bb\u5934\u5237_06-1-6x12.jpg 6w, https:\/\/www.aoqunbrushes.com\/wp-content\/uploads\/2025\/07\/\u94bb\u5934\u5237_06-1-600x1276.jpg 600w\" sizes=\"auto, (max-width: 600px) 100vw, 600px\" \/><\/p>\n<p><img loading=\"lazy\" decoding=\"async\" class=\"alignnone wp-image-1478\" src=\"https:\/\/www.aoqunbrushes.com\/wp-content\/uploads\/2025\/07\/\u94bb\u5934\u5237_07-1.jpg\" alt=\"Power Scrubber Brush with Extend Long Attachment\" width=\"600\" height=\"1160\" srcset=\"https:\/\/www.aoqunbrushes.com\/wp-content\/uploads\/2025\/07\/\u94bb\u5934\u5237_07-1.jpg 1000w, https:\/\/www.aoqunbrushes.com\/wp-content\/uploads\/2025\/07\/\u94bb\u5934\u5237_07-1-155x300.jpg 155w, https:\/\/www.aoqunbrushes.com\/wp-content\/uploads\/2025\/07\/\u94bb\u5934\u5237_07-1-529x1024.jpg 529w, https:\/\/www.aoqunbrushes.com\/wp-content\/uploads\/2025\/07\/\u94bb\u5934\u5237_07-1-768x1485.jpg 768w, https:\/\/www.aoqunbrushes.com\/wp-content\/uploads\/2025\/07\/\u94bb\u5934\u5237_07-1-794x1536.jpg 794w, https:\/\/www.aoqunbrushes.com\/wp-content\/uploads\/2025\/07\/\u94bb\u5934\u5237_07-1-6x12.jpg 6w, https:\/\/www.aoqunbrushes.com\/wp-content\/uploads\/2025\/07\/\u94bb\u5934\u5237_07-1-600x1160.jpg 600w\" sizes=\"auto, (max-width: 600px) 100vw, 600px\" \/><\/p>\n<p><img loading=\"lazy\" decoding=\"async\" class=\"alignnone wp-image-1479\" src=\"https:\/\/www.aoqunbrushes.com\/wp-content\/uploads\/2025\/07\/\u94bb\u5934\u5237_08-1.jpg\" alt=\"Power Scrubber Brush with Extend Long Attachment\" width=\"600\" height=\"1406\" srcset=\"https:\/\/www.aoqunbrushes.com\/wp-content\/uploads\/2025\/07\/\u94bb\u5934\u5237_08-1.jpg 1000w, https:\/\/www.aoqunbrushes.com\/wp-content\/uploads\/2025\/07\/\u94bb\u5934\u5237_08-1-128x300.jpg 128w, https:\/\/www.aoqunbrushes.com\/wp-content\/uploads\/2025\/07\/\u94bb\u5934\u5237_08-1-437x1024.jpg 437w, https:\/\/www.aoqunbrushes.com\/wp-content\/uploads\/2025\/07\/\u94bb\u5934\u5237_08-1-768x1800.jpg 768w, https:\/\/www.aoqunbrushes.com\/wp-content\/uploads\/2025\/07\/\u94bb\u5934\u5237_08-1-655x1536.jpg 655w, https:\/\/www.aoqunbrushes.com\/wp-content\/uploads\/2025\/07\/\u94bb\u5934\u5237_08-1-874x2048.jpg 874w, https:\/\/www.aoqunbrushes.com\/wp-content\/uploads\/2025\/07\/\u94bb\u5934\u5237_08-1-5x12.jpg 5w, https:\/\/www.aoqunbrushes.com\/wp-content\/uploads\/2025\/07\/\u94bb\u5934\u5237_08-1-600x1406.jpg 600w\" sizes=\"auto, (max-width: 600px) 100vw, 600px\" \/><\/p>\n<p><img loading=\"lazy\" decoding=\"async\" class=\"alignnone wp-image-1480\" src=\"https:\/\/www.aoqunbrushes.com\/wp-content\/uploads\/2025\/07\/\u94bb\u5934\u5237_09-1-638x1024.jpg\" alt=\"Power Scrubber Brush with Extend Long Attachment\" width=\"600\" height=\"964\" srcset=\"https:\/\/www.aoqunbrushes.com\/wp-content\/uploads\/2025\/07\/\u94bb\u5934\u5237_09-1-638x1024.jpg 638w, https:\/\/www.aoqunbrushes.com\/wp-content\/uploads\/2025\/07\/\u94bb\u5934\u5237_09-1-187x300.jpg 187w, https:\/\/www.aoqunbrushes.com\/wp-content\/uploads\/2025\/07\/\u94bb\u5934\u5237_09-1-768x1233.jpg 768w, https:\/\/www.aoqunbrushes.com\/wp-content\/uploads\/2025\/07\/\u94bb\u5934\u5237_09-1-956x1536.jpg 956w, https:\/\/www.aoqunbrushes.com\/wp-content\/uploads\/2025\/07\/\u94bb\u5934\u5237_09-1-7x12.jpg 7w, https:\/\/www.aoqunbrushes.com\/wp-content\/uploads\/2025\/07\/\u94bb\u5934\u5237_09-1-600x964.jpg 600w, https:\/\/www.aoqunbrushes.com\/wp-content\/uploads\/2025\/07\/\u94bb\u5934\u5237_09-1.jpg 1000w\" sizes=\"auto, (max-width: 600px) 100vw, 600px\" \/><\/p>\n<p><img loading=\"lazy\" decoding=\"async\" class=\"alignnone wp-image-1481\" src=\"https:\/\/www.aoqunbrushes.com\/wp-content\/uploads\/2025\/07\/\u94bb\u5934\u5237_10-1-616x1024.jpg\" alt=\"Power Scrubber Brush with Extend Long Attachment\" width=\"600\" height=\"997\" srcset=\"https:\/\/www.aoqunbrushes.com\/wp-content\/uploads\/2025\/07\/\u94bb\u5934\u5237_10-1-616x1024.jpg 616w, https:\/\/www.aoqunbrushes.com\/wp-content\/uploads\/2025\/07\/\u94bb\u5934\u5237_10-1-181x300.jpg 181w, https:\/\/www.aoqunbrushes.com\/wp-content\/uploads\/2025\/07\/\u94bb\u5934\u5237_10-1-768x1276.jpg 768w, https:\/\/www.aoqunbrushes.com\/wp-content\/uploads\/2025\/07\/\u94bb\u5934\u5237_10-1-924x1536.jpg 924w, https:\/\/www.aoqunbrushes.com\/wp-content\/uploads\/2025\/07\/\u94bb\u5934\u5237_10-1-7x12.jpg 7w, https:\/\/www.aoqunbrushes.com\/wp-content\/uploads\/2025\/07\/\u94bb\u5934\u5237_10-1-600x997.jpg 600w, https:\/\/www.aoqunbrushes.com\/wp-content\/uploads\/2025\/07\/\u94bb\u5934\u5237_10-1.jpg 1000w\" sizes=\"auto, (max-width: 600px) 100vw, 600px\" \/><\/p>\n<p><img loading=\"lazy\" decoding=\"async\" class=\"alignnone wp-image-1482\" src=\"https:\/\/www.aoqunbrushes.com\/wp-content\/uploads\/2025\/07\/\u94bb\u5934\u5237_11-4.jpg\" alt=\"Power Scrubber Brush with Extend Long Attachment\" width=\"600\" height=\"1383\" srcset=\"https:\/\/www.aoqunbrushes.com\/wp-content\/uploads\/2025\/07\/\u94bb\u5934\u5237_11-4.jpg 1000w, https:\/\/www.aoqunbrushes.com\/wp-content\/uploads\/2025\/07\/\u94bb\u5934\u5237_11-4-130x300.jpg 130w, https:\/\/www.aoqunbrushes.com\/wp-content\/uploads\/2025\/07\/\u94bb\u5934\u5237_11-4-444x1024.jpg 444w, https:\/\/www.aoqunbrushes.com\/wp-content\/uploads\/2025\/07\/\u94bb\u5934\u5237_11-4-768x1770.jpg 768w, https:\/\/www.aoqunbrushes.com\/wp-content\/uploads\/2025\/07\/\u94bb\u5934\u5237_11-4-666x1536.jpg 666w, https:\/\/www.aoqunbrushes.com\/wp-content\/uploads\/2025\/07\/\u94bb\u5934\u5237_11-4-889x2048.jpg 889w, https:\/\/www.aoqunbrushes.com\/wp-content\/uploads\/2025\/07\/\u94bb\u5934\u5237_11-4-5x12.jpg 5w, https:\/\/www.aoqunbrushes.com\/wp-content\/uploads\/2025\/07\/\u94bb\u5934\u5237_11-4-600x1383.jpg 600w\" sizes=\"auto, (max-width: 600px) 100vw, 600px\" \/><\/p>\n<p>&nbsp;<\/p>","protected":false},"excerpt":{"rendered":"<p>Caract\u00e9ristiques du produit \u3010 Application\u3011- Les brosses de diff\u00e9rentes tailles nettoient votre baignoire, coulis, tapisserie d'ameublement, surface de salle de bain, plancher, kit d'esth\u00e9tique int\u00e9rieure de voiture, carrelage, douche, toilettes et tapis etc, les poils en nylon ne rayent pas les surfaces de ceux-ci. \u3010Attachement \u3011-L'attachement \u00e0 port\u00e9e \u00e9tendue aide la brosse \u00e0 nettoyer les espaces restreints ou les zones difficiles \u00e0 atteindre telles que les grilles de cuisini\u00e8re, les bacs de r\u00e9cup\u00e9ration, les crevasses, la voiture, etc [...]<\/p>","protected":false},"featured_media":2070,"comment_status":"open","ping_status":"closed","template":"","meta":{"themepark_post_bcolor":"#f5f5f5","themepark_post_width":"1022px","themepark_post_img":"","themepark_post_img_po":"left","themepark_post_img_re":false,"themepark_post_img_cover":false,"themepark_post_img_fixed":false,"themepark_post_hide_title":false,"themepark_post_main_b":"","themepark_post_main_p":100,"themepark_paddingblock":false},"product_brand":[],"product_cat":[31],"product_tag":[],"class_list":{"0":"post-1467","1":"product","2":"type-product","3":"status-publish","4":"has-post-thumbnail","6":"product_cat-staple-set-brushes","8":"first","9":"instock","10":"shipping-taxable","11":"purchasable","12":"product-type-variable"},"_links":{"self":[{"href":"https:\/\/www.aoqunbrushes.com\/fr\/wp-json\/wp\/v2\/product\/1467","targetHints":{"allow":["GET"]}}],"collection":[{"href":"https:\/\/www.aoqunbrushes.com\/fr\/wp-json\/wp\/v2\/product"}],"about":[{"href":"https:\/\/www.aoqunbrushes.com\/fr\/wp-json\/wp\/v2\/types\/product"}],"replies":[{"embeddable":true,"href":"https:\/\/www.aoqunbrushes.com\/fr\/wp-json\/wp\/v2\/comments?post=1467"}],"wp:featuredmedia":[{"embeddable":true,"href":"https:\/\/www.aoqunbrushes.com\/fr\/wp-json\/wp\/v2\/media\/2070"}],"wp:attachment":[{"href":"https:\/\/www.aoqunbrushes.com\/fr\/wp-json\/wp\/v2\/media?parent=1467"}],"wp:term":[{"taxonomy":"product_brand","embeddable":true,"href":"https:\/\/www.aoqunbrushes.com\/fr\/wp-json\/wp\/v2\/product_brand?post=1467"},{"taxonomy":"product_cat","embeddable":true,"href":"https:\/\/www.aoqunbrushes.com\/fr\/wp-json\/wp\/v2\/product_cat?post=1467"},{"taxonomy":"product_tag","embeddable":true,"href":"https:\/\/www.aoqunbrushes.com\/fr\/wp-json\/wp\/v2\/product_tag?post=1467"}],"curies":[{"name":"wp","href":"https:\/\/api.w.org\/{rel}","templated":true}]}}