{"id":1342,"date":"2025-06-28T14:22:09","date_gmt":"2025-06-28T06:22:09","guid":{"rendered":"https:\/\/www.abrushqueen.com\/?post_type=product&#038;p=1342"},"modified":"2025-06-28T14:32:27","modified_gmt":"2025-06-28T06:32:27","slug":"replacement-vacuum-brush-strip","status":"publish","type":"product","link":"https:\/\/www.aoqunbrushes.com\/fr\/produit\/replacement-vacuum-brush-strip","title":{"rendered":"Brosse de rechange pour suceur de surface d'aspirateur pour mur\/plafond"},"content":{"rendered":"<h2>Caract\u00e9ristiques du produit<\/h2>\n<ul class=\"tp_attributes\"><\/ul>\n<p>&nbsp;<\/p>\n<h2><strong>Brosse de rechange pour suceur de surface d'aspirateur pour mur\/plafond<\/strong><\/h2>\n<p>&nbsp;<\/p>\n<h3><strong>\u2160. Description du produit<\/strong><strong>&#8211;<\/strong><strong>AOQUN Buse Brosse Strip<\/strong><\/h3>\n<hr \/>\n<p>Les bandes de brosse pour suceur d'AOQUN sont g\u00e9n\u00e9ralement fabriqu\u00e9es \u00e0 partir de mat\u00e9riaux doux et naturels tels que le crin de cheval, le poil de ch\u00e8vre, et peuvent \u00e9galement \u00eatre fabriqu\u00e9es \u00e0 partir de nylon\/PP et d'autres mat\u00e9riaux synth\u00e9tiques. La taille et la forme des bandes de brosses pour buse d'aspiration varient en fonction de la surface de travail sur laquelle il est n\u00e9cessaire d'enlever l'exc\u00e9dent de mat\u00e9riaux.<\/p>\n<p>&nbsp;<\/p>\n<p><img loading=\"lazy\" decoding=\"async\" title=\"Bande de brossage de rechange pour le suceur d&#039;aspirateur\" src=\"http:\/\/www.aoqunbrush.com\/js\/htmledit\/kindeditor\/attached\/20180919\/20180919165222_24320.jpg\" alt=\"Replacement Vacuum Nozzle Brush Strip\" width=\"990\" height=\"400\" align=\"\" \/><\/p>\n<p>&nbsp;<\/p>\n<p>Les brosses \u00e0 canal de la buse d'aspiration sont fabriqu\u00e9es en prenant une pi\u00e8ce plate en acier galvanis\u00e9, en acier inoxydable ou en aluminium, en posant des filaments perpendiculairement \u00e0 la t\u00f4le, puis en posant un fil central parall\u00e8lement \u00e0 la t\u00f4le et en serrant la t\u00f4le autour du fil de retenue.<\/p>\n<p>&nbsp;<\/p>\n<p><img loading=\"lazy\" decoding=\"async\" title=\"Buse d&#039;aspirateur Bande de brossage\" src=\"http:\/\/www.aoqunbrush.com\/js\/htmledit\/kindeditor\/attached\/20200521\/20200521151335_42355.jpg\" alt=\"Vacuum Nozzle Brush Strip\" width=\"790\" height=\"508\" align=\"\" \/><\/p>\n<p><img loading=\"lazy\" decoding=\"async\" title=\"Mati\u00e8re de la brosse \u00e0 plancher du centre d&#039;aspiration\" src=\"http:\/\/www.aoqunbrush.com\/js\/htmledit\/kindeditor\/attached\/20180914\/20180914134823_78303.png\" alt=\"Vacuum Ceaner Floor Brush Material\" width=\"790\" height=\"257\" align=\"\" \/><\/p>\n<h1><\/h1>\n<h1><strong>\u2161.<\/strong><strong>\u00a0Sp\u00e9cifications et taille des produits<\/strong><\/h1>\n<hr \/>\n<p><img loading=\"lazy\" decoding=\"async\" title=\"Personnaliser la bande de la brosse du suceur de l&#039;aspirateur\" src=\"http:\/\/www.aoqunbrush.com\/js\/htmledit\/kindeditor\/attached\/20201130\/20201130175304_99786.jpg\" alt=\"Customize Vacuum Cleaner Nozzle Brush Strip\" width=\"800\" height=\"640\" align=\"\" \/><\/p>","protected":false},"excerpt":{"rendered":"<p>Caract\u00e9ristiques du produit Brosse de rechange pour aspirateur de surface pour mur\/plafond \u2160. Description du produit - Bande de brosse pour suceur AOQUN La bande de brosse pour suceur AOQUN est g\u00e9n\u00e9ralement fabriqu\u00e9e \u00e0 partir de mat\u00e9riaux doux et naturels tels que le crin de cheval, le poil de ch\u00e8vre, et peut \u00e9galement \u00eatre fabriqu\u00e9e \u00e0 partir de nylon\/PP et d'autres mat\u00e9riaux synth\u00e9tiques. La taille et la forme de la bande de brosse pour suceur d'aspirateur varient en fonction [...]<\/p>","protected":false},"featured_media":1352,"comment_status":"open","ping_status":"closed","template":"","meta":{"themepark_post_bcolor":"#f5f5f5","themepark_post_width":"1022px","themepark_post_img":"","themepark_post_img_po":"left","themepark_post_img_re":false,"themepark_post_img_cover":false,"themepark_post_img_fixed":false,"themepark_post_hide_title":false,"themepark_post_main_b":"","themepark_post_main_p":100,"themepark_paddingblock":false},"product_brand":[],"product_cat":[29],"product_tag":[],"class_list":{"0":"post-1342","1":"product","2":"type-product","3":"status-publish","4":"has-post-thumbnail","6":"product_cat-strip-brushes","8":"first","9":"instock","10":"shipping-taxable","11":"purchasable","12":"product-type-variable"},"_links":{"self":[{"href":"https:\/\/www.aoqunbrushes.com\/fr\/wp-json\/wp\/v2\/product\/1342","targetHints":{"allow":["GET"]}}],"collection":[{"href":"https:\/\/www.aoqunbrushes.com\/fr\/wp-json\/wp\/v2\/product"}],"about":[{"href":"https:\/\/www.aoqunbrushes.com\/fr\/wp-json\/wp\/v2\/types\/product"}],"replies":[{"embeddable":true,"href":"https:\/\/www.aoqunbrushes.com\/fr\/wp-json\/wp\/v2\/comments?post=1342"}],"wp:featuredmedia":[{"embeddable":true,"href":"https:\/\/www.aoqunbrushes.com\/fr\/wp-json\/wp\/v2\/media\/1352"}],"wp:attachment":[{"href":"https:\/\/www.aoqunbrushes.com\/fr\/wp-json\/wp\/v2\/media?parent=1342"}],"wp:term":[{"taxonomy":"product_brand","embeddable":true,"href":"https:\/\/www.aoqunbrushes.com\/fr\/wp-json\/wp\/v2\/product_brand?post=1342"},{"taxonomy":"product_cat","embeddable":true,"href":"https:\/\/www.aoqunbrushes.com\/fr\/wp-json\/wp\/v2\/product_cat?post=1342"},{"taxonomy":"product_tag","embeddable":true,"href":"https:\/\/www.aoqunbrushes.com\/fr\/wp-json\/wp\/v2\/product_tag?post=1342"}],"curies":[{"name":"wp","href":"https:\/\/api.w.org\/{rel}","templated":true}]}}