{"id":1177,"date":"2025-06-24T19:34:09","date_gmt":"2025-06-24T11:34:09","guid":{"rendered":"https:\/\/www.abrushqueen.com\/?post_type=product&#038;p=1177"},"modified":"2026-04-24T18:02:56","modified_gmt":"2026-04-24T10:02:56","slug":"soft-detailing-brush","status":"publish","type":"product","link":"https:\/\/www.aoqunbrushes.com\/fr\/produit\/soft-detailing-brush","title":{"rendered":"Ensemble de brosses douces pour l'ext\u00e9rieur et l'int\u00e9rieur des v\u00e9hicules"},"content":{"rendered":"<p><img loading=\"lazy\" decoding=\"async\" class=\"alignnone wp-image-1182\" src=\"https:\/\/www.aoqunbrushes.com\/wp-content\/uploads\/2025\/06\/\u6c7d\u8f66\u5185\u9970\u6e05\u6d01\u5237-\u52a0\u6c34\u5370_01-643x1024.jpg\" alt=\"Soft Detailing Brush Set | Cleaning for Exterior &amp; Interior Vehicle\" width=\"600\" height=\"955\" srcset=\"https:\/\/www.aoqunbrushes.com\/wp-content\/uploads\/2025\/06\/\u6c7d\u8f66\u5185\u9970\u6e05\u6d01\u5237-\u52a0\u6c34\u5370_01-643x1024.jpg 643w, https:\/\/www.aoqunbrushes.com\/wp-content\/uploads\/2025\/06\/\u6c7d\u8f66\u5185\u9970\u6e05\u6d01\u5237-\u52a0\u6c34\u5370_01-188x300.jpg 188w, https:\/\/www.aoqunbrushes.com\/wp-content\/uploads\/2025\/06\/\u6c7d\u8f66\u5185\u9970\u6e05\u6d01\u5237-\u52a0\u6c34\u5370_01-768x1223.jpg 768w, https:\/\/www.aoqunbrushes.com\/wp-content\/uploads\/2025\/06\/\u6c7d\u8f66\u5185\u9970\u6e05\u6d01\u5237-\u52a0\u6c34\u5370_01-965x1536.jpg 965w, https:\/\/www.aoqunbrushes.com\/wp-content\/uploads\/2025\/06\/\u6c7d\u8f66\u5185\u9970\u6e05\u6d01\u5237-\u52a0\u6c34\u5370_01-600x955.jpg 600w, https:\/\/www.aoqunbrushes.com\/wp-content\/uploads\/2025\/06\/\u6c7d\u8f66\u5185\u9970\u6e05\u6d01\u5237-\u52a0\u6c34\u5370_01.jpg 1000w\" sizes=\"auto, (max-width: 600px) 100vw, 600px\" \/><\/p>\n<p><img loading=\"lazy\" decoding=\"async\" class=\"alignnone wp-image-1183\" src=\"https:\/\/www.aoqunbrushes.com\/wp-content\/uploads\/2025\/06\/\u6c7d\u8f66\u5185\u9970\u6e05\u6d01\u5237-\u52a0\u6c34\u5370_02-675x1024.jpg\" alt=\"Soft Detailing Brush Set | Cleaning for Exterior &amp; Interior Vehicle\" width=\"600\" height=\"910\" srcset=\"https:\/\/www.aoqunbrushes.com\/wp-content\/uploads\/2025\/06\/\u6c7d\u8f66\u5185\u9970\u6e05\u6d01\u5237-\u52a0\u6c34\u5370_02-675x1024.jpg 675w, https:\/\/www.aoqunbrushes.com\/wp-content\/uploads\/2025\/06\/\u6c7d\u8f66\u5185\u9970\u6e05\u6d01\u5237-\u52a0\u6c34\u5370_02-198x300.jpg 198w, https:\/\/www.aoqunbrushes.com\/wp-content\/uploads\/2025\/06\/\u6c7d\u8f66\u5185\u9970\u6e05\u6d01\u5237-\u52a0\u6c34\u5370_02-768x1165.jpg 768w, https:\/\/www.aoqunbrushes.com\/wp-content\/uploads\/2025\/06\/\u6c7d\u8f66\u5185\u9970\u6e05\u6d01\u5237-\u52a0\u6c34\u5370_02-600x910.jpg 600w, https:\/\/www.aoqunbrushes.com\/wp-content\/uploads\/2025\/06\/\u6c7d\u8f66\u5185\u9970\u6e05\u6d01\u5237-\u52a0\u6c34\u5370_02.jpg 1000w\" sizes=\"auto, (max-width: 600px) 100vw, 600px\" \/><\/p>\n<p><img loading=\"lazy\" decoding=\"async\" class=\"alignnone wp-image-1184\" src=\"https:\/\/www.aoqunbrushes.com\/wp-content\/uploads\/2025\/06\/\u6c7d\u8f66\u5185\u9970\u6e05\u6d01\u5237-\u52a0\u6c34\u5370_03.jpg\" alt=\"\" width=\"600\" height=\"1433\" srcset=\"https:\/\/www.aoqunbrushes.com\/wp-content\/uploads\/2025\/06\/\u6c7d\u8f66\u5185\u9970\u6e05\u6d01\u5237-\u52a0\u6c34\u5370_03.jpg 1000w, https:\/\/www.aoqunbrushes.com\/wp-content\/uploads\/2025\/06\/\u6c7d\u8f66\u5185\u9970\u6e05\u6d01\u5237-\u52a0\u6c34\u5370_03-126x300.jpg 126w, https:\/\/www.aoqunbrushes.com\/wp-content\/uploads\/2025\/06\/\u6c7d\u8f66\u5185\u9970\u6e05\u6d01\u5237-\u52a0\u6c34\u5370_03-429x1024.jpg 429w, https:\/\/www.aoqunbrushes.com\/wp-content\/uploads\/2025\/06\/\u6c7d\u8f66\u5185\u9970\u6e05\u6d01\u5237-\u52a0\u6c34\u5370_03-768x1834.jpg 768w, https:\/\/www.aoqunbrushes.com\/wp-content\/uploads\/2025\/06\/\u6c7d\u8f66\u5185\u9970\u6e05\u6d01\u5237-\u52a0\u6c34\u5370_03-643x1536.jpg 643w, https:\/\/www.aoqunbrushes.com\/wp-content\/uploads\/2025\/06\/\u6c7d\u8f66\u5185\u9970\u6e05\u6d01\u5237-\u52a0\u6c34\u5370_03-858x2048.jpg 858w, https:\/\/www.aoqunbrushes.com\/wp-content\/uploads\/2025\/06\/\u6c7d\u8f66\u5185\u9970\u6e05\u6d01\u5237-\u52a0\u6c34\u5370_03-600x1433.jpg 600w\" sizes=\"auto, (max-width: 600px) 100vw, 600px\" \/><\/p>\n<p><img loading=\"lazy\" decoding=\"async\" class=\"alignnone wp-image-1185\" src=\"https:\/\/www.aoqunbrushes.com\/wp-content\/uploads\/2025\/06\/\u6c7d\u8f66\u5185\u9970\u6e05\u6d01\u5237-\u52a0\u6c34\u5370_04.jpg\" alt=\"Soft Detailing Brush Set | Cleaning for Exterior &amp; Interior Vehicle\" width=\"600\" height=\"1181\" srcset=\"https:\/\/www.aoqunbrushes.com\/wp-content\/uploads\/2025\/06\/\u6c7d\u8f66\u5185\u9970\u6e05\u6d01\u5237-\u52a0\u6c34\u5370_04.jpg 1000w, https:\/\/www.aoqunbrushes.com\/wp-content\/uploads\/2025\/06\/\u6c7d\u8f66\u5185\u9970\u6e05\u6d01\u5237-\u52a0\u6c34\u5370_04-152x300.jpg 152w, https:\/\/www.aoqunbrushes.com\/wp-content\/uploads\/2025\/06\/\u6c7d\u8f66\u5185\u9970\u6e05\u6d01\u5237-\u52a0\u6c34\u5370_04-520x1024.jpg 520w, https:\/\/www.aoqunbrushes.com\/wp-content\/uploads\/2025\/06\/\u6c7d\u8f66\u5185\u9970\u6e05\u6d01\u5237-\u52a0\u6c34\u5370_04-768x1512.jpg 768w, https:\/\/www.aoqunbrushes.com\/wp-content\/uploads\/2025\/06\/\u6c7d\u8f66\u5185\u9970\u6e05\u6d01\u5237-\u52a0\u6c34\u5370_04-780x1536.jpg 780w, https:\/\/www.aoqunbrushes.com\/wp-content\/uploads\/2025\/06\/\u6c7d\u8f66\u5185\u9970\u6e05\u6d01\u5237-\u52a0\u6c34\u5370_04-600x1181.jpg 600w\" sizes=\"auto, (max-width: 600px) 100vw, 600px\" \/><\/p>\n<p><img loading=\"lazy\" decoding=\"async\" class=\"alignnone wp-image-1186\" src=\"https:\/\/www.aoqunbrushes.com\/wp-content\/uploads\/2025\/06\/\u6c7d\u8f66\u5185\u9970\u6e05\u6d01\u5237-\u52a0\u6c34\u5370_05.jpg\" alt=\"Soft Detailing Brush Set | Cleaning for Exterior &amp; Interior Vehicle\" width=\"600\" height=\"1335\" srcset=\"https:\/\/www.aoqunbrushes.com\/wp-content\/uploads\/2025\/06\/\u6c7d\u8f66\u5185\u9970\u6e05\u6d01\u5237-\u52a0\u6c34\u5370_05.jpg 1000w, https:\/\/www.aoqunbrushes.com\/wp-content\/uploads\/2025\/06\/\u6c7d\u8f66\u5185\u9970\u6e05\u6d01\u5237-\u52a0\u6c34\u5370_05-135x300.jpg 135w, https:\/\/www.aoqunbrushes.com\/wp-content\/uploads\/2025\/06\/\u6c7d\u8f66\u5185\u9970\u6e05\u6d01\u5237-\u52a0\u6c34\u5370_05-460x1024.jpg 460w, https:\/\/www.aoqunbrushes.com\/wp-content\/uploads\/2025\/06\/\u6c7d\u8f66\u5185\u9970\u6e05\u6d01\u5237-\u52a0\u6c34\u5370_05-768x1709.jpg 768w, https:\/\/www.aoqunbrushes.com\/wp-content\/uploads\/2025\/06\/\u6c7d\u8f66\u5185\u9970\u6e05\u6d01\u5237-\u52a0\u6c34\u5370_05-690x1536.jpg 690w, https:\/\/www.aoqunbrushes.com\/wp-content\/uploads\/2025\/06\/\u6c7d\u8f66\u5185\u9970\u6e05\u6d01\u5237-\u52a0\u6c34\u5370_05-920x2048.jpg 920w, https:\/\/www.aoqunbrushes.com\/wp-content\/uploads\/2025\/06\/\u6c7d\u8f66\u5185\u9970\u6e05\u6d01\u5237-\u52a0\u6c34\u5370_05-600x1335.jpg 600w\" sizes=\"auto, (max-width: 600px) 100vw, 600px\" \/><\/p>\n<p><img loading=\"lazy\" decoding=\"async\" class=\"alignnone wp-image-1187\" src=\"https:\/\/www.aoqunbrushes.com\/wp-content\/uploads\/2025\/06\/\u6c7d\u8f66\u5185\u9970\u6e05\u6d01\u5237-\u52a0\u6c34\u5370_06.jpg\" alt=\"Soft Detailing Brush Set | Cleaning for Exterior &amp; Interior Vehicle\" width=\"600\" height=\"1730\" srcset=\"https:\/\/www.aoqunbrushes.com\/wp-content\/uploads\/2025\/06\/\u6c7d\u8f66\u5185\u9970\u6e05\u6d01\u5237-\u52a0\u6c34\u5370_06.jpg 800w, https:\/\/www.aoqunbrushes.com\/wp-content\/uploads\/2025\/06\/\u6c7d\u8f66\u5185\u9970\u6e05\u6d01\u5237-\u52a0\u6c34\u5370_06-104x300.jpg 104w, https:\/\/www.aoqunbrushes.com\/wp-content\/uploads\/2025\/06\/\u6c7d\u8f66\u5185\u9970\u6e05\u6d01\u5237-\u52a0\u6c34\u5370_06-355x1024.jpg 355w, https:\/\/www.aoqunbrushes.com\/wp-content\/uploads\/2025\/06\/\u6c7d\u8f66\u5185\u9970\u6e05\u6d01\u5237-\u52a0\u6c34\u5370_06-768x2214.jpg 768w, https:\/\/www.aoqunbrushes.com\/wp-content\/uploads\/2025\/06\/\u6c7d\u8f66\u5185\u9970\u6e05\u6d01\u5237-\u52a0\u6c34\u5370_06-533x1536.jpg 533w, https:\/\/www.aoqunbrushes.com\/wp-content\/uploads\/2025\/06\/\u6c7d\u8f66\u5185\u9970\u6e05\u6d01\u5237-\u52a0\u6c34\u5370_06-710x2048.jpg 710w, https:\/\/www.aoqunbrushes.com\/wp-content\/uploads\/2025\/06\/\u6c7d\u8f66\u5185\u9970\u6e05\u6d01\u5237-\u52a0\u6c34\u5370_06-600x1730.jpg 600w\" sizes=\"auto, (max-width: 600px) 100vw, 600px\" \/><\/p>\n<p><img loading=\"lazy\" decoding=\"async\" class=\"alignnone wp-image-1188\" src=\"https:\/\/www.aoqunbrushes.com\/wp-content\/uploads\/2025\/06\/\u6c7d\u8f66\u5185\u9970\u6e05\u6d01\u5237-\u52a0\u6c34\u5370_07.jpg\" alt=\"Soft Detailing Brush Set | Cleaning for Exterior &amp; Interior Vehicle\" width=\"600\" height=\"1440\" srcset=\"https:\/\/www.aoqunbrushes.com\/wp-content\/uploads\/2025\/06\/\u6c7d\u8f66\u5185\u9970\u6e05\u6d01\u5237-\u52a0\u6c34\u5370_07.jpg 1000w, https:\/\/www.aoqunbrushes.com\/wp-content\/uploads\/2025\/06\/\u6c7d\u8f66\u5185\u9970\u6e05\u6d01\u5237-\u52a0\u6c34\u5370_07-125x300.jpg 125w, https:\/\/www.aoqunbrushes.com\/wp-content\/uploads\/2025\/06\/\u6c7d\u8f66\u5185\u9970\u6e05\u6d01\u5237-\u52a0\u6c34\u5370_07-427x1024.jpg 427w, https:\/\/www.aoqunbrushes.com\/wp-content\/uploads\/2025\/06\/\u6c7d\u8f66\u5185\u9970\u6e05\u6d01\u5237-\u52a0\u6c34\u5370_07-768x1843.jpg 768w, https:\/\/www.aoqunbrushes.com\/wp-content\/uploads\/2025\/06\/\u6c7d\u8f66\u5185\u9970\u6e05\u6d01\u5237-\u52a0\u6c34\u5370_07-640x1536.jpg 640w, https:\/\/www.aoqunbrushes.com\/wp-content\/uploads\/2025\/06\/\u6c7d\u8f66\u5185\u9970\u6e05\u6d01\u5237-\u52a0\u6c34\u5370_07-853x2048.jpg 853w, https:\/\/www.aoqunbrushes.com\/wp-content\/uploads\/2025\/06\/\u6c7d\u8f66\u5185\u9970\u6e05\u6d01\u5237-\u52a0\u6c34\u5370_07-600x1440.jpg 600w\" sizes=\"auto, (max-width: 600px) 100vw, 600px\" \/><\/p>\n<p>&nbsp;<\/p>\n<p>&nbsp;<\/p>\n<p>&nbsp;<\/p>\n<p>&nbsp;<\/p>\n<p>&nbsp;<\/p>\n<p>&nbsp;<\/p>\n<p>&nbsp;<\/p>","protected":false},"excerpt":{"rendered":"<p>&nbsp; &nbsp; &nbsp; &nbsp; &nbsp; &nbsp; &nbsp;<\/p>","protected":false},"featured_media":2314,"comment_status":"open","ping_status":"closed","template":"","meta":{"themepark_post_bcolor":"#f5f5f5","themepark_post_width":"1022px","themepark_post_img":"","themepark_post_img_po":"left","themepark_post_img_re":false,"themepark_post_img_cover":false,"themepark_post_img_fixed":false,"themepark_post_hide_title":false,"themepark_post_main_b":"","themepark_post_main_p":100,"themepark_paddingblock":false},"product_brand":[],"product_cat":[31],"product_tag":[],"class_list":{"0":"post-1177","1":"product","2":"type-product","3":"status-publish","4":"has-post-thumbnail","6":"product_cat-staple-set-brushes","8":"first","9":"instock","10":"sold-individually","11":"shipping-taxable","12":"purchasable","13":"product-type-variable"},"_links":{"self":[{"href":"https:\/\/www.aoqunbrushes.com\/fr\/wp-json\/wp\/v2\/product\/1177","targetHints":{"allow":["GET"]}}],"collection":[{"href":"https:\/\/www.aoqunbrushes.com\/fr\/wp-json\/wp\/v2\/product"}],"about":[{"href":"https:\/\/www.aoqunbrushes.com\/fr\/wp-json\/wp\/v2\/types\/product"}],"replies":[{"embeddable":true,"href":"https:\/\/www.aoqunbrushes.com\/fr\/wp-json\/wp\/v2\/comments?post=1177"}],"wp:featuredmedia":[{"embeddable":true,"href":"https:\/\/www.aoqunbrushes.com\/fr\/wp-json\/wp\/v2\/media\/2314"}],"wp:attachment":[{"href":"https:\/\/www.aoqunbrushes.com\/fr\/wp-json\/wp\/v2\/media?parent=1177"}],"wp:term":[{"taxonomy":"product_brand","embeddable":true,"href":"https:\/\/www.aoqunbrushes.com\/fr\/wp-json\/wp\/v2\/product_brand?post=1177"},{"taxonomy":"product_cat","embeddable":true,"href":"https:\/\/www.aoqunbrushes.com\/fr\/wp-json\/wp\/v2\/product_cat?post=1177"},{"taxonomy":"product_tag","embeddable":true,"href":"https:\/\/www.aoqunbrushes.com\/fr\/wp-json\/wp\/v2\/product_tag?post=1177"}],"curies":[{"name":"wp","href":"https:\/\/api.w.org\/{rel}","templated":true}]}}