{"id":963,"date":"2025-06-19T18:54:27","date_gmt":"2025-06-19T10:54:27","guid":{"rendered":"https:\/\/www.abrushqueen.com\/?post_type=product&#038;p=963"},"modified":"2026-03-25T17:42:40","modified_gmt":"2026-03-25T09:42:40","slug":"custom-strip-brush","status":"publish","type":"product","link":"https:\/\/www.aoqunbrushes.com\/es\/producto\/custom-strip-brush","title":{"rendered":"Cepillo de list\u00f3n personalizado"},"content":{"rendered":"<p>Canal\u00a0<strong>Cepillos de list\u00f3n<\/strong>\u00a0se fabrican tomando una pieza plana de acero galvanizado, acero inoxidable o aluminio, colocando filamentos perpendiculares a la chapa met\u00e1lica y, a continuaci\u00f3n, colocando un alambre central paralelo a la chapa met\u00e1lica y sujetando la chapa met\u00e1lica alrededor del alambre de retenci\u00f3n. Los cepillos de tiras se pueden formar como cepillos cil\u00edndricos, cepillos de disco interior, cepillos de disco exterior, cepillos de copa o quedar como cepillos de tiras rectas.<\/p>\n<p><strong>1. Perfil de aluminio<\/strong><\/p>\n<p><strong>Tratamiento superficial de anodizado, varios colores para tratamiento de oxidaci\u00f3n o pintura<\/strong><\/p>\n<p><strong>2. PA6\/PA66<\/strong><\/p>\n<p><strong>Buena elasticidad, resistencia al desgaste, resistencia a la temperatura, la temperatura de desnaturalizaci\u00f3n t\u00e9rmica es 185~190\u00b0C, que se puede a\u00f1adir UL94 V0 material ign\u00edfugo<\/strong><\/p>\n<p><strong>3. Suave, ordenado, limpio<\/strong><\/p>\n<p><strong>El filamento del cepillo es brillante y de grosor uniforme. Es limpio sin filamento torcido y oblicuo, sin aceite, polvo, \u00f3xido en la superficie.<\/strong><\/p>\n<p><strong>4. Rectificar el borde afilado, sin deslizamiento<\/strong><\/p>\n<p><strong>Rectificar cada borde afilado de la base del cepillo para evitar lesiones, el sello autom\u00e1tico inferior de la puerta no se deslizar\u00e1 por su propio peso despu\u00e9s de la instalaci\u00f3n.<\/strong><\/p>\n<div><\/div>\n<p><strong><img loading=\"lazy\" decoding=\"async\" title=\"Cepillos de tiras de PP\" src=\"http:\/\/www.aoqunbrush.com\/js\/htmledit\/kindeditor\/attached\/20180914\/20180914134656_93467.jpg\" alt=\"PP Strip Brushes\" width=\"790\" height=\"508\" align=\"\" \/><img loading=\"lazy\" decoding=\"async\" title=\"cepillo de p\u00faas\" src=\"http:\/\/www.aoqunbrush.com\/js\/htmledit\/kindeditor\/attached\/20180914\/20180914134823_78303.png\" alt=\"strip brush\" width=\"790\" height=\"257\" align=\"\" \/><\/strong><\/p>\n<h2><strong>\u2161. Cepillo\u00a0<\/strong><strong>Especificaciones<\/strong><\/h2>\n<hr \/>\n<p><strong>M\u00e1s de 40 modelos de perfil de aluminio del cepillo de la tira para su opci\u00f3n, se puede modificar para requisitos particulares por sus dibujos.<\/strong><\/p>\n<p><img loading=\"lazy\" decoding=\"async\" title=\"Cepillos de tiras de nylon dibujo\" src=\"http:\/\/www.aoqunbrush.com\/js\/htmledit\/kindeditor\/attached\/20180914\/20180914134824_50575.png\" alt=\"Nylon Strip Brushes drawing\" width=\"790\" height=\"563\" align=\"\" \/><\/p>\n<p><img decoding=\"async\" src=\"http:\/\/www.aoqunbrush.com\/js\/htmledit\/kindeditor\/attached\/20180914\/20180914134827_84103.png\" alt=\"Nylon Strip Brushes application\" \/><\/p>\n<p>&nbsp;<\/p>","protected":false},"excerpt":{"rendered":"<p>Los cepillos de tiras de canal se fabrican tomando una pieza plana de acero galvanizado, acero inoxidable o aluminio, colocando filamentos perpendiculares a la chapa y, a continuaci\u00f3n, colocando un alambre central paralelo a la chapa y sujetando la chapa alrededor del alambre de retenci\u00f3n. Los cepillos de l\u00e1minas se pueden formar en Cepillos cil\u00edndricos, Cepillos de disco interior, Cepillos [...]<\/p>","protected":false},"featured_media":2150,"comment_status":"open","ping_status":"closed","template":"","meta":{"themepark_post_bcolor":"#f5f5f5","themepark_post_width":"1022px","themepark_post_img":"","themepark_post_img_po":"left","themepark_post_img_re":false,"themepark_post_img_cover":false,"themepark_post_img_fixed":false,"themepark_post_hide_title":false,"themepark_post_main_b":"","themepark_post_main_p":100,"themepark_paddingblock":false},"product_brand":[],"product_cat":[42],"product_tag":[],"class_list":{"0":"post-963","1":"product","2":"type-product","3":"status-publish","4":"has-post-thumbnail","6":"product_cat-custom-brush","8":"first","9":"instock","10":"sold-individually","11":"shipping-taxable","12":"purchasable","13":"product-type-variable"},"_links":{"self":[{"href":"https:\/\/www.aoqunbrushes.com\/es\/wp-json\/wp\/v2\/product\/963","targetHints":{"allow":["GET"]}}],"collection":[{"href":"https:\/\/www.aoqunbrushes.com\/es\/wp-json\/wp\/v2\/product"}],"about":[{"href":"https:\/\/www.aoqunbrushes.com\/es\/wp-json\/wp\/v2\/types\/product"}],"replies":[{"embeddable":true,"href":"https:\/\/www.aoqunbrushes.com\/es\/wp-json\/wp\/v2\/comments?post=963"}],"wp:featuredmedia":[{"embeddable":true,"href":"https:\/\/www.aoqunbrushes.com\/es\/wp-json\/wp\/v2\/media\/2150"}],"wp:attachment":[{"href":"https:\/\/www.aoqunbrushes.com\/es\/wp-json\/wp\/v2\/media?parent=963"}],"wp:term":[{"taxonomy":"product_brand","embeddable":true,"href":"https:\/\/www.aoqunbrushes.com\/es\/wp-json\/wp\/v2\/product_brand?post=963"},{"taxonomy":"product_cat","embeddable":true,"href":"https:\/\/www.aoqunbrushes.com\/es\/wp-json\/wp\/v2\/product_cat?post=963"},{"taxonomy":"product_tag","embeddable":true,"href":"https:\/\/www.aoqunbrushes.com\/es\/wp-json\/wp\/v2\/product_tag?post=963"}],"curies":[{"name":"wp","href":"https:\/\/api.w.org\/{rel}","templated":true}]}}