{"id":290,"date":"2024-06-21T14:45:22","date_gmt":"2024-06-21T06:45:22","guid":{"rendered":"http:\/\/themetest6.local\/?post_type=product&#038;p=290"},"modified":"2025-09-05T17:43:18","modified_gmt":"2025-09-05T09:43:18","slug":"aircraft-door","status":"publish","type":"product","link":"https:\/\/www.aoqunbrushes.com\/es\/producto\/aircraft-door","title":{"rendered":"Aerospace Aircraft Hangar Door Weather Brush Seals | Strip Brush"},"content":{"rendered":"<h2>Caracter\u00edsticas del producto<\/h2>\n<ul class=\"tp_attributes\"><\/ul>\n<h1><strong>Sellos de cepillo para puertas de hangares aeroespaciales<\/strong><\/h1>\n<p>\u200b<\/p>\n<p><img loading=\"lazy\" decoding=\"async\" title=\"Aplicaciones de Brush Seal Aerospace\" src=\"https:\/\/www.aoqunbrush.com\/js\/htmledit\/kindeditor\/attached\/20200815\/20200815172620_48557.jpg\" alt=\"Applications of Brush Seal Aerospace\" width=\"750\" height=\"750\" align=\"\" data-ke-src=\"\/js\/htmledit\/kindeditor\/attached\/20200815\/20200815172620_48557.jpg\" \/><\/p>\n<p>AOQUN's Polypropylene Brush Seal Aerospace friction\u22651 Million Times without any deformation, can reduce 98.5% of air infiltration.<\/p>\n<h2><strong>Gama completa de filamentos aeroespaciales AOQUN Brush Seal<\/strong><\/h2>\n<div>Material\uff1aPA, PP, Pelo de animal<\/div>\n<div>Forma\uff1aFilamento recto, filamento ondulado<\/div>\n<div>Funciones\uff1aResistente al desgaste, Antipolvo, Ign\u00edfugo, Antiest\u00e1tico.<\/div>\n<h2><strong>Filamento de polipropileno ign\u00edfugo Brush Seal desarrollado individualmente<\/strong><\/h2>\n<p>AOQUN Polypropylene Brush Seal Aerospace se extingue justo despu\u00e9s de ser alejado del fuego con humo blanco, sin olor acre, y cumple con RoHS 10 art\u00edculos. Nuestro Polipropileno Brush Seal Aeroespacial es seguro, no t\u00f3xico y respetuoso con el medio ambiente.<\/p>\n<p>Tambi\u00e9n le puede interesar pelo de lana o caucho<a href=\"https:\/\/www.aoqunbrush.com\/door-weather-strip_c43\" target=\"_blank\" rel=\"noopener\" data-ke-src=\"https:\/\/www.aoqunbrush.com\/door-weather-strip_c43\">\u00a0<\/a><a href=\"https:\/\/www.aoqunbrush.com\/door-weather-strip_c43\" target=\"_blank\" rel=\"noopener\" data-ke-src=\"https:\/\/www.aoqunbrush.com\/door-weather-strip_c43\">burlete de puerta<\/a>\u00a0tenemos todos estos, por favor haga clic en la palabra clave relacionada para obtener m\u00e1s detalles.<\/p>\n<h2><strong>\u2160. Producto\u00a0<\/strong><strong>Descripci\u00f3n<\/strong><\/h2>\n<hr \/>\n<p><img loading=\"lazy\" decoding=\"async\" title=\"Forma de los burletes de cepillo para puertas de hangares aeroespaciales\" src=\"https:\/\/www.aoqunbrush.com\/js\/htmledit\/kindeditor\/attached\/20180822\/20180822105638_64485.jpg\" alt=\"Form of Aerospace Aircraft Hangar Door Weather Brush Seals\" width=\"750\" height=\"445\" align=\"\" data-ke-src=\"\/js\/htmledit\/kindeditor\/attached\/20180822\/20180822105638_64485.jpg\" \/><\/p>\n<div><strong>1-Perfil de aluminio<\/strong><\/div>\n<div>Tratamiento superficial de anodizado, varios colores para tratamiento de oxidaci\u00f3n o pintura<\/div>\n<p><strong>2-PA6\/PA66<\/strong><\/p>\n<p>Buena elasticidad, resistencia al desgaste, resistencia a la temperatura, la temperatura de desnaturalizaci\u00f3n t\u00e9rmica es 185~190\u00b0C, que se puede a\u00f1adir UL94 V0 material ign\u00edfugo<\/p>\n<p><strong>3-Liso, ordenado, limpio<\/strong><\/p>\n<p>El filamento del cepillo es brillante y de grosor uniforme. Es limpio sin filamento torcido y oblicuo, sin aceite, polvo, \u00f3xido en la superficie.<\/p>\n<p><strong>4-Rectificar el borde afilado, no resbalar<\/strong><\/p>\n<p>Rectificar cada borde afilado de la base del cepillo para evitar lesiones, el sello autom\u00e1tico inferior de la puerta no se deslizar\u00e1 por su propio peso despu\u00e9s de la instalaci\u00f3n.<\/p>\n<h2><strong>\u2161. Cepillo\u00a0<\/strong><strong>Especificaciones y tama\u00f1o<\/strong><\/h2>\n<hr \/>\n<p><img loading=\"lazy\" decoding=\"async\" title=\"Especificaciones de las juntas de cepillo para puertas de hangares de aviones\" src=\"https:\/\/www.aoqunbrush.com\/js\/htmledit\/kindeditor\/attached\/20180822\/20180822163436_65164.jpg\" alt=\"Specifications of Aircraft Hangar Door Brush Seals\" width=\"702\" height=\"324\" align=\"\" data-ke-src=\"\/js\/htmledit\/kindeditor\/attached\/20180822\/20180822163436_65164.jpg\" \/><\/p>\n<p>M\u00e1s de 40 modelos de perfil de aluminio para su elecci\u00f3n, puede ser personalizado por sus dibujos.<\/p>\n<div><\/div>\n<p><img loading=\"lazy\" decoding=\"async\" title=\"Cepillo de aluminio para puertas de hangares aeroespaciales Profies\" src=\"http:\/\/www.aoqunbrush.com\/js\/htmledit\/kindeditor\/attached\/20200810\/20200810115611_27077.jpg\" alt=\"Aluminum Profies Aerospace Hangar Door Brush\" width=\"750\" height=\"162\" align=\"\" data-ke-src=\"http:\/\/www.aoqunbrush.com\/js\/htmledit\/kindeditor\/attached\/20200810\/20200810115611_27077.jpg\" \/><\/p>\n<h2><strong>\u2162. Centrarse en la calidad del cepillo<\/strong><\/h2>\n<hr \/>\n<p>Para los productos de cada lote de producci\u00f3n,el tama\u00f1o,la tensi\u00f3n,la sensaci\u00f3n de la mano y el exterior deben ser estrictamente probados y controlados.<\/p>\n<p><img loading=\"lazy\" decoding=\"async\" title=\"Pruebas de calidad de Brush Seal Aerospace\" src=\"https:\/\/www.aoqunbrush.com\/js\/htmledit\/kindeditor\/attached\/20180822\/20180822172509_90519.jpg\" alt=\"Quality Testing of Brush Seal Aerospace\" width=\"702\" height=\"514\" align=\"\" data-ke-src=\"\/js\/htmledit\/kindeditor\/attached\/20180822\/20180822172509_90519.jpg\" \/><\/p>\n<p>AOQUN se centra en cada detalle de la producci\u00f3n, tenemos normas espec\u00edficas para el embalaje.<\/p>\n<p><img loading=\"lazy\" decoding=\"async\" title=\"Certificaciones de los burletes para puertas\" src=\"https:\/\/www.aoqunbrush.com\/js\/htmledit\/kindeditor\/attached\/20180911\/20180911160355_47046.jpg\" alt=\"Certifications of Door Weather Brush Seals\" width=\"750\" height=\"368\" align=\"\" data-ke-src=\"\/js\/htmledit\/kindeditor\/php\/..\/attached\/20180911\/20180911160355_47046.jpg\" \/><img loading=\"lazy\" decoding=\"async\" title=\"Burletes para puertas Clientes de la marca\" src=\"https:\/\/www.aoqunbrush.com\/js\/htmledit\/kindeditor\/attached\/20180911\/20180911160356_51611.jpg\" alt=\"Door Weather Brush Seals Brand Customers\" width=\"750\" height=\"416\" align=\"\" data-ke-src=\"\/js\/htmledit\/kindeditor\/php\/..\/attached\/20180911\/20180911160356_51611.jpg\" \/><\/p>\n<p><img loading=\"lazy\" decoding=\"async\" title=\"Burletes para puertas Show Cases\" src=\"https:\/\/www.aoqunbrush.com\/js\/htmledit\/kindeditor\/attached\/20180913\/20180913111250_92966.jpg\" alt=\"Door Weather Brush Seals Show Cases\" width=\"750\" height=\"816\" align=\"\" data-ke-src=\"\/js\/htmledit\/kindeditor\/attached\/20180913\/20180913111250_92966.jpg\" \/><\/p>","protected":false},"excerpt":{"rendered":"<h3>Descripci\u00f3n del producto Descargar<\/h3>\n<p>&nbsp;<\/p>","protected":false},"featured_media":723,"comment_status":"open","ping_status":"closed","template":"","meta":{"themepark_post_bcolor":"#f5f5f5","themepark_post_width":"1022px","themepark_post_img":"","themepark_post_img_po":"left","themepark_post_img_re":false,"themepark_post_img_cover":false,"themepark_post_img_fixed":false,"themepark_post_hide_title":false,"themepark_post_main_b":"","themepark_post_main_p":100,"themepark_paddingblock":false},"product_brand":[],"product_cat":[29],"product_tag":[],"class_list":{"0":"post-290","1":"product","2":"type-product","3":"status-publish","4":"has-post-thumbnail","6":"product_cat-strip-brushes","8":"first","9":"outofstock","10":"shipping-taxable","11":"purchasable","12":"product-type-variable"},"_links":{"self":[{"href":"https:\/\/www.aoqunbrushes.com\/es\/wp-json\/wp\/v2\/product\/290","targetHints":{"allow":["GET"]}}],"collection":[{"href":"https:\/\/www.aoqunbrushes.com\/es\/wp-json\/wp\/v2\/product"}],"about":[{"href":"https:\/\/www.aoqunbrushes.com\/es\/wp-json\/wp\/v2\/types\/product"}],"replies":[{"embeddable":true,"href":"https:\/\/www.aoqunbrushes.com\/es\/wp-json\/wp\/v2\/comments?post=290"}],"wp:featuredmedia":[{"embeddable":true,"href":"https:\/\/www.aoqunbrushes.com\/es\/wp-json\/wp\/v2\/media\/723"}],"wp:attachment":[{"href":"https:\/\/www.aoqunbrushes.com\/es\/wp-json\/wp\/v2\/media?parent=290"}],"wp:term":[{"taxonomy":"product_brand","embeddable":true,"href":"https:\/\/www.aoqunbrushes.com\/es\/wp-json\/wp\/v2\/product_brand?post=290"},{"taxonomy":"product_cat","embeddable":true,"href":"https:\/\/www.aoqunbrushes.com\/es\/wp-json\/wp\/v2\/product_cat?post=290"},{"taxonomy":"product_tag","embeddable":true,"href":"https:\/\/www.aoqunbrushes.com\/es\/wp-json\/wp\/v2\/product_tag?post=290"}],"curies":[{"name":"wp","href":"https:\/\/api.w.org\/{rel}","templated":true}]}}