{"id":285,"date":"2024-06-21T14:44:25","date_gmt":"2024-06-21T06:44:25","guid":{"rendered":"http:\/\/themetest6.local\/?post_type=product&#038;p=285"},"modified":"2025-07-31T11:52:48","modified_gmt":"2025-07-31T03:52:48","slug":"cable-management-brush-strip-brush","status":"publish","type":"product","link":"https:\/\/www.aoqunbrushes.com\/es\/producto\/cable-management-brush-strip-brush","title":{"rendered":"Racks Ranuras pasacables con tira de cepillo | Cepillo organizador de cables | Panel de tira de cepillo para montaje en rack 1U de 19 pulgadas"},"content":{"rendered":"<h2>Caracter\u00edsticas del producto<\/h2>\n<ul class=\"tp_attributes\"><\/ul>\n<p>&nbsp;<\/p>\n<p><strong>AOQUN<\/strong>\u00a0La tira de cepillo para la gesti\u00f3n de cables proporciona un m\u00e9todo de entrada de cables limpio y organizado cuando se monta en cualquier superficie de trabajo. Incorpora una bandeja organizadora de cables y se adapta a las aberturas de todo tipo de bastidores de servidores o centros de datos.<\/p>\n<p>&nbsp;<\/p>\n<h2><strong>\u00bfQu\u00e9 caracter\u00edsticas tiene el\u00a0<\/strong><strong>Tira de cepillo para organizaci\u00f3n de cables<\/strong><strong>?<\/strong><\/h2>\n<ol>\n<li>Un sinf\u00edn de opciones que facilitan encontrar el ajuste perfecto<\/li>\n<li>Mantiene los cables de datos juntos para evitar enredos y desorganizaci\u00f3n<\/li>\n<li>Proporciona una entrada de cable limpia a la vez que evita la entrada de polvo<\/li>\n<li>Ideal para montar sobre cualquier superficie de bastidor o armario de servidor<\/li>\n<li>Fabricado con material de filamento ign\u00edfugo UL94<\/li>\n<\/ol>\n<h2><img loading=\"lazy\" decoding=\"async\" class=\"alignnone wp-image-731\" src=\"https:\/\/www.aoqunbrushes.com\/wp-content\/uploads\/2024\/06\/\u673a\u67dc\u95e8\u5237-\u6c34\u5370-1-1024x770.jpg\" alt=\"\" width=\"533\" height=\"401\" srcset=\"https:\/\/www.aoqunbrushes.com\/wp-content\/uploads\/2024\/06\/\u673a\u67dc\u95e8\u5237-\u6c34\u5370-1-1024x770.jpg 1024w, https:\/\/www.aoqunbrushes.com\/wp-content\/uploads\/2024\/06\/\u673a\u67dc\u95e8\u5237-\u6c34\u5370-1-300x226.jpg 300w, https:\/\/www.aoqunbrushes.com\/wp-content\/uploads\/2024\/06\/\u673a\u67dc\u95e8\u5237-\u6c34\u5370-1-768x578.jpg 768w, https:\/\/www.aoqunbrushes.com\/wp-content\/uploads\/2024\/06\/\u673a\u67dc\u95e8\u5237-\u6c34\u5370-1-1536x1155.jpg 1536w, https:\/\/www.aoqunbrushes.com\/wp-content\/uploads\/2024\/06\/\u673a\u67dc\u95e8\u5237-\u6c34\u5370-1-2048x1540.jpg 2048w, https:\/\/www.aoqunbrushes.com\/wp-content\/uploads\/2024\/06\/\u673a\u67dc\u95e8\u5237-\u6c34\u5370-1-600x451.jpg 600w\" sizes=\"auto, (max-width: 533px) 100vw, 533px\" \/><\/h2>\n<p><img loading=\"lazy\" decoding=\"async\" class=\"alignnone wp-image-732\" src=\"https:\/\/www.aoqunbrushes.com\/wp-content\/uploads\/2024\/06\/\u673a\u67dc\u95e8\u5237-\u6c34\u5370-2-613x1024.jpg\" alt=\"\" width=\"533\" height=\"890\" srcset=\"https:\/\/www.aoqunbrushes.com\/wp-content\/uploads\/2024\/06\/\u673a\u67dc\u95e8\u5237-\u6c34\u5370-2-613x1024.jpg 613w, https:\/\/www.aoqunbrushes.com\/wp-content\/uploads\/2024\/06\/\u673a\u67dc\u95e8\u5237-\u6c34\u5370-2-180x300.jpg 180w, https:\/\/www.aoqunbrushes.com\/wp-content\/uploads\/2024\/06\/\u673a\u67dc\u95e8\u5237-\u6c34\u5370-2-768x1282.jpg 768w, https:\/\/www.aoqunbrushes.com\/wp-content\/uploads\/2024\/06\/\u673a\u67dc\u95e8\u5237-\u6c34\u5370-2-920x1536.jpg 920w, https:\/\/www.aoqunbrushes.com\/wp-content\/uploads\/2024\/06\/\u673a\u67dc\u95e8\u5237-\u6c34\u5370-2-1227x2048.jpg 1227w, https:\/\/www.aoqunbrushes.com\/wp-content\/uploads\/2024\/06\/\u673a\u67dc\u95e8\u5237-\u6c34\u5370-2-600x1002.jpg 600w, https:\/\/www.aoqunbrushes.com\/wp-content\/uploads\/2024\/06\/\u673a\u67dc\u95e8\u5237-\u6c34\u5370-2.jpg 1333w\" sizes=\"auto, (max-width: 533px) 100vw, 533px\" \/><\/p>\n<p><img loading=\"lazy\" decoding=\"async\" class=\"alignnone wp-image-733\" src=\"https:\/\/www.aoqunbrushes.com\/wp-content\/uploads\/2024\/06\/\u673a\u67dc\u95e8\u5237-\u6c34\u5370-3-721x1024.jpg\" alt=\"\" width=\"533\" height=\"757\" srcset=\"https:\/\/www.aoqunbrushes.com\/wp-content\/uploads\/2024\/06\/\u673a\u67dc\u95e8\u5237-\u6c34\u5370-3-721x1024.jpg 721w, https:\/\/www.aoqunbrushes.com\/wp-content\/uploads\/2024\/06\/\u673a\u67dc\u95e8\u5237-\u6c34\u5370-3-211x300.jpg 211w, https:\/\/www.aoqunbrushes.com\/wp-content\/uploads\/2024\/06\/\u673a\u67dc\u95e8\u5237-\u6c34\u5370-3-768x1091.jpg 768w, https:\/\/www.aoqunbrushes.com\/wp-content\/uploads\/2024\/06\/\u673a\u67dc\u95e8\u5237-\u6c34\u5370-3-1081x1536.jpg 1081w, https:\/\/www.aoqunbrushes.com\/wp-content\/uploads\/2024\/06\/\u673a\u67dc\u95e8\u5237-\u6c34\u5370-3-1441x2048.jpg 1441w, https:\/\/www.aoqunbrushes.com\/wp-content\/uploads\/2024\/06\/\u673a\u67dc\u95e8\u5237-\u6c34\u5370-3-600x853.jpg 600w, https:\/\/www.aoqunbrushes.com\/wp-content\/uploads\/2024\/06\/\u673a\u67dc\u95e8\u5237-\u6c34\u5370-3.jpg 1667w\" sizes=\"auto, (max-width: 533px) 100vw, 533px\" \/><\/p>\n<p><img loading=\"lazy\" decoding=\"async\" class=\"alignnone wp-image-734\" src=\"https:\/\/www.aoqunbrushes.com\/wp-content\/uploads\/2024\/06\/\u673a\u67dc\u95e8\u5237-\u6c34\u5370-4-876x1024.jpg\" alt=\"\" width=\"533\" height=\"623\" srcset=\"https:\/\/www.aoqunbrushes.com\/wp-content\/uploads\/2024\/06\/\u673a\u67dc\u95e8\u5237-\u6c34\u5370-4-876x1024.jpg 876w, https:\/\/www.aoqunbrushes.com\/wp-content\/uploads\/2024\/06\/\u673a\u67dc\u95e8\u5237-\u6c34\u5370-4-257x300.jpg 257w, https:\/\/www.aoqunbrushes.com\/wp-content\/uploads\/2024\/06\/\u673a\u67dc\u95e8\u5237-\u6c34\u5370-4-768x898.jpg 768w, https:\/\/www.aoqunbrushes.com\/wp-content\/uploads\/2024\/06\/\u673a\u67dc\u95e8\u5237-\u6c34\u5370-4-1314x1536.jpg 1314w, https:\/\/www.aoqunbrushes.com\/wp-content\/uploads\/2024\/06\/\u673a\u67dc\u95e8\u5237-\u6c34\u5370-4-1751x2048.jpg 1751w, https:\/\/www.aoqunbrushes.com\/wp-content\/uploads\/2024\/06\/\u673a\u67dc\u95e8\u5237-\u6c34\u5370-4-600x702.jpg 600w\" sizes=\"auto, (max-width: 533px) 100vw, 533px\" \/><\/p>\n<p><img loading=\"lazy\" decoding=\"async\" class=\"alignnone wp-image-735\" src=\"https:\/\/www.aoqunbrushes.com\/wp-content\/uploads\/2024\/06\/\u673a\u67dc\u95e8\u5237-\u6c34\u5370-5-1024x863.jpg\" alt=\"\" width=\"533\" height=\"449\" srcset=\"https:\/\/www.aoqunbrushes.com\/wp-content\/uploads\/2024\/06\/\u673a\u67dc\u95e8\u5237-\u6c34\u5370-5-1024x863.jpg 1024w, https:\/\/www.aoqunbrushes.com\/wp-content\/uploads\/2024\/06\/\u673a\u67dc\u95e8\u5237-\u6c34\u5370-5-300x253.jpg 300w, https:\/\/www.aoqunbrushes.com\/wp-content\/uploads\/2024\/06\/\u673a\u67dc\u95e8\u5237-\u6c34\u5370-5-768x647.jpg 768w, https:\/\/www.aoqunbrushes.com\/wp-content\/uploads\/2024\/06\/\u673a\u67dc\u95e8\u5237-\u6c34\u5370-5-1536x1295.jpg 1536w, https:\/\/www.aoqunbrushes.com\/wp-content\/uploads\/2024\/06\/\u673a\u67dc\u95e8\u5237-\u6c34\u5370-5-2048x1727.jpg 2048w, https:\/\/www.aoqunbrushes.com\/wp-content\/uploads\/2024\/06\/\u673a\u67dc\u95e8\u5237-\u6c34\u5370-5-600x506.jpg 600w\" sizes=\"auto, (max-width: 533px) 100vw, 533px\" \/><\/p>\n<p><img loading=\"lazy\" decoding=\"async\" class=\"alignnone wp-image-737\" src=\"https:\/\/www.aoqunbrushes.com\/wp-content\/uploads\/2024\/06\/\u673a\u67dc\u95e8\u5237-\u6c34\u5370-7-886x1024.jpg\" alt=\"\" width=\"533\" height=\"616\" srcset=\"https:\/\/www.aoqunbrushes.com\/wp-content\/uploads\/2024\/06\/\u673a\u67dc\u95e8\u5237-\u6c34\u5370-7-886x1024.jpg 886w, https:\/\/www.aoqunbrushes.com\/wp-content\/uploads\/2024\/06\/\u673a\u67dc\u95e8\u5237-\u6c34\u5370-7-260x300.jpg 260w, https:\/\/www.aoqunbrushes.com\/wp-content\/uploads\/2024\/06\/\u673a\u67dc\u95e8\u5237-\u6c34\u5370-7-768x888.jpg 768w, https:\/\/www.aoqunbrushes.com\/wp-content\/uploads\/2024\/06\/\u673a\u67dc\u95e8\u5237-\u6c34\u5370-7-1329x1536.jpg 1329w, https:\/\/www.aoqunbrushes.com\/wp-content\/uploads\/2024\/06\/\u673a\u67dc\u95e8\u5237-\u6c34\u5370-7-1772x2048.jpg 1772w, https:\/\/www.aoqunbrushes.com\/wp-content\/uploads\/2024\/06\/\u673a\u67dc\u95e8\u5237-\u6c34\u5370-7-600x694.jpg 600w\" sizes=\"auto, (max-width: 533px) 100vw, 533px\" \/><\/p>\n<p><img loading=\"lazy\" decoding=\"async\" class=\"alignnone wp-image-738\" src=\"https:\/\/www.aoqunbrushes.com\/wp-content\/uploads\/2024\/06\/\u673a\u67dc\u95e8\u5237-\u6c34\u5370-8-688x1024.jpg\" alt=\"\" width=\"533\" height=\"794\" srcset=\"https:\/\/www.aoqunbrushes.com\/wp-content\/uploads\/2024\/06\/\u673a\u67dc\u95e8\u5237-\u6c34\u5370-8-688x1024.jpg 688w, https:\/\/www.aoqunbrushes.com\/wp-content\/uploads\/2024\/06\/\u673a\u67dc\u95e8\u5237-\u6c34\u5370-8-201x300.jpg 201w, https:\/\/www.aoqunbrushes.com\/wp-content\/uploads\/2024\/06\/\u673a\u67dc\u95e8\u5237-\u6c34\u5370-8-768x1144.jpg 768w, https:\/\/www.aoqunbrushes.com\/wp-content\/uploads\/2024\/06\/\u673a\u67dc\u95e8\u5237-\u6c34\u5370-8-1031x1536.jpg 1031w, https:\/\/www.aoqunbrushes.com\/wp-content\/uploads\/2024\/06\/\u673a\u67dc\u95e8\u5237-\u6c34\u5370-8-600x893.jpg 600w, https:\/\/www.aoqunbrushes.com\/wp-content\/uploads\/2024\/06\/\u673a\u67dc\u95e8\u5237-\u6c34\u5370-8.jpg 1333w\" sizes=\"auto, (max-width: 533px) 100vw, 533px\" \/><\/p>","protected":false},"excerpt":{"rendered":"<p>Caracter\u00edsticas del producto AOQUN Cable Management Brush Strip proporciona un m\u00e9todo de entrada de cable limpio y organizado cuando se monta cualquier superficie de trabajo. Incorpora una bandeja de gesti\u00f3n de cables y se adapta a las aberturas de todo tipo de bastidores de servidores o centros de datos.   \u00bfQu\u00e9 caracter\u00edsticas tiene la regleta con cepillo para organizaci\u00f3n de cables? Un sinf\u00edn de opciones facilitan la [...]<\/p>","protected":false},"featured_media":726,"comment_status":"open","ping_status":"closed","template":"","meta":{"themepark_post_bcolor":"#f5f5f5","themepark_post_width":"1022px","themepark_post_img":"","themepark_post_img_po":"left","themepark_post_img_re":false,"themepark_post_img_cover":false,"themepark_post_img_fixed":false,"themepark_post_hide_title":false,"themepark_post_main_b":"","themepark_post_main_p":100,"themepark_paddingblock":false},"product_brand":[],"product_cat":[29],"product_tag":[],"class_list":{"0":"post-285","1":"product","2":"type-product","3":"status-publish","4":"has-post-thumbnail","6":"product_cat-strip-brushes","8":"first","9":"outofstock","10":"shipping-taxable","11":"purchasable","12":"product-type-variable"},"_links":{"self":[{"href":"https:\/\/www.aoqunbrushes.com\/es\/wp-json\/wp\/v2\/product\/285","targetHints":{"allow":["GET"]}}],"collection":[{"href":"https:\/\/www.aoqunbrushes.com\/es\/wp-json\/wp\/v2\/product"}],"about":[{"href":"https:\/\/www.aoqunbrushes.com\/es\/wp-json\/wp\/v2\/types\/product"}],"replies":[{"embeddable":true,"href":"https:\/\/www.aoqunbrushes.com\/es\/wp-json\/wp\/v2\/comments?post=285"}],"wp:featuredmedia":[{"embeddable":true,"href":"https:\/\/www.aoqunbrushes.com\/es\/wp-json\/wp\/v2\/media\/726"}],"wp:attachment":[{"href":"https:\/\/www.aoqunbrushes.com\/es\/wp-json\/wp\/v2\/media?parent=285"}],"wp:term":[{"taxonomy":"product_brand","embeddable":true,"href":"https:\/\/www.aoqunbrushes.com\/es\/wp-json\/wp\/v2\/product_brand?post=285"},{"taxonomy":"product_cat","embeddable":true,"href":"https:\/\/www.aoqunbrushes.com\/es\/wp-json\/wp\/v2\/product_cat?post=285"},{"taxonomy":"product_tag","embeddable":true,"href":"https:\/\/www.aoqunbrushes.com\/es\/wp-json\/wp\/v2\/product_tag?post=285"}],"curies":[{"name":"wp","href":"https:\/\/api.w.org\/{rel}","templated":true}]}}