{"id":1828,"date":"2025-12-12T17:11:30","date_gmt":"2025-12-12T09:11:30","guid":{"rendered":"https:\/\/www.abrushqueen.com\/?post_type=product&#038;p=1828"},"modified":"2026-01-29T19:02:03","modified_gmt":"2026-01-29T11:02:03","slug":"pva-brush","status":"publish","type":"product","link":"https:\/\/www.aoqunbrushes.com\/es\/producto\/pva-brush","title":{"rendered":"Rodillos de cepillo de PVA Post-CMP Esponja de PVA para la limpieza de obleas semiconductoras"},"content":{"rendered":"<h2 class=\"ds-markdown-paragraph\">Product Detail: PVA brush<\/h2>\n<h3>1. Product Introduction<\/h3>\n<p class=\"ds-markdown-paragraph\">Tras el pulido mec\u00e1nico qu\u00edmico (CMP), quedan residuos inorg\u00e1nicos, org\u00e1nicos y qu\u00edmicos en la superficie de la oblea, que pueden causar defectos si no se eliminan. Los rodillos de cepillo de PVA proporcionan una soluci\u00f3n de limpieza suave y sin ara\u00f1azos, al tiempo que mantienen su estructura flexible incluso despu\u00e9s de absorber l\u00edquidos. El cepillo suministra productos qu\u00edmicos de limpieza y agua desionizada a la superficie de la oblea, rodando y restregando para lograr una limpieza y un secado eficaces y continuos.<\/p>\n<p class=\"ds-markdown-paragraph\">Caracter\u00edsticas<\/p>\n<ul>\n<li>\n<p class=\"ds-markdown-paragraph\">Tecnolog\u00eda de espuma de aire: Sin residuos de almid\u00f3n.<\/p>\n<\/li>\n<li>\n<p class=\"ds-markdown-paragraph\">Capacidad de detecci\u00f3n l\u00edder en el sector: Puede detectar part\u00edculas met\u00e1licas y l\u00edquidas m\u00ednimas.<\/p>\n<\/li>\n<li>\n<p class=\"ds-markdown-paragraph\">Eficiencia energ\u00e9tica: Reduce el uso de agua de la CMP en 10% y disminuye el consumo de energ\u00eda en el tratamiento de aguas residuales.<\/p>\n<\/li>\n<li>\n<p class=\"ds-markdown-paragraph\">Mayor aprovechamiento: Reduce significativamente el tiempo de rodaje previo a la limpieza y minimiza el uso de obleas ficticias.<\/p>\n<\/li>\n<li>\n<p class=\"ds-markdown-paragraph\">Dise\u00f1o de una sola pieza: La espuma PVA moldeada integrada en el n\u00facleo reduce el riesgo de distorsi\u00f3n.<\/p>\n<\/li>\n<li>\n<p class=\"ds-markdown-paragraph\">Excelente transmisibilidad de l\u00edquidos y capacidad de autolimpieza: estructura de poros interconectados 100% para un rendimiento de limpieza superior.<\/p>\n<\/li>\n<li>\n<p class=\"ds-markdown-paragraph\">Personalizable: Caudal de agua ajustable para una limpieza optimizada.<\/p>\n<\/li>\n<\/ul>\n<p>&nbsp;<\/p>\n<p><img loading=\"lazy\" decoding=\"async\" class=\"alignnone size-full wp-image-1833\" src=\"https:\/\/www.aoqunbrushes.com\/wp-content\/uploads\/2025\/12\/\u534a\u5bfc\u4f53\u6676\u5706\u7845\u7247\u82af\u7247\u6e05\u6d17\u5237-En_01.jpg\" alt=\"\" width=\"1000\" height=\"456\" data-wp-editing=\"1\" srcset=\"https:\/\/www.aoqunbrushes.com\/wp-content\/uploads\/2025\/12\/\u534a\u5bfc\u4f53\u6676\u5706\u7845\u7247\u82af\u7247\u6e05\u6d17\u5237-En_01.jpg 1000w, https:\/\/www.aoqunbrushes.com\/wp-content\/uploads\/2025\/12\/\u534a\u5bfc\u4f53\u6676\u5706\u7845\u7247\u82af\u7247\u6e05\u6d17\u5237-En_01-300x137.jpg 300w, https:\/\/www.aoqunbrushes.com\/wp-content\/uploads\/2025\/12\/\u534a\u5bfc\u4f53\u6676\u5706\u7845\u7247\u82af\u7247\u6e05\u6d17\u5237-En_01-768x350.jpg 768w, https:\/\/www.aoqunbrushes.com\/wp-content\/uploads\/2025\/12\/\u534a\u5bfc\u4f53\u6676\u5706\u7845\u7247\u82af\u7247\u6e05\u6d17\u5237-En_01-18x8.jpg 18w, https:\/\/www.aoqunbrushes.com\/wp-content\/uploads\/2025\/12\/\u534a\u5bfc\u4f53\u6676\u5706\u7845\u7247\u82af\u7247\u6e05\u6d17\u5237-En_01-600x274.jpg 600w\" sizes=\"auto, (max-width: 1000px) 100vw, 1000px\" \/> <img loading=\"lazy\" decoding=\"async\" class=\"alignnone size-full wp-image-1834\" src=\"https:\/\/www.aoqunbrushes.com\/wp-content\/uploads\/2025\/12\/\u534a\u5bfc\u4f53\u6676\u5706\u7845\u7247\u82af\u7247\u6e05\u6d17\u5237-En_02.jpg\" alt=\"\" width=\"1000\" height=\"1459\" srcset=\"https:\/\/www.aoqunbrushes.com\/wp-content\/uploads\/2025\/12\/\u534a\u5bfc\u4f53\u6676\u5706\u7845\u7247\u82af\u7247\u6e05\u6d17\u5237-En_02.jpg 1000w, https:\/\/www.aoqunbrushes.com\/wp-content\/uploads\/2025\/12\/\u534a\u5bfc\u4f53\u6676\u5706\u7845\u7247\u82af\u7247\u6e05\u6d17\u5237-En_02-206x300.jpg 206w, https:\/\/www.aoqunbrushes.com\/wp-content\/uploads\/2025\/12\/\u534a\u5bfc\u4f53\u6676\u5706\u7845\u7247\u82af\u7247\u6e05\u6d17\u5237-En_02-702x1024.jpg 702w, https:\/\/www.aoqunbrushes.com\/wp-content\/uploads\/2025\/12\/\u534a\u5bfc\u4f53\u6676\u5706\u7845\u7247\u82af\u7247\u6e05\u6d17\u5237-En_02-768x1121.jpg 768w, https:\/\/www.aoqunbrushes.com\/wp-content\/uploads\/2025\/12\/\u534a\u5bfc\u4f53\u6676\u5706\u7845\u7247\u82af\u7247\u6e05\u6d17\u5237-En_02-8x12.jpg 8w, https:\/\/www.aoqunbrushes.com\/wp-content\/uploads\/2025\/12\/\u534a\u5bfc\u4f53\u6676\u5706\u7845\u7247\u82af\u7247\u6e05\u6d17\u5237-En_02-600x875.jpg 600w\" sizes=\"auto, (max-width: 1000px) 100vw, 1000px\" \/> <img loading=\"lazy\" decoding=\"async\" class=\"alignnone size-full wp-image-1835\" src=\"https:\/\/www.aoqunbrushes.com\/wp-content\/uploads\/2025\/12\/\u534a\u5bfc\u4f53\u6676\u5706\u7845\u7247\u82af\u7247\u6e05\u6d17\u5237-En_03.jpg\" alt=\"\" width=\"1000\" height=\"1577\" srcset=\"https:\/\/www.aoqunbrushes.com\/wp-content\/uploads\/2025\/12\/\u534a\u5bfc\u4f53\u6676\u5706\u7845\u7247\u82af\u7247\u6e05\u6d17\u5237-En_03.jpg 1000w, https:\/\/www.aoqunbrushes.com\/wp-content\/uploads\/2025\/12\/\u534a\u5bfc\u4f53\u6676\u5706\u7845\u7247\u82af\u7247\u6e05\u6d17\u5237-En_03-190x300.jpg 190w, https:\/\/www.aoqunbrushes.com\/wp-content\/uploads\/2025\/12\/\u534a\u5bfc\u4f53\u6676\u5706\u7845\u7247\u82af\u7247\u6e05\u6d17\u5237-En_03-649x1024.jpg 649w, https:\/\/www.aoqunbrushes.com\/wp-content\/uploads\/2025\/12\/\u534a\u5bfc\u4f53\u6676\u5706\u7845\u7247\u82af\u7247\u6e05\u6d17\u5237-En_03-768x1211.jpg 768w, https:\/\/www.aoqunbrushes.com\/wp-content\/uploads\/2025\/12\/\u534a\u5bfc\u4f53\u6676\u5706\u7845\u7247\u82af\u7247\u6e05\u6d17\u5237-En_03-974x1536.jpg 974w, https:\/\/www.aoqunbrushes.com\/wp-content\/uploads\/2025\/12\/\u534a\u5bfc\u4f53\u6676\u5706\u7845\u7247\u82af\u7247\u6e05\u6d17\u5237-En_03-8x12.jpg 8w, https:\/\/www.aoqunbrushes.com\/wp-content\/uploads\/2025\/12\/\u534a\u5bfc\u4f53\u6676\u5706\u7845\u7247\u82af\u7247\u6e05\u6d17\u5237-En_03-600x946.jpg 600w\" sizes=\"auto, (max-width: 1000px) 100vw, 1000px\" \/> <img loading=\"lazy\" decoding=\"async\" class=\"alignnone size-full wp-image-1836\" src=\"https:\/\/www.aoqunbrushes.com\/wp-content\/uploads\/2025\/12\/\u534a\u5bfc\u4f53\u6676\u5706\u7845\u7247\u82af\u7247\u6e05\u6d17\u5237-En_04.jpg\" alt=\"\" width=\"1000\" height=\"1247\" srcset=\"https:\/\/www.aoqunbrushes.com\/wp-content\/uploads\/2025\/12\/\u534a\u5bfc\u4f53\u6676\u5706\u7845\u7247\u82af\u7247\u6e05\u6d17\u5237-En_04.jpg 1000w, https:\/\/www.aoqunbrushes.com\/wp-content\/uploads\/2025\/12\/\u534a\u5bfc\u4f53\u6676\u5706\u7845\u7247\u82af\u7247\u6e05\u6d17\u5237-En_04-241x300.jpg 241w, https:\/\/www.aoqunbrushes.com\/wp-content\/uploads\/2025\/12\/\u534a\u5bfc\u4f53\u6676\u5706\u7845\u7247\u82af\u7247\u6e05\u6d17\u5237-En_04-821x1024.jpg 821w, https:\/\/www.aoqunbrushes.com\/wp-content\/uploads\/2025\/12\/\u534a\u5bfc\u4f53\u6676\u5706\u7845\u7247\u82af\u7247\u6e05\u6d17\u5237-En_04-768x958.jpg 768w, https:\/\/www.aoqunbrushes.com\/wp-content\/uploads\/2025\/12\/\u534a\u5bfc\u4f53\u6676\u5706\u7845\u7247\u82af\u7247\u6e05\u6d17\u5237-En_04-10x12.jpg 10w, https:\/\/www.aoqunbrushes.com\/wp-content\/uploads\/2025\/12\/\u534a\u5bfc\u4f53\u6676\u5706\u7845\u7247\u82af\u7247\u6e05\u6d17\u5237-En_04-600x748.jpg 600w\" sizes=\"auto, (max-width: 1000px) 100vw, 1000px\" \/> <img loading=\"lazy\" decoding=\"async\" class=\"alignnone size-full wp-image-1837\" src=\"https:\/\/www.aoqunbrushes.com\/wp-content\/uploads\/2025\/12\/\u534a\u5bfc\u4f53\u6676\u5706\u7845\u7247\u82af\u7247\u6e05\u6d17\u5237-En_05.jpg\" alt=\"\" width=\"1000\" height=\"1110\" srcset=\"https:\/\/www.aoqunbrushes.com\/wp-content\/uploads\/2025\/12\/\u534a\u5bfc\u4f53\u6676\u5706\u7845\u7247\u82af\u7247\u6e05\u6d17\u5237-En_05.jpg 1000w, https:\/\/www.aoqunbrushes.com\/wp-content\/uploads\/2025\/12\/\u534a\u5bfc\u4f53\u6676\u5706\u7845\u7247\u82af\u7247\u6e05\u6d17\u5237-En_05-270x300.jpg 270w, https:\/\/www.aoqunbrushes.com\/wp-content\/uploads\/2025\/12\/\u534a\u5bfc\u4f53\u6676\u5706\u7845\u7247\u82af\u7247\u6e05\u6d17\u5237-En_05-923x1024.jpg 923w, https:\/\/www.aoqunbrushes.com\/wp-content\/uploads\/2025\/12\/\u534a\u5bfc\u4f53\u6676\u5706\u7845\u7247\u82af\u7247\u6e05\u6d17\u5237-En_05-768x852.jpg 768w, https:\/\/www.aoqunbrushes.com\/wp-content\/uploads\/2025\/12\/\u534a\u5bfc\u4f53\u6676\u5706\u7845\u7247\u82af\u7247\u6e05\u6d17\u5237-En_05-11x12.jpg 11w, https:\/\/www.aoqunbrushes.com\/wp-content\/uploads\/2025\/12\/\u534a\u5bfc\u4f53\u6676\u5706\u7845\u7247\u82af\u7247\u6e05\u6d17\u5237-En_05-600x666.jpg 600w\" sizes=\"auto, (max-width: 1000px) 100vw, 1000px\" \/> <img loading=\"lazy\" decoding=\"async\" class=\"alignnone size-full wp-image-1838\" src=\"https:\/\/www.aoqunbrushes.com\/wp-content\/uploads\/2025\/12\/\u534a\u5bfc\u4f53\u6676\u5706\u7845\u7247\u82af\u7247\u6e05\u6d17\u5237-En_06.jpg\" alt=\"\" width=\"1000\" height=\"1161\" srcset=\"https:\/\/www.aoqunbrushes.com\/wp-content\/uploads\/2025\/12\/\u534a\u5bfc\u4f53\u6676\u5706\u7845\u7247\u82af\u7247\u6e05\u6d17\u5237-En_06.jpg 1000w, https:\/\/www.aoqunbrushes.com\/wp-content\/uploads\/2025\/12\/\u534a\u5bfc\u4f53\u6676\u5706\u7845\u7247\u82af\u7247\u6e05\u6d17\u5237-En_06-258x300.jpg 258w, https:\/\/www.aoqunbrushes.com\/wp-content\/uploads\/2025\/12\/\u534a\u5bfc\u4f53\u6676\u5706\u7845\u7247\u82af\u7247\u6e05\u6d17\u5237-En_06-882x1024.jpg 882w, https:\/\/www.aoqunbrushes.com\/wp-content\/uploads\/2025\/12\/\u534a\u5bfc\u4f53\u6676\u5706\u7845\u7247\u82af\u7247\u6e05\u6d17\u5237-En_06-768x892.jpg 768w, https:\/\/www.aoqunbrushes.com\/wp-content\/uploads\/2025\/12\/\u534a\u5bfc\u4f53\u6676\u5706\u7845\u7247\u82af\u7247\u6e05\u6d17\u5237-En_06-10x12.jpg 10w, https:\/\/www.aoqunbrushes.com\/wp-content\/uploads\/2025\/12\/\u534a\u5bfc\u4f53\u6676\u5706\u7845\u7247\u82af\u7247\u6e05\u6d17\u5237-En_06-600x697.jpg 600w\" sizes=\"auto, (max-width: 1000px) 100vw, 1000px\" \/> <img loading=\"lazy\" decoding=\"async\" class=\"alignnone size-full wp-image-1839\" src=\"https:\/\/www.aoqunbrushes.com\/wp-content\/uploads\/2025\/12\/\u534a\u5bfc\u4f53\u6676\u5706\u7845\u7247\u82af\u7247\u6e05\u6d17\u5237-En_07.jpg\" alt=\"\" width=\"1000\" height=\"1533\" srcset=\"https:\/\/www.aoqunbrushes.com\/wp-content\/uploads\/2025\/12\/\u534a\u5bfc\u4f53\u6676\u5706\u7845\u7247\u82af\u7247\u6e05\u6d17\u5237-En_07.jpg 1000w, https:\/\/www.aoqunbrushes.com\/wp-content\/uploads\/2025\/12\/\u534a\u5bfc\u4f53\u6676\u5706\u7845\u7247\u82af\u7247\u6e05\u6d17\u5237-En_07-196x300.jpg 196w, https:\/\/www.aoqunbrushes.com\/wp-content\/uploads\/2025\/12\/\u534a\u5bfc\u4f53\u6676\u5706\u7845\u7247\u82af\u7247\u6e05\u6d17\u5237-En_07-668x1024.jpg 668w, https:\/\/www.aoqunbrushes.com\/wp-content\/uploads\/2025\/12\/\u534a\u5bfc\u4f53\u6676\u5706\u7845\u7247\u82af\u7247\u6e05\u6d17\u5237-En_07-768x1177.jpg 768w, https:\/\/www.aoqunbrushes.com\/wp-content\/uploads\/2025\/12\/\u534a\u5bfc\u4f53\u6676\u5706\u7845\u7247\u82af\u7247\u6e05\u6d17\u5237-En_07-8x12.jpg 8w, https:\/\/www.aoqunbrushes.com\/wp-content\/uploads\/2025\/12\/\u534a\u5bfc\u4f53\u6676\u5706\u7845\u7247\u82af\u7247\u6e05\u6d17\u5237-En_07-600x920.jpg 600w\" sizes=\"auto, (max-width: 1000px) 100vw, 1000px\" \/> <img loading=\"lazy\" decoding=\"async\" class=\"alignnone size-full wp-image-1840\" src=\"https:\/\/www.aoqunbrushes.com\/wp-content\/uploads\/2025\/12\/\u534a\u5bfc\u4f53\u6676\u5706\u7845\u7247\u82af\u7247\u6e05\u6d17\u5237-En_08.jpg\" alt=\"\" width=\"1000\" height=\"988\" srcset=\"https:\/\/www.aoqunbrushes.com\/wp-content\/uploads\/2025\/12\/\u534a\u5bfc\u4f53\u6676\u5706\u7845\u7247\u82af\u7247\u6e05\u6d17\u5237-En_08.jpg 1000w, https:\/\/www.aoqunbrushes.com\/wp-content\/uploads\/2025\/12\/\u534a\u5bfc\u4f53\u6676\u5706\u7845\u7247\u82af\u7247\u6e05\u6d17\u5237-En_08-300x296.jpg 300w, https:\/\/www.aoqunbrushes.com\/wp-content\/uploads\/2025\/12\/\u534a\u5bfc\u4f53\u6676\u5706\u7845\u7247\u82af\u7247\u6e05\u6d17\u5237-En_08-768x759.jpg 768w, https:\/\/www.aoqunbrushes.com\/wp-content\/uploads\/2025\/12\/\u534a\u5bfc\u4f53\u6676\u5706\u7845\u7247\u82af\u7247\u6e05\u6d17\u5237-En_08-12x12.jpg 12w, https:\/\/www.aoqunbrushes.com\/wp-content\/uploads\/2025\/12\/\u534a\u5bfc\u4f53\u6676\u5706\u7845\u7247\u82af\u7247\u6e05\u6d17\u5237-En_08-600x593.jpg 600w, https:\/\/www.aoqunbrushes.com\/wp-content\/uploads\/2025\/12\/\u534a\u5bfc\u4f53\u6676\u5706\u7845\u7247\u82af\u7247\u6e05\u6d17\u5237-En_08-100x100.jpg 100w\" sizes=\"auto, (max-width: 1000px) 100vw, 1000px\" \/><\/p>","protected":false},"excerpt":{"rendered":"<p>Product Detail: PVA brush 1. Product Introduction After chemical mechanical polishing (CMP), inorganic, organic, and chemical residues remain on the wafer surface, which can cause defects if not removed. PVA brush rollers provide a gentle, scratch-free cleaning solution while maintaining their flexible structure even after absorbing liquids. The brush delivers cleaning chemicals and deionized water [&hellip;]<\/p>","protected":false},"featured_media":1841,"comment_status":"open","ping_status":"closed","template":"","meta":{"themepark_post_bcolor":"#f5f5f5","themepark_post_width":"1022px","themepark_post_img":"","themepark_post_img_po":"left","themepark_post_img_re":false,"themepark_post_img_cover":false,"themepark_post_img_fixed":false,"themepark_post_hide_title":false,"themepark_post_main_b":"","themepark_post_main_p":100,"themepark_paddingblock":false},"product_brand":[],"product_cat":[46],"product_tag":[],"class_list":{"0":"post-1828","1":"product","2":"type-product","3":"status-publish","4":"has-post-thumbnail","6":"product_cat-cylinder-tufted-brush","8":"first","9":"instock","10":"shipping-taxable","11":"purchasable","12":"product-type-variable"},"_links":{"self":[{"href":"https:\/\/www.aoqunbrushes.com\/es\/wp-json\/wp\/v2\/product\/1828","targetHints":{"allow":["GET"]}}],"collection":[{"href":"https:\/\/www.aoqunbrushes.com\/es\/wp-json\/wp\/v2\/product"}],"about":[{"href":"https:\/\/www.aoqunbrushes.com\/es\/wp-json\/wp\/v2\/types\/product"}],"replies":[{"embeddable":true,"href":"https:\/\/www.aoqunbrushes.com\/es\/wp-json\/wp\/v2\/comments?post=1828"}],"wp:featuredmedia":[{"embeddable":true,"href":"https:\/\/www.aoqunbrushes.com\/es\/wp-json\/wp\/v2\/media\/1841"}],"wp:attachment":[{"href":"https:\/\/www.aoqunbrushes.com\/es\/wp-json\/wp\/v2\/media?parent=1828"}],"wp:term":[{"taxonomy":"product_brand","embeddable":true,"href":"https:\/\/www.aoqunbrushes.com\/es\/wp-json\/wp\/v2\/product_brand?post=1828"},{"taxonomy":"product_cat","embeddable":true,"href":"https:\/\/www.aoqunbrushes.com\/es\/wp-json\/wp\/v2\/product_cat?post=1828"},{"taxonomy":"product_tag","embeddable":true,"href":"https:\/\/www.aoqunbrushes.com\/es\/wp-json\/wp\/v2\/product_tag?post=1828"}],"curies":[{"name":"wp","href":"https:\/\/api.w.org\/{rel}","templated":true}]}}