{"id":1779,"date":"2025-09-12T17:31:05","date_gmt":"2025-09-12T09:31:05","guid":{"rendered":"https:\/\/www.abrushqueen.com\/?post_type=product&#038;p=1779"},"modified":"2026-03-25T17:38:39","modified_gmt":"2026-03-25T09:38:39","slug":"pile-weather-stripping","status":"publish","type":"product","link":"https:\/\/www.aoqunbrushes.com\/es\/producto\/pile-weather-stripping","title":{"rendered":"Pile Weather Stripping Screen Door Seal Sound Threshold | Self Adhesive 3M Wool Brush Pile"},"content":{"rendered":"<h1>Pile Burletes Sello de Puerta de Pantalla Umbral de Sonido<\/h1>\n<p style=\"font-weight: 400;\"><strong>\u00a0<\/strong><\/p>\n<p style=\"font-weight: 400;\"><strong>Aprobado RoHS, SVHC, UL94-V0 y cumple las normas de ensayo de la UE.\u00a0\u00a0<\/strong><\/p>\n<h2>\u2160. CEPILLO AOQUN<\/h2>\n<ul style=\"font-weight: 400;\">\n<li><strong>AOQUN se centra en 3M Weather Stripping Screen Door Brush Seal la producci\u00f3n y gana por la calidad<\/strong><\/li>\n<li><strong>Es el proveedor designado de\u00a0<u>CRRC<\/u>\u00a0cepillos para juntas de puertas mosquiteras<\/strong><\/li>\n<li><strong>Hemos establecido relaciones de cooperaci\u00f3n a largo plazo con empresas de renombre internacional como\u00a0<u>KONE, Thyssen, Otis, Hitachi, Mitsubishi, Westinghouse, Compaq, Fangda<\/u>etc.<\/strong><strong>\u00a0<\/strong><\/li>\n<\/ul>\n<p style=\"font-weight: 400;\"><strong>\u2161. Personalizaci\u00f3n del burlete\u00a0<\/strong><\/p>\n<p style=\"font-weight: 400;\"><strong>\u00a0<\/strong><\/p>\n<p style=\"font-weight: 400;\">AOQUN burletes puerta mosquitera cepillo sellos y perfiles de sellado de aluminio, PVC y madera aplicaciones, que son para todo tipo de ventanas correderas de cristal y puertas de pantalla, puertas batientes en los frentes residenciales, comerciales e industriales, muebles, inserci\u00f3n de la m\u00e1quina, persianas enrollables, etc.<\/p>\n<p style=\"font-weight: 400;\"><strong>Usted puede tambi\u00e9n interesado en Cepillo de la tira del barrido de la puerta, tenemos todos \u00e9stos, chasque por favor la palabra clave relacionada para conseguir m\u00e1s detalles.<\/strong><\/p>\n<p style=\"font-weight: 400;\"><strong>\u00a0<\/strong><\/p>\n<h2><strong>\u2162. Caracter\u00edsticas y ventajas:<\/strong><\/h2>\n<ul style=\"font-weight: 400;\">\n<li>Una amplia gama de burletes de cepillo para puertas mosquitera y perfiles de sellado extruidos;<\/li>\n<li>Las fibras de los pilotes se mueven independientemente y son flexibles;<\/li>\n<li>Disponible en muchas anchuras y alturas diferentes;<\/li>\n<li>Hilo multifilamento suave est\u00e1ndar en muchos colores diferentes;<\/li>\n<li>Excelente resistencia a la abrasi\u00f3n, acumulaci\u00f3n de electricidad est\u00e1tica y baja fricci\u00f3n;<\/li>\n<li>Aletas centrales o laterales opcionales para una mayor protecci\u00f3n contra las corrientes de aire;<\/li>\n<li>Sella perfectamente contra elementos m\u00f3viles y tambi\u00e9n superficies irregulares.<\/li>\n<\/ul>\n<p style=\"font-weight: 400;\"><strong>\u00a0<\/strong><\/p>\n<table width=\"721\">\n<tbody>\n<tr>\n<td><strong>Dimensiones del producto<\/strong><\/td>\n<td><strong>Alcance (mm)<\/strong><\/td>\n<\/tr>\n<tr>\n<td>Anchura de la base<\/td>\n<td>4-17<\/td>\n<\/tr>\n<tr>\n<td>Altura del cepillo<\/td>\n<td>5-25<\/td>\n<\/tr>\n<tr>\n<td>Color del pelo<\/td>\n<td>Blanco \/ Marfil \/ Beige \/ Gris \/ Oro \/ Marr\u00f3n \/ Negro , etc.<\/td>\n<\/tr>\n<\/tbody>\n<\/table>\n<p style=\"font-weight: 400;\"><strong>\u00a0<\/strong><\/p>\n<p style=\"font-weight: 400;\"><strong>Weather Stripping Screen Door Brush Pile Seals se puede personalizar de acuerdo a su requerimiento.<\/strong><\/p>\n<p style=\"font-weight: 400;\"><strong>\u00a0<\/strong><\/p>\n<p style=\"font-weight: 400;\"><strong> <b><img loading=\"lazy\" decoding=\"async\" title=\"Burlete Puerta Mosquitera Cepillo\" src=\"https:\/\/www.aoqunbrush.com\/js\/htmledit\/kindeditor\/attached\/20200807\/20200807174214_34193.jpg\" alt=\"Weather Stripping Screen Door Brush\" width=\"750\" height=\"750\" align=\"\" data-ke-src=\"\/js\/htmledit\/kindeditor\/attached\/20200807\/20200807174214_34193.jpg\" \/><\/b><\/strong><\/p>","protected":false},"excerpt":{"rendered":"<p>Pile Weather Stripping Screen Door Seal Sound Threshold Pasado RoHS, SVHC, UL94-V0, y cumplir con las normas de ensayo de la UE.   \u2160. AOQUN CEPILLO AOQUN se centra en 3M Weather Stripping Screen Door Brush Seal producci\u00f3n y gana por la calidad Es el proveedor designado de CRRC puerta de pantalla sello tira cepillos Han establecido relaciones de cooperaci\u00f3n a largo plazo con empresas de renombre internacional suchas KONE, Thyssen, [...]<\/p>","protected":false},"featured_media":2139,"comment_status":"open","ping_status":"closed","template":"","meta":{"themepark_post_bcolor":"#f5f5f5","themepark_post_width":"1022px","themepark_post_img":"","themepark_post_img_po":"left","themepark_post_img_re":false,"themepark_post_img_cover":false,"themepark_post_img_fixed":false,"themepark_post_hide_title":false,"themepark_post_main_b":"","themepark_post_main_p":100,"themepark_paddingblock":false},"product_brand":[],"product_cat":[29],"product_tag":[],"class_list":{"0":"post-1779","1":"product","2":"type-product","3":"status-publish","4":"has-post-thumbnail","6":"product_cat-strip-brushes","8":"first","9":"instock","10":"shipping-taxable","11":"purchasable","12":"product-type-variable"},"_links":{"self":[{"href":"https:\/\/www.aoqunbrushes.com\/es\/wp-json\/wp\/v2\/product\/1779","targetHints":{"allow":["GET"]}}],"collection":[{"href":"https:\/\/www.aoqunbrushes.com\/es\/wp-json\/wp\/v2\/product"}],"about":[{"href":"https:\/\/www.aoqunbrushes.com\/es\/wp-json\/wp\/v2\/types\/product"}],"replies":[{"embeddable":true,"href":"https:\/\/www.aoqunbrushes.com\/es\/wp-json\/wp\/v2\/comments?post=1779"}],"wp:featuredmedia":[{"embeddable":true,"href":"https:\/\/www.aoqunbrushes.com\/es\/wp-json\/wp\/v2\/media\/2139"}],"wp:attachment":[{"href":"https:\/\/www.aoqunbrushes.com\/es\/wp-json\/wp\/v2\/media?parent=1779"}],"wp:term":[{"taxonomy":"product_brand","embeddable":true,"href":"https:\/\/www.aoqunbrushes.com\/es\/wp-json\/wp\/v2\/product_brand?post=1779"},{"taxonomy":"product_cat","embeddable":true,"href":"https:\/\/www.aoqunbrushes.com\/es\/wp-json\/wp\/v2\/product_cat?post=1779"},{"taxonomy":"product_tag","embeddable":true,"href":"https:\/\/www.aoqunbrushes.com\/es\/wp-json\/wp\/v2\/product_tag?post=1779"}],"curies":[{"name":"wp","href":"https:\/\/api.w.org\/{rel}","templated":true}]}}