{"id":1489,"date":"2025-07-09T16:35:32","date_gmt":"2025-07-09T08:35:32","guid":{"rendered":"https:\/\/www.abrushqueen.com\/?post_type=product&#038;p=1489"},"modified":"2026-03-25T16:20:46","modified_gmt":"2026-03-25T08:20:46","slug":"polishing-cup-brush","status":"publish","type":"product","link":"https:\/\/www.aoqunbrushes.com\/es\/producto\/polishing-cup-brush","title":{"rendered":"Cepillo de vaso para pulido abrasivo industrial"},"content":{"rendered":"<h2>Caracter\u00edsticas del producto<\/h2>\n<ul class=\"tp_attributes\"><\/ul>\n<p><strong>Construcci\u00f3n duradera:<\/strong>\u00a0Fabricados con alambre de acero o lat\u00f3n de alta calidad, nuestros cepillos de taza ofrecen una durabilidad superior y un rendimiento duradero.<\/p>\n<p><strong>Potencia abrasiva:<\/strong>\u00a0Equipados con cerdas abrasivas de nailon o alambre, estos cepillos son capaces de manipular superficies met\u00e1licas resistentes, eliminando \u00f3xido, pintura y rebabas, a la vez que dejan un acabado liso y pulido.<\/p>\n<p><strong>Aplicaci\u00f3n vers\u00e1til:<\/strong>\u00a0Ideal para pulir, limpiar y preparar la superficie de una amplia gama de metales, incluidos el acero, el aluminio y el lat\u00f3n.<\/p>\n<p><strong>Rectificado y pulido eficaces:<\/strong>\u00a0Dise\u00f1ados para herramientas rotativas, estos cepillos ofrecen capacidades de desbaste y pulido de alta velocidad, lo que los hace perfectos para aplicaciones que requieren precisi\u00f3n y eficacia.<\/p>\n<p><strong>Variedad de tama\u00f1os y estilos:<\/strong>\u00a0Disponibles en varios tama\u00f1os, desde cepillos compactos para trabajos de precisi\u00f3n hasta cepillos m\u00e1s grandes para superficies m\u00e1s amplias.<\/p>\n<p><strong>F\u00e1cil de usar:<\/strong>\u00a0Compatible con la mayor\u00eda de las herramientas el\u00e9ctricas y dise\u00f1ado para facilitar su uso, garantiza operaciones r\u00e1pidas y eficaces, incluso en entornos dif\u00edciles.<\/p>\n<p>&nbsp;<\/p>\n<p><img loading=\"lazy\" decoding=\"async\" class=\"alignnone wp-image-1496\" src=\"https:\/\/www.aoqunbrushes.com\/wp-content\/uploads\/2025\/07\/\u5de5\u4e1a\u629b\u5149\u676f\u5237\u6c34\u5370_01.jpg\" alt=\"Industrial Abrasive \u200bPolishing Cup Brush\" width=\"600\" height=\"1134\" srcset=\"https:\/\/www.aoqunbrushes.com\/wp-content\/uploads\/2025\/07\/\u5de5\u4e1a\u629b\u5149\u676f\u5237\u6c34\u5370_01.jpg 1000w, https:\/\/www.aoqunbrushes.com\/wp-content\/uploads\/2025\/07\/\u5de5\u4e1a\u629b\u5149\u676f\u5237\u6c34\u5370_01-159x300.jpg 159w, https:\/\/www.aoqunbrushes.com\/wp-content\/uploads\/2025\/07\/\u5de5\u4e1a\u629b\u5149\u676f\u5237\u6c34\u5370_01-542x1024.jpg 542w, https:\/\/www.aoqunbrushes.com\/wp-content\/uploads\/2025\/07\/\u5de5\u4e1a\u629b\u5149\u676f\u5237\u6c34\u5370_01-768x1452.jpg 768w, https:\/\/www.aoqunbrushes.com\/wp-content\/uploads\/2025\/07\/\u5de5\u4e1a\u629b\u5149\u676f\u5237\u6c34\u5370_01-813x1536.jpg 813w, https:\/\/www.aoqunbrushes.com\/wp-content\/uploads\/2025\/07\/\u5de5\u4e1a\u629b\u5149\u676f\u5237\u6c34\u5370_01-6x12.jpg 6w, https:\/\/www.aoqunbrushes.com\/wp-content\/uploads\/2025\/07\/\u5de5\u4e1a\u629b\u5149\u676f\u5237\u6c34\u5370_01-600x1134.jpg 600w\" sizes=\"auto, (max-width: 600px) 100vw, 600px\" \/><\/p>\n<p><img loading=\"lazy\" decoding=\"async\" class=\"alignnone wp-image-1497\" src=\"https:\/\/www.aoqunbrushes.com\/wp-content\/uploads\/2025\/07\/\u5de5\u4e1a\u629b\u5149\u676f\u5237\u6c34\u5370_02.jpg\" alt=\"Industrial Abrasive \u200bPolishing Cup Brush\" width=\"600\" height=\"1681\" srcset=\"https:\/\/www.aoqunbrushes.com\/wp-content\/uploads\/2025\/07\/\u5de5\u4e1a\u629b\u5149\u676f\u5237\u6c34\u5370_02.jpg 800w, https:\/\/www.aoqunbrushes.com\/wp-content\/uploads\/2025\/07\/\u5de5\u4e1a\u629b\u5149\u676f\u5237\u6c34\u5370_02-107x300.jpg 107w, https:\/\/www.aoqunbrushes.com\/wp-content\/uploads\/2025\/07\/\u5de5\u4e1a\u629b\u5149\u676f\u5237\u6c34\u5370_02-366x1024.jpg 366w, https:\/\/www.aoqunbrushes.com\/wp-content\/uploads\/2025\/07\/\u5de5\u4e1a\u629b\u5149\u676f\u5237\u6c34\u5370_02-768x2151.jpg 768w, https:\/\/www.aoqunbrushes.com\/wp-content\/uploads\/2025\/07\/\u5de5\u4e1a\u629b\u5149\u676f\u5237\u6c34\u5370_02-548x1536.jpg 548w, https:\/\/www.aoqunbrushes.com\/wp-content\/uploads\/2025\/07\/\u5de5\u4e1a\u629b\u5149\u676f\u5237\u6c34\u5370_02-731x2048.jpg 731w, https:\/\/www.aoqunbrushes.com\/wp-content\/uploads\/2025\/07\/\u5de5\u4e1a\u629b\u5149\u676f\u5237\u6c34\u5370_02-4x12.jpg 4w, https:\/\/www.aoqunbrushes.com\/wp-content\/uploads\/2025\/07\/\u5de5\u4e1a\u629b\u5149\u676f\u5237\u6c34\u5370_02-600x1681.jpg 600w\" sizes=\"auto, (max-width: 600px) 100vw, 600px\" \/><\/p>\n<p><img loading=\"lazy\" decoding=\"async\" class=\"alignnone wp-image-1498\" src=\"https:\/\/www.aoqunbrushes.com\/wp-content\/uploads\/2025\/07\/\u5de5\u4e1a\u629b\u5149\u676f\u5237\u6c34\u5370_03.jpg\" alt=\"Industrial Abrasive \u200bPolishing Cup Brush\" width=\"600\" height=\"1408\" srcset=\"https:\/\/www.aoqunbrushes.com\/wp-content\/uploads\/2025\/07\/\u5de5\u4e1a\u629b\u5149\u676f\u5237\u6c34\u5370_03.jpg 1000w, https:\/\/www.aoqunbrushes.com\/wp-content\/uploads\/2025\/07\/\u5de5\u4e1a\u629b\u5149\u676f\u5237\u6c34\u5370_03-128x300.jpg 128w, https:\/\/www.aoqunbrushes.com\/wp-content\/uploads\/2025\/07\/\u5de5\u4e1a\u629b\u5149\u676f\u5237\u6c34\u5370_03-436x1024.jpg 436w, https:\/\/www.aoqunbrushes.com\/wp-content\/uploads\/2025\/07\/\u5de5\u4e1a\u629b\u5149\u676f\u5237\u6c34\u5370_03-768x1802.jpg 768w, https:\/\/www.aoqunbrushes.com\/wp-content\/uploads\/2025\/07\/\u5de5\u4e1a\u629b\u5149\u676f\u5237\u6c34\u5370_03-654x1536.jpg 654w, https:\/\/www.aoqunbrushes.com\/wp-content\/uploads\/2025\/07\/\u5de5\u4e1a\u629b\u5149\u676f\u5237\u6c34\u5370_03-873x2048.jpg 873w, https:\/\/www.aoqunbrushes.com\/wp-content\/uploads\/2025\/07\/\u5de5\u4e1a\u629b\u5149\u676f\u5237\u6c34\u5370_03-5x12.jpg 5w, https:\/\/www.aoqunbrushes.com\/wp-content\/uploads\/2025\/07\/\u5de5\u4e1a\u629b\u5149\u676f\u5237\u6c34\u5370_03-600x1408.jpg 600w\" sizes=\"auto, (max-width: 600px) 100vw, 600px\" \/><\/p>\n<p><img loading=\"lazy\" decoding=\"async\" class=\"alignnone wp-image-1499\" src=\"https:\/\/www.aoqunbrushes.com\/wp-content\/uploads\/2025\/07\/\u5de5\u4e1a\u629b\u5149\u676f\u5237\u6c34\u5370_04.jpg\" alt=\"Industrial Abrasive \u200bPolishing Cup Brush\" width=\"600\" height=\"1447\" srcset=\"https:\/\/www.aoqunbrushes.com\/wp-content\/uploads\/2025\/07\/\u5de5\u4e1a\u629b\u5149\u676f\u5237\u6c34\u5370_04.jpg 1000w, https:\/\/www.aoqunbrushes.com\/wp-content\/uploads\/2025\/07\/\u5de5\u4e1a\u629b\u5149\u676f\u5237\u6c34\u5370_04-124x300.jpg 124w, https:\/\/www.aoqunbrushes.com\/wp-content\/uploads\/2025\/07\/\u5de5\u4e1a\u629b\u5149\u676f\u5237\u6c34\u5370_04-425x1024.jpg 425w, https:\/\/www.aoqunbrushes.com\/wp-content\/uploads\/2025\/07\/\u5de5\u4e1a\u629b\u5149\u676f\u5237\u6c34\u5370_04-768x1852.jpg 768w, https:\/\/www.aoqunbrushes.com\/wp-content\/uploads\/2025\/07\/\u5de5\u4e1a\u629b\u5149\u676f\u5237\u6c34\u5370_04-637x1536.jpg 637w, https:\/\/www.aoqunbrushes.com\/wp-content\/uploads\/2025\/07\/\u5de5\u4e1a\u629b\u5149\u676f\u5237\u6c34\u5370_04-849x2048.jpg 849w, https:\/\/www.aoqunbrushes.com\/wp-content\/uploads\/2025\/07\/\u5de5\u4e1a\u629b\u5149\u676f\u5237\u6c34\u5370_04-5x12.jpg 5w, https:\/\/www.aoqunbrushes.com\/wp-content\/uploads\/2025\/07\/\u5de5\u4e1a\u629b\u5149\u676f\u5237\u6c34\u5370_04-600x1447.jpg 600w\" sizes=\"auto, (max-width: 600px) 100vw, 600px\" \/><\/p>\n<p><img loading=\"lazy\" decoding=\"async\" class=\"alignnone wp-image-1501\" src=\"https:\/\/www.aoqunbrushes.com\/wp-content\/uploads\/2025\/07\/\u5de5\u4e1a\u629b\u5149\u676f\u5237\u6c34\u5370_06.jpg\" alt=\"Industrial Abrasive \u200bPolishing Cup Brush\" width=\"600\" height=\"1152\" srcset=\"https:\/\/www.aoqunbrushes.com\/wp-content\/uploads\/2025\/07\/\u5de5\u4e1a\u629b\u5149\u676f\u5237\u6c34\u5370_06.jpg 1000w, https:\/\/www.aoqunbrushes.com\/wp-content\/uploads\/2025\/07\/\u5de5\u4e1a\u629b\u5149\u676f\u5237\u6c34\u5370_06-156x300.jpg 156w, https:\/\/www.aoqunbrushes.com\/wp-content\/uploads\/2025\/07\/\u5de5\u4e1a\u629b\u5149\u676f\u5237\u6c34\u5370_06-533x1024.jpg 533w, https:\/\/www.aoqunbrushes.com\/wp-content\/uploads\/2025\/07\/\u5de5\u4e1a\u629b\u5149\u676f\u5237\u6c34\u5370_06-768x1475.jpg 768w, https:\/\/www.aoqunbrushes.com\/wp-content\/uploads\/2025\/07\/\u5de5\u4e1a\u629b\u5149\u676f\u5237\u6c34\u5370_06-800x1536.jpg 800w, https:\/\/www.aoqunbrushes.com\/wp-content\/uploads\/2025\/07\/\u5de5\u4e1a\u629b\u5149\u676f\u5237\u6c34\u5370_06-6x12.jpg 6w, https:\/\/www.aoqunbrushes.com\/wp-content\/uploads\/2025\/07\/\u5de5\u4e1a\u629b\u5149\u676f\u5237\u6c34\u5370_06-600x1152.jpg 600w\" sizes=\"auto, (max-width: 600px) 100vw, 600px\" \/><\/p>\n<p><img loading=\"lazy\" decoding=\"async\" class=\"alignnone wp-image-1500\" src=\"https:\/\/www.aoqunbrushes.com\/wp-content\/uploads\/2025\/07\/\u5de5\u4e1a\u629b\u5149\u676f\u5237\u6c34\u5370_05.jpg\" alt=\"Industrial Abrasive \u200bPolishing Cup Brush\" width=\"600\" height=\"1136\" srcset=\"https:\/\/www.aoqunbrushes.com\/wp-content\/uploads\/2025\/07\/\u5de5\u4e1a\u629b\u5149\u676f\u5237\u6c34\u5370_05.jpg 1000w, https:\/\/www.aoqunbrushes.com\/wp-content\/uploads\/2025\/07\/\u5de5\u4e1a\u629b\u5149\u676f\u5237\u6c34\u5370_05-158x300.jpg 158w, https:\/\/www.aoqunbrushes.com\/wp-content\/uploads\/2025\/07\/\u5de5\u4e1a\u629b\u5149\u676f\u5237\u6c34\u5370_05-541x1024.jpg 541w, https:\/\/www.aoqunbrushes.com\/wp-content\/uploads\/2025\/07\/\u5de5\u4e1a\u629b\u5149\u676f\u5237\u6c34\u5370_05-768x1454.jpg 768w, https:\/\/www.aoqunbrushes.com\/wp-content\/uploads\/2025\/07\/\u5de5\u4e1a\u629b\u5149\u676f\u5237\u6c34\u5370_05-811x1536.jpg 811w, https:\/\/www.aoqunbrushes.com\/wp-content\/uploads\/2025\/07\/\u5de5\u4e1a\u629b\u5149\u676f\u5237\u6c34\u5370_05-6x12.jpg 6w, https:\/\/www.aoqunbrushes.com\/wp-content\/uploads\/2025\/07\/\u5de5\u4e1a\u629b\u5149\u676f\u5237\u6c34\u5370_05-600x1136.jpg 600w\" sizes=\"auto, (max-width: 600px) 100vw, 600px\" \/><\/p>\n<p>&nbsp;<\/p>","protected":false},"excerpt":{"rendered":"<p>Caracter\u00edsticas del producto Construcci\u00f3n duradera: Fabricados con alambre de acero o lat\u00f3n de alta calidad, nuestros cepillos de vaso proporcionan una durabilidad superior y un rendimiento duradero. Poder abrasivo: Equipados con cerdas abrasivas de nylon o alambre, estos cepillos son capaces de manejar superficies met\u00e1licas duras, eliminando \u00f3xido, pintura y rebabas, dejando un acabado liso y pulido. Aplicaci\u00f3n vers\u00e1til: Ideal para pulir, limpiar y preparar superficies [...]<\/p>","protected":false},"featured_media":2084,"comment_status":"open","ping_status":"closed","template":"","meta":{"themepark_post_bcolor":"#f5f5f5","themepark_post_width":"1022px","themepark_post_img":"","themepark_post_img_po":"left","themepark_post_img_re":false,"themepark_post_img_cover":false,"themepark_post_img_fixed":false,"themepark_post_hide_title":false,"themepark_post_main_b":"","themepark_post_main_p":100,"themepark_paddingblock":false},"product_brand":[],"product_cat":[31],"product_tag":[],"class_list":{"0":"post-1489","1":"product","2":"type-product","3":"status-publish","4":"has-post-thumbnail","6":"product_cat-staple-set-brushes","8":"first","9":"instock","10":"shipping-taxable","11":"purchasable","12":"product-type-variable"},"_links":{"self":[{"href":"https:\/\/www.aoqunbrushes.com\/es\/wp-json\/wp\/v2\/product\/1489","targetHints":{"allow":["GET"]}}],"collection":[{"href":"https:\/\/www.aoqunbrushes.com\/es\/wp-json\/wp\/v2\/product"}],"about":[{"href":"https:\/\/www.aoqunbrushes.com\/es\/wp-json\/wp\/v2\/types\/product"}],"replies":[{"embeddable":true,"href":"https:\/\/www.aoqunbrushes.com\/es\/wp-json\/wp\/v2\/comments?post=1489"}],"wp:featuredmedia":[{"embeddable":true,"href":"https:\/\/www.aoqunbrushes.com\/es\/wp-json\/wp\/v2\/media\/2084"}],"wp:attachment":[{"href":"https:\/\/www.aoqunbrushes.com\/es\/wp-json\/wp\/v2\/media?parent=1489"}],"wp:term":[{"taxonomy":"product_brand","embeddable":true,"href":"https:\/\/www.aoqunbrushes.com\/es\/wp-json\/wp\/v2\/product_brand?post=1489"},{"taxonomy":"product_cat","embeddable":true,"href":"https:\/\/www.aoqunbrushes.com\/es\/wp-json\/wp\/v2\/product_cat?post=1489"},{"taxonomy":"product_tag","embeddable":true,"href":"https:\/\/www.aoqunbrushes.com\/es\/wp-json\/wp\/v2\/product_tag?post=1489"}],"curies":[{"name":"wp","href":"https:\/\/api.w.org\/{rel}","templated":true}]}}