{"id":441,"date":"2024-06-26T14:33:05","date_gmt":"2024-06-26T06:33:05","guid":{"rendered":"http:\/\/themetest6.local\/?page_id=441"},"modified":"2025-12-26T15:49:14","modified_gmt":"2025-12-26T07:49:14","slug":"about-us","status":"publish","type":"page","link":"https:\/\/www.aoqunbrushes.com\/es\/about-us","title":{"rendered":"Qui\u00e9nes somos"},"content":{"rendered":"<section class=\"wp-block-themepark-block-themepark-area block_layout thempark-block undefined bom100 top100\" id=\"\" style=\"padding-bottom:152px;padding-top:171px;height:500px;box-sizing: border-box;width: 100%;\" data-swiper-parallax=\"-700\"><div class=\"block_layout_in\" style=\"\">\n<div class=\"wp-block-column block_layout_in is-layout-flow wp-block-column-is-layout-flow\">\n<h1 class=\"wp-block-heading has-monte-grey-color has-text-color has-link-color has-large-font-size wp-elements-adaf5e57d7e4d31da514d3666a044e21\">Guangzhou AOQUN New Materials Co.<\/h1>\n<\/div>\n<\/div><div class=\"layout_badh\"><div class=\"shizhezhao\" style=\"opacity:0.36;background-color:#ffffff;\"><\/div><div class=\"PcOnly themepark-block_layout_ba lazyload swiper-lazy\" style=\"background-repeat:no-repeat;background-size:cover;background-position:right top;\" data-background=\"https:\/\/www.aoqunbrushes.com\/wp-content\/uploads\/2025\/06\/\u5382\u623f\u8fdc\u666f.jpg\"><\/div><\/div><\/section>\n\n\n\n<div class=\"wp-block-themepark-block-btn themepark-i-btn-out maodian  fixded\" style=\"text-align:center;\"><div class=\"themepark-i-btn-out_ins\" style=\"background-color:#ffffff;\"><div class=\"themepark-i-btn-out_in\"><div class=\"themepark-i-btn  active\" style=\"color:#444444;font-size:16px;border-radius:20px;padding:4px 32px;margin-bottom:20px;margin-top:20px;\"><a href=\"#homemd1\" rel=\"noopener noreferrer \">Visi\u00f3n general<\/a><a class=\"hovers\" data-title=\"Overview\" style=\"color:#ffffff;background-color:#0e65f3;padding:4px 32px;border-radius:20px;\" href=\"#homemd1\" rel=\"noopener noreferrer\" target=\"_self\"><\/a><\/div><div class=\"themepark-i-btn\" style=\"color:#444444;font-size:16px;border-radius:20px;padding:4px 32px;margin-bottom:20px;margin-top:20px;\"><a href=\"#homemd2\" rel=\"noopener noreferrer\" target=\"_self\">Ventaja<\/a><a class=\"hovers\" data-title=\"Advantage\" style=\"color:#ffffff;background-color:#0e65f3;padding:4px 32px;border-radius:20px;\" href=\"#homemd2\" rel=\"noopener noreferrer\" target=\"_self\"><\/a><\/div><div class=\"themepark-i-btn\" style=\"color:#444444;font-size:16px;border-radius:20px;padding:4px 32px;margin-bottom:20px;margin-top:20px;\"><a href=\"#homemd3\" rel=\"noopener noreferrer\" target=\"_self\">Premios<\/a><a class=\"hovers\" data-title=\"Awards\" style=\"color:#ffffff;background-color:#0e65f3;padding:4px 32px;border-radius:20px;\" href=\"#homemd3\" rel=\"noopener noreferrer\" target=\"_self\"><\/a><\/div><div class=\"themepark-i-btn\" style=\"color:#444444;font-size:16px;border-radius:20px;padding:4px 32px;margin-bottom:20px;margin-top:20px;\"><a href=\"#homemd4\" rel=\"noopener noreferrer\" target=\"_self\">Contacte con nosotros<\/a><a class=\"hovers\" data-title=\"Contact Us\" style=\"color:#ffffff;background-color:#0e65f3;padding:4px 32px;border-radius:20px;\" href=\"#homemd4\" rel=\"noopener noreferrer\" target=\"_self\"><\/a><\/div><div class=\"themepark-i-btn\" style=\"color:#444444;font-size:16px;border-radius:20px;padding:4px 32px;margin-bottom:20px;margin-top:20px;\"><a href=\"#homemd5\" rel=\"noopener noreferrer\" target=\"_self\">Consulta<\/a><a class=\"hovers\" data-title=\"Inquiry\" style=\"color:#ffffff;background-color:#0e65f3;padding:4px 32px;border-radius:20px;\" href=\"#homemd5\" rel=\"noopener noreferrer\" target=\"_self\"><\/a><\/div><\/div><\/div><\/div>\n\n\n\n<section class=\"wp-block-themepark-block-themepark-area block_layout thempark-block undefined\" id=\"\" style=\"\" data-swiper-parallax=\"-700\"><div class=\"block_layout_in\" style=\"\">\n<div class=\"wp-block-column block_layout_in is-layout-flow wp-block-column-is-layout-flow\" id=\"homemd1\">\n<h2 class=\"wp-block-heading has-text-align-center has-large-font-size\">VISI\u00d3N GENERAL<\/h2>\n\n\n\n<div class=\"wp-block-themepark-block-themepark-xian theme_fang_out  top10 bom10\" style=\"text-align:center;padding-top:1px;padding-bottom:15px;\"><div class=\"fangbox\" style=\"width:53px;height:5px;background-color:#0e65f3;\"><\/div><\/div>\n\n\n\n<div class=\"wp-block-themepark-block-themepark-wright content-super-p\" style=\"font-size:16px;line-height:28px;padding:10px 10px;\">\n<div class=\"wp-block-column is-layout-flow wp-block-column-is-layout-flow\">\n<p>Fundada en 2009, Aoqun Brush tiene su sede en la Gran Bah\u00eda de Guangdong-Hong Kong-Macao. Es una empresa de cepillos a gran escala que integra investigaci\u00f3n, producci\u00f3n, suministro, ventas y calidad. Es una empresa nacional de alta tecnolog\u00eda, especializada y nueva. Con 20 a\u00f1os de fabricaci\u00f3n profesional de cepillos, Aoqun siempre ha estado comprometida con el concepto de \"innovaci\u00f3n continua y nunca parar\" para proporcionar soluciones integrales de cepillos de alta calidad a m\u00e1s de 30 empresas l\u00edderes de las industrias modernas. Se vende en m\u00e1s de 50 pa\u00edses y regiones.<\/p>\n\n\n\n<p><\/p>\n<\/div>\n<\/div>\n\n\n\n<div class=\"wp-block-columns is-layout-flex wp-container-core-columns-is-layout-9d6595d7 wp-block-columns-is-layout-flex\">\n<div class=\"wp-block-column is-layout-flow wp-block-column-is-layout-flow\" style=\"flex-basis:25%\">\n<div class=\"wp-block-themepark-block-themepark-xian theme_fang_out  top10 bom10\" style=\"text-align:left;padding-top:1px;padding-bottom:15px;\"><div class=\"fangbox\" style=\"width:85px;\"><\/div><\/div>\n\n\n\n<h3 class=\"wp-block-heading has-large-font-size\"><\/h3>\n\n\n\n<div class=\"wp-block-themepark-block-themepark-wright content-super-p\" style=\"font-size:16px;line-height:28px;padding:10px 0px;\">\n<div class=\"wp-block-column is-layout-flow wp-block-column-is-layout-flow\">\n<p>La empresa ha obtenido m\u00e1s de 50 patentes de invenci\u00f3n y modelos de utilidad, alcanzando el nivel avanzado internacional, y ha superado 8 certificaciones de sistemas de gesti\u00f3n como IATF16949, ISO13485, ISO9001 e ISO14001. Ha liderado la formulaci\u00f3n de 3 normas de grupo en la industria, ha realizado la combinaci\u00f3n de innovaci\u00f3n en I+D, fabricaci\u00f3n inteligente y producci\u00f3n ajustada, y ha lanzado continuamente productos de cepillos de alto rendimiento y alta precisi\u00f3n. Una empresa de cepillos a gran escala.<\/p>\n<\/div>\n<\/div>\n<\/div>\n\n\n\n<div class=\"wp-block-column is-layout-flow wp-block-column-is-layout-flow\">\n<section class=\"wp-block-themepark-block-themepark-imgtext thempark-block themepark_imgtext moveupd  undefined top10 nohover\" style=\"padding-top:30px;\"><div class=\"themepark_imgtext_img PcOnly\" style=\"width:69%;\" data-swiper-parallax=\"-1800\"><img class=\"lazyload  swiper-lazy swiper-move-lazy\" style=\"\" data-src=\"https:\/\/www.aoqunbrushes.com\/wp-content\/uploads\/2025\/07\/1F9A6891-scaled.jpg\" alt=\"\"\/><\/div><div class=\"themepark_imgtext_text\" style=\"width:28%;\" data-swiper-parallax=\"-1600\">\n<div class=\"wp-block-column is-layout-flow wp-block-column-is-layout-flow\">\n<section class=\"wp-block-themepark-block-themepark-icon thempark-block themepark_icon_list_out undefined  gundong\" id=\"nomo3\" style=\"\"><div class=\"themepark_icon_list_in fullicon\" style=\"\"><div class=\"themepark_icon_lists iconl1 iconls3\" style=\"text-align:left;\"><a class=\"themepark_icon_box\"><div class=\"themepark_icon_box_i\"><div class=\"themepark_icon_box_i_out\"><\/div><\/div><div class=\"themepark_icon_box_d\" style=\"font-size:18px;color:#000000;\"><b style=\"font-size:40px;color:#0e65f3;\">20 a\u00f1os<\/b><span>Fabricaci\u00f3n de cepillos a medida<\/span><\/div><\/a><a class=\"themepark_icon_box\"><div class=\"themepark_icon_box_i\"><div class=\"themepark_icon_box_i_out\"><\/div><\/div><div class=\"themepark_icon_box_d\" style=\"font-size:18px;color:#000000;\"><b style=\"font-size:40px;color:#0e65f3;\">250M<\/b><span>Capacidad de producci\u00f3n anual<\/span><\/div><\/a><a class=\"themepark_icon_box\"><div class=\"themepark_icon_box_i\"><div class=\"themepark_icon_box_i_out\"><\/div><\/div><div class=\"themepark_icon_box_d\" style=\"font-size:18px;color:#000000;\"><b style=\"font-size:40px;color:#0e65f3;\">109<\/b><span>Patentes de I+D<\/span><\/div><\/a><\/div><\/div><\/section>\n<\/div>\n<\/div><div class=\"themepark_imgtext_ba\" style=\"opacity:1;\"><\/div><\/section>\n<\/div>\n<\/div>\n<\/div>\n<\/div><div class=\"layout_badh\"><div class=\"PcOnly themepark-block_layout_ba lazyload swiper-lazy\" style=\"background-repeat:no-repeat;background-position:center;\" data-background=\"https:\/\/www.aoqunbrushes.com\/wp-content\/uploads\/2024\/06\/CCTV_system-e1592300490262.png\"><\/div><div class=\"MovePnly themepark-block_layout_ba lazyload swiper-move-lazy\" style=\"background-repeat:no-repeat;background-position:center;\" data-background=\"https:\/\/www.aoqunbrushes.com\/wp-content\/uploads\/2024\/06\/CCTV_system-e1592300490262.png\"><\/div><\/div><\/section>\n\n\n\n<section class=\"wp-block-themepark-block-themepark-area block_layout thempark-block undefined bom15 top15 dierge\" id=\"\" style=\"padding-bottom:65px;padding-top:76px;\" data-swiper-parallax=\"-700\"><div class=\"block_layout_in\" style=\"\">\n<div class=\"wp-block-column block_layout_in is-layout-flow wp-block-column-is-layout-flow\" id=\"homemd3\">\n<h2 class=\"wp-block-heading has-text-align-center has-large-font-size\">CERTIFICADOS<\/h2>\n\n\n\n<div class=\"wp-block-themepark-block-themepark-xian theme_fang_out  top10 bom10\" style=\"text-align:center;padding-top:1px;padding-bottom:15px;\"><div class=\"fangbox\" style=\"width:53px;height:5px;background-color:#0e65f3;\"><\/div><\/div>\n\n\n\n<div class=\"wp-block-themepark-block-themepark-wright content-super-p\" style=\"font-size:16px;line-height:30px;padding:10px 0px;\">\n<div class=\"wp-block-column is-layout-flow wp-block-column-is-layout-flow\">\n<p>Siguiendo el principio de \"la calidad es lo primero\", hemos establecido un completo sistema de gesti\u00f3n de la calidad. Todas las etapas, desde la adquisici\u00f3n de materias primas y el procesamiento de la producci\u00f3n hasta las pruebas de los productos, se controlan estrictamente para garantizar que cada equipo cumpla las normas internacionales y los requisitos de los clientes. Hemos superado la certificaci\u00f3n del sistema de gesti\u00f3n de calidad ISO9001, y nuestros productos han obtenido las certificaciones CE, FCC, RoHS y varias otras certificaciones internacionales.<\/p>\n<\/div>\n<\/div>\n\n\n\n<section class=\"wp-block-themepark-block-themepark-listul thempark-block list_ul_box_out  Effect0 undefined\" style=\"padding-bottom:40px;padding-top:40px;undefined\" swlist=\"6\" progresseffect=\"0\" autoplays=\"3\" line=\"1\" loops=\"yes\"><div class=\"swiper-container showslidebox_out  listpadings\"><div class=\"swiper-wrapper\"><div class=\"swiper-slide listul_box\" style=\"\"><a class=\"listul_box_img swipebox\" style=\"\" href=\"https:\/\/www.aoqunbrushes.com\/wp-content\/uploads\/2025\/06\/3-scaled.jpg\"><div style=\"\" class=\"listulpic\"><img loading=\"lazy\" decoding=\"async\" class=\"swiper-lazy swiper-move-lazy lazyload\" data-src=\"https:\/\/www.aoqunbrushes.com\/wp-content\/uploads\/2025\/06\/3-212x300.jpg\" src=\"https:\/\/www.aoqunbrushes.com\/wp-content\/themes\/smartenterprise-shop\/images\/loading3.png\" alt=\"\" width=\"1810\" height=\"2560\"\/><\/div><\/a><\/div><div class=\"swiper-slide listul_box\" style=\"\"><a class=\"listul_box_img swipebox\" style=\"\" href=\"https:\/\/www.aoqunbrushes.com\/wp-content\/uploads\/2025\/06\/ISO-14001\u82f1\u6587-2023.03.22_1.jpg\"><div style=\"\" class=\"listulpic\"><img loading=\"lazy\" decoding=\"async\" class=\"swiper-lazy swiper-move-lazy lazyload\" data-src=\"https:\/\/www.aoqunbrushes.com\/wp-content\/uploads\/2025\/06\/ISO-14001\u82f1\u6587-2023.03.22_1-212x300.jpg\" src=\"https:\/\/www.aoqunbrushes.com\/wp-content\/themes\/smartenterprise-shop\/images\/loading3.png\" alt=\"\" width=\"1238\" height=\"1751\"\/><\/div><\/a><\/div><div class=\"swiper-slide listul_box\" style=\"\"><a class=\"listul_box_img swipebox\" style=\"\" href=\"https:\/\/www.aoqunbrushes.com\/wp-content\/uploads\/2025\/06\/ISO13485-\u82f11-scaled.jpg\"><div style=\"\" class=\"listulpic\"><img loading=\"lazy\" decoding=\"async\" class=\"swiper-lazy swiper-move-lazy lazyload\" data-src=\"https:\/\/www.aoqunbrushes.com\/wp-content\/uploads\/2025\/06\/ISO13485-\u82f11-212x300.jpg\" src=\"https:\/\/www.aoqunbrushes.com\/wp-content\/themes\/smartenterprise-shop\/images\/loading3.png\" alt=\"\" width=\"1810\" height=\"2560\"\/><\/div><\/a><\/div><div class=\"swiper-slide listul_box\" style=\"\"><a class=\"listul_box_img swipebox\" style=\"\" href=\"https:\/\/www.aoqunbrushes.com\/wp-content\/uploads\/2025\/06\/FDA\u6ce8\u518c\u8bc1\u660e\u8bc1\u4e66\u7b7e\u540d1_1.jpg\"><div style=\"\" class=\"listulpic\"><img loading=\"lazy\" decoding=\"async\" class=\"swiper-lazy swiper-move-lazy lazyload\" data-src=\"https:\/\/www.aoqunbrushes.com\/wp-content\/uploads\/2025\/06\/FDA\u6ce8\u518c\u8bc1\u660e\u8bc1\u4e66\u7b7e\u540d1_1-212x300.jpg\" src=\"https:\/\/www.aoqunbrushes.com\/wp-content\/themes\/smartenterprise-shop\/images\/loading3.png\" alt=\"\" width=\"1238\" height=\"1751\"\/><\/div><\/a><\/div><div class=\"swiper-slide listul_box\" style=\"\"><a class=\"listul_box_img swipebox\" style=\"\" href=\"https:\/\/www.aoqunbrushes.com\/wp-content\/uploads\/2025\/06\/SVHC\u82f1\u6587_1-scaled.jpg\"><div style=\"\" class=\"listulpic\"><img loading=\"lazy\" decoding=\"async\" class=\"swiper-lazy swiper-move-lazy lazyload\" data-src=\"https:\/\/www.aoqunbrushes.com\/wp-content\/uploads\/2025\/06\/SVHC\u82f1\u6587_1-212x300.jpg\" src=\"https:\/\/www.aoqunbrushes.com\/wp-content\/themes\/smartenterprise-shop\/images\/loading3.png\" alt=\"\" width=\"1810\" height=\"2560\"\/><\/div><\/a><\/div><div class=\"swiper-slide listul_box\" style=\"\"><a class=\"listul_box_img swipebox\" style=\"\" href=\"https:\/\/www.aoqunbrushes.com\/wp-content\/uploads\/2025\/06\/PA-UL94-V0\u963b\u71c3\u62a5\u544a\u82f1\u6587_1.jpg\"><div style=\"\" class=\"listulpic\"><img loading=\"lazy\" decoding=\"async\" class=\"swiper-lazy swiper-move-lazy lazyload\" data-src=\"https:\/\/www.aoqunbrushes.com\/wp-content\/uploads\/2025\/06\/PA-UL94-V0\u963b\u71c3\u62a5\u544a\u82f1\u6587_1-212x300.jpg\" src=\"https:\/\/www.aoqunbrushes.com\/wp-content\/themes\/smartenterprise-shop\/images\/loading3.png\" alt=\"\" width=\"1238\" height=\"1751\"\/><\/div><\/a><\/div><\/div><div class=\"pagination\"><\/div><span class=\"swiper-next\" style=\"\"><i class=\"fas fa-angle-right\"><\/i><\/span><span class=\"swiper-prev\" style=\"\"><i class=\"fas fa-angle-left\"><\/i><\/span><\/div><\/section>\n<\/div>\n<\/div><div class=\"layout_badh\"><\/div><\/section>\n\n\n\n<section class=\"wp-block-themepark-block-themepark-area block_layout thempark-block undefined bom15 top15\" id=\"\" style=\"background-color:#ffffff;padding-bottom:95px;padding-top:49px;\" data-swiper-parallax=\"-700\"><div class=\"block_layout_in\" style=\"\">\n<div class=\"wp-block-column block_layout_in is-layout-flow wp-block-column-is-layout-flow\" id=\"homemd4\">\n<h2 class=\"wp-block-heading has-text-align-center has-large-font-size\">Contacte con nosotros<\/h2>\n\n\n\n<div class=\"wp-block-themepark-block-themepark-xian theme_fang_out  top10 bom10\" style=\"text-align:center;padding-top:1px;padding-bottom:15px;\"><div class=\"fangbox\" style=\"width:53px;height:5px;background-color:#0e65f3;\"><\/div><\/div>\n\n\n\n<div class=\"wp-block-themepark-block-themepark-xian theme_fang_out  top10 bom10\" style=\"text-align:center;padding-top:82px;padding-bottom:15px;\"><div class=\"fangbox\" style=\"width:53px;height:5px;background-color:#ffffff;\"><\/div><\/div>\n\n\n\n<section class=\"wp-block-themepark-block-themepark-icon thempark-block themepark_icon_list_out undefined bom10 top10\" id=\"nomo\" style=\"padding-bottom:10px;background:#f6f6f6;\"><div class=\"themepark_icon_list_in  rightheng\" style=\"\"><div class=\"themepark_icon_lists iconl3 iconls1\" style=\"\"><a class=\"themepark_icon_box\"><div class=\"themepark_icon_box_i\"><div class=\"themepark_icon_box_i_out\"><i class=\"fas fa-user-friends\" style=\"color:#8cc63f;font-size:1px;\"><\/i><\/div><b style=\"font-size:20px;color:#050505;\">TEL\u00c9FONO<\/b><\/div><div class=\"themepark_icon_box_d\" style=\"font-size:16px;height:81px;\"><span>+86 13922119767<\/span><\/div><\/a><a class=\"themepark_icon_box\"><div class=\"themepark_icon_box_i\"><div class=\"themepark_icon_box_i_out\"><i class=\"fas fa-chart-line\" style=\"color:#8cc63f;font-size:1px;\"><\/i><\/div><b style=\"font-size:20px;color:#050505;\">Correo electr\u00f3nico<\/b><\/div><div class=\"themepark_icon_box_d\" style=\"font-size:16px;height:81px;\"><span>admin@aoqunbrush.com<\/span><\/div><\/a><a class=\"themepark_icon_box\"><div class=\"themepark_icon_box_i\"><div class=\"themepark_icon_box_i_out\"><i class=\"fas fa-check-circle\" style=\"color:#8cc63f;font-size:1px;\"><\/i><\/div><b style=\"font-size:20px;color:#050505;\">Direcci\u00f3n<\/b><\/div><div class=\"themepark_icon_box_d\" style=\"font-size:16px;height:81px;\"><span>No. 333 Nansha Avenue, Dongchong Town, Nansha District, Guangzhou, China<\/span><\/div><\/a><\/div><\/div><\/section>\n\n\n\n<p><\/p>\n<\/div>\n<\/div><div class=\"layout_badh\"><\/div><\/section>\n\n\n\n<section class=\"wp-block-themepark-block-themepark-area block_layout thempark-block undefined bom15 top15 dierge\" id=\"\" style=\"padding-bottom:65px;padding-top:76px;\" data-swiper-parallax=\"-700\"><div class=\"block_layout_in\" style=\"\">\n<div class=\"wp-block-column block_layout_in is-layout-flow wp-block-column-is-layout-flow\" id=\"homemd5\">\n<h2 class=\"wp-block-heading has-text-align-center has-large-font-size\">Consulta<\/h2>\n\n\n\n<div class=\"wp-block-themepark-block-themepark-xian theme_fang_out  top10 bom10\" style=\"text-align:center;padding-top:1px;padding-bottom:15px;\"><div class=\"fangbox\" style=\"width:53px;height:5px;background-color:#0e65f3;\"><\/div><\/div>\n\n\n\n<section class=\"wp-block-themepark-block-themepark-area block_layout thempark-block undefined\" id=\"\" style=\"background-color:#ffffff;padding-top:46px;\" data-swiper-parallax=\"-700\"><div class=\"block_layout_in\" style=\"max-width:915px;\">\n<div class=\"wp-block-column block_layout_in is-layout-flow wp-block-column-is-layout-flow\">\n<h2 class=\"wp-block-heading has-text-align-center has-themecolor-2-color has-text-color has-medium-font-size\" style=\"text-transform:uppercase\">Env\u00edenos su solicitud<\/h2>\n\n\n\n<p class=\"has-text-align-center has-themecolor-2-color has-text-color\">Y nos pondremos en contacto con usted en 24 horas<\/p>\n\n\n\n<div class=\"wp-block-themepark-block-themepark-comment thempark-block themepark-comment undefined\" style=\"padding-bottom:20px;padding-top:20px;\"><div class=\"themepark-comment_in\" id=\"ud_form\"><div class=\"themepark-comment_inb2\"><div class=\"themepark-comment_inb\" style=\"\"><div class=\"themepark-comment_form nolable\" style=\"\"><form id=\"commentform-park\" class=\"themepark-c-f twomo\" action=\"https:\/\/www.aoqunbrushes.com\/wp-comments-post.php\" method=\"post\" autocomplete=\"off\" data-trp-original-action=\"https:\/\/www.aoqunbrushes.com\/wp-comments-post.php\"><div class=\"themepark-comment_form_box tptext\" style=\"font-size:14px;\"><lable for=\"tpcommet0\" class=\"required\"><input type=\"text\" id=\"tpcommet0\" name=\"tpcommet0\" size=\"28\" required style=\"color:#616161;border: solid 1px #dfdfdf;background-color: #ffffff;\" placeholder=\"Nombre\"\/><span class=\"required\">*<div class=\"required_tishi animated\"><i class=\"fas fa-exclamation-circle\"><\/i><span><\/span><\/div><\/span><\/lable><\/div><div class=\"themepark-comment_form_box tptext\" style=\"font-size:14px;\"><lable for=\"tpcommet1\" class=\"required\"><input type=\"text\" id=\"tpcommet1\" name=\"tpcommet1\" size=\"28\" required style=\"color:#616161;border: solid 1px #dfdfdf;background-color: #ffffff;\" placeholder=\"Tel\"\/><span class=\"required\">*<div class=\"required_tishi animated\"><i class=\"fas fa-exclamation-circle\"><\/i><span><\/span><\/div><\/span><\/lable><\/div><div class=\"themepark-comment_form_box tptext\" style=\"font-size:14px;\"><lable for=\"tpcommet2\" class=\"\"><input type=\"text\" id=\"tpcommet2\" name=\"tpcommet2\" size=\"28\" style=\"color:#616161;border: solid 1px #dfdfdf;background-color: #ffffff;\" placeholder=\"Nombre de la empresa\/unidad\"\/><\/lable><\/div><div class=\"themepark-comment_form_box tptext\" style=\"font-size:14px;\"><lable for=\"tpcommet3\" class=\"\"><input type=\"text\" id=\"tpcommet3\" name=\"tpcommet3\" size=\"28\" style=\"color:#616161;border: solid 1px #dfdfdf;background-color: #ffffff;\" placeholder=\"Correo electr\u00f3nico\"\/><\/lable><\/div><div class=\"themepark-comment_form_box tptext\" style=\"font-size:14px;\"><lable for=\"tpcommet4\" class=\"\"><input type=\"text\" id=\"tpcommet4\" name=\"tpcommet4\" size=\"28\" style=\"color:#616161;border: solid 1px #dfdfdf;background-color: #ffffff;\" placeholder=\"Importe\"\/><\/lable><\/div><div class=\"themepark-comment_form_box tpcheckbox\" style=\"font-size:14px;\"><lable for=\"tpcommet5\" class=\"checkboxs\"><p class=\"msspan\" style=\"color: #666666;\"><\/p><\/lable><\/div><div class=\"themepark-comment_form_box tptext\" style=\"font-size:14px;\"><lable for=\"tpcommet6\" class=\"required\"><input type=\"text\" id=\"tpcommet6\" name=\"tpcommet6\" size=\"28\" required style=\"color:#616161;border: solid 1px #dfdfdf;background-color: #ffffff;\" placeholder=\"\u00bfQu\u00e9 tipos de cepillos le gustar\u00eda personalizar?\"\/><span class=\"required\">*<div class=\"required_tishi animated\"><i class=\"fas fa-exclamation-circle\"><\/i><span><\/span><\/div><\/span><\/lable><\/div><div class=\"themepark-comment_form_box tpTextarea\" style=\"font-size:14px;\"><lable for=\"tpcommet7\"><textarea id=\"tpcommet7\" name=\"tpcommet7\" style=\"color:#616161;border: solid 1px #dfdfdf;background-color: #ffffff;\" placeholder=\"mensaje\"><\/textarea><\/lable><\/div><div class=\"hiddeninput\"><input name=\"comment_post_ID\" type=\"hidden\" value=\"441\"\/><input name=\"author\" type=\"hidden\" class=\"author\"\/><input name=\"email\" type=\"hidden\" class=\"email\"\/><textarea name=\"comment\" style=\"display:none\" class=\"comment\"><\/textarea><input name=\"themeparklable\" type=\"hidden\" value=\"Name|Tel|Company\/Unit Name|Email|Amount||Which types of bruses would you like to customize?|message\"\/><input name=\"themeparktype\" type=\"hidden\" value=\"text|text|text|text|text|checkbox|text|Textarea\"\/><input name=\"redirect_to\" type=\"hidden\" value=\"https:\/\/www.abrushqueen.com\"\/><input name=\"inquiryid\" type=\"hidden\"\/><input name=\"inquirytime\" type=\"hidden\"\/><input name=\"position\" type=\"hidden\"\/><\/div><div class=\"submut_box\"><input type=\"submit\" class=\"submut_btn\" name=\"submit\" style=\"background:#0e65f3;\" value=\"Enviar\"\/><div class=\"tishi\" style=\"color:#070707;\"><div class=\"loading\" style=\"color:#616161;\"><i class=\"fas fa-spinner\"><\/i>\u6b63\u5728\u63d0\u4ea4\u4e2d....<\/div><div class=\"success\" style=\"color:#616161;\"><i class=\"fas fa-check\"><\/i>\u63d0\u4ea4\u6210\u529f\uff01<\/div><div class=\"erro\" style=\"color:#616161;\"><i class=\"fas fa-exclamation-circle\"><\/i>\u63d0\u4ea4\u5931\u8d25\uff01\u8bf7\u7a0d\u540e\u518d\u8bd5<\/div><div class=\"e-email\">\u90ae\u7bb1\u9519\u8bef\uff01<\/div><div class=\"e-tel\">\u7535\u8bdd\u9519\u8bef\uff01<\/div><\/div><\/div><input type=\"hidden\" name=\"trp-form-language\" value=\"es\"\/><\/form><\/div><div class=\"wp_clear\"><\/div><\/div><div class=\"themepark-comment_in_b\" style=\"opacity:0.83;background-color:#ffffff;transform:scaleX(1.089) scaleY(1.0129)\"><\/div><\/div><\/div><div class=\"wp_clear\"><\/div><\/div>\n<\/div>\n<\/div><div class=\"layout_badh\"><\/div><\/section>\n<\/div>\n<\/div><div class=\"layout_badh\"><\/div><\/section>","protected":false},"excerpt":{"rendered":"","protected":false},"author":1,"featured_media":0,"parent":0,"menu_order":0,"comment_status":"open","ping_status":"closed","template":"","meta":{"themepark_post_bcolor":"#f5f5f5","themepark_post_width":"100% dong","themepark_post_img":"","themepark_post_img_po":"left","themepark_post_img_re":false,"themepark_post_img_cover":false,"themepark_post_img_fixed":false,"themepark_post_hide_title":true,"themepark_post_main_b":"","themepark_post_main_p":100,"themepark_paddingblock":true,"footnotes":""},"class_list":["post-441","page","type-page","status-publish","hentry"],"_links":{"self":[{"href":"https:\/\/www.aoqunbrushes.com\/es\/wp-json\/wp\/v2\/pages\/441","targetHints":{"allow":["GET"]}}],"collection":[{"href":"https:\/\/www.aoqunbrushes.com\/es\/wp-json\/wp\/v2\/pages"}],"about":[{"href":"https:\/\/www.aoqunbrushes.com\/es\/wp-json\/wp\/v2\/types\/page"}],"author":[{"embeddable":true,"href":"https:\/\/www.aoqunbrushes.com\/es\/wp-json\/wp\/v2\/users\/1"}],"replies":[{"embeddable":true,"href":"https:\/\/www.aoqunbrushes.com\/es\/wp-json\/wp\/v2\/comments?post=441"}],"version-history":[{"count":7,"href":"https:\/\/www.aoqunbrushes.com\/es\/wp-json\/wp\/v2\/pages\/441\/revisions"}],"predecessor-version":[{"id":1860,"href":"https:\/\/www.aoqunbrushes.com\/es\/wp-json\/wp\/v2\/pages\/441\/revisions\/1860"}],"wp:attachment":[{"href":"https:\/\/www.aoqunbrushes.com\/es\/wp-json\/wp\/v2\/media?parent=441"}],"curies":[{"name":"wp","href":"https:\/\/api.w.org\/{rel}","templated":true}]}}